{"id":14252,"date":"2024-01-09T07:54:55","date_gmt":"2024-01-09T06:54:55","guid":{"rendered":"https:\/\/webstore4.com\/?post_type=product&#038;p=14252"},"modified":"2024-04-19T15:20:29","modified_gmt":"2024-04-19T14:20:29","slug":"dahua-ipc-hdw1430dt-stw-4mp-eyeball-wi-fi-camera","status":"publish","type":"product","link":"https:\/\/staging.webstore4.com\/de\/product\/dahua-ipc-hdw1430dt-stw-4mp-eyeball-wi-fi-camera\/","title":{"rendered":"Dahua IPC-HDW1430DTP-STW Full HD 4MP Outdoor-Augapfel-WLAN-Kamera mit Bewegungserkennung, Mikrofon und Lautsprecher, IR-Nachtsicht bis zu 30 Metern und SD-Steckplatz"},"content":{"rendered":"<p>Die Dahua IPC-HDW1430DTP-STW ist eine 4-Megapixel-Full-HD-Augapfelkamera f\u00fcr den Innen- und Au\u00dfenbereich mit festem 2,8-mm-Objektiv, Bewegungserkennung, Infrarot-Nachtsicht, WLAN, SD-Kartenaufzeichnung sowie Mikrofon und Lautsprecher. Die Kamera eignet sich sehr gut f\u00fcr den Einsatz in Privathaushalten, B\u00fcros, Restaurants, Hotels und Gesch\u00e4ftsr\u00e4umen. Da die Kamera \u00fcber 2,4-G-WLAN-Technologie verf\u00fcgt, kann die Kamera an Orten verwendet werden, an denen kein Netzwerkkabel verf\u00fcgbar ist.<\/p>\n<p><strong>M\u00f6glichkeiten<\/strong><\/p>\n<p>Der Dahua IPC-HDW1430DTP-STW zeigt Bilder in einer Full-HD-Aufl\u00f6sung von 2560\u00d71440 an. Die Kamera verf\u00fcgt \u00fcber einen eingebauten automatischen IR-Sperrfilter, was sie zu einer echten Tag-\/Nachtkamera macht. Bei Dunkelheit kann die Kamera die integrierte IR-Beleuchtung einschalten, die auch bei v\u00f6lliger Dunkelheit (0 Lux) f\u00fcr ein gestochen scharfes Bild sorgt. Die IR-Beleuchtung hat eine Reichweite von 30 Metern. Die Wi-Fi-Kamera verf\u00fcgt au\u00dferdem \u00fcber Digital Wide Dynamic Range (DWDR) f\u00fcr optimale Bilder bei unterschiedlichen Lichtverh\u00e4ltnissen in einer Szene. Die Kamera verf\u00fcgt \u00fcber ein eingebautes Mikrofon und einen Lautsprecher.<\/p>\n<p>Bilder k\u00f6nnen unter anderem auf einem Netzwerk-Videorecorder (NVR) gespeichert werden. Die Kamera verf\u00fcgt au\u00dferdem \u00fcber die M\u00f6glichkeit, in der Kamera auf einer microSD-Speicherkarte mit bis zu maximal 256 GB (nicht im Lieferumfang enthalten) aufzuzeichnen. Diese Kamera kann zur Daten\u00fcbertragung und Konnektivit\u00e4t eine drahtlose Verbindung zu einem Wi-Fi-Netzwerk herstellen. Bei WLAN-Kameras muss die WLAN-Verbindung immer stabil sein. Bei Bedarf kann das WLAN mit a verst\u00e4rkt werden <span style=\"color: #ff9900;\"><a style=\"color: #ff9900;\" href=\"https:\/\/staging.webstore4.com\/netwerk\/wi-fi-versterkers\/\">WIFI-Verst\u00e4rker<\/a><\/span>.<\/p>\n<p>Dahua bietet eine kostenlose niederl\u00e4ndische App f\u00fcr Apple iOS und Android an. Die Kamera verf\u00fcgt \u00fcber einen internen Webserver, der \u00fcber einen Webbrowser angezeigt und verwaltet werden kann. Video Management Software (VMS) f\u00fcr einen Computer kann kostenlos von der Dahua-Website heruntergeladen werden. Die Registerkarte \u201eDokumentation\u201c enth\u00e4lt einen Link zur Produktseite des Herstellers.<\/p>\n<p>Die Kamera muss mit einem mitgelieferten 12-V-Gleichstrom-Netzteil mit Strom versorgt werden. Die Kamera kann an einer Wand, einem Mast oder einer Decke montiert werden. Die Montagehalterung kann unter \u201eOptionen\u201c bestellt werden. F\u00fcr die Deckenmontage m\u00fcssen sowohl PFA109 als auch PFB220C bestellt werden.<\/p>\n<p><strong>Wichtigste Funktionen<\/strong><\/p>\n<ul>\n<li>4-Megapixel-Full-HD-Augapfelkamera<\/li>\n<li>Festes 2,8-mm-Objektiv<\/li>\n<li>802.11b\/g\/n Wi-Fi-Protokoll<\/li>\n<li>Tag-\/Nachtkamera mit automatischem mechanischem IR-Sperrfilter<\/li>\n<li>IR-Nachtsicht bis zu 30 Meter<\/li>\n<li>Eingebautes Mikrofon und Lautsprecher<\/li>\n<li>Nehmen Sie in der Kamera auf einer SD-Karte mit bis zu 256 GB auf<\/li>\n<li>Digital Wide Dynamic Range (DWDR)<\/li>\n<li>Zonen-optionale Hintergrundbeleuchtungskompensation (BLC)<\/li>\n<li>3D-Digital-Rauschunterdr\u00fcckung (3D-DNR)<\/li>\n<li>Bewegungserkennung<\/li>\n<li>ONVIF-Protokoll<\/li>\n<li>Stromversorgung \u00fcber mitgelieferten 12VDC-Adapter<\/li>\n<\/ul>\n<p><a href=\"https:\/\/www.webstore4ipcameras.nl\/Copyright\" target=\"_blank\" rel=\"noopener\"><span style=\"color: #ff6e03; font-size: 11px;\">\u00a9 Der Text ist urheberrechtlich gesch\u00fctzt<\/span><\/a><\/p>","protected":false},"excerpt":{"rendered":"<p>De Dahua IPC-HDW1430DTP-STW is een 4 megapixel Full HD eyeball camera voor binnen en buiten met vaste 2.8 mm lens, bewegingsdetectie, infrarood nachtzicht, Wi-Fi, SD kaart opname en microfoon en speaker. De camera is zeer geschikt voor gebruik bij woningen, kantoren, restaurants, hotels en bedrijfsruimten. Doordat de camera beschikt over 2.4G Wi-Fi technologie kan de<\/p>\n<div class=\"klb-readmore button\"><a class=\"btn link\" href=\"https:\/\/staging.webstore4.com\/de\/product\/dahua-ipc-hdw1430dt-stw-4mp-eyeball-wi-fi-camera\/\">Mehr lesen <i class=\"klbth-icon-right-arrow\"><\/i><\/a><\/div>","protected":false},"featured_media":14254,"comment_status":"open","ping_status":"closed","template":"","meta":[],"pwb-brand":[3376],"product_cat":[3435,4184,4185,4200],"product_tag":[],"class_list":{"0":"post-14252","1":"product","2":"type-product","3":"status-publish","4":"has-post-thumbnail","6":"pwb-brand-dahua","7":"product_cat-ip-cameras","8":"product_cat-cameras","9":"product_cat-180-360-ptz-cameras","10":"product_cat-dome-eyeball-cameras-cameras","11":"product_shipping_class-pakket","12":"pa_audio-microfoon-speaker","13":"pa_beeldhoek-graden-horizontaal-3903","14":"pa_beeldsensor-13-cmos","15":"pa_dag-nacht-ir-cut-filter-ja","16":"pa_draadloos-protocol-wi-fi-802-11bgn","17":"pa_geheugenkaart-type-micro-sdsdhcsdxc-256gb","18":"pa_ingebouwd-type-nachtzicht-infrared-ir-led","19":"pa_lens-mm-2-8","20":"pa_megapixel-4mp","21":"pa_merk-dahua","22":"pa_minimale-verlichting-0-03-lux-0-lux-met-ir","23":"pa_mobiele-app-fabrikant-ja","24":"pa_nachtzicht-ja","25":"pa_omgeving-binnen-en-buiten","26":"pa_opnemen-op-sd-kaart-ja","27":"pa_poe-nee","28":"pa_product-status-b","29":"pa_resolutie-max-pixels-full-hd-2560x1440","30":"pa_vandaalbestendig-nee","31":"pa_voeding-12vdc","32":"pa_wdr-ja","34":"first","35":"onbackorder","36":"taxable","37":"shipping-taxable","38":"purchasable","39":"product-type-simple"},"brands":[{"id":3376,"name":"Dahua","slug":"dahua"}],"_links":{"self":[{"href":"https:\/\/staging.webstore4.com\/de\/wp-json\/wp\/v2\/product\/14252","targetHints":{"allow":["GET"]}}],"collection":[{"href":"https:\/\/staging.webstore4.com\/de\/wp-json\/wp\/v2\/product"}],"about":[{"href":"https:\/\/staging.webstore4.com\/de\/wp-json\/wp\/v2\/types\/product"}],"replies":[{"embeddable":true,"href":"https:\/\/staging.webstore4.com\/de\/wp-json\/wp\/v2\/comments?post=14252"}],"wp:featuredmedia":[{"embeddable":true,"href":"https:\/\/staging.webstore4.com\/de\/wp-json\/wp\/v2\/media\/14254"}],"wp:attachment":[{"href":"https:\/\/staging.webstore4.com\/de\/wp-json\/wp\/v2\/media?parent=14252"}],"wp:term":[{"taxonomy":"pwb-brand","embeddable":true,"href":"https:\/\/staging.webstore4.com\/de\/wp-json\/wp\/v2\/pwb-brand?post=14252"},{"taxonomy":"product_cat","embeddable":true,"href":"https:\/\/staging.webstore4.com\/de\/wp-json\/wp\/v2\/product_cat?post=14252"},{"taxonomy":"product_tag","embeddable":true,"href":"https:\/\/staging.webstore4.com\/de\/wp-json\/wp\/v2\/product_tag?post=14252"}],"curies":[{"name":"wp","href":"https:\/\/api.w.org\/{rel}","templated":true}]}}