{"id":14436,"date":"2024-01-11T09:47:33","date_gmt":"2024-01-11T08:47:33","guid":{"rendered":"https:\/\/webstore4.com\/?post_type=product&#038;p=14436"},"modified":"2024-04-19T15:20:40","modified_gmt":"2024-04-19T14:20:40","slug":"nivian-nv-cam01-solar4g-3mp-4g-bullet-camera","status":"publish","type":"product","link":"https:\/\/staging.webstore4.com\/de\/product\/nivian-nv-cam01-solar4g-3mp-4g-bullet-camera\/","title":{"rendered":"Nivian NV-CAM01-SOLAR4G Full HD 3MP 4G Outdoor-Bullet-Kamera mit Akku, IR-Nachtsicht, Wei\u00dflicht, microSD und 2-Wege-Audio und kostenloser Anwendung"},"content":{"rendered":"<p>Das Nivian NV-CAM01-SOLAR4G ist ein Full HD 3MP 4G Outdoor-Bullet mit festem 2,8-mm-Objektiv, IR-Nachtsicht, wei\u00dfem LED-Licht, Audio-Abschreckung, Bewegungserkennung, microSD-Aufnahmeoption und 2-Wege-Audio, das mit der kostenlosen Eseecloud-App funktioniert f\u00fcr iOS und Android. Das Einzigartige an dieser Kamera ist, dass diese \u00dcberwachungskamera vollst\u00e4ndig drahtlos aus der Ferne funktionieren kann. Durch die Installation einer 4G-SIM-Karte (nicht im Lieferumfang enthalten) und eines Akkus, der teilweise \u00fcber das Solarpanel aufgeladen wird, kann Fernsicherheit geschaffen werden.<\/p>\n<p><strong>M\u00f6glichkeiten<\/strong><\/p>\n<p>Die Kamera wird mit der kostenlosen Eseecloud-App verwaltet. Dies kann von \u00fcberall aus erfolgen, wo ein Smartphone oder Tablet \u00fcber eine Internetverbindung verf\u00fcgt: von zu Hause aus oder vom anderen Ende der Welt. Auch andere Ger\u00e4te k\u00f6nnen in der App verwaltet werden. Die Verbindung der 4G-SIM-Karte kann durch Anpassen der APN-Einstellungen erfolgen. Durch die Verkn\u00fcpfung der NV-CAM02-SOLAR4G mit der Anwendung k\u00f6nnen Sie live zuschauen.<\/p>\n<p>Die Nivian NV-CAM01-SOLAR4G zeigt Bilder in einer Full HD 2K 2304\u00d71296 Aufl\u00f6sung an. Bei Dunkelheit kann die Kamera die integrierte IR-Beleuchtung einschalten, die auch bei v\u00f6lliger Dunkelheit (0 Lux) f\u00fcr ein gestochen scharfes Bild sorgt. Die IR-Beleuchtung hat eine Reichweite von 20 Metern. Die Kamera verf\u00fcgt au\u00dferdem \u00fcber die M\u00f6glichkeit, durch die beiden eingebauten wei\u00dfen LEDs mit wei\u00dfem Licht zu beleuchten. Die Kamera verf\u00fcgt \u00fcber ein festes 2,8-mm-Objektiv mit einem diagonalen Blickwinkel von 120 Grad. Zus\u00e4tzlich zur IR-Beleuchtung und den wei\u00dfen LEDs verf\u00fcgt diese Kamera auch \u00fcber eine Abschreckungstechnologie. Beispielsweise kann der Blitz eingeschaltet werden, wenn eine Bewegung erkannt wird.<\/p>\n<p>Der Nivian NVS-IPC-0S2 verf\u00fcgt \u00fcber eine Bewegungserkennung, die Menschen von anderen sich bewegenden Objekten oder Tieren unterscheidet. Wenn eine Bewegung auftritt, kann eine Aktion ausgel\u00f6st werden, z. B. das Schalten intelligenter Nivian-Lampen, das Schalten von Ger\u00e4ten mit dem intelligenten Infrarotsender oder dem intelligenten Schalter. Die Kamera verf\u00fcgt \u00fcber die M\u00f6glichkeit, in der Kamera auf einer microSD-Speicherkarte (nicht im Lieferumfang enthalten) bis maximal 128 GB aufzuzeichnen. Die Kamera verf\u00fcgt \u00fcber ein eingebautes Mikrofon und einen Lautsprecher f\u00fcr Zwei-Wege-Audio.<\/p>\n<p>Die Nivian NV-CAM02-SOLAR4G ist f\u00fcr den Au\u00dfen- und Innenbereich geeignet und verf\u00fcgt \u00fcber die Schutzart IP66. Die Kamera muss \u00fcber ein 5-V-USB-C-Netzteil mit Strom versorgt werden und \u00fcber die SIM-Karte drahtlos mit dem Netzwerk verbunden sein. Der Akku hat eine Kapazit\u00e4t von 18000 mAh. Im Schlafmodus reicht dies f\u00fcr bis zu 12 Monate. Bei regelm\u00e4\u00dfiger Erkennung kann die Kamera mehrere Monate lang mit dem Akku betrieben werden, ohne dass der Akku aufgeladen werden muss.<br \/>\nDas mitgelieferte Solarpanel l\u00e4dt den Akku wieder auf. Bei dunklem Wetter oder im Winter ist die Ladezeit geringer als im Sommer. Ber\u00fccksichtigen Sie bei der Installation der Kamera mit Solarpanel auch den Ort, an dem die Kamera aufgeh\u00e4ngt werden soll.<\/p>\n<p><strong>Hauptmerkmale<\/strong><\/p>\n<ul>\n<li>3-Megapixel-Full-HD-4G-Kamera<\/li>\n<li>Kann vollst\u00e4ndig kabellos an einem entfernten Standort verwendet werden<\/li>\n<li>Aktivierung mit 4G-SIM-Karte<\/li>\n<li>IR-Nachtsichtbeleuchtung bis zu 20 Meter<\/li>\n<li>2 eingebaute LEDs f\u00fcr wei\u00dfes Licht<\/li>\n<li>Aufnahme in der Kamera auf SD-Karte mit bis zu 128 GB (nicht im Lieferumfang enthalten)<\/li>\n<li>Eingebautes Mikrofon und Lautsprecher<\/li>\n<li>Bewegungserkennung zur Unterscheidung von Personen von anderen sich bewegenden Objekten oder Tieren<\/li>\n<li>H.265-Codec<\/li>\n<li>Kostenlose Eseecloud-Anwendung<\/li>\n<li>Geeignet f\u00fcr den Au\u00dfenbereich (IP65)<\/li>\n<\/ul>\n<p><a href=\"https:\/\/www.webstore4ipcameras.nl\/Copyright\" target=\"_blank\" rel=\"noopener\"><span style=\"color: #ff6e03; font-size: 11px;\">\u00a9 Der Text ist urheberrechtlich gesch\u00fctzt<\/span><\/a><\/p>","protected":false},"excerpt":{"rendered":"<p>De Nivian NV-CAM01-SOLAR4G is een Full HD 3MP 4G bullet voor buiten met vaste 2.8 MM lens, IR nachtzicht, wit LED licht, audio afschrikking, bewegingsdetectie, microSD opnamemogelijkheid en 2-weg audio die werkt met de gratis Eseecloud app voor iOS en Android. Het unieke aan deze camera is dat deze beveiligingscamera volledig draadloos op afstand kan<\/p>\n<div class=\"klb-readmore button\"><a class=\"btn link\" href=\"https:\/\/staging.webstore4.com\/de\/product\/nivian-nv-cam01-solar4g-3mp-4g-bullet-camera\/\">Mehr lesen <i class=\"klbth-icon-right-arrow\"><\/i><\/a><\/div>","protected":false},"featured_media":14437,"comment_status":"open","ping_status":"closed","template":"","meta":[],"pwb-brand":[3410],"product_cat":[3435,4184,4219,4247,4333,4178,4241],"product_tag":[],"class_list":{"0":"post-14436","1":"product","2":"type-product","3":"status-publish","4":"has-post-thumbnail","6":"pwb-brand-nivian","7":"product_cat-ip-cameras","8":"product_cat-cameras","9":"product_cat-bullet-box-cameras-cameras","10":"product_cat-duurzaamheid","11":"product_cat-solar-cameras","12":"product_cat-intercom","13":"product_cat-nivian-smart","14":"product_shipping_class-pakket","15":"pa_audio-microfoon-speaker","16":"pa_beeldsensor-1-2-8-cmos","17":"pa_dag-nacht-ir-cut-filter-nee","18":"pa_draadloos-protocol-4g-simkaart","19":"pa_geheugenkaart-type-micro-sdsdhcsdxc-128gb","20":"pa_ingebouwd-type-nachtzicht-infrared-ir-led","21":"pa_ingebouwd-type-nachtzicht-wit-led","22":"pa_lens-mm-2-8","23":"pa_materiaal-metaal","24":"pa_megapixel-3mp","25":"pa_merk-nivian","26":"pa_minimale-verlichting-0-001-lux-0-lux-met-ir","27":"pa_mobiele-app-fabrikant-ja","28":"pa_nachtzicht-ja","29":"pa_omgeving-binnen-en-buiten","30":"pa_opnemen-op-sd-kaart-ja","31":"pa_poe-nee","32":"pa_resolutie-max-pixels-full-hd-2304x1296","33":"pa_vandaalbestendig-nee","34":"pa_voeding-5v-usb","35":"pa_voeding-batterij","37":"first","38":"onbackorder","39":"taxable","40":"shipping-taxable","41":"purchasable","42":"product-type-simple"},"brands":[{"id":3410,"name":"Nivian","slug":"nivian"}],"_links":{"self":[{"href":"https:\/\/staging.webstore4.com\/de\/wp-json\/wp\/v2\/product\/14436","targetHints":{"allow":["GET"]}}],"collection":[{"href":"https:\/\/staging.webstore4.com\/de\/wp-json\/wp\/v2\/product"}],"about":[{"href":"https:\/\/staging.webstore4.com\/de\/wp-json\/wp\/v2\/types\/product"}],"replies":[{"embeddable":true,"href":"https:\/\/staging.webstore4.com\/de\/wp-json\/wp\/v2\/comments?post=14436"}],"wp:featuredmedia":[{"embeddable":true,"href":"https:\/\/staging.webstore4.com\/de\/wp-json\/wp\/v2\/media\/14437"}],"wp:attachment":[{"href":"https:\/\/staging.webstore4.com\/de\/wp-json\/wp\/v2\/media?parent=14436"}],"wp:term":[{"taxonomy":"pwb-brand","embeddable":true,"href":"https:\/\/staging.webstore4.com\/de\/wp-json\/wp\/v2\/pwb-brand?post=14436"},{"taxonomy":"product_cat","embeddable":true,"href":"https:\/\/staging.webstore4.com\/de\/wp-json\/wp\/v2\/product_cat?post=14436"},{"taxonomy":"product_tag","embeddable":true,"href":"https:\/\/staging.webstore4.com\/de\/wp-json\/wp\/v2\/product_tag?post=14436"}],"curies":[{"name":"wp","href":"https:\/\/api.w.org\/{rel}","templated":true}]}}