{"id":14672,"date":"2024-01-20T14:54:18","date_gmt":"2024-01-20T13:54:18","guid":{"rendered":"https:\/\/webstore4.com\/?post_type=product&#038;p=14672"},"modified":"2024-04-19T15:20:55","modified_gmt":"2024-04-19T14:20:55","slug":"zkteco-ua150pro-vingerafdruk-pin-en-rfid-kaart-lezer","status":"publish","type":"product","link":"https:\/\/staging.webstore4.com\/de\/product\/zkteco-ua150pro-vingerafdruk-pin-en-rfid-kaart-lezer\/","title":{"rendered":"ZKTeco UA150PRO eigenst\u00e4ndiger Fingerabdruck-, PIN- und RFID-Kartenleser f\u00fcr den Innenbereich mit 2,8-Zoll-Touchscreen TCP\/IP"},"content":{"rendered":"<p>Der ZKTeco UA150PRO ist ein hochwertiger eigenst\u00e4ndiger Fingerabdruck- und RFID-Kartenleser mit einem 2,8-Zoll-Touchscreen und f\u00fcr den Innenbereich geeignet. Das Ger\u00e4t eignet sich auch zur Anwesenheitsverwaltung. Die Zugangskontrolle erfolgt mittels Fingerabdruck, PIN und\/oder Proximity-Karte oder -Tag. Der ZKTeco UA150PRO ist ideal f\u00fcr den Einsatz in H\u00e4usern, Mehrfamilienh\u00e4usern, Gesch\u00e4ftsr\u00e4umen und B\u00fcros.<\/p>\n<p><strong>M\u00f6glichkeiten<\/strong><\/p>\n<p>Der ZKTeco UA150PRO arbeitet eigenst\u00e4ndig und ben\u00f6tigt daher keinen separaten Controller. Das Leseger\u00e4t verf\u00fcgt \u00fcber einen leistungsstarken Prozessor und Sensor f\u00fcr sehr schnelle und genaue Fingerabdruckscans. Der ZKTeco UA150PRO kann \u00fcber die Tastatur und mit der kostenlosen ZKTeco Windows-Software verwaltet werden.<\/p>\n<p>Das ZKTeco SPEEDFACE M4 kann mit einem 12V-Netzteil betrieben werden, das nicht im Lieferumfang enthalten ist. Unter dem Reiter \u201eOptionen\u201c gibt es ein passendes Netzteil, das bestellt werden kann. Unter der Registerkarte \u201eDokumentation\u201c gibt es einen Link zur Website des Herstellers mit vielen Informationen, darunter Datenblatt, Software und Handb\u00fccher.<\/p>\n<p><strong>Wichtigste Funktionen<\/strong><\/p>\n<ul>\n<li>Unterst\u00fctzt 3000 Fingerabdr\u00fccke und\/oder RFID-Karten oder -Tags (125 kHz).<\/li>\n<li>Standalone- oder Slave-Nutzung<\/li>\n<li>Auch zur Anwesenheitsverwaltung geeignet<\/li>\n<li>Unterst\u00fctzt die Verwendung einer Karte\/Tag, einer PIN oder eines Fingerabdrucks oder einer Kombination davon<\/li>\n<li>TCP\/IP<\/li>\n<li>T\u00fcrklingeltaster mit Anschluss f\u00fcr T\u00fcrklingel<\/li>\n<li>T\u00fcrsensoreingang<\/li>\n<li>Alarm-Sabotage-Ausgang<\/li>\n<li>NO\/NC-Relaisausgang<\/li>\n<li>Eingabe der Exit-Taste<\/li>\n<li>DC 5 V \/ 800 mA Stromversorgung<\/li>\n<\/ul>\n<p><a href=\"https:\/\/staging.webstore4.com\/Copyright\/\" target=\"_blank\" rel=\"noopener\"><span style=\"color: #ff6e03; font-size: 11px;\">\u00a9 Der Text ist urheberrechtlich gesch\u00fctzt<\/span><\/a><\/p>","protected":false},"excerpt":{"rendered":"<p>Der ZKTeco UA150PRO ist ein hochwertiger eigenst\u00e4ndiger Fingerabdruck- und RFID-Kartenleser mit einem 2,8-Zoll-Touchscreen und f\u00fcr den Innenbereich geeignet. Das Ger\u00e4t eignet sich auch zur Anwesenheitsverwaltung. Die Zugangskontrolle erfolgt mittels Fingerabdruck, PIN und\/oder Proximity-Karte oder -Tag. Der ZKTeco UA150PRO ist ideal f\u00fcr den Einsatz in H\u00e4usern, Mehrfamilienh\u00e4usern, Gesch\u00e4ftsr\u00e4umen und B\u00fcros.<\/p>\n<div class=\"klb-readmore button\"><a class=\"btn link\" href=\"https:\/\/staging.webstore4.com\/de\/product\/zkteco-ua150pro-vingerafdruk-pin-en-rfid-kaart-lezer\/\">Mehr lesen <i class=\"klbth-icon-right-arrow\"><\/i><\/a><\/div>","protected":false},"featured_media":14681,"comment_status":"open","ping_status":"closed","template":"","meta":[],"pwb-brand":[3394],"product_cat":[4191,4193],"product_tag":[],"class_list":{"0":"post-14672","1":"product","2":"type-product","3":"status-publish","4":"has-post-thumbnail","6":"pwb-brand-zkteco","7":"product_cat-access","8":"product_cat-toegangscontrole-access","9":"product_shipping_class-pakket","10":"pa_frequentie-tags-en-readers-rfid-125-khz","11":"pa_garantie-3-jaar","12":"pa_max-aantal-gebruikers-3642","13":"pa_merk-zkteco","14":"pa_omgeving-binnen","15":"pa_product-codepaneel","16":"pa_product-reader","17":"pa_stand-alone-ja","18":"pa_toegang-met-kaartlezer","19":"pa_toegang-met-keypad","20":"pa_toegang-met-vingerafdruk","21":"pa_voeding-5v-usb","23":"first","24":"onbackorder","25":"taxable","26":"shipping-taxable","27":"purchasable","28":"product-type-simple"},"brands":[{"id":3394,"name":"ZKTeco","slug":"zkteco"}],"_links":{"self":[{"href":"https:\/\/staging.webstore4.com\/de\/wp-json\/wp\/v2\/product\/14672","targetHints":{"allow":["GET"]}}],"collection":[{"href":"https:\/\/staging.webstore4.com\/de\/wp-json\/wp\/v2\/product"}],"about":[{"href":"https:\/\/staging.webstore4.com\/de\/wp-json\/wp\/v2\/types\/product"}],"replies":[{"embeddable":true,"href":"https:\/\/staging.webstore4.com\/de\/wp-json\/wp\/v2\/comments?post=14672"}],"wp:featuredmedia":[{"embeddable":true,"href":"https:\/\/staging.webstore4.com\/de\/wp-json\/wp\/v2\/media\/14681"}],"wp:attachment":[{"href":"https:\/\/staging.webstore4.com\/de\/wp-json\/wp\/v2\/media?parent=14672"}],"wp:term":[{"taxonomy":"pwb-brand","embeddable":true,"href":"https:\/\/staging.webstore4.com\/de\/wp-json\/wp\/v2\/pwb-brand?post=14672"},{"taxonomy":"product_cat","embeddable":true,"href":"https:\/\/staging.webstore4.com\/de\/wp-json\/wp\/v2\/product_cat?post=14672"},{"taxonomy":"product_tag","embeddable":true,"href":"https:\/\/staging.webstore4.com\/de\/wp-json\/wp\/v2\/product_tag?post=14672"}],"curies":[{"name":"wp","href":"https:\/\/api.w.org\/{rel}","templated":true}]}}