{"id":14719,"date":"2024-01-22T17:00:28","date_gmt":"2024-01-22T16:00:28","guid":{"rendered":"https:\/\/webstore4.com\/?post_type=product&#038;p=14719"},"modified":"2024-04-19T15:21:03","modified_gmt":"2024-04-19T14:21:03","slug":"uniarch-ipc-p413-x20k-3mp-ptz-camera","status":"publish","type":"product","link":"https:\/\/staging.webstore4.com\/de\/product\/uniarch-ipc-p413-x20k-3mp-ptz-camera\/","title":{"rendered":"Uniarch IPC-P413-X20K Full HD 3 MP Geschwindigkeits-PTZ-Kamera mit Varioobjektiv, 20-fachem Zoom, 100 m Smart IR, WDR, PoE, SD-Kartensteckplatz, integriertem Mikrofon und kostenloser Anwendung"},"content":{"rendered":"<div class=\"video-frame-box\" style=\"width: 100%; max-width: 480px; max-height: 270px; float: right; padding: 0px 10px 10px 10px;\">\n<div class=\"video-frame\"><iframe src=\"\/\/www.youtube.com\/embed\/oR_O0mi4pC4?rel=0&amp;modestbranding=1&amp;showinfo=0&amp;autohide=1\" width=\"480\" height=\"270\" frameborder=\"0\"><\/iframe><\/div>\n<\/div>\n<p>Die Uniarch IPC-P413-X20K ist eine Full HD 3-Megapixel-PTZ-Kamera (Pan Tilt Zoom) mit Varioobjektiv. Die Smart Infrarot-Nachtsicht hat eine Reichweite von bis zu 100 Metern. Dar\u00fcber hinaus ist die \u00dcberwachungskamera mit einer Bewegungserkennung ausgestattet und kann \u00fcber das Netzwerkkabel (PoE) mit Strom versorgt werden. Die Kamera ist f\u00fcr den Innen- und Au\u00dfenbereich geeignet.<br \/>\nUniarch ist eine Uniview-Produktlinie mit erschwinglicher Video\u00fcberwachung und einem Fokus auf zuverl\u00e4ssige Qualit\u00e4t, einfache Installation und Benutzerfreundlichkeit.<\/p>\n<p><strong>M\u00f6glichkeiten<\/strong><\/p>\n<p>Der Uniarch IPC-P413-X20K zeigt Bilder in einer Full-HD-Aufl\u00f6sung von 2304 x 1296 an. Die Kamera verf\u00fcgt \u00fcber ein Varioobjektiv von 5-100 mm mit einem Sichtfeld von 51,7 bis 3,85 Grad. Die \u00dcberwachungskamera bietet dem Benutzer die M\u00f6glichkeit, bis zum 20-fachen zu zoomen. Die Kamera kann bei Dunkelheit die integrierte IR-Beleuchtung einschalten und liefert so auch bei v\u00f6lliger Dunkelheit (0 Lux) ein gestochen scharfes Bild. Die IR-Beleuchtung hat eine maximale Reichweite von 100 Metern. Die Kamera verf\u00fcgt \u00fcber Digital Wide Dynamic Range (WDR), wodurch die Kamera auch komplexe Lichtverh\u00e4ltnisse gut bew\u00e4ltigen kann. Die Verf\u00fcgbarkeit eines IR-Sperrfilters macht diese Kamera zu einer echten Tag- und Nachtkamera.<\/p>\n<p>Die Kamera ist mit einer Bewegungserkennung ausgestattet. Da eine PTZ-Kamera (Pan Tilt Zoom) geneigt, gedreht und gezoomt werden kann, ist es m\u00f6glich, der Person w\u00e4hrend der Bewegungserkennung zu folgen. Bilder k\u00f6nnen auf einem Netzwerk-Videorecorder (NVR) gespeichert werden. Die Uniarch-Rekorder sind auf der Registerkarte \u201eOptionen\u201c enthalten. Die Kamera kann auf einer microSD-Speicherkarte in der Kamera bis zu 256 GB aufzeichnen. Eine SD-Karte ist nicht im Lieferumfang enthalten, kann aber unter \u201eOptionen\u201c bestellt werden.<\/p>\n<p>Eine kostenlose mobile App ist f\u00fcr Apple iOS und Android verf\u00fcgbar. Es kann die niederl\u00e4ndische Uniview-App oder die spezifische Uniarch-App (Englisch) verwendet werden. Die Kamera verf\u00fcgt \u00fcber einen internen Webserver, der \u00fcber einen Webbrowser angezeigt und verwaltet werden kann. Auch die Verwaltung der Kameras und Bilder ist mit einem NVR m\u00f6glich. Video Management Software (VMS) f\u00fcr einen Computer kann kostenlos von der Uniview-Website heruntergeladen werden. Unter dem Reiter \u201eDokumentation\u201c gibt es einen Link zur Produktseite des Herstellers mit allen Produktinformationen und Handb\u00fcchern. Die Software kann von der Website heruntergeladen werden.<\/p>\n<p>Die Uniarch IPC-P413-X20K verf\u00fcgt \u00fcber die Schutzart IP66, wodurch sich die Kamera ideal f\u00fcr den Au\u00dfenbereich eignet. Zur einfacheren Installation kann die Kamera \u00fcber das Netzwerkkabel mit Power over Ethernet (Standard 802.3at P0E) mit Strom versorgt werden. PoE kann \u00fcber einen PoE-NVR beispielsweise von Uniarch, einen PoE-Switch oder mit einem PoE-Injektor bezogen werden. Die Kamera kann auch mit einem optionalen 12-V-Netzteil mit Strom versorgt werden. Unter dem Reiter \u201eOptionen\u201c kann ein Adapter bestellt werden. Die Kamera ist \u00fcber 3 Achsen verstellbar.<\/p>\n<p>Die PTZ-Kamera muss mit einem mitgelieferten Halterungsadapter montiert werden. Passende Uniview-Montagehalterungen sind unter \u201eOptionen\u201c enthalten.<\/p>\n<p><strong>Wichtigste Funktionen<\/strong><\/p>\n<ul>\n<li>3-Megapixel-Full-HD-PTZ-Au\u00dfenkamera mit Varioobjektiv<\/li>\n<li>20-facher Zoom<\/li>\n<li>Einfache Installation dank des mitgelieferten Halterungsadapters<\/li>\n<li>Kostenlose App und Software<\/li>\n<li>Bewegungserkennung, Privatzonenmaske, 2D\/3D-Rauschunterdr\u00fcckung<\/li>\n<li>Tag-\/Nachtkamera mit automatischem mechanischem IR-Sperrfilter<\/li>\n<li>IR-Nachtsichtbeleuchtung bis zu 100 Meter<\/li>\n<li>Auf 3 Achsen verstellbar<\/li>\n<li>Digital Wide Dynamic Range (DWDR)<\/li>\n<li>Ultra H.265-Komprimierung f\u00fcr effiziente Netzwerk- und Speichernutzung<\/li>\n<li>ONVIF-kompatibel<\/li>\n<li>Stromversorgung \u00fcber 12VDC-Adapter oder \u00fcber PoE (802.3at)<\/li>\n<li>IP66 wetterfest<\/li>\n<\/ul>\n<p><a href=\"https:\/\/staging.webstore4.com\/Copyright\/\" target=\"_blank\" rel=\"noopener\"><span style=\"color: #ff6e03; font-size: 11px;\">\u00a9 Der Text ist urheberrechtlich gesch\u00fctzt<\/span><\/a><\/p>","protected":false},"excerpt":{"rendered":"<p>Die Uniarch IPC-P413-X20K ist eine Full HD 3-Megapixel-PTZ-Kamera (Pan Tilt Zoom) mit Varioobjektiv. Die Smart Infrarot-Nachtsicht hat eine Reichweite von bis zu 100 Metern. Dar\u00fcber hinaus ist die \u00dcberwachungskamera mit einer Bewegungserkennung ausgestattet und kann \u00fcber das Netzwerkkabel (PoE) mit Strom versorgt werden. Die Kamera ist f\u00fcr den Innen- und Au\u00dfenbereich geeignet.<\/p>\n<div class=\"klb-readmore button\"><a class=\"btn link\" href=\"https:\/\/staging.webstore4.com\/de\/product\/uniarch-ipc-p413-x20k-3mp-ptz-camera\/\">Mehr lesen <i class=\"klbth-icon-right-arrow\"><\/i><\/a><\/div>","protected":false},"featured_media":14721,"comment_status":"open","ping_status":"closed","template":"","meta":[],"pwb-brand":[3415],"product_cat":[3435,4184,4200,4198,4238],"product_tag":[],"class_list":{"0":"post-14719","1":"product","2":"type-product","3":"status-publish","4":"has-post-thumbnail","6":"pwb-brand-uniview-uniarch","7":"product_cat-ip-cameras","8":"product_cat-cameras","9":"product_cat-dome-eyeball-cameras-cameras","10":"product_cat-series","11":"product_cat-uniarch-by-uniview-series","12":"product_shipping_class-pakket","13":"pa_beeldhoek-graden-horizontaal-51-7-3-85","14":"pa_beeldsensor-1-2-8-cmos","15":"pa_dag-nacht-ir-cut-filter-ja","16":"pa_geheugenkaart-type-micro-sdsdhcsdxc-256gb","17":"pa_ingebouwd-type-nachtzicht-infrared-ir-led","18":"pa_lens-mm-5-100","19":"pa_megapixel-3mp","20":"pa_merk-uniview-uniarch","21":"pa_minimale-verlichting-0-003-lux-0-lux-met-ir","22":"pa_mobiele-app-fabrikant-ja","23":"pa_nachtzicht-ja","24":"pa_omgeving-binnen-en-buiten","25":"pa_opnemen-op-sd-kaart-ja","26":"pa_poe-802-3at","27":"pa_resolutie-max-pixels-full-hd-2304x1296","28":"pa_vandaalbestendig-nee","29":"pa_verstelbare-assen-3631","30":"pa_voeding-12vdc","31":"pa_voeding-poe","32":"pa_wdr-ja","34":"first","35":"onbackorder","36":"taxable","37":"shipping-taxable","38":"purchasable","39":"product-type-simple"},"brands":[{"id":3415,"name":"Uniview Uniarch","slug":"uniview-uniarch"}],"_links":{"self":[{"href":"https:\/\/staging.webstore4.com\/de\/wp-json\/wp\/v2\/product\/14719","targetHints":{"allow":["GET"]}}],"collection":[{"href":"https:\/\/staging.webstore4.com\/de\/wp-json\/wp\/v2\/product"}],"about":[{"href":"https:\/\/staging.webstore4.com\/de\/wp-json\/wp\/v2\/types\/product"}],"replies":[{"embeddable":true,"href":"https:\/\/staging.webstore4.com\/de\/wp-json\/wp\/v2\/comments?post=14719"}],"wp:featuredmedia":[{"embeddable":true,"href":"https:\/\/staging.webstore4.com\/de\/wp-json\/wp\/v2\/media\/14721"}],"wp:attachment":[{"href":"https:\/\/staging.webstore4.com\/de\/wp-json\/wp\/v2\/media?parent=14719"}],"wp:term":[{"taxonomy":"pwb-brand","embeddable":true,"href":"https:\/\/staging.webstore4.com\/de\/wp-json\/wp\/v2\/pwb-brand?post=14719"},{"taxonomy":"product_cat","embeddable":true,"href":"https:\/\/staging.webstore4.com\/de\/wp-json\/wp\/v2\/product_cat?post=14719"},{"taxonomy":"product_tag","embeddable":true,"href":"https:\/\/staging.webstore4.com\/de\/wp-json\/wp\/v2\/product_tag?post=14719"}],"curies":[{"name":"wp","href":"https:\/\/api.w.org\/{rel}","templated":true}]}}