{"id":15034,"date":"2024-01-29T13:17:58","date_gmt":"2024-01-29T12:17:58","guid":{"rendered":"https:\/\/webstore4.com\/?post_type=product&#038;p=15034"},"modified":"2024-04-19T15:21:21","modified_gmt":"2024-04-19T14:21:21","slug":"uniview-ipc2124le-adf28kmc-wl-4mp-bullet-camera","status":"publish","type":"product","link":"https:\/\/staging.webstore4.com\/de\/product\/uniview-ipc2124le-adf28kmc-wl-4mp-bullet-camera\/","title":{"rendered":"Uniview IPC2124LE-ADF28KMC-WL Full HD 4MP Colorhunter Outdoor-Bullet-Kamera mit 2,8-mm-Objektiv, 30 m IR und wei\u00dfer LED, WDR, PoE, MicroSD, integriertem Mikrofon und Lautsprecher"},"content":{"rendered":"<p>Die Uniview IPC2124LE-ADF28KMC-WL ist eine sehr kompakte Full-HD-4-Megapixel-Bullet-Kamera mit 30 Metern IR-Nachtsicht und wei\u00dfer LED-Nachtsicht, 120 dB WDR, PoE und einem festen 2,8-mm-Objektiv. Die Kamera ist f\u00fcr den Innen- und Au\u00dfenbereich geeignet. In die Kamera kann auch eine microSD-Karte eingelegt werden, um bis zu 128 GB aufzuzeichnen. Die Kamera ist ideal f\u00fcr den Einsatz in Gesch\u00e4ften, B\u00fcrogeb\u00e4uden und Privath\u00e4usern.<\/p>\n<p><strong>M\u00f6glichkeiten<\/strong><\/p>\n<p>Der Uniview IPC2124LE-ADF28KMC-WL zeigt Bilder in einer Full-HD-Aufl\u00f6sung von 2688 x 1520 an. Die Kamera verf\u00fcgt \u00fcber ein festes Objektiv von 2,8 mm. Durch die feste Linse ist ein horizontaler Betrachtungswinkel von 112,9 Grad m\u00f6glich. Bei Dunkelheit kann die Kamera das eingebaute IR einschalten, was auch bei v\u00f6lliger Dunkelheit (0 Lux) ein gestochen scharfes Bild liefert.<br \/>\nZus\u00e4tzlich zur IR-Nachtsicht verf\u00fcgt diese Kamera auch \u00fcber eine integrierte wei\u00dfe LED-Beleuchtung. Dadurch k\u00f6nnen Sie auch nachts ein Farbbild bis zu einer Entfernung von maximal 30 Metern erstellen. Die IR-Beleuchtung hat zudem eine maximale Reichweite von 30 Metern. Die Kamera verf\u00fcgt \u00fcber Digital Wide Dynamic Range (WDR), wodurch die Kamera auch komplexe Lichtverh\u00e4ltnisse gut bew\u00e4ltigen kann.<\/p>\n<p>Bilder k\u00f6nnen auf einem Netzwerk-Videorecorder (NVR) gespeichert werden. Die Kamera kann auch auf einer microSD-Speicherkarte mit bis zu 128 GB aufzeichnen. Passende Netzwerk-Videorecorder und microSD-Speicherkarten finden Sie unter \u201eOptionen\u201c.<\/p>\n<p>Eine kostenlose mobile App ist f\u00fcr Apple iOS und Android verf\u00fcgbar. Es kann die niederl\u00e4ndischsprachige Uniview-App verwendet werden. Die Kamera verf\u00fcgt \u00fcber einen internen Webserver, der \u00fcber einen Webbrowser angezeigt und verwaltet werden kann. Auch die Verwaltung der Kameras und Bilder ist mit einem NVR m\u00f6glich. Video Management Software (VMS) f\u00fcr einen Computer kann kostenlos von der Uniview-Website heruntergeladen werden.<\/p>\n<p>Der Uniview IPC2125SR3-ADUPF40 ist f\u00fcr den Au\u00dfenbereich geeignet und verf\u00fcgt \u00fcber die Schutzart IP67. Zur einfacheren Installation kann die Kamera \u00fcber das Netzwerkkabel mit Power over Ethernet (Standard 802.3af P0E) mit Strom versorgt werden. PoE kann \u00fcber einen PoE-NVR, einen PoE-Switch oder mit einem PoE-Injektor bezogen werden. Die Kamera kann auch mit einem optionalen 12-V-Netzteil mit Strom versorgt werden. Die Kamera ist \u00fcber 3 Achsen verstellbar und verf\u00fcgt \u00fcber einen Alarmein- und -ausgang. Einige der Montagehalterungen sind unter der Registerkarte \u201eVerwandt\u201c enthalten.<\/p>\n<p>F\u00fcr weitere Spezifikationen empfehlen wir Ihnen, das Datenblatt zu konsultieren, das unter der Registerkarte \u201eDokumentation\u201c enthalten ist.<\/p>\n<p><strong>Wichtigste Funktionen<\/strong><\/p>\n<ul>\n<li>4-Megapixel-Full-HD-Bullet-Kamera f\u00fcr den Au\u00dfenbereich<\/li>\n<li>Colorhunter-Kamera, wei\u00dfe LED bis zu 30 Meter<\/li>\n<li>Eingebautes Mikrophon<\/li>\n<li>2,8-mm-Festobjektiv mit 112,9 Grad horizontalem Blickwinkel<\/li>\n<li>Kostenlose App und Software<\/li>\n<li>Tag-\/Nachtkamera mit automatischem mechanischem IR-Sperrfilter<\/li>\n<li>IR-Nachtsichtbeleuchtung bis zu 30 Meter<\/li>\n<li>Auf 3 Achsen verstellbar<\/li>\n<li>Digital Wide Dynamic Range (WDR)<\/li>\n<li>Ultra H.265-Komprimierung f\u00fcr effiziente Netzwerk- und Speichernutzung<\/li>\n<li>ONVIF-kompatibel<\/li>\n<li>Geeignet f\u00fcr den Au\u00dfenbereich, IP67<\/li>\n<li>Stromversorgung \u00fcber 12VDC-Adapter oder \u00fcber PoE (802.3af)<\/li>\n<li>Wei\u00df<\/li>\n<\/ul>\n<p><a href=\"https:\/\/www.webstore4ipcameras.nl\/Copyright\" target=\"_blank\" rel=\"noopener\"><span style=\"color: #ff6e03; font-size: 11px;\">\u00a9 Der Text ist urheberrechtlich gesch\u00fctzt<\/span><\/a><\/p>","protected":false},"excerpt":{"rendered":"<p>De Uniview IPC2124LE-ADF28KMC-WL is een zeer compacte Full HD 4 megapixel bullet camera met 30 meter IR nachtzicht en Wit LED nachtzicht, 120dB WDR, PoE en een vaste lens van 2.8 mm. De camera is geschikt voor binnen of buiten. Er kan in de camera ook microSD kaart worden geplaatst voor opname tot 128Gb. De<\/p>\n<div class=\"klb-readmore button\"><a class=\"btn link\" href=\"https:\/\/staging.webstore4.com\/de\/product\/uniview-ipc2124le-adf28kmc-wl-4mp-bullet-camera\/\">Mehr lesen <i class=\"klbth-icon-right-arrow\"><\/i><\/a><\/div>","protected":false},"featured_media":15036,"comment_status":"open","ping_status":"closed","template":"","meta":[],"pwb-brand":[3419],"product_cat":[3435,4184,4219],"product_tag":[],"class_list":{"0":"post-15034","1":"product","2":"type-product","3":"status-publish","4":"has-post-thumbnail","6":"pwb-brand-uniview","7":"product_cat-ip-cameras","8":"product_cat-cameras","9":"product_cat-bullet-box-cameras-cameras","10":"product_shipping_class-pakket","11":"pa_audio-microfoon","12":"pa_beeldhoek-graden-horizontaal-112-9","13":"pa_beeldsensor-13-cmos","14":"pa_dag-nacht-ir-cut-filter-ja","15":"pa_geheugenkaart-type-micro-sdsdhcsdxc-128gb","16":"pa_ingebouwd-type-nachtzicht-infrared-ir-led","17":"pa_ingebouwd-type-nachtzicht-wit-led","18":"pa_lens-mm-2-8","19":"pa_megapixel-4mp","20":"pa_merk-uniview","21":"pa_minimale-verlichting-0-003-lux-0-lux-met-ir","22":"pa_mobiele-app-fabrikant-ja","23":"pa_nachtzicht-ja","24":"pa_omgeving-binnen-en-buiten","25":"pa_opnemen-op-sd-kaart-ja","26":"pa_poe-802-3af","27":"pa_resolutie-max-pixels-full-hd-2688x1520","28":"pa_vandaalbestendig-nee","29":"pa_verstelbare-assen-3631","30":"pa_voeding-12vdc","31":"pa_voeding-poe","32":"pa_wdr-ja","34":"first","35":"onbackorder","36":"taxable","37":"shipping-taxable","38":"purchasable","39":"product-type-simple"},"brands":[{"id":3419,"name":"Uniview","slug":"uniview"}],"_links":{"self":[{"href":"https:\/\/staging.webstore4.com\/de\/wp-json\/wp\/v2\/product\/15034","targetHints":{"allow":["GET"]}}],"collection":[{"href":"https:\/\/staging.webstore4.com\/de\/wp-json\/wp\/v2\/product"}],"about":[{"href":"https:\/\/staging.webstore4.com\/de\/wp-json\/wp\/v2\/types\/product"}],"replies":[{"embeddable":true,"href":"https:\/\/staging.webstore4.com\/de\/wp-json\/wp\/v2\/comments?post=15034"}],"wp:featuredmedia":[{"embeddable":true,"href":"https:\/\/staging.webstore4.com\/de\/wp-json\/wp\/v2\/media\/15036"}],"wp:attachment":[{"href":"https:\/\/staging.webstore4.com\/de\/wp-json\/wp\/v2\/media?parent=15034"}],"wp:term":[{"taxonomy":"pwb-brand","embeddable":true,"href":"https:\/\/staging.webstore4.com\/de\/wp-json\/wp\/v2\/pwb-brand?post=15034"},{"taxonomy":"product_cat","embeddable":true,"href":"https:\/\/staging.webstore4.com\/de\/wp-json\/wp\/v2\/product_cat?post=15034"},{"taxonomy":"product_tag","embeddable":true,"href":"https:\/\/staging.webstore4.com\/de\/wp-json\/wp\/v2\/product_tag?post=15034"}],"curies":[{"name":"wp","href":"https:\/\/api.w.org\/{rel}","templated":true}]}}