{"id":15145,"date":"2024-02-01T20:57:10","date_gmt":"2024-02-01T19:57:10","guid":{"rendered":"https:\/\/webstore4.com\/?post_type=product&#038;p=15145"},"modified":"2025-02-19T05:22:18","modified_gmt":"2025-02-19T04:22:18","slug":"dahua-ipc-hdw2549tm-s-il-5mp-eyeball-camera","status":"publish","type":"product","link":"https:\/\/staging.webstore4.com\/de\/product\/dahua-ipc-hdw2549tm-s-il-5mp-eyeball-camera\/","title":{"rendered":"Dahua IPC-HDW2549TM-S-IL Vollfarbige 5MP WizSense Dual Light Outdoor-Augapfelkamera mit 30 Metern wei\u00dfer LED, integriertem Mikrofon, 30 Meter IR-Nachtsicht, SMD Plus, 120 dB WDR und MicroSD"},"content":{"rendered":"<p>Der Dahua IPC-HDW2549TM-S-IL ist ein Full-HD-5-MP-Dual-Light-Au\u00dfenrevolver mit integriertem Mikrofon, wei\u00dfer LED, Infrarot-Nachtsicht und einem festen 2,8-mm-Objektiv f\u00fcr den Innen- und Au\u00dfenbereich. Die Kamera wurde von Dahua mit einem schwarzen Geh\u00e4use aus Kunststoff und Metall ausgestattet. Unter dem Reiter \u201eOptionen\u201c kann eine passende Wandhalterung oder Montagedose bestellt werden. Die Kamera eignet sich sehr gut f\u00fcr den Einsatz in Privathaushalten, B\u00fcros, Restaurants, Hotels und Gesch\u00e4ftsr\u00e4umen.<\/p>\n<p><strong>M\u00f6glichkeiten<\/strong><\/p>\n<p>Der Dahua IPC-HDW2549TM-S-IL zeigt Vollfarbbilder in einer Full HD-Aufl\u00f6sung von 2960 x 1668 an. Die Kamera verf\u00fcgt \u00fcber einen 120 dB Wide Dynamic Range (WDR), wodurch die Kamera auch mit komplexen Lichtverh\u00e4ltnissen, beispielsweise durch Gegenlicht der Sonne oder Autoscheinwerfer, sehr gut zurechtkommt. Dank des hochlichtempfindlichen Bildsensors liefert die Kamera auch bei nahezu v\u00f6lliger Dunkelheit (0,006 Lux) noch ein brauchbares Farbbild mit einem Minimum an Umgebungslicht. Die Kamera verf\u00fcgt \u00fcber einen eingebauten automatischen IR-Sperrfilter, was sie zu einer echten Tag-\/Nachtkamera macht.<\/p>\n<p>Bei Dunkelheit kann die Kamera die integrierte IR-Beleuchtung oder die wei\u00dfe LED-Beleuchtung einschalten und liefert so auch bei v\u00f6lliger Dunkelheit (0 Lux) ein gestochen scharfes Bild. Die IR-Beleuchtung und die wei\u00dfe LED haben eine Reichweite von nicht weniger als 30 Metern. Die Kamera verf\u00fcgt \u00fcber ein festes 2,8-mm-Objektiv mit einem horizontalen Betrachtungswinkel von 111 Grad.<\/p>\n<p>Die SMD Plus-Technologie dieser Kamera sorgt daf\u00fcr, dass die intelligenten Algorithmen zwischen verschiedenen Objekten und Bewegungen unterscheiden. Dadurch k\u00f6nnen Systeme genauer auf bestimmte Ereignisse reagieren und unerw\u00fcnschte Benachrichtigungen reduzieren. Mit Perimeter Protection kann au\u00dferdem eine Sicherheitszone eingerichtet werden, um unbefugten Zugriff zu verhindern und unerw\u00fcnschte Eindringlinge zu erkennen.<br \/>\nDie Bilder k\u00f6nnen unter anderem auf einem Netzwerk-Videorecorder (NVR) gespeichert werden. Die Kamera verf\u00fcgt au\u00dferdem \u00fcber die M\u00f6glichkeit, in der Kamera auf einer microSD-Speicherkarte mit bis zu maximal 256 GB aufzuzeichnen. Passende microSD-Speicherkarten k\u00f6nnen unter \u201eOptionen\u201c bestellt werden.<\/p>\n<p>Dahua bietet eine kostenlose niederl\u00e4ndische App f\u00fcr Apple iOS und Android an. Die Kamera verf\u00fcgt \u00fcber einen internen Webserver, der \u00fcber einen Webbrowser angezeigt und verwaltet werden kann. Video Management Software (VMS) f\u00fcr einen Computer kann kostenlos von der Dahua-Website heruntergeladen werden. Die Registerkarte \u201eDokumentation\u201c enth\u00e4lt einen Link zur Produktseite des Herstellers.<\/p>\n<p>Die Dahua IPC-HDW2549TM-S-IL verf\u00fcgt \u00fcber die Schutzart IP67, wodurch sich die Kamera ideal f\u00fcr den Au\u00dfenbereich eignet. Zur einfacheren Installation kann die Kamera \u00fcber das Netzwerkkabel mit Power over Ethernet (Standard 802.3af POE) mit Strom versorgt werden. PoE kann \u00fcber einen PoE-NVR, einen PoE-Switch oder mit einem PoE-Injektor bezogen werden. Die Kamera kann auch mit einem optionalen 12-V-Gleichstrom-Netzteil mit Strom versorgt werden. Die Kamera ist \u00fcber 3 Achsen verstellbar und eignet sich daher sehr gut f\u00fcr die vertikale Aufstellung an einer Wand.<\/p>\n<p><strong>Wichtigste Funktionen<\/strong><\/p>\n<ul>\n<li>5-Megapixel-Full-HD-WizSense-Dual-Light-Kamera<\/li>\n<li>Tag-\/Nachtkamera mit automatischem mechanischem IR-Sperrfilter<\/li>\n<li>IR-Nachtsicht und wei\u00dfe LED-Beleuchtung bis zu 30 Meter<\/li>\n<li>Aufnahme in der Kamera auf SD-Karte (nicht im Lieferumfang enthalten)<\/li>\n<li>Auf 3 Achsen verstellbar<\/li>\n<li>SMD Plus, Perimeterschutz<\/li>\n<li>120 dB breiter Dynamikbereich (WDR)<\/li>\n<li>Zonen-optionale Hintergrundbeleuchtungskompensation (BLC)<\/li>\n<li>3D-Digital-Rauschunterdr\u00fcckung (3D-DNR)<\/li>\n<li>Bewegungserkennung, Manipulationsalarm, Privatzonenmaske<\/li>\n<li>ONVIF-Protokoll<\/li>\n<li>Stromversorgung \u00fcber 12VDC-Adapter oder \u00fcber PoE (802.3af)<\/li>\n<li>Wei\u00df<\/li>\n<\/ul>\n<p><a href=\"https:\/\/staging.webstore4.com\/Copyright\/\" target=\"_blank\" rel=\"noopener\"><span style=\"color: #ff6e03; font-size: 11px;\">\u00a9 Der Text ist urheberrechtlich gesch\u00fctzt<\/span><\/a><\/p>","protected":false},"excerpt":{"rendered":"<p>De Dahua IPC-HDW2549TM-S-IL is een Full HD 5MP Dual Light buiten turret met een ingebouwde microfoon, Wit Led, infrarood nachtzicht en een vaste 2.8mm lens voor binnen of buiten. De camera is door Dahua uitgevoerd met een zwarte behuizing gemaakt van kunststof en metaal. Er is een bijpassende muurbeugel of montagebox is bij te bestellen<\/p>\n<div class=\"klb-readmore button\"><a class=\"btn link\" href=\"https:\/\/staging.webstore4.com\/de\/product\/dahua-ipc-hdw2549tm-s-il-5mp-eyeball-camera\/\">Mehr lesen <i class=\"klbth-icon-right-arrow\"><\/i><\/a><\/div>","protected":false},"featured_media":15146,"comment_status":"open","ping_status":"closed","template":"","meta":[],"pwb-brand":[3376],"product_cat":[3435,4184,4200,4199],"product_tag":[],"class_list":{"0":"post-15145","1":"product","2":"type-product","3":"status-publish","4":"has-post-thumbnail","6":"pwb-brand-dahua","7":"product_cat-ip-cameras","8":"product_cat-cameras","9":"product_cat-dome-eyeball-cameras-cameras","10":"product_cat-dahua-starlight-series","11":"product_shipping_class-pakket","12":"pa_audio-microfoon","13":"pa_beeldhoek-graden-horizontaal-4576","14":"pa_beeldsensor-1-2-7-cmos","15":"pa_dag-nacht-ir-cut-filter-ja","16":"pa_geheugenkaart-type-micro-sdsdhcsdxc-256gb","17":"pa_ingebouwd-type-nachtzicht-infrared-ir-led","18":"pa_ingebouwd-type-nachtzicht-wit-led","19":"pa_lens-mm-2-8","20":"pa_megapixel-5mp","21":"pa_merk-dahua","22":"pa_minimale-verlichting-0-007-lux-0-lux-met-ir","23":"pa_mobiele-app-fabrikant-ja","24":"pa_nachtzicht-ja","25":"pa_omgeving-binnen-en-buiten","26":"pa_opnemen-op-sd-kaart-ja","27":"pa_poe-802-3af","28":"pa_product-status-a","29":"pa_resolutie-max-pixels-full-hd-2960x1668","30":"pa_vandaalbestendig-nee","31":"pa_verstelbare-assen-3631","32":"pa_voeding-12vdc","33":"pa_voeding-poe","34":"pa_wdr-ja","36":"first","37":"onbackorder","38":"taxable","39":"shipping-taxable","40":"purchasable","41":"product-type-simple"},"brands":[{"id":3376,"name":"Dahua","slug":"dahua"}],"_links":{"self":[{"href":"https:\/\/staging.webstore4.com\/de\/wp-json\/wp\/v2\/product\/15145","targetHints":{"allow":["GET"]}}],"collection":[{"href":"https:\/\/staging.webstore4.com\/de\/wp-json\/wp\/v2\/product"}],"about":[{"href":"https:\/\/staging.webstore4.com\/de\/wp-json\/wp\/v2\/types\/product"}],"replies":[{"embeddable":true,"href":"https:\/\/staging.webstore4.com\/de\/wp-json\/wp\/v2\/comments?post=15145"}],"wp:featuredmedia":[{"embeddable":true,"href":"https:\/\/staging.webstore4.com\/de\/wp-json\/wp\/v2\/media\/15146"}],"wp:attachment":[{"href":"https:\/\/staging.webstore4.com\/de\/wp-json\/wp\/v2\/media?parent=15145"}],"wp:term":[{"taxonomy":"pwb-brand","embeddable":true,"href":"https:\/\/staging.webstore4.com\/de\/wp-json\/wp\/v2\/pwb-brand?post=15145"},{"taxonomy":"product_cat","embeddable":true,"href":"https:\/\/staging.webstore4.com\/de\/wp-json\/wp\/v2\/product_cat?post=15145"},{"taxonomy":"product_tag","embeddable":true,"href":"https:\/\/staging.webstore4.com\/de\/wp-json\/wp\/v2\/product_tag?post=15145"}],"curies":[{"name":"wp","href":"https:\/\/api.w.org\/{rel}","templated":true}]}}