{"id":15278,"date":"2024-02-06T15:19:24","date_gmt":"2024-02-06T14:19:24","guid":{"rendered":"https:\/\/webstore4.com\/?post_type=product&#038;p=15278"},"modified":"2024-04-19T15:21:32","modified_gmt":"2024-04-19T14:21:32","slug":"ajax-lifequality-zwart","status":"publish","type":"product","link":"https:\/\/staging.webstore4.com\/de\/product\/ajax-lifequality-zwart\/","title":{"rendered":"Ajax LifeQuality Black Jeweler kabelloses Luftqualit\u00e4tsmessger\u00e4t mit Temperatursensor, Feuchtigkeitssensor und Kohlendioxidsensor"},"content":{"rendered":"<p>Der Ajax LifeQuality Black ist Teil des Ajax Baseline-Alarmsystems. Ajax ist ein f\u00fchrendes Unternehmen im Bereich Sicherheitsl\u00f6sungen. Mit fortschrittlichen Technologien und innovativen Produkten bieten sie zuverl\u00e4ssige und effektive Sicherheitsl\u00f6sungen f\u00fcr Privat- und Gesch\u00e4ftskunden.<br \/>\nAjax-Systeme sind einfach zu installieren und zu bedienen und geben den Benutzern ein Gef\u00fchl der Sicherheit. Ajax Security Systems ist bekannt f\u00fcr seine hochwertigen Sicherheitsprodukte, die die strengsten Standards und Anforderungen erf\u00fcllen.<\/p>\n<p>Die App erm\u00f6glicht es, Benachrichtigungen \u00fcber Alarme und Ereignisse zu erhalten, Live-Videostreams anzusehen (sofern Kameras integriert sind) und den Status aller Sicherheitsger\u00e4te zu \u00fcberpr\u00fcfen. Die App bietet detaillierte Veranstaltungsinformationen und l\u00e4sst sich einfach \u00fcber mehrere Ger\u00e4te und Benutzer hinweg verwalten.<\/p>\n<p><strong>M\u00f6glichkeiten<\/strong><\/p>\n<p>Das Ajax LifeQuality Black ist ein sehr kompaktes kabelloses Luftqualit\u00e4tsmessger\u00e4t. Mit dem Temperatursensor, dem Feuchtigkeitssensor und dem Kohlendioxidsensor beurteilt das System schnell die Luftqualit\u00e4t in einem Raum mit sogenannten nichtdispersiven Infrarotsensoren. Ajax konzentriert sich mehr auf eine Smart-Home-Anwendung als auf ein Sicherheitssystem. Eine schlechte Luftqualit\u00e4t verringert die Produktivit\u00e4t und birgt auch Gesundheitsrisiken. Ein hoher CO2-Gehalt in einem Raum f\u00fchrt zu Schl\u00e4frigkeit und geringerer Produktivit\u00e4t. Die Luftqualit\u00e4t kann mit dem Ajax-Luftqualit\u00e4tsmessger\u00e4t gemessen werden. Die Ajax LifeQuality muss in einer Entfernung von 1700 Metern (Freifl\u00e4che) vom zentralen Hub montiert werden. Bei Bedarf kann die Distanz durch den Einsatz eines ReX 2-Repeaters erh\u00f6ht werden.<\/p>\n<p>Das Luftqualit\u00e4tsmessger\u00e4t wird h\u00e4ufig in B\u00fcros, Kinderg\u00e4rten, Schulen, Hotels oder beim Endverbraucher zu Hause eingesetzt. Benutzer erhalten umfangreiche Messberichte und Automatisierungsszenarien, die in der Ajax-Anwendung verf\u00fcgbar sind. Durch Dr\u00fccken der Ajax LifeQuality-Taste zeigt der Luftqualit\u00e4tsmesser den Status der Umgebung in Farben an. Beispielsweise wird das Ajax-Logo gelb, wenn die Luftqualit\u00e4t m\u00e4\u00dfig ist, rot, wenn der CO2-Wert gef\u00e4hrlich hoch ist, und lila, wenn die Luftqualit\u00e4t kritisch ist. Selbstverst\u00e4ndlich ist der Luftqualit\u00e4tsmesser gr\u00fcn, wenn der Luftqualit\u00e4tswert im Raum korrekt ist.<\/p>\n<p>Die Anzeige des Temperatursensors, des Feuchtigkeitssensors und des Kohlendioxidsensors sind alle in der Ajax-Anwendung sichtbar. Auch der Verlauf mehrerer Tage ist in der App verf\u00fcgbar und dann \u00fcber den zentralen Hub verf\u00fcgbar. Da das Ger\u00e4t kabellos ist, kann es an verschiedenen Orten eingesetzt werden. Szenarien k\u00f6nnen bestimmt werden, indem Ajax LifeQuality \u00fcber einen Ajax Wallswitch oder Ajax Relay an einen Ventilator oder eine Heizung angeschlossen wird. Beispielsweise schalten sich die Ventilatoren ein, wenn der CO2-Wert hoch ist.<\/p>\n<p>Der Luftqualit\u00e4tsmesser ist mit einem Manipulationsalarm gesch\u00fctzt. Das Ajax LifeQuality Black verf\u00fcgt \u00fcber zwei vorinstallierte CR-123A-Batterien mit einer maximalen Lebensdauer von ca. 2,5 Jahren. Das Luftqualit\u00e4tsmessger\u00e4t verf\u00fcgt au\u00dferdem \u00fcber einen Schutz vor Betrug, Manipulation und St\u00f6rungen. Unter Jamming versteht man die St\u00f6rung von Funksignalen. Wenn der Sensor bewegt wird, erscheint eine Warnung in der Anwendung. Der Ajax LifeQuality l\u00e4sst sich problemlos an einer Wand oder Decke montieren, kann aber auch lose platziert werden.<\/p>\n<p>F\u00fcr weitere Spezifikationen empfehlen wir Ihnen, das Datenblatt zu konsultieren, das unter der Registerkarte \u201eDokumentation\u201c enthalten ist.<\/p>\n<p><strong>Wichtigste Funktionen<\/strong><\/p>\n<ul>\n<li>Funktioniert nur mit Ajax Hub 2, Ajax Hub 2 PLUS oder Ajax Hub Hybrid.<br \/>\nDie Entfernung zum Hub kann mit dem Ajax ReX 2 Repeater erweitert werden.<\/li>\n<li>Steuerung \u00fcber Ajax-Anwendung<\/li>\n<li>2-Wege-Kommunikation<\/li>\n<li>Wetterbest\u00e4ndigkeit IP-65<\/li>\n<li>Funktioniert rund um die Uhr<\/li>\n<li>Inklusive Batterie, Batterie ist von der Garantie ausgeschlossen<\/li>\n<li>Kann in einem Umkreis von bis zu 1700 Metern (Freifl\u00e4che) mit dem Ajax Hub verbunden werden.<\/li>\n<li>Schwarz<\/li>\n<\/ul>\n<p><a href=\"https:\/\/staging.webstore4.com\/Copyright\/\" target=\"_blank\" rel=\"noopener\"><span style=\"color: #ff6e03; font-size: 11px;\">\u00a9 Der Text ist urheberrechtlich gesch\u00fctzt<\/span><\/a><\/p>\n<p><iframe title=\"Ajax LifeQuality: intelligenter Luftqualit\u00e4tsmonitor mit CO2-Sensor\" width=\"960\" height=\"540\" src=\"https:\/\/www.youtube.com\/embed\/wmjv9OwrSX8?feature=oembed&#038;enablejsapi=1&#038;origin=https:\/\/staging.webstore4.com\" frameborder=\"0\" allow=\"accelerometer; autoplay; clipboard-write; encrypted-media; gyroscope; picture-in-picture; web-share\" allowfullscreen><\/iframe><\/p>","protected":false},"excerpt":{"rendered":"<p>De Ajax LifeQuality Zwart is onderdeel van het Ajax Baseline alarmsysteem. Ajax is een toonaangevend bedrijf op het gebied van beveiligingsoplossingen. Met geavanceerde technologie\u00ebn en innovatieve producten bieden ze betrouwbare en effectieve beveiligingsoplossingen voor zowel particuliere als zakelijke klanten. Ajax systemen zijn eenvoudig te installeren en te bedienen, waardoor gebruikers een veilig gevoel hebben. Ajax<\/p>\n<div class=\"klb-readmore button\"><a class=\"btn link\" href=\"https:\/\/staging.webstore4.com\/de\/product\/ajax-lifequality-zwart\/\">Mehr lesen <i class=\"klbth-icon-right-arrow\"><\/i><\/a><\/div>","protected":false},"featured_media":15279,"comment_status":"open","ping_status":"closed","template":"","meta":[],"pwb-brand":[3408],"product_cat":[3466,4224,4263],"product_tag":[],"class_list":{"0":"post-15278","1":"product","2":"type-product","3":"status-publish","4":"has-post-thumbnail","6":"pwb-brand-ajax-systems","7":"product_cat-alarm","8":"product_cat-alarmsystemen","9":"product_cat-ajax-baseline","10":"product_shipping_class-pakket","11":"pa_kleur-zwart","12":"pa_merk-ajax-systems","13":"pa_product-luchtkwaliteit","15":"first","16":"onbackorder","17":"taxable","18":"shipping-taxable","19":"purchasable","20":"product-type-simple"},"brands":[{"id":3408,"name":"Ajax Systems","slug":"ajax-systems"}],"_links":{"self":[{"href":"https:\/\/staging.webstore4.com\/de\/wp-json\/wp\/v2\/product\/15278","targetHints":{"allow":["GET"]}}],"collection":[{"href":"https:\/\/staging.webstore4.com\/de\/wp-json\/wp\/v2\/product"}],"about":[{"href":"https:\/\/staging.webstore4.com\/de\/wp-json\/wp\/v2\/types\/product"}],"replies":[{"embeddable":true,"href":"https:\/\/staging.webstore4.com\/de\/wp-json\/wp\/v2\/comments?post=15278"}],"wp:featuredmedia":[{"embeddable":true,"href":"https:\/\/staging.webstore4.com\/de\/wp-json\/wp\/v2\/media\/15279"}],"wp:attachment":[{"href":"https:\/\/staging.webstore4.com\/de\/wp-json\/wp\/v2\/media?parent=15278"}],"wp:term":[{"taxonomy":"pwb-brand","embeddable":true,"href":"https:\/\/staging.webstore4.com\/de\/wp-json\/wp\/v2\/pwb-brand?post=15278"},{"taxonomy":"product_cat","embeddable":true,"href":"https:\/\/staging.webstore4.com\/de\/wp-json\/wp\/v2\/product_cat?post=15278"},{"taxonomy":"product_tag","embeddable":true,"href":"https:\/\/staging.webstore4.com\/de\/wp-json\/wp\/v2\/product_tag?post=15278"}],"curies":[{"name":"wp","href":"https:\/\/api.w.org\/{rel}","templated":true}]}}