{"id":15408,"date":"2024-02-08T15:03:00","date_gmt":"2024-02-08T14:03:00","guid":{"rendered":"https:\/\/webstore4.com\/?post_type=product&#038;p=15408"},"modified":"2024-04-19T15:21:44","modified_gmt":"2024-04-19T14:21:44","slug":"ajax-solobutton-zwart","status":"publish","type":"product","link":"https:\/\/staging.webstore4.com\/de\/product\/ajax-solobutton-zwart\/","title":{"rendered":"Ajax SoloButton Schwarzer Doppeltaster f\u00fcr intelligenten zweipoligen Schalter"},"content":{"rendered":"<p>Der Ajax SoloButton Black ist Teil des Schaltmaterials innerhalb des Ajax-Systems. Ajax ist ein f\u00fchrendes Unternehmen im Bereich Sicherheitsl\u00f6sungen. Mit fortschrittlichen Technologien und innovativen Produkten bieten sie zuverl\u00e4ssige und effektive Sicherheitsl\u00f6sungen f\u00fcr Privat- und Gesch\u00e4ftskunden.<br \/>\nAjax-Systeme sind einfach zu installieren und zu bedienen und geben den Benutzern ein Gef\u00fchl der Sicherheit. Ajax Security Systems ist bekannt f\u00fcr seine hochwertigen Sicherheitsprodukte, die die strengsten Standards und Anforderungen erf\u00fcllen.<\/p>\n<p>Die App erm\u00f6glicht es, Benachrichtigungen \u00fcber Alarme und Ereignisse zu erhalten, Live-Videostreams anzusehen (sofern Kameras integriert sind) und den Status aller Sicherheitsger\u00e4te zu \u00fcberpr\u00fcfen. Die App bietet detaillierte Veranstaltungsinformationen und l\u00e4sst sich einfach \u00fcber mehrere Ger\u00e4te und Benutzer hinweg verwalten.<\/p>\n<p><strong>M\u00f6glichkeiten<\/strong><\/p>\n<p>Der Ajax SoloButton Black ist ein Doppeltaster f\u00fcr einen einzelnen Ajax LightCore-Schalter. Die schwarze Abdeckplatte ist f\u00fcr einen einzelnen Schalter.<br \/>\nUnter der Registerkarte \u201eDokumentation\u201c ist das Schaltanlagen-Konfigurationstool von Ajax enthalten.<\/p>\n<p>Teile von LightCore und OutletCore sind problemlos kombinierbar und sehen sehr schlicht aus. Weitere Spezifikationen finden Sie auf der Produktseite im Reiter \u201eDokumentation\u201c.<\/p>\n<p><strong>Wichtigste Funktionen<\/strong><\/p>\n<ul>\n<li>Doppeltaster f\u00fcr Einzelschalter<\/li>\n<li>Geeignet in Kombination mit LightCore und OutletCore<\/li>\n<li>Schutzart IP20<\/li>\n<li>Schwarz<\/li>\n<\/ul>\n<p><a href=\"https:\/\/staging.webstore4.com\/Copyright\/\" target=\"_blank\" rel=\"noopener\"><span style=\"color: #ff6e03; font-size: 11px;\">\u00a9 Der Text ist urheberrechtlich gesch\u00fctzt<\/span><\/a><\/p>\n<p><iframe title=\"Ajax LightSwitch: ein Touch-Schalter f\u00fcr Ihren Komfort\" width=\"960\" height=\"540\" src=\"https:\/\/www.youtube.com\/embed\/hdz927FypAE?feature=oembed&#038;enablejsapi=1&#038;origin=https:\/\/staging.webstore4.com\" frameborder=\"0\" allow=\"accelerometer; autoplay; clipboard-write; encrypted-media; gyroscope; picture-in-picture; web-share\" allowfullscreen><\/iframe><\/p>","protected":false},"excerpt":{"rendered":"<p>De Ajax SoloButton Zwart is een onderdeel van het schakelmateriaal binnen het Ajax systeem. Ajax is een toonaangevend bedrijf op het gebied van beveiligingsoplossingen. Met geavanceerde technologie\u00ebn en innovatieve producten bieden ze betrouwbare en effectieve beveiligingsoplossingen voor zowel particuliere als zakelijke klanten. Ajax systemen zijn eenvoudig te installeren en te bedienen, waardoor gebruikers een veilig<\/p>\n<div class=\"klb-readmore button\"><a class=\"btn link\" href=\"https:\/\/staging.webstore4.com\/de\/product\/ajax-solobutton-zwart\/\">Mehr lesen <i class=\"klbth-icon-right-arrow\"><\/i><\/a><\/div>","protected":false},"featured_media":15409,"comment_status":"open","ping_status":"closed","template":"","meta":[],"pwb-brand":[3408],"product_cat":[3466,4224,4263],"product_tag":[],"class_list":{"0":"post-15408","1":"product","2":"type-product","3":"status-publish","4":"has-post-thumbnail","6":"pwb-brand-ajax-systems","7":"product_cat-alarm","8":"product_cat-alarmsystemen","9":"product_cat-ajax-baseline","10":"product_shipping_class-pakket","11":"pa_kleur-zwart","12":"pa_merk-ajax-systems","13":"pa_product-schakelmateriaal","15":"first","16":"onbackorder","17":"taxable","18":"shipping-taxable","19":"purchasable","20":"product-type-simple"},"brands":[{"id":3408,"name":"Ajax Systems","slug":"ajax-systems"}],"_links":{"self":[{"href":"https:\/\/staging.webstore4.com\/de\/wp-json\/wp\/v2\/product\/15408","targetHints":{"allow":["GET"]}}],"collection":[{"href":"https:\/\/staging.webstore4.com\/de\/wp-json\/wp\/v2\/product"}],"about":[{"href":"https:\/\/staging.webstore4.com\/de\/wp-json\/wp\/v2\/types\/product"}],"replies":[{"embeddable":true,"href":"https:\/\/staging.webstore4.com\/de\/wp-json\/wp\/v2\/comments?post=15408"}],"wp:featuredmedia":[{"embeddable":true,"href":"https:\/\/staging.webstore4.com\/de\/wp-json\/wp\/v2\/media\/15409"}],"wp:attachment":[{"href":"https:\/\/staging.webstore4.com\/de\/wp-json\/wp\/v2\/media?parent=15408"}],"wp:term":[{"taxonomy":"pwb-brand","embeddable":true,"href":"https:\/\/staging.webstore4.com\/de\/wp-json\/wp\/v2\/pwb-brand?post=15408"},{"taxonomy":"product_cat","embeddable":true,"href":"https:\/\/staging.webstore4.com\/de\/wp-json\/wp\/v2\/product_cat?post=15408"},{"taxonomy":"product_tag","embeddable":true,"href":"https:\/\/staging.webstore4.com\/de\/wp-json\/wp\/v2\/product_tag?post=15408"}],"curies":[{"name":"wp","href":"https:\/\/api.w.org\/{rel}","templated":true}]}}