{"id":15644,"date":"2024-02-15T13:33:17","date_gmt":"2024-02-15T12:33:17","guid":{"rendered":"https:\/\/webstore4.com\/?post_type=product&#038;p=15644"},"modified":"2024-04-19T15:21:56","modified_gmt":"2024-04-19T14:21:56","slug":"hikvision-ds-pm1-d-ax-pro","status":"publish","type":"product","link":"https:\/\/staging.webstore4.com\/de\/product\/hikvision-ds-pm1-d-ax-pro\/","title":{"rendered":"Hikvision DS-PM1-D AX PRO 12-V-Netzteil-Netzteilmodul f\u00fcr 8-24 VDC-Fernbedienung"},"content":{"rendered":"<div class=\"video-frame-box\" style=\"width: 100%; max-width: 480px; max-height: 270px; float: right; padding: 0px 10px 10px 10px;\">\n<div class=\"video-frame\"><iframe src=\"\/\/www.youtube.com\/embed\/AEH_-ssPE90?rel=0&amp;modestbranding=1&amp;showinfo=0&amp;autohide=1\" width=\"480\" height=\"270\" frameborder=\"0\"><\/iframe><\/div>\n<\/div>\n<p>Das Hikvision DS-PM1-D ist ein Leistungsmodul f\u00fcr das Hikvision AX PRO-Sicherheitssystem. Hikvision AX PRO ist ein drahtloses Einbruch-, Smart-Home- und Videoverifizierungssystem von Hikvision, das sowohl f\u00fcr Privath\u00e4user als auch f\u00fcr Gewerbegeb\u00e4ude geeignet ist. Das AX PRO-Alarmsystem besteht aus einem zentralen Alarm-Hub mit einer gro\u00dfen Auswahl an Detektoren und anderem Zubeh\u00f6r wie Smart Plugs, Repeatern, Bedienfeldern, Kartenlesern, Sirene und einem Strommodul.<\/p>\n<p>Das AX PRO-System funktioniert sehr einfach mit der Hik-Connect-App f\u00fcr Endbenutzer, die auch f\u00fcr andere Hikvision-Produkte wie IP-Kameras verwendet wird. Auf diese Weise k\u00f6nnen Sie als Kunde alle Hikvision-Produkte in einer Anwendung verwalten.<\/p>\n<p><strong>M\u00f6glichkeiten<\/strong><\/p>\n<p>Der Hikvision DS-PM1-D erm\u00f6glicht die Fernnutzung des AX PRO-Alarmsystems. Das Strommodul erm\u00f6glicht den Einsatz des Alarmsystems an Orten, an denen keine 230 VAC verf\u00fcgbar sind. Der Hikvision DS-PM1-D wird h\u00e4ufig auf Booten, Wohnwagen, Wohnmobilen oder in Geb\u00e4uden eingesetzt, die kaum oder gar keine Stromversorgung haben. Das 12-V-Netzteil (PSU) ist im Ger\u00e4tegeh\u00e4use verbaut und ersetzt das vorinstallierte 110\/230-V-Netzteil.<\/p>\n<p>F\u00fcr weitere Spezifikationen empfehlen wir Ihnen, das Datenblatt zu konsultieren, das unter der Registerkarte \u201eDokumentation\u201c enthalten ist.<\/p>\n<p>WebStore4 ist offizieller H\u00e4ndler von Hikvision AX PRO. Wir liefern Hikvision AX PRO auf Selbstkonfigurationsbasis. F\u00fcr gr\u00f6\u00dfere Mengen k\u00f6nnen wir auf Anfrage einen wettbewerbsf\u00e4higeren Preis anbieten und auf Anfrage auch die Installation anbieten.<\/p>\n<p><strong>Wichtigste Funktionen<\/strong><\/p>\n<ul>\n<li>Verwaltung mit der Hik-Connect-Anwendung<\/li>\n<li>Erm\u00f6glicht die Verwendung des AX PRO mit Niederspannung<\/li>\n<li>Direkte Verbindung zu AX PRO Central<\/li>\n<\/ul>\n<p><a href=\"https:\/\/staging.webstore4.com\/Copyright\/\" target=\"_blank\" rel=\"noopener\"><span style=\"color: #ff6e03; font-size: 11px;\">\u00a9 Der Text ist urheberrechtlich gesch\u00fctzt<\/span><\/a><\/p>","protected":false},"excerpt":{"rendered":"<p>De Hikvision DS-PM1-D is een voedingsmodule voor het Hikvision AX PRO beveiligingssysteem. Hikvision AX PRO is een draadloos inbraak-, smart home en videoverificatiesysteem van Hikvision geschikt voor zowel woningen als bedrijfsgebouwen. Het AX PRO alarmsysteem bestaat uit een centrale alarm hub met en een brede keuze aan detectoren en andere accessoires, zoals slimme stekkers, repeaters,<\/p>\n<div class=\"klb-readmore button\"><a class=\"btn link\" href=\"https:\/\/staging.webstore4.com\/de\/product\/hikvision-ds-pm1-d-ax-pro\/\">Mehr lesen <i class=\"klbth-icon-right-arrow\"><\/i><\/a><\/div>","protected":false},"featured_media":15645,"comment_status":"open","ping_status":"closed","template":"","meta":[],"pwb-brand":[3367],"product_cat":[3466,4224,3483],"product_tag":[],"class_list":{"0":"post-15644","1":"product","2":"type-product","3":"status-publish","4":"has-post-thumbnail","6":"pwb-brand-hikvision","7":"product_cat-alarm","8":"product_cat-alarmsystemen","9":"product_cat-hikvision-ax-pro","10":"product_shipping_class-pakket","11":"pa_kleur-wit","12":"pa_merk-hikvision","13":"pa_product-accessoires","15":"first","16":"onbackorder","17":"taxable","18":"shipping-taxable","19":"purchasable","20":"product-type-simple"},"brands":[{"id":3367,"name":"Hikvision","slug":"hikvision"}],"_links":{"self":[{"href":"https:\/\/staging.webstore4.com\/de\/wp-json\/wp\/v2\/product\/15644","targetHints":{"allow":["GET"]}}],"collection":[{"href":"https:\/\/staging.webstore4.com\/de\/wp-json\/wp\/v2\/product"}],"about":[{"href":"https:\/\/staging.webstore4.com\/de\/wp-json\/wp\/v2\/types\/product"}],"replies":[{"embeddable":true,"href":"https:\/\/staging.webstore4.com\/de\/wp-json\/wp\/v2\/comments?post=15644"}],"wp:featuredmedia":[{"embeddable":true,"href":"https:\/\/staging.webstore4.com\/de\/wp-json\/wp\/v2\/media\/15645"}],"wp:attachment":[{"href":"https:\/\/staging.webstore4.com\/de\/wp-json\/wp\/v2\/media?parent=15644"}],"wp:term":[{"taxonomy":"pwb-brand","embeddable":true,"href":"https:\/\/staging.webstore4.com\/de\/wp-json\/wp\/v2\/pwb-brand?post=15644"},{"taxonomy":"product_cat","embeddable":true,"href":"https:\/\/staging.webstore4.com\/de\/wp-json\/wp\/v2\/product_cat?post=15644"},{"taxonomy":"product_tag","embeddable":true,"href":"https:\/\/staging.webstore4.com\/de\/wp-json\/wp\/v2\/product_tag?post=15644"}],"curies":[{"name":"wp","href":"https:\/\/api.w.org\/{rel}","templated":true}]}}