{"id":15709,"date":"2024-02-19T12:43:38","date_gmt":"2024-02-19T11:43:38","guid":{"rendered":"https:\/\/webstore4.com\/?post_type=product&#038;p=15709"},"modified":"2024-04-19T15:22:05","modified_gmt":"2024-04-19T14:22:05","slug":"hikvision-ds-pdmcx-e-we","status":"publish","type":"product","link":"https:\/\/staging.webstore4.com\/de\/product\/hikvision-ds-pdmcx-e-we\/","title":{"rendered":"Hikvision DS-PDMCX-E-WE AX PRO draadloos magneetcontact voor buiten IP66"},"content":{"rendered":"<div class=\"video-frame-box\" style=\"width: 100%; max-width: 480px; max-height: 270px; float: right; padding: 0px 10px 10px 10px;\">\n<div class=\"video-frame\"><iframe src=\"\/\/www.youtube.com\/embed\/AEH_-ssPE90?rel=0&amp;modestbranding=1&amp;showinfo=0&amp;autohide=1\" width=\"480\" height=\"270\" frameborder=\"0\"><\/iframe><\/div>\n<\/div>\n<p>Der Hikvision DS-PM1-I1-WE ist ein drahtloser Sender und Teil des Hikvision AX PRO-Sicherheitssystems. Hikvision AX PRO ist ein drahtloses Einbruch-, Smart-Home- und Videoverifizierungssystem von Hikvision, das sowohl f\u00fcr Privath\u00e4user als auch f\u00fcr Gewerbegeb\u00e4ude geeignet ist. Das AX PRO-Alarmsystem besteht aus einem zentralen Alarm-Hub mit einer gro\u00dfen Auswahl an Detektoren und anderem Zubeh\u00f6r wie Smart Plugs, Repeatern, Bedienfeldern, Kartenlesern, Sirene und einem Strommodul.<\/p>\n<p>Das AX PRO-System funktioniert sehr einfach mit der Hik-Connect-App f\u00fcr Endbenutzer, die auch f\u00fcr andere Hikvision-Produkte wie IP-Kameras verwendet wird. Auf diese Weise k\u00f6nnen Sie als Kunde alle Hikvision-Produkte in einer Anwendung verwalten.<\/p>\n<p><strong>M\u00f6glichkeiten<\/strong><\/p>\n<p>De Hikvision DS-PDMCX-E-WE is een draadloos magneetcontact voor buiten. Het contact is voor gebruik in het Hikvision AX PRO alarmsysteem en werkt samen met de centrale van het Hikvision AX PRO alarmsysteem op een maximale afstand van 1600 meter in open ruimte.<\/p>\n<p>Het compacte DS-PDMCX-E-WE is bedoeld als magneetcontact voor deuren of ramen. Doordat het magneetcontact beschikt over een IP66 weersbestendigheid is het magneetcontact ook ideaal voor buitentoepassingen. Vaak wordt de DS-PDMCX-E-WE ingezet bij schuurdeuren, garagedeuren, tuindeuren of poort van een tuin. Het magneetcontact wordt veelal gebruikt op houten deuren of kozijnen.<\/p>\n<p>Doordat het magneetcontact een zeer compact en slank design heeft valt het niet direct op. Het magneetcontact heeft een blauwe LED indicator, die blauw kleurt bij alarm. Het apparaat functioneert op een meegeleverde CR123A batterij. De batterij heeft een geschatte levensduur van vijf jaar en is eenvoudig te vervangen. Onder het tabblad &#8216;Documentatie&#8217; is een link opgenomen de datasheet en de product pagina van de fabrikant met informatie over het product.<\/p>\n<p>WebStore4 ist offizieller H\u00e4ndler von Hikvision AX PRO. Wir liefern Hikvision AX PRO auf Selbstkonfigurationsbasis. F\u00fcr gr\u00f6\u00dfere Mengen k\u00f6nnen wir auf Anfrage einen wettbewerbsf\u00e4higeren Preis anbieten und auf Anfrage auch die Installation anbieten.<\/p>\n<p><strong>Wichtigste Funktionen<\/strong><\/p>\n<ul>\n<li>Verwaltung mit der Hik-Connect-Anwendung<\/li>\n<li>Onopvallend en compacte magneetcontact<\/li>\n<li>Kann in einem Freiraum von 1600 Metern an die AX PRO-Zentraleinheit angeschlossen werden<\/li>\n<li>Inklusive Batterie, Batterie ist von der Garantie ausgeschlossen<\/li>\n<li>IP66 wetterfest<\/li>\n<li>Wei\u00df<\/li>\n<\/ul>\n<p><a href=\"https:\/\/staging.webstore4.com\/Copyright\/\" target=\"_blank\" rel=\"noopener\"><span style=\"color: #ff6e03; font-size: 11px;\">\u00a9 Der Text ist urheberrechtlich gesch\u00fctzt<\/span><\/a><\/p>","protected":false},"excerpt":{"rendered":"<p>Der Hikvision DS-PM1-I1-WE ist ein drahtloser Sender und Teil des Hikvision AX PRO-Sicherheitssystems. Hikvision AX PRO ist ein drahtloses Einbruch-, Smart-Home- und Videoverifizierungssystem von Hikvision, das sowohl f\u00fcr Privath\u00e4user als auch f\u00fcr Gewerbegeb\u00e4ude geeignet ist. Das AX PRO-Alarmsystem besteht aus einem zentralen Alarm-Hub mit einer gro\u00dfen Auswahl an Detektoren und anderem Zubeh\u00f6r wie Smart Plugs, Repeatern, Bedienfeldern, Kartenlesern, Sirene und einem Strommodul.<\/p>\n<div class=\"klb-readmore button\"><a class=\"btn link\" href=\"https:\/\/staging.webstore4.com\/de\/product\/hikvision-ds-pdmcx-e-we\/\">Mehr lesen <i class=\"klbth-icon-right-arrow\"><\/i><\/a><\/div>","protected":false},"featured_media":15710,"comment_status":"open","ping_status":"closed","template":"","meta":[],"pwb-brand":[3367],"product_cat":[3466,4224,3483],"product_tag":[],"class_list":{"0":"post-15709","1":"product","2":"type-product","3":"status-publish","4":"has-post-thumbnail","6":"pwb-brand-hikvision","7":"product_cat-alarm","8":"product_cat-alarmsystemen","9":"product_cat-hikvision-ax-pro","10":"product_shipping_class-pakket","11":"pa_kleur-wit","12":"pa_merk-hikvision","13":"pa_product-magneetcontact","15":"first","16":"onbackorder","17":"taxable","18":"shipping-taxable","19":"purchasable","20":"product-type-simple"},"brands":[{"id":3367,"name":"Hikvision","slug":"hikvision"}],"_links":{"self":[{"href":"https:\/\/staging.webstore4.com\/de\/wp-json\/wp\/v2\/product\/15709","targetHints":{"allow":["GET"]}}],"collection":[{"href":"https:\/\/staging.webstore4.com\/de\/wp-json\/wp\/v2\/product"}],"about":[{"href":"https:\/\/staging.webstore4.com\/de\/wp-json\/wp\/v2\/types\/product"}],"replies":[{"embeddable":true,"href":"https:\/\/staging.webstore4.com\/de\/wp-json\/wp\/v2\/comments?post=15709"}],"wp:featuredmedia":[{"embeddable":true,"href":"https:\/\/staging.webstore4.com\/de\/wp-json\/wp\/v2\/media\/15710"}],"wp:attachment":[{"href":"https:\/\/staging.webstore4.com\/de\/wp-json\/wp\/v2\/media?parent=15709"}],"wp:term":[{"taxonomy":"pwb-brand","embeddable":true,"href":"https:\/\/staging.webstore4.com\/de\/wp-json\/wp\/v2\/pwb-brand?post=15709"},{"taxonomy":"product_cat","embeddable":true,"href":"https:\/\/staging.webstore4.com\/de\/wp-json\/wp\/v2\/product_cat?post=15709"},{"taxonomy":"product_tag","embeddable":true,"href":"https:\/\/staging.webstore4.com\/de\/wp-json\/wp\/v2\/product_tag?post=15709"}],"curies":[{"name":"wp","href":"https:\/\/api.w.org\/{rel}","templated":true}]}}