{"id":15861,"date":"2024-02-26T14:08:24","date_gmt":"2024-02-26T13:08:24","guid":{"rendered":"https:\/\/webstore4.com\/?post_type=product&#038;p=15861"},"modified":"2024-10-30T16:38:38","modified_gmt":"2024-10-30T15:38:38","slug":"wl4-stc3-b-zwarte-stalen-montage-kast","status":"publish","type":"product","link":"https:\/\/staging.webstore4.com\/de\/product\/wl4-stc3-b-zwarte-stalen-montage-kast\/","title":{"rendered":"WL4 STC3-B schwarzer universeller abschlie\u00dfbarer Stahl-Montageschrank"},"content":{"rendered":"<p>Der WL4 STC3-B ist die schwarze Version des WL4 STC3. Der schwarze Universal-Montageschrank aus Stahl mit Schl\u00fcsselschloss eignet sich ideal f\u00fcr die Montage eines PoE-Switches, Zugangscontrollers, einer Alarmtastatur, eines Netzteils usw., sodass Unbefugten kein einfacher Zugriff auf die Ger\u00e4te m\u00f6glich ist.<\/p>\n<p><strong>M\u00f6glichkeiten<\/strong><\/p>\n<p>Der Schrank ist f\u00fcr die Wandmontage geeignet und verf\u00fcgt \u00fcber eine Holzr\u00fcckwand. Oben und unten sind Ausbrech\u00f6ffnungen f\u00fcr Kabeleinf\u00fchrungen vorgesehen. Der Schrank wird mit zwei Schl\u00fcsseln geliefert.<\/p>\n<p><strong>Hauptmerkmale<\/strong><\/p>\n<ul>\n<li>Pulverbeschichteter Stahl<\/li>\n<li>Inklusive 2 Schl\u00fcssel<\/li>\n<li>Schwarz \u2013 RAL9005<\/li>\n<li>Montageplatte aus Holz<\/li>\n<li>Au\u00dfenma\u00dfe des Geh\u00e4uses: 300 x 300 x 100 mm<\/li>\n<li>Innenma\u00dfe: 294 x 277 x 89 mm<\/li>\n<li>Montageplatte: 290x230 mm<\/li>\n<\/ul>\n<p><a href=\"https:\/\/staging.webstore4.com\/Copyright\/\" target=\"_blank\" rel=\"noopener\"><span style=\"color: #ff6e03; font-size: 11px;\">\u00a9 Der Text ist urheberrechtlich gesch\u00fctzt<\/span><\/a><\/p>","protected":false},"excerpt":{"rendered":"<p>De WL4 STC3-B is de zwarte variant van de WL4 STC3. De zwarte universele stalen montage kast met sleutelslot is ideaal voor bijvoorbeeld het monteren van een PoE switch, toegangscontroller, alarm keypad, voeding etc. zodat er geen eenvoudige toegang tot de apparatuur is voor onbevoegden. Mogelijkheden De kast is geschikt voor wandmontage en heeft een<\/p>\n<div class=\"klb-readmore button\"><a class=\"btn link\" href=\"https:\/\/staging.webstore4.com\/de\/product\/wl4-stc3-b-zwarte-stalen-montage-kast\/\">Mehr lesen <i class=\"klbth-icon-right-arrow\"><\/i><\/a><\/div>","protected":false},"featured_media":15862,"comment_status":"open","ping_status":"closed","template":"","meta":[],"pwb-brand":[3380],"product_cat":[4204,4253],"product_tag":[],"class_list":{"0":"post-15861","1":"product","2":"type-product","3":"status-publish","4":"has-post-thumbnail","6":"pwb-brand-wl4","7":"product_cat-kasten-kluizen","8":"product_cat-montagekasten","9":"product_shipping_class-pakket","10":"pa_breedte-300-mm","11":"pa_diepte-100-mm","12":"pa_garantie-2-year","13":"pa_hoogte-300-mm","14":"pa_kleur-zwart","15":"pa_materiaal-metaal","16":"pa_merk-wl4","17":"pa_montage-opbouw","18":"pa_omgeving-binnen","20":"first","21":"instock","22":"taxable","23":"shipping-taxable","24":"purchasable","25":"product-type-simple"},"brands":[{"id":3380,"name":"WL4","slug":"wl4"}],"_links":{"self":[{"href":"https:\/\/staging.webstore4.com\/de\/wp-json\/wp\/v2\/product\/15861","targetHints":{"allow":["GET"]}}],"collection":[{"href":"https:\/\/staging.webstore4.com\/de\/wp-json\/wp\/v2\/product"}],"about":[{"href":"https:\/\/staging.webstore4.com\/de\/wp-json\/wp\/v2\/types\/product"}],"replies":[{"embeddable":true,"href":"https:\/\/staging.webstore4.com\/de\/wp-json\/wp\/v2\/comments?post=15861"}],"wp:featuredmedia":[{"embeddable":true,"href":"https:\/\/staging.webstore4.com\/de\/wp-json\/wp\/v2\/media\/15862"}],"wp:attachment":[{"href":"https:\/\/staging.webstore4.com\/de\/wp-json\/wp\/v2\/media?parent=15861"}],"wp:term":[{"taxonomy":"pwb-brand","embeddable":true,"href":"https:\/\/staging.webstore4.com\/de\/wp-json\/wp\/v2\/pwb-brand?post=15861"},{"taxonomy":"product_cat","embeddable":true,"href":"https:\/\/staging.webstore4.com\/de\/wp-json\/wp\/v2\/product_cat?post=15861"},{"taxonomy":"product_tag","embeddable":true,"href":"https:\/\/staging.webstore4.com\/de\/wp-json\/wp\/v2\/product_tag?post=15861"}],"curies":[{"name":"wp","href":"https:\/\/api.w.org\/{rel}","templated":true}]}}