{"id":15889,"date":"2024-02-27T20:49:40","date_gmt":"2024-02-27T19:49:40","guid":{"rendered":"https:\/\/webstore4.com\/?post_type=product&#038;p=15889"},"modified":"2024-08-08T14:51:02","modified_gmt":"2024-08-08T13:51:02","slug":"wl4-stc4-b-zwarte-stalen-montage-kast","status":"publish","type":"product","link":"https:\/\/staging.webstore4.com\/de\/product\/wl4-stc4-b-zwarte-stalen-montage-kast\/","title":{"rendered":"WL4 STC4-B zwarte universele afsluitbare stalen montage kast"},"content":{"rendered":"<p>De WL4 STC4-B is de zwarte variant van de witte WL4 STC4. De zwarte universele stalen montage kast met sleutelslot is ideaal om bijvoorbeeld een PoE switch, toegangscontroller, alarm keypad, voeding etc. in te monteren. Dit zodat er geen eenvoudige toegang tot de apparatuur is voor onbevoegden.<\/p>\n<p><strong>M\u00f6glichkeiten<\/strong><\/p>\n<p>Der Schrank ist f\u00fcr die Wandmontage geeignet und verf\u00fcgt \u00fcber eine Holzr\u00fcckwand. Oben und unten sind Ausbrech\u00f6ffnungen f\u00fcr Kabeleinf\u00fchrungen vorgesehen. Der Schrank wird mit zwei Schl\u00fcsseln geliefert.<\/p>\n<p><strong>Hauptmerkmale<\/strong><\/p>\n<ul>\n<li>Pulverbeschichteter Stahl<\/li>\n<li>2 Schl\u00fcssel<\/li>\n<li>Schwarz \u2013 RAL9005<\/li>\n<li>Montageplatte aus Holz<\/li>\n<li>Externe afmetingen behuizing: 400\u00a0 x 400\u00a0 x 140\u00a0mm<\/li>\n<li>Interne afmetingen: 350\u00a0 x 345\u00a0 x 115\u00a0mm<\/li>\n<li>Montageplaat: 390&#215;190 mm<\/li>\n<\/ul>\n<p><a href=\"https:\/\/staging.webstore4.com\/Copyright\/\" target=\"_blank\" rel=\"noopener\"><span style=\"color: #ff6e03; font-size: 11px;\">\u00a9 Der Text ist urheberrechtlich gesch\u00fctzt<\/span><\/a><\/p>","protected":false},"excerpt":{"rendered":"<p>De WL4 STC4-B is de zwarte variant van de witte WL4 STC4. De zwarte universele stalen montage kast met sleutelslot is ideaal om bijvoorbeeld een PoE switch, toegangscontroller, alarm keypad, voeding etc. in te monteren. Dit zodat er geen eenvoudige toegang tot de apparatuur is voor onbevoegden. Mogelijkheden De kast is geschikt voor wandmontage en<\/p>\n<div class=\"klb-readmore button\"><a class=\"btn link\" href=\"https:\/\/staging.webstore4.com\/de\/product\/wl4-stc4-b-zwarte-stalen-montage-kast\/\">Mehr lesen <i class=\"klbth-icon-right-arrow\"><\/i><\/a><\/div>","protected":false},"featured_media":15890,"comment_status":"open","ping_status":"closed","template":"","meta":[],"pwb-brand":[3380],"product_cat":[4204,4253],"product_tag":[],"class_list":{"0":"post-15889","1":"product","2":"type-product","3":"status-publish","4":"has-post-thumbnail","6":"pwb-brand-wl4","7":"product_cat-kasten-kluizen","8":"product_cat-montagekasten","9":"product_shipping_class-pakket","10":"pa_breedte-400-mm","11":"pa_diepte-140-mm","12":"pa_garantie-2-year","13":"pa_hoogte-400-mm","14":"pa_kleur-zwart","15":"pa_materiaal-metaal","16":"pa_merk-wl4","17":"pa_montage-opbouw","18":"pa_omgeving-binnen","20":"first","21":"instock","22":"taxable","23":"shipping-taxable","24":"purchasable","25":"product-type-simple"},"brands":[{"id":3380,"name":"WL4","slug":"wl4"}],"_links":{"self":[{"href":"https:\/\/staging.webstore4.com\/de\/wp-json\/wp\/v2\/product\/15889","targetHints":{"allow":["GET"]}}],"collection":[{"href":"https:\/\/staging.webstore4.com\/de\/wp-json\/wp\/v2\/product"}],"about":[{"href":"https:\/\/staging.webstore4.com\/de\/wp-json\/wp\/v2\/types\/product"}],"replies":[{"embeddable":true,"href":"https:\/\/staging.webstore4.com\/de\/wp-json\/wp\/v2\/comments?post=15889"}],"wp:featuredmedia":[{"embeddable":true,"href":"https:\/\/staging.webstore4.com\/de\/wp-json\/wp\/v2\/media\/15890"}],"wp:attachment":[{"href":"https:\/\/staging.webstore4.com\/de\/wp-json\/wp\/v2\/media?parent=15889"}],"wp:term":[{"taxonomy":"pwb-brand","embeddable":true,"href":"https:\/\/staging.webstore4.com\/de\/wp-json\/wp\/v2\/pwb-brand?post=15889"},{"taxonomy":"product_cat","embeddable":true,"href":"https:\/\/staging.webstore4.com\/de\/wp-json\/wp\/v2\/product_cat?post=15889"},{"taxonomy":"product_tag","embeddable":true,"href":"https:\/\/staging.webstore4.com\/de\/wp-json\/wp\/v2\/product_tag?post=15889"}],"curies":[{"name":"wp","href":"https:\/\/api.w.org\/{rel}","templated":true}]}}