{"id":15892,"date":"2024-02-27T20:55:40","date_gmt":"2024-02-27T19:55:40","guid":{"rendered":"https:\/\/webstore4.com\/?post_type=product&#038;p=15892"},"modified":"2024-05-05T17:44:35","modified_gmt":"2024-05-05T16:44:35","slug":"wl4-stc5-b-zwarte-stalen-montage-kast","status":"publish","type":"product","link":"https:\/\/staging.webstore4.com\/de\/product\/wl4-stc5-b-zwarte-stalen-montage-kast\/","title":{"rendered":"WL4 STC5-B zwarte universele afsluitbare stalen montage kast"},"content":{"rendered":"<p>De WL4 STC5-B is de zwarte variant van de witte WL4 STC4. De zwarte universele stalen montage kast met sleutelslot wordt veelal gebruikt voor het monteren van een PoE switch, toegangscontroller, alarm keypad, voeding etc. zodat er geen eenvoudige toegang tot de apparatuur is voor onbevoegden.<\/p>\n<p><strong>M\u00f6glichkeiten<\/strong><\/p>\n<p>Der Schrank ist f\u00fcr die Wandmontage geeignet und verf\u00fcgt \u00fcber eine R\u00fcckwand aus Holz. Oben und unten sind Ausbrech\u00f6ffnungen f\u00fcr Kabeleinf\u00fchrungen vorgesehen. Zwei Schl\u00fcssel sind im Lieferumfang enthalten.<\/p>\n<p><strong>Hauptmerkmale<\/strong><\/p>\n<ul>\n<li>Pulverbeschichteter Stahl<\/li>\n<li>2 Schl\u00fcssel<\/li>\n<li>Schwarz \u2013 RAL9005<\/li>\n<li>Montageplatte aus Holz<\/li>\n<li>Au\u00dfenma\u00dfe des Geh\u00e4uses: 520 x 400 x 140 mm<\/li>\n<li>Innenma\u00dfe: 460 x 340 x 118 mm<\/li>\n<li>Montageplaat: 505&#215;190 mm<\/li>\n<\/ul>\n<p><a href=\"https:\/\/staging.webstore4.com\/Copyright\/\" target=\"_blank\" rel=\"noopener\"><span style=\"color: #ff6e03; font-size: 11px;\">\u00a9 Der Text ist urheberrechtlich gesch\u00fctzt<\/span><\/a><\/p>","protected":false},"excerpt":{"rendered":"<p>De WL4 STC5-B is de zwarte variant van de witte WL4 STC4. De zwarte universele stalen montage kast met sleutelslot wordt veelal gebruikt voor het monteren van een PoE switch, toegangscontroller, alarm keypad, voeding etc. zodat er geen eenvoudige toegang tot de apparatuur is voor onbevoegden. Mogelijkheden De kast is geschikt voor wandmontage en heeft<\/p>\n<div class=\"klb-readmore button\"><a class=\"btn link\" href=\"https:\/\/staging.webstore4.com\/de\/product\/wl4-stc5-b-zwarte-stalen-montage-kast\/\">Mehr lesen <i class=\"klbth-icon-right-arrow\"><\/i><\/a><\/div>","protected":false},"featured_media":15893,"comment_status":"open","ping_status":"closed","template":"","meta":[],"pwb-brand":[3380],"product_cat":[4204,4253],"product_tag":[],"class_list":{"0":"post-15892","1":"product","2":"type-product","3":"status-publish","4":"has-post-thumbnail","6":"pwb-brand-wl4","7":"product_cat-kasten-kluizen","8":"product_cat-montagekasten","9":"product_shipping_class-pakket","10":"pa_breedte-520-mm","11":"pa_diepte-140-mm","12":"pa_garantie-2-year","13":"pa_hoogte-400-mm","14":"pa_kleur-zwart","15":"pa_materiaal-metaal","16":"pa_merk-wl4","17":"pa_montage-opbouw","18":"pa_omgeving-binnen","20":"first","21":"instock","22":"taxable","23":"shipping-taxable","24":"purchasable","25":"product-type-simple"},"brands":[{"id":3380,"name":"WL4","slug":"wl4"}],"_links":{"self":[{"href":"https:\/\/staging.webstore4.com\/de\/wp-json\/wp\/v2\/product\/15892","targetHints":{"allow":["GET"]}}],"collection":[{"href":"https:\/\/staging.webstore4.com\/de\/wp-json\/wp\/v2\/product"}],"about":[{"href":"https:\/\/staging.webstore4.com\/de\/wp-json\/wp\/v2\/types\/product"}],"replies":[{"embeddable":true,"href":"https:\/\/staging.webstore4.com\/de\/wp-json\/wp\/v2\/comments?post=15892"}],"wp:featuredmedia":[{"embeddable":true,"href":"https:\/\/staging.webstore4.com\/de\/wp-json\/wp\/v2\/media\/15893"}],"wp:attachment":[{"href":"https:\/\/staging.webstore4.com\/de\/wp-json\/wp\/v2\/media?parent=15892"}],"wp:term":[{"taxonomy":"pwb-brand","embeddable":true,"href":"https:\/\/staging.webstore4.com\/de\/wp-json\/wp\/v2\/pwb-brand?post=15892"},{"taxonomy":"product_cat","embeddable":true,"href":"https:\/\/staging.webstore4.com\/de\/wp-json\/wp\/v2\/product_cat?post=15892"},{"taxonomy":"product_tag","embeddable":true,"href":"https:\/\/staging.webstore4.com\/de\/wp-json\/wp\/v2\/product_tag?post=15892"}],"curies":[{"name":"wp","href":"https:\/\/api.w.org\/{rel}","templated":true}]}}