{"id":15900,"date":"2024-02-28T09:04:42","date_gmt":"2024-02-28T08:04:42","guid":{"rendered":"https:\/\/webstore4.com\/?post_type=product&#038;p=15900"},"modified":"2024-06-21T10:00:17","modified_gmt":"2024-06-21T09:00:17","slug":"safire-utp5e-300-netwerkkabel-cat5e-utp","status":"publish","type":"product","link":"https:\/\/staging.webstore4.com\/de\/product\/safire-utp5e-300-netwerkkabel-cat5e-utp\/","title":{"rendered":"Safire UTP5E-300 Netwerkkabel Cat5e UTP geschikt voor binnen 24AWG stugge kern op rol 305m"},"content":{"rendered":"<p>De Safire UTP5E-300 is een Cat5e kabel op rol van 305 meter en is geschikt voor gebruik binnen. De kabel is grijs van kleur en heeft een lengte van circa 305 meter en wordt geleverd in handige dispenser doos.<\/p>\n<p><strong>Eigenschaften<\/strong><\/p>\n<p>De netwerkkabel is uitgevoerd met 24AWG hoogwaardig draad en is daardoor zeer goed in staat om bij gebruik van Power over Ethernet het benodigde vermogen te leveren.<\/p>\n<p>Dieses StarTech-Netzwerkkabel ist nicht durch Folie abgeschirmt (UTP: Unshielded Twisted Pair). Abgeschirmte Kabel (z. B. FTP und STP) werden nur in Situationen empfohlen, in denen mit starken elektromagnetischen St\u00f6rungen, z. B. durch schwere Industrieelektromotoren, zu rechnen ist. Aufgrund stark verbesserter elektrischer Produkte ist die Verwendung teurerer abgeschirmter Kabel in fast jeder anderen Umgebung \u00fcberfl\u00fcssig und abgeschirmte Netzwerkkabel k\u00f6nnen sich sogar bei falsch aufgebauten Netzwerkinstallationen nachteilig auswirken.<\/p>\n<p><strong>Wichtigste Funktionen<\/strong><\/p>\n<ul>\n<li>Voldoet onder meer aan TIA-568-C<\/li>\n<li>5 mm diameter<\/li>\n<li>Grauer Umhang<\/li>\n<li>Geschikt voor binnen<\/li>\n<\/ul>\n<p><a href=\"https:\/\/staging.webstore4.com\/Copyright\/\" target=\"_blank\" rel=\"noopener\"><span style=\"color: #ff6e03; font-size: 11px;\">\u00a9 Der Text ist urheberrechtlich gesch\u00fctzt<\/span><\/a><\/p>","protected":false},"excerpt":{"rendered":"<p>De Safire UTP5E-300 is een Cat5e kabel op rol van 305 meter en is geschikt voor gebruik binnen. De kabel is grijs van kleur en heeft een lengte van circa 305 meter en wordt geleverd in handige dispenser doos. Eigenschappen De netwerkkabel is uitgevoerd met 24AWG hoogwaardig draad en is daardoor zeer goed in staat<\/p>\n<div class=\"klb-readmore button\"><a class=\"btn link\" href=\"https:\/\/staging.webstore4.com\/de\/product\/safire-utp5e-300-netwerkkabel-cat5e-utp\/\">Mehr lesen <i class=\"klbth-icon-right-arrow\"><\/i><\/a><\/div>","protected":false},"featured_media":15901,"comment_status":"open","ping_status":"closed","template":"","meta":[],"pwb-brand":[3385],"product_cat":[3445],"product_tag":[],"class_list":{"0":"post-15900","1":"product","2":"type-product","3":"status-publish","4":"has-post-thumbnail","6":"pwb-brand-safire","7":"product_cat-netwerkkabels","8":"product_shipping_class-pakket","9":"pa_aantal-geleiders-4-paar-utp-8","10":"pa_draaddikte-24-awg","11":"pa_kabelkleur-grijs","12":"pa_kabellengte-305-meter","13":"pa_kabelspecificatie-cat5e","14":"pa_kabelstandaard-tia-568-c","15":"pa_merk-safire","16":"pa_product-netwerkkabel-op-rol","17":"pa_type-kabelmantel-pvc","19":"first","20":"onbackorder","21":"taxable","22":"shipping-taxable","23":"purchasable","24":"product-type-simple"},"brands":[{"id":3385,"name":"Safire","slug":"safire"}],"_links":{"self":[{"href":"https:\/\/staging.webstore4.com\/de\/wp-json\/wp\/v2\/product\/15900","targetHints":{"allow":["GET"]}}],"collection":[{"href":"https:\/\/staging.webstore4.com\/de\/wp-json\/wp\/v2\/product"}],"about":[{"href":"https:\/\/staging.webstore4.com\/de\/wp-json\/wp\/v2\/types\/product"}],"replies":[{"embeddable":true,"href":"https:\/\/staging.webstore4.com\/de\/wp-json\/wp\/v2\/comments?post=15900"}],"wp:featuredmedia":[{"embeddable":true,"href":"https:\/\/staging.webstore4.com\/de\/wp-json\/wp\/v2\/media\/15901"}],"wp:attachment":[{"href":"https:\/\/staging.webstore4.com\/de\/wp-json\/wp\/v2\/media?parent=15900"}],"wp:term":[{"taxonomy":"pwb-brand","embeddable":true,"href":"https:\/\/staging.webstore4.com\/de\/wp-json\/wp\/v2\/pwb-brand?post=15900"},{"taxonomy":"product_cat","embeddable":true,"href":"https:\/\/staging.webstore4.com\/de\/wp-json\/wp\/v2\/product_cat?post=15900"},{"taxonomy":"product_tag","embeddable":true,"href":"https:\/\/staging.webstore4.com\/de\/wp-json\/wp\/v2\/product_tag?post=15900"}],"curies":[{"name":"wp","href":"https:\/\/api.w.org\/{rel}","templated":true}]}}