{"id":15939,"date":"2024-02-28T13:32:47","date_gmt":"2024-02-28T12:32:47","guid":{"rendered":"https:\/\/webstore4.com\/?post_type=product&#038;p=15939"},"modified":"2025-02-19T05:22:19","modified_gmt":"2025-02-19T04:22:19","slug":"dahua-ipc-hdw2441tm-s-4mp-eyeball-camera","status":"publish","type":"product","link":"https:\/\/staging.webstore4.com\/de\/product\/dahua-ipc-hdw2441tm-s-4mp-eyeball-camera\/","title":{"rendered":"Dahua IPC-HDW2441TM-S Full HD 4MP Augapfelkamera f\u00fcr den Au\u00dfenbereich mit 30 m IR, Mikrofon, PoE und microSD"},"content":{"rendered":"<p>De Dahua IPC-HDW2441TM-S is een Full HD 4 megapixel eyeball camera met een lichtgevoelige beeldsensor en 30 meter infrarood nachtzicht, ingebouwde microfoon, 120db WDR, PoE voeding en microSD opname voor binnen of buiten.<\/p>\n<p>Die Kamera geh\u00f6rt zur 2. Serie der Dahua WizSense-Serie und unterst\u00fctzt intelligente Funktionen wie Perimetersicherheit und Smart Motion Detection Plus (SMD Plus) sowie Starlight-Technologie. SMD gew\u00e4hrleistet eine zuverl\u00e4ssige Bewegungserkennung durch Filterung von Objekten. Fehlalarme durch Haustiere, Bl\u00e4tter, Licht und andere st\u00f6rende Gegenst\u00e4nde werden so minimiert.<\/p>\n<p>Die 2er-Serie ist eine leichtere Variante als die 3er-Serie und obwohl dieser Algorithmus weniger genau ist als die aktuelle Generation von WizSense, bietet er Optionen f\u00fcr SMD Plus und Perimetererkennung.<\/p>\n<p><strong>M\u00f6glichkeiten<\/strong><\/p>\n<p>De Dahua IPC-HDW2441TM-S geeft beelden weer in een Full HD 2688&#215;1520 resolutie. De camera heeft Dahua Starlight Technologie waardoor deze ideaal is voor toepassingen met uitdagende licht condities en beschikt over een vaste lens van 2.8 mm. Door de lichtgevoelige beeldsensor levert de camera met een minimum aan omgevingslicht nog bruikbaar kleurenbeeld, zelfs bij bijna volledige duisternis (0.008 lux).<\/p>\n<p>Die Kamera verf\u00fcgt \u00fcber einen integrierten automatischen Tag-\/Nacht-IR-Sperrfilter und kann bei Dunkelheit auch die integrierte IR-Beleuchtung einschalten, sodass auch bei v\u00f6lliger Dunkelheit (0 Lux) ein gestochen scharfes Bild entsteht. Die IR-Beleuchtung hat eine sehr gro\u00dfe Reichweite von 30 Metern. Die Kamera verf\u00fcgt \u00fcber einen Wide Dynamic Range (WDR) von 120 dB, wodurch die Kamera auch mit komplexen Lichtverh\u00e4ltnissen wie Gegenlicht durch die Sonne oder Autoscheinwerfern sehr gut zurechtkommt.<\/p>\n<p>Bilder k\u00f6nnen unter anderem auf einem Netzwerk-Videorecorder (NVR) gespeichert werden. Die Kamera verf\u00fcgt au\u00dferdem \u00fcber die M\u00f6glichkeit, in der Kamera auf einer microSD-Speicherkarte mit bis zu maximal 256 GB (nicht im Lieferumfang enthalten) aufzuzeichnen. Die Kamera verf\u00fcgt \u00fcber ein eingebautes Mikrofon.<\/p>\n<p>Dahua bietet eine kostenlose niederl\u00e4ndische App f\u00fcr Apple iOS und Android an. Die Kamera verf\u00fcgt \u00fcber einen internen Webserver, der \u00fcber einen Webbrowser angezeigt und verwaltet werden kann. Video Management Software (VMS) f\u00fcr einen Computer kann kostenlos von der Dahua-Website heruntergeladen werden. Die Registerkarte \u201eDokumentation\u201c enth\u00e4lt einen Link zur Produktseite des Herstellers.<\/p>\n<p>Die Dahua IPC-HDW2441TM-S-DG verf\u00fcgt \u00fcber die Schutzart IP67, wodurch sich die Kamera ideal f\u00fcr den Au\u00dfenbereich eignet. Zur einfacheren Installation kann die Kamera \u00fcber das Netzwerkkabel mit Power over Ethernet (Standard 802.3af P0E) mit Strom versorgt werden. PoE kann \u00fcber einen PoE-NVR, einen PoE-Switch oder mit einem PoE-Injektor bezogen werden. Die Kamera kann auch mit einem optionalen 12-V-Netzteil mit Strom versorgt werden. Unter der Registerkarte \u201eOptionen\u201c k\u00f6nnen Sie angeben, ob ein Adapter und\/oder eine Dahua-Montagehalterung enthalten sein soll.<br \/>\nDie Kamera ist \u00fcber 3 Achsen verstellbar und eignet sich daher sehr gut f\u00fcr die vertikale Aufstellung an einer Wand.<\/p>\n<p><strong>Wichtigste Funktionen<\/strong><\/p>\n<ul>\n<li>4-Megapixel-Full-HD-Kamera<\/li>\n<li>Intelligente Bewegungserkennung (SMD PLUS)<\/li>\n<li>Eingebautes Mikrophon<\/li>\n<li>Auf microSD-Karte aufnehmen<\/li>\n<li>Tag-\/Nachtkamera mit automatischem mechanischem IR-Sperrfilter<\/li>\n<li>IR-Nachtsichtbeleuchtung bis zu 30 Meter<\/li>\n<li>Auf 3 Achsen verstellbar<\/li>\n<li>120 dB breiter Dynamikbereich (WDR)<\/li>\n<li>Gegenlichtkompensation (BLC)<\/li>\n<li>3D-Digital-Rauschunterdr\u00fcckung (3D-DNR)<\/li>\n<li>Bewegungserkennung, Privatzonenmaske<\/li>\n<li>ONVIF-Protokoll<\/li>\n<li>Stromversorgung \u00fcber 12VDC-Adapter oder \u00fcber PoE (802.3af)<\/li>\n<li>Wei\u00df<\/li>\n<\/ul>\n<p><a href=\"https:\/\/staging.webstore4.com\/Copyright\/\" target=\"_blank\" rel=\"noopener\"><span style=\"color: #ff6e03; font-size: 11px;\">\u00a9 Der Text ist urheberrechtlich gesch\u00fctzt<\/span><\/a><\/p>","protected":false},"excerpt":{"rendered":"<p>De Dahua IPC-HDW2441TM-S is een Full HD 4 megapixel eyeball camera met een lichtgevoelige beeldsensor en 30 meter infrarood nachtzicht, ingebouwde microfoon, 120db WDR, PoE voeding en microSD opname voor binnen of buiten. De camera behoort tot de 2-serie van Dahua WizSense series met een ondersteuning voor intelligente functies zoals perimeter beveiliging en Smart Motion<\/p>\n<div class=\"klb-readmore button\"><a class=\"btn link\" href=\"https:\/\/staging.webstore4.com\/de\/product\/dahua-ipc-hdw2441tm-s-4mp-eyeball-camera\/\">Mehr lesen <i class=\"klbth-icon-right-arrow\"><\/i><\/a><\/div>","protected":false},"featured_media":15940,"comment_status":"open","ping_status":"closed","template":"","meta":[],"pwb-brand":[3376],"product_cat":[3435,4184,4200,4199],"product_tag":[],"class_list":{"0":"post-15939","1":"product","2":"type-product","3":"status-publish","4":"has-post-thumbnail","6":"pwb-brand-dahua","7":"product_cat-ip-cameras","8":"product_cat-cameras","9":"product_cat-dome-eyeball-cameras-cameras","10":"product_cat-dahua-starlight-series","11":"product_shipping_class-pakket","12":"pa_audio-microfoon","13":"pa_beeldhoek-graden-horizontaal-3941","14":"pa_beeldsensor-12-9-cmos","15":"pa_dag-nacht-ir-cut-filter-ja","16":"pa_geheugenkaart-type-micro-sdsdhcsdxc-256gb","17":"pa_ingebouwd-type-nachtzicht-infrared-ir-led","18":"pa_lens-mm-2-8","19":"pa_megapixel-4mp","20":"pa_merk-dahua","21":"pa_minimale-verlichting-0-008-lux-0-lux-met-ir","22":"pa_mobiele-app-fabrikant-ja","23":"pa_nachtzicht-ja","24":"pa_omgeving-binnen-en-buiten","25":"pa_opnemen-op-sd-kaart-ja","26":"pa_poe-802-3af","27":"pa_product-status-a","28":"pa_resolutie-max-pixels-full-hd-2688x1520","29":"pa_vandaalbestendig-nee","30":"pa_verstelbare-assen-3631","31":"pa_voeding-12vdc","32":"pa_voeding-poe","33":"pa_wdr-ja","35":"first","36":"onbackorder","37":"taxable","38":"shipping-taxable","39":"purchasable","40":"product-type-simple"},"brands":[{"id":3376,"name":"Dahua","slug":"dahua"}],"_links":{"self":[{"href":"https:\/\/staging.webstore4.com\/de\/wp-json\/wp\/v2\/product\/15939","targetHints":{"allow":["GET"]}}],"collection":[{"href":"https:\/\/staging.webstore4.com\/de\/wp-json\/wp\/v2\/product"}],"about":[{"href":"https:\/\/staging.webstore4.com\/de\/wp-json\/wp\/v2\/types\/product"}],"replies":[{"embeddable":true,"href":"https:\/\/staging.webstore4.com\/de\/wp-json\/wp\/v2\/comments?post=15939"}],"wp:featuredmedia":[{"embeddable":true,"href":"https:\/\/staging.webstore4.com\/de\/wp-json\/wp\/v2\/media\/15940"}],"wp:attachment":[{"href":"https:\/\/staging.webstore4.com\/de\/wp-json\/wp\/v2\/media?parent=15939"}],"wp:term":[{"taxonomy":"pwb-brand","embeddable":true,"href":"https:\/\/staging.webstore4.com\/de\/wp-json\/wp\/v2\/pwb-brand?post=15939"},{"taxonomy":"product_cat","embeddable":true,"href":"https:\/\/staging.webstore4.com\/de\/wp-json\/wp\/v2\/product_cat?post=15939"},{"taxonomy":"product_tag","embeddable":true,"href":"https:\/\/staging.webstore4.com\/de\/wp-json\/wp\/v2\/product_tag?post=15939"}],"curies":[{"name":"wp","href":"https:\/\/api.w.org\/{rel}","templated":true}]}}