{"id":16014,"date":"2024-03-01T15:05:34","date_gmt":"2024-03-01T14:05:34","guid":{"rendered":"https:\/\/webstore4.com\/?post_type=product&#038;p=16014"},"modified":"2024-06-21T13:18:33","modified_gmt":"2024-06-21T12:18:33","slug":"bluetti-pv120-120-watt","status":"publish","type":"product","link":"https:\/\/staging.webstore4.com\/de\/product\/bluetti-pv120-120-watt\/","title":{"rendered":"BLUETTI PV120 120 Watt faltbares Solarpanel in vier Teilen"},"content":{"rendered":"<p>De BLUETTI PV120 een 120 watt inklapbaar zonnepaneel. Het zonnepaneel levert maximaal 6.43Ah en 19,6VDC. Het paneel bestaat uit vier inklapbare delen. Aan de zijkant van de panelen bevind zich een handvat, zodat het paneel gemakkelijk te vervoeren is.<\/p>\n<p>BLUETTI ist eine f\u00fchrende Marke f\u00fcr nachhaltige Energie und tragbare Stromversorgungsl\u00f6sungen. Das Unternehmen ist auf die Entwicklung und Produktion von Heimbatteries\u00e4tzen, tragbaren Kraftwerken, Solarenergie und zugeh\u00f6rigen Produkten spezialisiert. Mit dem Produktprogramm richten sie sich sowohl an Verbraucher als auch an den gewerblichen professionellen Einsatz.<\/p>\n<p><strong>M\u00f6glichkeiten<\/strong><\/p>\n<p>De portable zonnepanelen van BLUETTI worden veelal ingezet op plekken waar beperkt stroom beschikbaar is. Vaak is het de oplossing op de camping, boot of in bergachtig gebied of bij een stroomstoring. Daarnaast is het mogelijk om met een portable accu een (tijdelijk) camerasysteem, alarmsysteem of toegangscontrolesysteem te laten functioneren door een accu aan het zonnepaneel te koppelen.<\/p>\n<p>Bij de PV120 wordt een MC4 kabel van 3 meter meegeleverd. De set wordt veelal gekocht gezamenlijk met een BLUETTI accu. Enkele accu&#8217;s zijn opgenomen onder &#8216;Opties&#8217;. De cellen van de PV120 hebben een cel effici\u00ebntie van 23,4 procent, waardoor er zelfs bij slecht weer energie wordt opgewekt.<\/p>\n<p>Wie lange ein Ger\u00e4t mit einer Solaranlage betrieben werden kann, h\u00e4ngt unter anderem vom Verbrauch des Ger\u00e4ts, der Umgebungstemperatur, der Anzahl der Tageslichtstunden und Lichtintensit\u00e4t, der Kapazit\u00e4t des Solarpanels und der Batterie ab. Liefert dieses Solarpanel zu viel oder zu wenig Strom? Dar\u00fcber hinaus haben wir in unserem Online-Shop weitere Solarmodule und Komplettsets sowie alle Einzelkomponenten, um eine komplette Solaranlage selbst zusammenzustellen.<\/p>\n<p><strong>Wichtige Funktionen<\/strong><\/p>\n<ul>\n<li>120 Watt zonnepaneel 5334&#215;4752 mm<\/li>\n<li>Monokristalline Zellen<\/li>\n<li>Maximaal 6.43Ah<\/li>\n<li>Maximaal 19,6VDC<\/li>\n<\/ul>\n<p><a href=\"https:\/\/staging.webstore4.com\/Copyright\/\" target=\"_blank\" rel=\"noopener\"><span style=\"color: #ff6e03; font-size: 11px;\">\u00a9 Der Text ist urheberrechtlich gesch\u00fctzt<\/span><\/a><\/p>","protected":false},"excerpt":{"rendered":"<p>De BLUETTI PV120 een 120 watt inklapbaar zonnepaneel. Het zonnepaneel levert maximaal 6.43Ah en 19,6VDC. Het paneel bestaat uit vier inklapbare delen. Aan de zijkant van de panelen bevind zich een handvat, zodat het paneel gemakkelijk te vervoeren is. BLUETTI is een toonaangevend merk op het gebied van duurzame energie en draagbare stroomoplossingen. Het bedrijf<\/p>\n<div class=\"klb-readmore button\"><a class=\"btn link\" href=\"https:\/\/staging.webstore4.com\/de\/product\/bluetti-pv120-120-watt\/\">Mehr lesen <i class=\"klbth-icon-right-arrow\"><\/i><\/a><\/div>","protected":false},"featured_media":16016,"comment_status":"open","ping_status":"closed","template":"","meta":[],"pwb-brand":[4674],"product_cat":[4247,4248],"product_tag":[],"class_list":{"0":"post-16014","1":"product","2":"type-product","3":"status-publish","4":"has-post-thumbnail","6":"pwb-brand-bluetti","7":"product_cat-duurzaamheid","8":"product_cat-zonnepanelen","9":"product_shipping_class-pakket","10":"pa_garantie-3-jaar","11":"pa_merk-bluetti","12":"pa_product-zonnepaneel","13":"pa_wattage-zonnepaneel-120-watt","15":"first","16":"onbackorder","17":"taxable","18":"shipping-taxable","19":"purchasable","20":"product-type-simple"},"brands":[{"id":4674,"name":"BLUETTI","slug":"bluetti"}],"_links":{"self":[{"href":"https:\/\/staging.webstore4.com\/de\/wp-json\/wp\/v2\/product\/16014","targetHints":{"allow":["GET"]}}],"collection":[{"href":"https:\/\/staging.webstore4.com\/de\/wp-json\/wp\/v2\/product"}],"about":[{"href":"https:\/\/staging.webstore4.com\/de\/wp-json\/wp\/v2\/types\/product"}],"replies":[{"embeddable":true,"href":"https:\/\/staging.webstore4.com\/de\/wp-json\/wp\/v2\/comments?post=16014"}],"wp:featuredmedia":[{"embeddable":true,"href":"https:\/\/staging.webstore4.com\/de\/wp-json\/wp\/v2\/media\/16016"}],"wp:attachment":[{"href":"https:\/\/staging.webstore4.com\/de\/wp-json\/wp\/v2\/media?parent=16014"}],"wp:term":[{"taxonomy":"pwb-brand","embeddable":true,"href":"https:\/\/staging.webstore4.com\/de\/wp-json\/wp\/v2\/pwb-brand?post=16014"},{"taxonomy":"product_cat","embeddable":true,"href":"https:\/\/staging.webstore4.com\/de\/wp-json\/wp\/v2\/product_cat?post=16014"},{"taxonomy":"product_tag","embeddable":true,"href":"https:\/\/staging.webstore4.com\/de\/wp-json\/wp\/v2\/product_tag?post=16014"}],"curies":[{"name":"wp","href":"https:\/\/api.w.org\/{rel}","templated":true}]}}