{"id":16074,"date":"2024-03-04T14:39:11","date_gmt":"2024-03-04T13:39:11","guid":{"rendered":"https:\/\/webstore4.com\/?post_type=product&#038;p=16074"},"modified":"2024-04-19T15:22:28","modified_gmt":"2024-04-19T14:22:28","slug":"bluetti-ac300-ups-omvormer","status":"publish","type":"product","link":"https:\/\/staging.webstore4.com\/de\/product\/bluetti-ac300-ups-omvormer\/","title":{"rendered":"BLUETTI AC300 USV-Wechselrichter f\u00fcr B300 mit 3000 W, sechs AC-Ausg\u00e4ngen, einem 12-V-Ausgang, einem 24-V-Ausgang und f\u00fcnf USB-Anschl\u00fcssen"},"content":{"rendered":"<p>Der BLUETTI AC300 ist ein Wechselrichter mit unterbrechungsfreier Stromversorgung (USV) ohne integrierte Batterie. Die Stromversorgung muss daher \u00fcber den B300-Akku erfolgen, der unter \u201eOptionen\u201c enthalten ist. Die B300-Erweiterung hat eine Kapazit\u00e4t von 3072 Watt pro Stunde (Wh). Bei der Kombination Batterie mit Wechselrichter wird aufgrund des Gewichts regelm\u00e4\u00dfig ein zus\u00e4tzlicher Trolley f\u00fcr den Transport angeschafft. Ein passender Trolley ist unter \u201eOptionen\u201c aufgef\u00fchrt.<\/p>\n<p>BLUETTI ist eine f\u00fchrende Marke f\u00fcr nachhaltige Energie und tragbare Stromversorgungsl\u00f6sungen. Das Unternehmen ist auf die Entwicklung und Produktion von Heimbatteries\u00e4tzen, tragbaren Kraftwerken, Solarenergie und zugeh\u00f6rigen Produkten spezialisiert. Mit dem Produktprogramm richten sie sich sowohl an Verbraucher als auch an den gewerblichen professionellen Einsatz.<\/p>\n<p><strong>M\u00f6glichkeiten<br \/>\n<\/strong>Der schwarze AC300 ist eine Erweiterung der M\u00f6glichkeiten des B300. Der Wechselrichter bietet eine Ausgangsleistung von 3000 Watt. Da der LiFePO4-Akku \u00fcber mehrere Stromausg\u00e4nge verf\u00fcgt, eignet sich die Erweiterung ideal f\u00fcr Orte, an denen kein oder nur begrenzt Strom verf\u00fcgbar ist, oder als zus\u00e4tzliches Backup f\u00fcr die h\u00e4usliche Umgebung.<\/p>\n<p>Der Wechselrichter verf\u00fcgt \u00fcber sechs AC 230V-Ausg\u00e4nge, vier USB-A-Ausg\u00e4nge, einen USB-C-Ausgang, einen 12V-Ausgang und einen 24V-Ausgang. Tragbare BLUETTI-Batterien werden h\u00e4ufig an Orten verwendet, an denen nur begrenzt Strom verf\u00fcgbar ist. Dies ist oft die L\u00f6sung auf einem Campingplatz, auf einem Boot oder in einer Bergregion oder bei einem Stromausfall. Dar\u00fcber hinaus besteht die M\u00f6glichkeit, mit einem tragbaren Akku ein (tempor\u00e4res) Kamerasystem, Alarmsystem oder Zutrittskontrollsystem am Akku zu betreiben.<\/p>\n<p>Der Akku kann mit bis zu vier B300-Erweiterungsakkus betrieben werden. Zur Stromversorgung ist mindestens ein B300-Akku erforderlich. Da BLUETTI bei den neueren Modellen eine kostenlose Anwendung anbietet, ist es sehr einfach, den \u00dcberblick \u00fcber die Batteriedaten zu behalten.<\/p>\n<p>Die Anwendung funktioniert mit einem QR-Code, der auf dem BLUETTI-Produkt gescannt wird, woraufhin das Produkt nach der Registrierung in der Anwendung live verfolgt werden kann. So kann die verbleibende Kapazit\u00e4t eingesehen, aber auch w\u00e4hrend des Ladevorgangs Informationen abgerufen werden. Bei Bedarf k\u00f6nnen Ausg\u00e4nge ein- und ausgeschaltet sowie die Ladeart und -kapazit\u00e4t angepasst werden. Alle weiteren M\u00f6glichkeiten k\u00f6nnen Sie unter dem Link zur Bewerbung einsehen. Der Link zur Bewerbung finden Sie unter der Registerkarte \u201eDokumentation\u201c.<\/p>\n<p>Der Akku wird mit einer \u00fcbersichtlichen Anleitung und einem Kabel zum Anschluss des Akkus an den B300 geliefert. Im Lieferumfang sind au\u00dferdem der Kfz-Steckeradapter, das Netzteil und das Multifunktions-Gleichstromkabel enthalten. Wir empfehlen Ihnen, das Benutzerhandbuch des Herstellers unter der Registerkarte \u201eDokumentation\u201c einzusehen.<\/p>\n<p><strong>Wichtigste Funktionen<\/strong><\/p>\n<ul>\n<li>Wechselrichter mit einer maximalen Leistung von 3000 Watt<\/li>\n<li>6x AC-Ausgang 230V<\/li>\n<li>USB-Ausgang<br \/>\n2x 5V\/3A USB-A<br \/>\n2x18W USB-A<br \/>\n1x100W PD3.0 USB-C<\/li>\n<li>Stromversorgung durch B300<\/li>\n<li>Schwarz<\/li>\n<\/ul>\n<p><a href=\"https:\/\/staging.webstore4.com\/Copyright\/\" target=\"_blank\" rel=\"noopener\"><span style=\"color: #ff6e03; font-size: 11px;\">\u00a9 Der Text ist urheberrechtlich gesch\u00fctzt<\/span><\/a><\/p>\n<div style=\"width: 960px;\" class=\"wp-video\"><!--[if lt IE 9]><script>document.createElement('video');<\/script><![endif]-->\n<video class=\"wp-video-shortcode\" id=\"video-16074-1\" width=\"960\" height=\"507\" preload=\"metadata\" controls=\"controls\"><source type=\"video\/mp4\" src=\"https:\/\/staging.webstore4.com\/wp-content\/uploads\/2024\/03\/BLUETTI-AC300-WebStore4.mp4?_=1\" \/><a href=\"https:\/\/staging.webstore4.com\/wp-content\/uploads\/2024\/03\/BLUETTI-AC300-WebStore4.mp4\">https:\/\/staging.webstore4.com\/wp-content\/uploads\/2024\/03\/BLUETTI-AC300-WebStore4.mp4<\/a><\/video><\/div>","protected":false},"excerpt":{"rendered":"<p>De BLUETTI AC300 is een Uninterruptible Power Supply (UPS) omvormer zonder ge\u00efntegreerde accu. De stroom dient dus door de accu B300, die is opgenomen onder &#8216;Opties&#8217;, te worden aangeleverd. De B300 uitbreiding heeft een vermogen van 3072 wattage per uur (Wh). Bij de combinatie van de accu met omvormer wordt vanwege het gewicht regelmatig een<\/p>\n<div class=\"klb-readmore button\"><a class=\"btn link\" href=\"https:\/\/staging.webstore4.com\/de\/product\/bluetti-ac300-ups-omvormer\/\">Mehr lesen <i class=\"klbth-icon-right-arrow\"><\/i><\/a><\/div>","protected":false},"featured_media":16078,"comment_status":"open","ping_status":"closed","template":"","meta":[],"pwb-brand":[4674],"product_cat":[4247,4336],"product_tag":[],"class_list":{"0":"post-16074","1":"product","2":"type-product","3":"status-publish","4":"has-post-thumbnail","6":"pwb-brand-bluetti","7":"product_cat-duurzaamheid","8":"product_cat-omvormers","9":"product_shipping_class-pakket","10":"pa_garantie-3-jaar","11":"pa_merk-bluetti","13":"first","14":"onbackorder","15":"taxable","16":"shipping-taxable","17":"purchasable","18":"product-type-simple"},"brands":[{"id":4674,"name":"BLUETTI","slug":"bluetti"}],"_links":{"self":[{"href":"https:\/\/staging.webstore4.com\/de\/wp-json\/wp\/v2\/product\/16074","targetHints":{"allow":["GET"]}}],"collection":[{"href":"https:\/\/staging.webstore4.com\/de\/wp-json\/wp\/v2\/product"}],"about":[{"href":"https:\/\/staging.webstore4.com\/de\/wp-json\/wp\/v2\/types\/product"}],"replies":[{"embeddable":true,"href":"https:\/\/staging.webstore4.com\/de\/wp-json\/wp\/v2\/comments?post=16074"}],"wp:featuredmedia":[{"embeddable":true,"href":"https:\/\/staging.webstore4.com\/de\/wp-json\/wp\/v2\/media\/16078"}],"wp:attachment":[{"href":"https:\/\/staging.webstore4.com\/de\/wp-json\/wp\/v2\/media?parent=16074"}],"wp:term":[{"taxonomy":"pwb-brand","embeddable":true,"href":"https:\/\/staging.webstore4.com\/de\/wp-json\/wp\/v2\/pwb-brand?post=16074"},{"taxonomy":"product_cat","embeddable":true,"href":"https:\/\/staging.webstore4.com\/de\/wp-json\/wp\/v2\/product_cat?post=16074"},{"taxonomy":"product_tag","embeddable":true,"href":"https:\/\/staging.webstore4.com\/de\/wp-json\/wp\/v2\/product_tag?post=16074"}],"curies":[{"name":"wp","href":"https:\/\/api.w.org\/{rel}","templated":true}]}}