{"id":16079,"date":"2024-03-04T15:02:11","date_gmt":"2024-03-04T14:02:11","guid":{"rendered":"https:\/\/webstore4.com\/?post_type=product&#038;p=16079"},"modified":"2024-06-24T11:50:57","modified_gmt":"2024-06-24T10:50:57","slug":"bluetti-b300s-uitbreidingsaccu","status":"publish","type":"product","link":"https:\/\/staging.webstore4.com\/de\/product\/bluetti-b300s-uitbreidingsaccu\/","title":{"rendered":"BLUETTI B300S uitbreidingsaccu compitabel met AC500, met 3072Wh capaciteit, 12V uitgang voor auto en twee USB poorten"},"content":{"rendered":"<p>De BLUETTI B300S is een uitbreiding van de draagbare accu&#8217;s van BLUETTI en is compitabel met de AC500 omvormer die is opgenomen onder &#8216;Opties&#8217;. De B300S uitbreiding heeft een vermogen van 3072 wattage per uur (Wh). Bij dit type accu wordt vanwege het gewicht, theoretisch 36,1 kilogram, regelmatig een trolley bijgekocht voor het vervoer. Een geschikte trolley staat onder &#8216;Opties&#8217;.<\/p>\n<p>BLUETTI ist eine f\u00fchrende Marke f\u00fcr nachhaltige Energie und tragbare Stromversorgungsl\u00f6sungen. Das Unternehmen ist auf die Entwicklung und Produktion von Heimbatteries\u00e4tzen, tragbaren Kraftwerken, Solarenergie und zugeh\u00f6rigen Produkten spezialisiert. Mit dem Produktprogramm richten sie sich sowohl an Verbraucher als auch an den gewerblichen professionellen Einsatz.<\/p>\n<p><strong>M\u00f6glichkeiten<br \/>\n<\/strong>De zwarte B300S is een accu die veelal in combinatie met de AC500 wordt gekocht. De draagbare batterij of accu heeft een maximale capaciteit van 3072Wh. Doordat de LiFePO4 accu meerdere stroomuitgangen heeft is de uitbreiding ideaal voor plaatsen waar geen of beperkt stroom beschikbaar is.<\/p>\n<p>Der Akku verf\u00fcgt \u00fcber einen USB-A-Ausgang, einen USB-C-Ausgang und einen 12\/10A-Ausgang f\u00fcr ein Auto. Tragbare BLUETTI-Batterien werden h\u00e4ufig an Orten verwendet, an denen nur begrenzt Strom verf\u00fcgbar ist. Dies ist oft die L\u00f6sung auf einem Campingplatz, auf einem Boot oder in einer Bergregion oder bei einem Stromausfall. Dar\u00fcber hinaus besteht die M\u00f6glichkeit, mit einem tragbaren Akku ein (tempor\u00e4res) Kamerasystem, Alarmsystem oder Zutrittskontrollsystem am Akku zu betreiben.<\/p>\n<p>Der Akku kann mit einem Autoladeger\u00e4t (12V\/24V) oder einem 400W-Adapter betrieben werden. Es besteht auch die M\u00f6glichkeit, den Akku mit einem passenden tragbaren Solarpanel aufzuladen. Die tragbaren Solarmodule von BLUETTI, das PV120, das PV200 oder das PV350, werden oft mit der Batterie bestellt. Die passenden Solarmodule finden Sie unter \u201eOptionen\u201c.<\/p>\n<p>Bij de accu wordt een duidelijke handleiding en een kabel meegeleverd om de accu met de AC500 te verbinden. Wij bevelen aan om de gebruikershandleiding van de fabrikant te bekijken onder het tabblad &#8216;Documentatie&#8217;.<\/p>\n<p><strong>Wichtigste Funktionen<\/strong><\/p>\n<ul>\n<li>Capaciteit accu 3072Wh<\/li>\n<li>DC-Ausgang<br \/>\n1x12V f\u00fcr das Auto<\/li>\n<li>USB-Ausgang 2 Mal USB-A und 1 Mal USB-C (Schnellladeger\u00e4t)<\/li>\n<li>Voeding AC 500 W, 12V\/24V autolader of zonnepaneel<\/li>\n<li>Schwarz<\/li>\n<\/ul>\n<p><a href=\"https:\/\/staging.webstore4.com\/Copyright\/\" target=\"_blank\" rel=\"noopener\"><span style=\"color: #ff6e03; font-size: 11px;\">\u00a9 Der Text ist urheberrechtlich gesch\u00fctzt<\/span><\/a><\/p>","protected":false},"excerpt":{"rendered":"<p>De BLUETTI B300S is een uitbreiding van de draagbare accu&#8217;s van BLUETTI en is compitabel met de AC500 omvormer die is opgenomen onder &#8216;Opties&#8217;. De B300S uitbreiding heeft een vermogen van 3072 wattage per uur (Wh). Bij dit type accu wordt vanwege het gewicht, theoretisch 36,1 kilogram, regelmatig een trolley bijgekocht voor het vervoer. Een<\/p>\n<div class=\"klb-readmore button\"><a class=\"btn link\" href=\"https:\/\/staging.webstore4.com\/de\/product\/bluetti-b300s-uitbreidingsaccu\/\">Mehr lesen <i class=\"klbth-icon-right-arrow\"><\/i><\/a><\/div>","protected":false},"featured_media":16082,"comment_status":"open","ping_status":"closed","template":"","meta":[],"pwb-brand":[4674],"product_cat":[4247,4255,4728],"product_tag":[],"class_list":{"0":"post-16079","1":"product","2":"type-product","3":"status-publish","4":"has-post-thumbnail","6":"pwb-brand-bluetti","7":"product_cat-duurzaamheid","8":"product_cat-accus","9":"product_cat-thuisbatterij","10":"product_shipping_class-palletzending","11":"pa_capaciteit-accu-256000mah","12":"pa_garantie-3-jaar","13":"pa_merk-bluetti","15":"first","16":"onbackorder","17":"taxable","18":"shipping-taxable","19":"purchasable","20":"product-type-simple"},"brands":[{"id":4674,"name":"BLUETTI","slug":"bluetti"}],"_links":{"self":[{"href":"https:\/\/staging.webstore4.com\/de\/wp-json\/wp\/v2\/product\/16079","targetHints":{"allow":["GET"]}}],"collection":[{"href":"https:\/\/staging.webstore4.com\/de\/wp-json\/wp\/v2\/product"}],"about":[{"href":"https:\/\/staging.webstore4.com\/de\/wp-json\/wp\/v2\/types\/product"}],"replies":[{"embeddable":true,"href":"https:\/\/staging.webstore4.com\/de\/wp-json\/wp\/v2\/comments?post=16079"}],"wp:featuredmedia":[{"embeddable":true,"href":"https:\/\/staging.webstore4.com\/de\/wp-json\/wp\/v2\/media\/16082"}],"wp:attachment":[{"href":"https:\/\/staging.webstore4.com\/de\/wp-json\/wp\/v2\/media?parent=16079"}],"wp:term":[{"taxonomy":"pwb-brand","embeddable":true,"href":"https:\/\/staging.webstore4.com\/de\/wp-json\/wp\/v2\/pwb-brand?post=16079"},{"taxonomy":"product_cat","embeddable":true,"href":"https:\/\/staging.webstore4.com\/de\/wp-json\/wp\/v2\/product_cat?post=16079"},{"taxonomy":"product_tag","embeddable":true,"href":"https:\/\/staging.webstore4.com\/de\/wp-json\/wp\/v2\/product_tag?post=16079"}],"curies":[{"name":"wp","href":"https:\/\/api.w.org\/{rel}","templated":true}]}}