{"id":16111,"date":"2024-03-05T08:16:01","date_gmt":"2024-03-05T07:16:01","guid":{"rendered":"https:\/\/webstore4.com\/?post_type=product&#038;p=16111"},"modified":"2024-06-21T13:33:03","modified_gmt":"2024-06-21T12:33:03","slug":"bluetti-kit-ac300-en-b300","status":"publish","type":"product","link":"https:\/\/staging.webstore4.com\/de\/product\/bluetti-kit-ac300-en-b300\/","title":{"rendered":"BLUETTI KIT met AC300 omvormer en B300 uitbreidingsaccu met capaciteit van 3072Wh met zes AC outputs, twee 12V outputs, 24V output, zeven USB poorten en gratis applicatie"},"content":{"rendered":"<p>De BLUETTI KIT met de AC300 en B300 is een ideale kit om direct een basis accu pakket in huis te halen. Vanwege het totale gewicht van deze kit, theoretisch 58 kilogram, wordt er vaak een trolley mee besteld. De geschikte trolley is beschikbaar onder &#8216;Opties&#8217;.<\/p>\n<p>BLUETTI ist eine f\u00fchrende Marke f\u00fcr nachhaltige Energie und tragbare Stromversorgungsl\u00f6sungen. Das Unternehmen ist auf die Entwicklung und Produktion von Heimbatteries\u00e4tzen, tragbaren Kraftwerken, Solarenergie und zugeh\u00f6rigen Produkten spezialisiert. Mit dem Produktprogramm richten sie sich sowohl an Verbraucher als auch an den gewerblichen professionellen Einsatz.<\/p>\n<p><strong>M\u00f6glichkeiten<br \/>\n<\/strong><\/p>\n<p>De zwarte B300 is een uitbreidings accu compitabel met onder andere de AC200MAX. De accu kan ook gebruikt worden in combinatie met de AC300 omvormer. De draagbare batterij of accu heeft een maximale capaciteit van 3072Wh. Doordat de LiFePO4 accu meerdere stroomuitgangen heeft is de uitbreiding ideaal voor plaatsen waar geen of beperkt stroom beschikbaar is.<\/p>\n<p>Der schwarze AC300 ist eine Erweiterung der M\u00f6glichkeiten des B300. Der Wechselrichter bietet eine Ausgangsleistung von 3000 Watt. Da der LiFePO4-Akku \u00fcber mehrere Stromausg\u00e4nge verf\u00fcgt, eignet sich die Erweiterung ideal f\u00fcr Orte, an denen kein oder nur begrenzt Strom verf\u00fcgbar ist, oder als zus\u00e4tzliches Backup f\u00fcr die h\u00e4usliche Umgebung.<\/p>\n<p>De kit heeft samen zes AC 230 uitgangen, vijf USB-A uitgangen, twee USB-C uitgangen en \u00e9\u00e9n 12\/10A voor een auto, \u00e9\u00e9n 12V uitgang en \u00e9\u00e9n 24V uitgang.\u00a0 De portable accu&#8217;s van BLUETTI worden veelal ingezet op plekken waar beperkt stroom beschikbaar is. Veelal is het de oplossing op de camping, boot of in bergachtig gebied of bij een stroomstoring. Daarnaast is het mogelijk om met een portable accu een (tijdelijk) camerasysteem, alarmsysteem of toegangscontrolesysteem te laten functioneren op de accu.<\/p>\n<p>De accu kan gevoed worden met een autolader (12V\/24V) of een 500W adapter. Ook is het mogelijk om de accu te laden met een bijpassend portable zonnepaneel. De draagbare zonnepanelen van BLUETTI, de PV120, de PV200 of de PV350, worden vaak mee besteld bij de accu. De geschikte zonnepanelen zijn opgenomen onder &#8216;Opties&#8217;. De omvormer wordt geladen door de accu.<\/p>\n<p>Da BLUETTI bei den neueren Modellen eine kostenlose Anwendung anbietet, ist es sehr einfach, den \u00dcberblick \u00fcber die Batteriedaten zu behalten. Die Anwendung funktioniert mit einem QR-Code, der auf dem BLUETTI-Produkt gescannt wird, woraufhin das Produkt nach der Registrierung in der Anwendung live verfolgt werden kann. So kann die verbleibende Kapazit\u00e4t eingesehen, aber auch w\u00e4hrend des Ladevorgangs Informationen abgerufen werden. Bei Bedarf k\u00f6nnen Ausg\u00e4nge ein- und ausgeschaltet sowie die Ladeart und -kapazit\u00e4t angepasst werden. Alle weiteren M\u00f6glichkeiten k\u00f6nnen Sie unter dem Link zur Bewerbung einsehen. Der Link zur Bewerbung finden Sie unter der Registerkarte \u201eDokumentation\u201c.<\/p>\n<p>Bij de accu wordt een duidelijke handleiding en een kabel meegeleverd om de B300 accu met de AC300 omvormer te verbinden. Wij bevelen aan om de gebruikershandleiding van de fabrikant te bekijken onder het tabblad &#8216;Documentatie&#8217;. Voor de overige details van de AC300 en de B300 verwijzen we naar de producten zelf, opgenomen onder &#8216;Opties&#8217;.<\/p>\n<p><strong>Wichtigste Funktionen<\/strong><\/p>\n<ul>\n<li>Capaciteit accu 3072Wh<\/li>\n<li>Wechselrichter mit einer maximalen Leistung von 3000 Watt<\/li>\n<li>6x AC-Ausgang 230V<\/li>\n<li>DC-Ausgang<br \/>\n1x12V f\u00fcr das Auto<br \/>\n1x 12V<br \/>\n1x 24V<\/li>\n<li>USB-Ausgang<br \/>\n3x 5V\/3A USB-A<br \/>\n2x18W USB-A<br \/>\n2x100W PD3.0 USB-C<\/li>\n<li>Voeding AC 500 W, 12V\/24V autolader of zonnepaneel<\/li>\n<li>Schwarz<\/li>\n<\/ul>\n<p><a href=\"https:\/\/staging.webstore4.com\/Copyright\/\" target=\"_blank\" rel=\"noopener\"><span style=\"color: #ff6e03; font-size: 11px;\">\u00a9 Der Text ist urheberrechtlich gesch\u00fctzt<\/span><\/a><\/p>\n<div style=\"width: 960px;\" class=\"wp-video\"><!--[if lt IE 9]><script>document.createElement('video');<\/script><![endif]-->\n<video class=\"wp-video-shortcode\" id=\"video-16111-1\" width=\"960\" height=\"507\" preload=\"metadata\" controls=\"controls\"><source type=\"video\/mp4\" src=\"https:\/\/staging.webstore4.com\/wp-content\/uploads\/2024\/03\/BLUETTI-AC300-WebStore4.mp4?_=1\" \/><a href=\"https:\/\/staging.webstore4.com\/wp-content\/uploads\/2024\/03\/BLUETTI-AC300-WebStore4.mp4\">https:\/\/staging.webstore4.com\/wp-content\/uploads\/2024\/03\/BLUETTI-AC300-WebStore4.mp4<\/a><\/video><\/div>","protected":false},"excerpt":{"rendered":"<p>De BLUETTI KIT met de AC300 en B300 is een ideale kit om direct een basis accu pakket in huis te halen. Vanwege het totale gewicht van deze kit, theoretisch 58 kilogram, wordt er vaak een trolley mee besteld. De geschikte trolley is beschikbaar onder &#8216;Opties&#8217;. BLUETTI is een toonaangevend merk op het gebied van<\/p>\n<div class=\"klb-readmore button\"><a class=\"btn link\" href=\"https:\/\/staging.webstore4.com\/de\/product\/bluetti-kit-ac300-en-b300\/\">Mehr lesen <i class=\"klbth-icon-right-arrow\"><\/i><\/a><\/div>","protected":false},"featured_media":16113,"comment_status":"open","ping_status":"closed","template":"","meta":[],"pwb-brand":[4674],"product_cat":[4247,4728],"product_tag":[],"class_list":{"0":"post-16111","1":"product","2":"type-product","3":"status-publish","4":"has-post-thumbnail","6":"pwb-brand-bluetti","7":"product_cat-duurzaamheid","8":"product_cat-thuisbatterij","9":"product_shipping_class-palletzending","10":"pa_capaciteit-accu-256000mah","11":"pa_garantie-3-jaar","12":"pa_merk-bluetti","14":"first","15":"onbackorder","16":"taxable","17":"shipping-taxable","18":"purchasable","19":"product-type-simple"},"brands":[{"id":4674,"name":"BLUETTI","slug":"bluetti"}],"_links":{"self":[{"href":"https:\/\/staging.webstore4.com\/de\/wp-json\/wp\/v2\/product\/16111","targetHints":{"allow":["GET"]}}],"collection":[{"href":"https:\/\/staging.webstore4.com\/de\/wp-json\/wp\/v2\/product"}],"about":[{"href":"https:\/\/staging.webstore4.com\/de\/wp-json\/wp\/v2\/types\/product"}],"replies":[{"embeddable":true,"href":"https:\/\/staging.webstore4.com\/de\/wp-json\/wp\/v2\/comments?post=16111"}],"wp:featuredmedia":[{"embeddable":true,"href":"https:\/\/staging.webstore4.com\/de\/wp-json\/wp\/v2\/media\/16113"}],"wp:attachment":[{"href":"https:\/\/staging.webstore4.com\/de\/wp-json\/wp\/v2\/media?parent=16111"}],"wp:term":[{"taxonomy":"pwb-brand","embeddable":true,"href":"https:\/\/staging.webstore4.com\/de\/wp-json\/wp\/v2\/pwb-brand?post=16111"},{"taxonomy":"product_cat","embeddable":true,"href":"https:\/\/staging.webstore4.com\/de\/wp-json\/wp\/v2\/product_cat?post=16111"},{"taxonomy":"product_tag","embeddable":true,"href":"https:\/\/staging.webstore4.com\/de\/wp-json\/wp\/v2\/product_tag?post=16111"}],"curies":[{"name":"wp","href":"https:\/\/api.w.org\/{rel}","templated":true}]}}