{"id":16319,"date":"2024-03-11T16:51:28","date_gmt":"2024-03-11T15:51:28","guid":{"rendered":"https:\/\/webstore4.com\/?post_type=product&#038;p=16319"},"modified":"2025-02-24T06:53:43","modified_gmt":"2025-02-24T05:53:43","slug":"ruijie-reyee-rap2260g-wi-fi-versterker","status":"publish","type":"product","link":"https:\/\/staging.webstore4.com\/de\/product\/ruijie-reyee-rap2260g-wi-fi-versterker\/","title":{"rendered":"Ruijie Reyee RAP2260G WLAN-Verst\u00e4rker mit bis zu 1775 Mbit\/s, PoE+, 2,4 GHz und 5 GHz 802.11ac Access Point mit kostenloser App"},"content":{"rendered":"<p>De Reyee RAP2260G van het merk Ruijie is een 802.11 a\/b\/g\/n\/ac\/ax\u00a0 Wi-Fi versterker geschikt voor binnen. De RAP2260Gis uitgerust met zes ge\u00efntegreerde omnidirectionele antennes.<\/p>\n<p>Ruijie Networks ist ein chinesisches Unternehmen, das sich auf Netzwerkger\u00e4te und -l\u00f6sungen spezialisiert hat. Reyee ist eine der Produktlinien, die sich auf Sicherheit, insbesondere im Bereich Cybersicherheit, konzentriert. Ruijie Reyee bietet verschiedene Sicherheitsl\u00f6sungen, darunter Firewalls, Intrusion-Detection-Systeme, Antivirensoftware und mehr, um Netzwerke vor Cyber-Bedrohungen zu sch\u00fctzen. Ihre Produkte sollen umfassenden Schutz sowohl f\u00fcr kleine als auch gro\u00dfe Netzwerkinfrastrukturen f\u00fcr den Gesch\u00e4fts- und Privatmarkt bieten.<\/p>\n<p><strong>M\u00f6glichkeiten<\/strong><\/p>\n<p>De Reyee RAP2260G is een Wi-Fi versterker voor binnen die vaak gebruikt wordt in hotels, appartementsgebouwen en bedrijfsgebouwen. Het access point heeft twee LAN poorten die mogelijkheid geven om de versterker te voeden met PoE+ (802.3at 15,3 W).<br \/>\nIn slechts enkele minuten kunnen met de zes ge\u00efntegreerde Wi-Fi antennes aan gezet worden en het Wi-Fi signaal worden versterkt voor wel maximaal 512 gebruikers.\u00a0Door de dual-Band RAP2260G 2.4Ghz (574Mbps) en 5Ghz (1201 Mbps) is de snelheid hoog en compitabel met de nieuwste routers.<\/p>\n<p>De Wi-Fi versterker is een zeer goede keuze voor het tot stand brengen van een omni-directionele (360 graden) Wi-Fi verbinding over een lange afstand voor bijvoorbeeld meerdere IP camera&#8217;s of toegangscontrolepunten.<br \/>\nRuijie biedt een gratis applicatie die het monitoren en bedienen van de producten gemakkelijk maakt. In een cloud gebaseerde omgeving kan gemakkelijk een compleet netwerk worden beheerd.<\/p>\n<p>Onder het tabblad &#8216;Documentatie&#8217; zijn de overige specificaties te vinden in de datasheet. Daarnaast biedt de product pagina van de fabrikant veel informatie over de werking van de Wi-Fi versterker.<\/p>\n<p><strong>Wichtigste Funktionen<\/strong><\/p>\n<ul>\n<li>802.11AC dual-flow, 2 Snelheden tot 1201Mbps op 5GHz en 574Mbps op 2.4GHz<\/li>\n<li>Wi-Fi 6 802.11AX<\/li>\n<li>Maakt verbindingen tot 1775 Mbps mogelijk<\/li>\n<li>2 poorten RJ45, 10\/100\/1000 Mbps<\/li>\n<li>Compitabel met 802.11a\/b\/g\/n\/ac\/ax<\/li>\n<li>MU-MIMO, 2&#215;2<\/li>\n<li>Verwaltung \u00fcber die kostenlose Ruijie Cloud<\/li>\n<li>SSID tot 8<\/li>\n<li>Voeding via 12VDC\/1,5A of PoE+ 802.3at 15,3 W<\/li>\n<li>2,4 und 5 GHz<\/li>\n<li>WPA \/ WPA2 (AES) \/ WPA-PSK beveiliging<\/li>\n<\/ul>\n<p><a href=\"https:\/\/www.webstore4ipcameras.nl\/Copyright\" target=\"_blank\" rel=\"noopener\"><span style=\"color: #ff6e03; font-size: 11px;\">\u00a9 Der Text ist urheberrechtlich gesch\u00fctzt<\/span><\/a><\/p>","protected":false},"excerpt":{"rendered":"<p>De Reyee RAP2260G van het merk Ruijie is een 802.11 a\/b\/g\/n\/ac\/ax\u00a0 Wi-Fi versterker geschikt voor binnen. De RAP2260Gis uitgerust met zes ge\u00efntegreerde omnidirectionele antennes. Ruijie Networks is een Chinees bedrijf dat gespecialiseerd is in netwerkapparatuur en -oplossingen. Reyee is een van de productlijnen die zich richt op beveiliging, met name op het gebied van cyberbeveiliging.<\/p>\n<div class=\"klb-readmore button\"><a class=\"btn link\" href=\"https:\/\/staging.webstore4.com\/de\/product\/ruijie-reyee-rap2260g-wi-fi-versterker\/\">Mehr lesen <i class=\"klbth-icon-right-arrow\"><\/i><\/a><\/div>","protected":false},"featured_media":16321,"comment_status":"open","ping_status":"closed","template":"","meta":[],"pwb-brand":[4612],"product_cat":[3440,4611],"product_tag":[],"class_list":{"0":"post-16319","1":"product","2":"type-product","3":"status-publish","4":"has-post-thumbnail","6":"pwb-brand-ruijie-networks","7":"product_cat-netwerk","8":"product_cat-wi-fi-versterkers","9":"product_shipping_class-pakket","10":"pa_aantal-ssid-4743","11":"pa_merk-ruijie-networks","12":"pa_omgeving-binnen","13":"pa_poe-802-3at","14":"pa_rj45-lan-aansluiting-2x-101001000","15":"pa_voeding-12vdc","16":"pa_voeding-poe","17":"pa_wi-fi-data-snelheid-1201-mbps","18":"pa_wi-fi-data-snelheid-574-mbps","20":"first","21":"onbackorder","22":"sold-individually","23":"taxable","24":"shipping-taxable","25":"purchasable","26":"product-type-simple"},"brands":[{"id":4612,"name":"Ruijie Networks","slug":"ruijie-networks"}],"_links":{"self":[{"href":"https:\/\/staging.webstore4.com\/de\/wp-json\/wp\/v2\/product\/16319","targetHints":{"allow":["GET"]}}],"collection":[{"href":"https:\/\/staging.webstore4.com\/de\/wp-json\/wp\/v2\/product"}],"about":[{"href":"https:\/\/staging.webstore4.com\/de\/wp-json\/wp\/v2\/types\/product"}],"replies":[{"embeddable":true,"href":"https:\/\/staging.webstore4.com\/de\/wp-json\/wp\/v2\/comments?post=16319"}],"wp:featuredmedia":[{"embeddable":true,"href":"https:\/\/staging.webstore4.com\/de\/wp-json\/wp\/v2\/media\/16321"}],"wp:attachment":[{"href":"https:\/\/staging.webstore4.com\/de\/wp-json\/wp\/v2\/media?parent=16319"}],"wp:term":[{"taxonomy":"pwb-brand","embeddable":true,"href":"https:\/\/staging.webstore4.com\/de\/wp-json\/wp\/v2\/pwb-brand?post=16319"},{"taxonomy":"product_cat","embeddable":true,"href":"https:\/\/staging.webstore4.com\/de\/wp-json\/wp\/v2\/product_cat?post=16319"},{"taxonomy":"product_tag","embeddable":true,"href":"https:\/\/staging.webstore4.com\/de\/wp-json\/wp\/v2\/product_tag?post=16319"}],"curies":[{"name":"wp","href":"https:\/\/api.w.org\/{rel}","templated":true}]}}