{"id":16381,"date":"2024-03-13T14:54:13","date_gmt":"2024-03-13T13:54:13","guid":{"rendered":"https:\/\/webstore4.com\/?post_type=product&#038;p=16381"},"modified":"2025-03-01T13:35:21","modified_gmt":"2025-03-01T12:35:21","slug":"wl4-sr9u-g-server-wandkast-9u-19","status":"publish","type":"product","link":"https:\/\/staging.webstore4.com\/de\/product\/wl4-sr9u-g-server-wandkast-9u-19\/","title":{"rendered":"WL4 SR9U-G Server wandkast 9U 19&#8243; met ventilator, voeding, deur met gehard glas en slot"},"content":{"rendered":"<p>De WL4 SR9U-G is een 19 inch server wandkast inclusief ventilator en zesvoudige voeding en is geschikt voor maximaal 9U apparaten. De patchkast is zeer geschikt voor het veilig plaatsen van bijvoorbeeld een NVR (Netwerk Video Recorder), switch, router, server etc. In de kast bevind zich een tray.<\/p>\n<p><strong>M\u00f6glichkeiten<\/strong><\/p>\n<p>Der Serverschrank erf\u00fcllt die Standardma\u00dfe nach der EIA-310-Norm und ist somit f\u00fcr die Montage aller 19&quot;-Ger\u00e4te mit einer maximalen H\u00f6he von 4 HE (4 x 1 HE) geeignet. Selbstverst\u00e4ndlich k\u00f6nnen Ger\u00e4te wie NVRs, Switches, Router, Server etc., die weniger als 19\u2033 breit sind, auch separat im Schrank untergebracht werden. Der WL4 SR4U-B wird mit einem vorinstallierten 19\u2033 Schaltnetzteil mit 6 Schuko-Steckdosen geliefert. Der Serverschrank verf\u00fcgt au\u00dferdem \u00fcber einen vorinstallierten 120-mm-L\u00fcfter zur K\u00fchlung des Schranks.<\/p>\n<p>De WL4 SR9U-G is bedoeld voor wandmontage maar kan ook als desktop worden geplaatst. De laadcapaciteit van de serverkast is maximaal 100KG. De kast wordt geleverd zonder wand montagemateriaal en met montagemateriaal voor apparatuur welke beschikt over montagepunten. De kastdeur heeft een gehard glazen paneel en een slot met twee sleutels. De deur kan 180 graden open draaien. Aan beide zijkanten heeft de kast een paneel dat kan worden verwijderd. Deze panelen hebben een mogelijkheid voor een slot. Sloten voor de zijpanelen worden niet meegeleverd.<\/p>\n<p>De kast is gemaakt van dik staal en is gepoedercoat in witte grijsachtige kleur. De kast heeft openingen voor koeling en bedrading en heeft een IP20 beschermingsklasse.<\/p>\n<p>Das Handbuch ist unter der Registerkarte \u201eDokumentation\u201c enthalten.<\/p>\n<p><strong>Hauptmerkmale<\/strong><\/p>\n<ul>\n<li>19 inch maximaal 9U serverkast met EIA-310 normering voor wandmontage<\/li>\n<li>Inklusive eingebautem L\u00fcfter und Sechs-Wege-Netzteil<\/li>\n<li>T\u00fcr mit geh\u00e4rtetem Glas und Schloss<\/li>\n<li>Zusammengebaut und gefertigt aus pulverbeschichtetem Stahlblech (SPCC)<\/li>\n<li>Abnehmbare Seitenw\u00e4nde f\u00fcr einfachen Zugang<\/li>\n<li>Schutzart IP20<\/li>\n<li>Capaciteit tot 100kg<\/li>\n<li>Afmeting buitenzijde: 500x600x450 MM (hoogte x breedte x diepte)<\/li>\n<li>Afmeting binnenzijde: 400x560x450 MM (hoogte x breedte x diepte)<\/li>\n<li>Eigen gewicht 22,4 kg theoretisch<\/li>\n<\/ul>\n<p><a href=\"https:\/\/staging.webstore4.com\/Copyright\/\" target=\"_blank\" rel=\"noopener\"><span style=\"color: #ff6e03; font-size: 11px;\">\u00a9 Der Text ist urheberrechtlich gesch\u00fctzt<\/span><\/a><\/p>","protected":false},"excerpt":{"rendered":"<p>De WL4 SR9U-G is een 19 inch server wandkast inclusief ventilator en zesvoudige voeding en is geschikt voor maximaal 9U apparaten. De patchkast is zeer geschikt voor het veilig plaatsen van bijvoorbeeld een NVR (Netwerk Video Recorder), switch, router, server etc. In de kast bevind zich een tray. Mogelijkheden De serverkast voldoet aan de standaardmaatvoering<\/p>\n<div class=\"klb-readmore button\"><a class=\"btn link\" href=\"https:\/\/staging.webstore4.com\/de\/product\/wl4-sr9u-g-server-wandkast-9u-19\/\">Mehr lesen <i class=\"klbth-icon-right-arrow\"><\/i><\/a><\/div>","protected":false},"featured_media":16382,"comment_status":"open","ping_status":"closed","template":"","meta":[],"pwb-brand":[3380],"product_cat":[4204,4206,4213],"product_tag":[],"class_list":{"0":"post-16381","1":"product","2":"type-product","3":"status-publish","4":"has-post-thumbnail","6":"pwb-brand-wl4","7":"product_cat-kasten-kluizen","8":"product_cat-recorder-kasten","9":"product_cat-serverkasten-kasten-kluizen","10":"product_shipping_class-pakket","11":"pa_breedte-600-mm","12":"pa_diepte-450-mm","13":"pa_hoogte-500-mm","14":"pa_materiaal-staal","15":"pa_merk-wl4","16":"pa_omgeving-binnen","17":"pa_product-wand-kast","19":"first","20":"onbackorder","21":"featured","22":"taxable","23":"shipping-taxable","24":"purchasable","25":"product-type-simple"},"brands":[{"id":3380,"name":"WL4","slug":"wl4"}],"_links":{"self":[{"href":"https:\/\/staging.webstore4.com\/de\/wp-json\/wp\/v2\/product\/16381","targetHints":{"allow":["GET"]}}],"collection":[{"href":"https:\/\/staging.webstore4.com\/de\/wp-json\/wp\/v2\/product"}],"about":[{"href":"https:\/\/staging.webstore4.com\/de\/wp-json\/wp\/v2\/types\/product"}],"replies":[{"embeddable":true,"href":"https:\/\/staging.webstore4.com\/de\/wp-json\/wp\/v2\/comments?post=16381"}],"wp:featuredmedia":[{"embeddable":true,"href":"https:\/\/staging.webstore4.com\/de\/wp-json\/wp\/v2\/media\/16382"}],"wp:attachment":[{"href":"https:\/\/staging.webstore4.com\/de\/wp-json\/wp\/v2\/media?parent=16381"}],"wp:term":[{"taxonomy":"pwb-brand","embeddable":true,"href":"https:\/\/staging.webstore4.com\/de\/wp-json\/wp\/v2\/pwb-brand?post=16381"},{"taxonomy":"product_cat","embeddable":true,"href":"https:\/\/staging.webstore4.com\/de\/wp-json\/wp\/v2\/product_cat?post=16381"},{"taxonomy":"product_tag","embeddable":true,"href":"https:\/\/staging.webstore4.com\/de\/wp-json\/wp\/v2\/product_tag?post=16381"}],"curies":[{"name":"wp","href":"https:\/\/api.w.org\/{rel}","templated":true}]}}