{"id":16440,"date":"2024-03-19T07:29:05","date_gmt":"2024-03-19T06:29:05","guid":{"rendered":"https:\/\/webstore4.com\/?post_type=product&#038;p=16440"},"modified":"2025-02-19T05:22:21","modified_gmt":"2025-02-19T04:22:21","slug":"dahua-nvr5432-16p-ei-32-kanaals-netwerk-video-recorder","status":"publish","type":"product","link":"https:\/\/staging.webstore4.com\/de\/product\/dahua-nvr5432-16p-ei-32-kanaals-netwerk-video-recorder\/","title":{"rendered":"Dahua NVR5432-16P-EI 32 kanaals en 16 kanaals PoE 4K Ultra HD Netwerk Video Recorder"},"content":{"rendered":"<p>De Dahua NVR5432-16P-EI is een 4K ultra HD PoE Netwerk Video Recorder (NVR) waar 32 IP camera&#8217;s mee kunnen worden verbonden voor het opnemen en beheren van camerabeelden. Daarvan kunnen 16 IP camera&#8217;s met PoE bedraad met de recorder worden verbonden. Door de grote functionaliteit, het installatiegemak en hoge bruikbaarheid is de NVR ideaal voor gebruik in zowel woningen, winkels als bedrijven.<\/p>\n<p><strong>M\u00f6glichkeiten<\/strong><\/p>\n<p>Maximal 16 IP-Kameras k\u00f6nnen kabelgebunden oder \u00fcber das Netzwerk an den NVR angeschlossen werden. Der Dahua NVR5216-16P-4KS2E verf\u00fcgt \u00fcber 16 PoE-Ports (davon 8 ePoE), sodass die angeschlossenen Kameras auch \u00fcber 1 Netzwerkkabel mit Strom versorgt werden. Dies macht die Installation sehr einfach. Der NVR kann eigenst\u00e4ndig arbeiten, kann aber auch mit dem Netzwerk verbunden werden. Auf den NVR kann dann \u00fcber einen Webbrowser, die Dahua-Videoverwaltungssoftware und mit der kostenlosen Dahua-App f\u00fcr Smartphone und Tablet zugegriffen werden.<\/p>\n<p>De NVR beschikt over een tweetal HDMI en een tweetal VGA uitgangen met een maximale resolutie van 3840&#215;2160 (4K Ultra HD) voor het aansluiten op een normale TV voor onder meer het tonen van beelden. Verder zijn er drie USB aansluitingen voor bijvoorbeeld het aansluiten van een muis.<\/p>\n<p>De Netwerk Video Recorder beschikt over verschillende slimme functies zoals AcuPick, Perimeter Protection, Heat Map, ANPR technologie, Smart Motion Detection, gezichtsdetectie en gezichtsherkenning. In combinatie met de juiste beveiligingscamera&#8217;s is de recorder ideaal om te ondersteunen bij bijvoorbeeld kentekenherkenning, alarmering van ongewenste bezoekers of het analyseren van bezoekers. De AcuPick functionaliteit zorgt voor effici\u00ebnte opslag van de beelden.<\/p>\n<p>Wij adviseren de datasheet, die is opgenomen onder het tabblad &#8216;Documentatie&#8217;, te raadplegen voor de overige specificaties en de aantal poort waarover de slimme functies functioneren.<\/p>\n<p><strong>Festplatten<\/strong><\/p>\n<p>De Dahua NVR5432-16P-EI ondersteunt vier 3,5 inch harde schijven van maximaal 20 terrabyte elk. De Dahua NVR5432-16P-EI wordt standaard geleverd zonder een harde schijf. Onder het tabblad &#8216;Opties&#8217; kan een of meerdere harde schijven worden gekozen om mee te bestellen. Wij leveren Western Digital Purple hard disks die specifiek zijn ontworpen voor 24\/7 bewakingsdoeleinden.<\/p>\n<p><strong>Wichtigste Funktionen<\/strong><\/p>\n<ul>\n<li>Geschikt voor 32 IP camera&#8217;s, waarvan 16 IP camera&#8217;s PoE bedraad kunnen worden aangesloten<\/li>\n<li>Geeignet f\u00fcr 3840\u00d72160 4K Ultra HD-Aufl\u00f6sung<\/li>\n<li>384Mbps ingaande bandbreedte<\/li>\n<li>AI functionaliteiten zoals Perimeter Protection, Heat Map, ANPR technologie, Smart Motion Detection, gezichtsdetectie en gezichtsherkenning.<\/li>\n<li>H.265+ High Efficiency Video Codec (HEVC)<\/li>\n<li>Funktioniert mit IP-Kameras anderer Marken<\/li>\n<li>Audio- und Alarmeingang\/-ausgang<\/li>\n<li>AcuPick technologie<\/li>\n<li>SMD Plus technologie<\/li>\n<li>Ondersteuning van Automatic Number Plate Recognition (ANPR), Point Of Sale (POS)<\/li>\n<li>2x HDMI en 2x VGA output<\/li>\n<li>Unterst\u00fctzt 800 m ePoE- und EoC-Technologie<\/li>\n<li>16 PoE 802.3af\/at RJ45-Ports (davon 8x ePoE)<\/li>\n<\/ul>\n<p><a href=\"https:\/\/staging.webstore4.com\/Copyright\/\" target=\"_blank\" rel=\"noopener\"><span style=\"color: #ff6e03; font-size: 11px;\">\u00a9 Der Text ist urheberrechtlich gesch\u00fctzt<\/span><\/a><\/p>","protected":false},"excerpt":{"rendered":"<p>De Dahua NVR5432-16P-EI is een 4K ultra HD PoE Netwerk Video Recorder (NVR) waar 32 IP camera&#8217;s mee kunnen worden verbonden voor het opnemen en beheren van camerabeelden. Daarvan kunnen 16 IP camera&#8217;s met PoE bedraad met de recorder worden verbonden. Door de grote functionaliteit, het installatiegemak en hoge bruikbaarheid is de NVR ideaal voor<\/p>\n<div class=\"klb-readmore button\"><a class=\"btn link\" href=\"https:\/\/staging.webstore4.com\/de\/product\/dahua-nvr5432-16p-ei-32-kanaals-netwerk-video-recorder\/\">Mehr lesen <i class=\"klbth-icon-right-arrow\"><\/i><\/a><\/div>","protected":false},"featured_media":16441,"comment_status":"open","ping_status":"closed","template":"","meta":[],"pwb-brand":[3376],"product_cat":[3441,4210],"product_tag":[],"class_list":{"0":"post-16440","1":"product","2":"type-product","3":"status-publish","4":"has-post-thumbnail","6":"pwb-brand-dahua","7":"product_cat-benodigdheden","8":"product_cat-recorders-opslagmedia-benodigdheden","9":"product_shipping_class-pakket","10":"pa_aantal-poe-poorten-4013","11":"pa_harddisk-type-4-x-3-5-inch-max-20tb","12":"pa_maximaal-ip-camera-kanalen-4731","13":"pa_maximum-aantal-harddisks-3647","14":"pa_merk-dahua","15":"pa_omgeving-binnen","16":"pa_poe-802-3af-at","17":"pa_product-nvr","18":"pa_product-status-a","19":"pa_rj45-lan-aansluiting-1x-101001000","20":"pa_voeding-230vac","22":"first","23":"onbackorder","24":"taxable","25":"shipping-taxable","26":"purchasable","27":"product-type-simple"},"brands":[{"id":3376,"name":"Dahua","slug":"dahua"}],"_links":{"self":[{"href":"https:\/\/staging.webstore4.com\/de\/wp-json\/wp\/v2\/product\/16440","targetHints":{"allow":["GET"]}}],"collection":[{"href":"https:\/\/staging.webstore4.com\/de\/wp-json\/wp\/v2\/product"}],"about":[{"href":"https:\/\/staging.webstore4.com\/de\/wp-json\/wp\/v2\/types\/product"}],"replies":[{"embeddable":true,"href":"https:\/\/staging.webstore4.com\/de\/wp-json\/wp\/v2\/comments?post=16440"}],"wp:featuredmedia":[{"embeddable":true,"href":"https:\/\/staging.webstore4.com\/de\/wp-json\/wp\/v2\/media\/16441"}],"wp:attachment":[{"href":"https:\/\/staging.webstore4.com\/de\/wp-json\/wp\/v2\/media?parent=16440"}],"wp:term":[{"taxonomy":"pwb-brand","embeddable":true,"href":"https:\/\/staging.webstore4.com\/de\/wp-json\/wp\/v2\/pwb-brand?post=16440"},{"taxonomy":"product_cat","embeddable":true,"href":"https:\/\/staging.webstore4.com\/de\/wp-json\/wp\/v2\/product_cat?post=16440"},{"taxonomy":"product_tag","embeddable":true,"href":"https:\/\/staging.webstore4.com\/de\/wp-json\/wp\/v2\/product_tag?post=16440"}],"curies":[{"name":"wp","href":"https:\/\/api.w.org\/{rel}","templated":true}]}}