{"id":16519,"date":"2024-03-22T08:39:19","date_gmt":"2024-03-22T07:39:19","guid":{"rendered":"https:\/\/webstore4.com\/?post_type=product&#038;p=16519"},"modified":"2025-02-28T08:10:55","modified_gmt":"2025-02-28T07:10:55","slug":"ajax-fireprotect-2-ac-zwart-hitte-rook-koolmonoxide","status":"publish","type":"product","link":"https:\/\/staging.webstore4.com\/de\/product\/ajax-fireprotect-2-ac-zwart-hitte-rook-koolmonoxide\/","title":{"rendered":"Ajax FireProtect 2 AC Zwart Jeweller met hitte, rook en koolmonoxide detector, 110-240V netvoeding en voldoet aan EN14604 normering"},"content":{"rendered":"<p>De Ajax FireProtect 2 AC Zwart Jeweller met hitte, rook en koolmonoxide detector is onderdeel van het Ajax Baseline alarmsysteem. Ajax is een toonaangevend bedrijf op het gebied van beveiligingsoplossingen. Met geavanceerde technologie\u00ebn en innovatieve producten bieden ze betrouwbare en effectieve beveiligingsoplossingen voor zowel particuliere als zakelijke klanten. Ajax systemen zijn eenvoudig te installeren en te bedienen, waardoor gebruikers een veilig gevoel hebben. Ajax Security Systems staat bekend om zijn hoogwaardige beveiligingsproducten die voldoen aan de strengste normen en eisen.<\/p>\n<p>Die App erm\u00f6glicht es, Benachrichtigungen \u00fcber Alarme und Ereignisse zu erhalten, Live-Videostreams anzusehen (sofern Kameras integriert sind) und den Status aller Sicherheitsger\u00e4te zu \u00fcberpr\u00fcfen. Die App bietet detaillierte Veranstaltungsinformationen und l\u00e4sst sich einfach \u00fcber mehrere Ger\u00e4te und Benutzer hinweg verwalten.<\/p>\n<p><strong>M\u00f6glichkeiten<\/strong><\/p>\n<p>De Ajax FireProtect 2 AC Zwart beschermt de omgeving tegen brand en rook. De rook, hitte en koolmonoxide melder stuurt binnen een seconde een melding bij detectie van snelle tempratuurstijging, koolmonoxide of rook en heeft daarnaast een ingebouwd alarm met een volume van vijfentachtig decibel. Het verschil van tussen de eerder gerealiseerde FireProtect 2 en de FireProtect 2 AC is dat de FirePRotect 2 AC een WAGO 221 voor ge\u00efnstalleerde SmartBracket heeft, waardoor de montage zeer eenvoudig is.<br \/>\nDas Ger\u00e4t verf\u00fcgt \u00fcber ein Jeweler-Funkprotokoll, das einen schnellen Informationsaustausch zwischen den verschiedenen Alarmkomponenten von Ajax erm\u00f6glicht.<\/p>\n<p>De Ajax FireProtect 2 AC Zwart is een draadloos alarm die binnen een afstand van 1700 meter (open ruimte) van de centrale Hub gemonteerd kan worden. Deze afstand kan vergroot worden met signaalversterkers. De Ajax FireProtect 2 AC Zwart functioneert op 110-240V voeding en heeft een back-up batterij met een verwachtte levensduur van tien jaar. De back-up accu zorgt er voor dat er bij stroomstoringen toch altijd nog beschikbaarheid is over de brand detector.<\/p>\n<p>De Ajax FireProtect 2 AC Zwart heeft een sabotage bescherming en voert op regelmatige basis een zelftestfunctie uit. Door de zelftestfunctie controleert het systeem zichzelf en worden eventuele problemen direct gemeld. De branddetectie van Ajax wordt veelal ingezet in woonhuizen, kantoorgebouwen en winkels. De Ajax FireProtect 2 AC Zwart herkent rook en reageert niet op waterdampen doordat dit model in bezit is van een zogenaamde HazeFlow 2-algoritme. De sensors zijn goed beschermd tegen stof en viezigheid door een gepatenteerde rookkamer. Dit model hoeft dus ook niet vaak te worden schoongemaakt.<\/p>\n<p>Dit product bestaat uit de Ajax FireProtect 2 AC Zwart, inclusief back-up batterij en een montagepaneel.<\/p>\n<p>F\u00fcr weitere Spezifikationen empfehlen wir Ihnen, das Datenblatt zu konsultieren, das unter der Registerkarte \u201eDokumentation\u201c enthalten ist.<\/p>\n<p><strong>Wichtigste Funktionen<\/strong><\/p>\n<ul>\n<li>Funktioniert nur mit HUB PLUS, HUB 2 (2G), HUB 2 (4G) und HUB 2 PLUS<\/li>\n<li>Funktioniert mit den Signalverst\u00e4rkern ReX und ReX 2<\/li>\n<li>Rauch-, Hitze- und Kohlenmonoxidmelder (CO).<\/li>\n<li>Steuerung \u00fcber Ajax-Anwendung<\/li>\n<li>Ingebouwde sirene 85Db<\/li>\n<li>2-Wege-Kommunikation<\/li>\n<li>Voor ge\u00efnstalleerde SmartBracket<\/li>\n<li>Aansluitklem voor WAGO 221 3-geleider<\/li>\n<li>Inclusief back-up batterij (1x CR-2\/3AZ)<\/li>\n<li>Kann in einem Umkreis von bis zu 1700 Metern (Freifl\u00e4che) mit dem Ajax Hub verbunden werden.<\/li>\n<li>Voeding 110-240V<\/li>\n<li>Schwarz<\/li>\n<\/ul>\n<p><a href=\"https:\/\/staging.webstore4.com\/Copyright\/\" target=\"_blank\" rel=\"noopener\"><span style=\"color: #ff6e03; font-size: 11px;\">\u00a9 Der Text ist urheberrechtlich gesch\u00fctzt<\/span><\/a><\/p>\n<div style=\"width: 960px;\" class=\"wp-video\"><!--[if lt IE 9]><script>document.createElement('video');<\/script><![endif]-->\n<video class=\"wp-video-shortcode\" id=\"video-16519-1\" width=\"960\" height=\"594\" preload=\"metadata\" controls=\"controls\"><source type=\"video\/mp4\" src=\"https:\/\/staging.webstore4.com\/wp-content\/uploads\/2024\/03\/Ajax-FireProtect-2-AC-WebStore4.mp4?_=1\" \/><a href=\"https:\/\/staging.webstore4.com\/wp-content\/uploads\/2024\/03\/Ajax-FireProtect-2-AC-WebStore4.mp4\">https:\/\/staging.webstore4.com\/wp-content\/uploads\/2024\/03\/Ajax-FireProtect-2-AC-WebStore4.mp4<\/a><\/video><\/div>","protected":false},"excerpt":{"rendered":"<p>De Ajax FireProtect 2 AC Zwart Jeweller met hitte, rook en koolmonoxide detector is onderdeel van het Ajax Baseline alarmsysteem. Ajax is een toonaangevend bedrijf op het gebied van beveiligingsoplossingen. Met geavanceerde technologie\u00ebn en innovatieve producten bieden ze betrouwbare en effectieve beveiligingsoplossingen voor zowel particuliere als zakelijke klanten. Ajax systemen zijn eenvoudig te installeren en<\/p>\n<div class=\"klb-readmore button\"><a class=\"btn link\" href=\"https:\/\/staging.webstore4.com\/de\/product\/ajax-fireprotect-2-ac-zwart-hitte-rook-koolmonoxide\/\">Mehr lesen <i class=\"klbth-icon-right-arrow\"><\/i><\/a><\/div>","protected":false},"featured_media":16520,"comment_status":"open","ping_status":"closed","template":"","meta":[],"pwb-brand":[3408],"product_cat":[3466,4224,4263],"product_tag":[],"class_list":{"0":"post-16519","1":"product","2":"type-product","3":"status-publish","4":"has-post-thumbnail","6":"pwb-brand-ajax-systems","7":"product_cat-alarm","8":"product_cat-alarmsystemen","9":"product_cat-ajax-baseline","10":"product_shipping_class-pakket","11":"pa_detectie-met-hitte-sensoren","12":"pa_detectie-met-koolmonoxide-sensoren","13":"pa_detectie-met-rook-sensoren","14":"pa_garantie-2-jaar","15":"pa_kleur-zwart","16":"pa_merk-ajax-systems","17":"pa_product-branddetectie","18":"pa_voeding-230-vac","20":"first","21":"onbackorder","22":"taxable","23":"shipping-taxable","24":"purchasable","25":"product-type-simple"},"brands":[{"id":3408,"name":"Ajax Systems","slug":"ajax-systems"}],"_links":{"self":[{"href":"https:\/\/staging.webstore4.com\/de\/wp-json\/wp\/v2\/product\/16519","targetHints":{"allow":["GET"]}}],"collection":[{"href":"https:\/\/staging.webstore4.com\/de\/wp-json\/wp\/v2\/product"}],"about":[{"href":"https:\/\/staging.webstore4.com\/de\/wp-json\/wp\/v2\/types\/product"}],"replies":[{"embeddable":true,"href":"https:\/\/staging.webstore4.com\/de\/wp-json\/wp\/v2\/comments?post=16519"}],"wp:featuredmedia":[{"embeddable":true,"href":"https:\/\/staging.webstore4.com\/de\/wp-json\/wp\/v2\/media\/16520"}],"wp:attachment":[{"href":"https:\/\/staging.webstore4.com\/de\/wp-json\/wp\/v2\/media?parent=16519"}],"wp:term":[{"taxonomy":"pwb-brand","embeddable":true,"href":"https:\/\/staging.webstore4.com\/de\/wp-json\/wp\/v2\/pwb-brand?post=16519"},{"taxonomy":"product_cat","embeddable":true,"href":"https:\/\/staging.webstore4.com\/de\/wp-json\/wp\/v2\/product_cat?post=16519"},{"taxonomy":"product_tag","embeddable":true,"href":"https:\/\/staging.webstore4.com\/de\/wp-json\/wp\/v2\/product_tag?post=16519"}],"curies":[{"name":"wp","href":"https:\/\/api.w.org\/{rel}","templated":true}]}}