{"id":16555,"date":"2024-03-22T12:51:56","date_gmt":"2024-03-22T11:51:56","guid":{"rendered":"https:\/\/webstore4.com\/?post_type=product&#038;p=16555"},"modified":"2024-06-19T11:25:25","modified_gmt":"2024-06-19T10:25:25","slug":"dahua-nvr4416-16p-ei-16-poe-netwerk-video-recorder","status":"publish","type":"product","link":"https:\/\/staging.webstore4.com\/de\/product\/dahua-nvr4416-16p-ei-16-poe-netwerk-video-recorder\/","title":{"rendered":"Dahua NVR4416-16P-EI 16 kanaals PoE 4K Ultra HD Netwerk Video Recorder tot 16 megapixel"},"content":{"rendered":"<p>De Dahua NVR4416-16P-EI is een 4K ultra HD PoE Netwerk Video Recorder (NVR) waar 16 IP camera&#8217;s mee kunnen worden verbonden voor het opnemen en beheren van camerabeelden. Door de grote functionaliteit, het installatiegemak en hoge bruikbaarheid is de NVR ideaal voor gebruik in zowel woningen, winkels als bedrijven.<\/p>\n<p><strong>M\u00f6glichkeiten<\/strong><\/p>\n<p>Op de NVR kunnen maximaal 16 IP camera&#8217;s bedraad of via het netwerk worden aangesloten. De Dahua NVR4416-16P-EI beschikt over 16 PoE poorten waardoor de aangesloten camera&#8217;s over 1 netwerkkabel ook worden gevoed. Hiermee is de installatie zeer eenvoudig.<br \/>\nDer NVR kann eigenst\u00e4ndig arbeiten, kann aber auch mit dem Netzwerk verbunden werden. Auf den NVR kann dann \u00fcber einen Webbrowser, die Dahua-Videoverwaltungssoftware und mit der kostenlosen Dahua-App f\u00fcr Smartphone und Tablet zugegriffen werden.<\/p>\n<p>De NVR beschikt over een HDMI en VGA uitgang met een maximale resolutie van 3840&#215;2160 (4K Ultra HD) voor het aansluiten op een normale TV voor onder meer het tonen van beelden. Verder is er een tweetal USB aansluitingen voor het aansluiten van bijvoorbeeld een muis. De NVR4416-16P-EI ondersteund camera&#8217;s tot maximaal 16 megapixel.<\/p>\n<p>De NVR uit de WizSense serie ondersteund verschillende slimme functies van de camera&#8217;s, waaronder gezichtsdetectie, gezichtsherkenning, Smart Motion Detection Plus (SMD) en Heat Map. Doordat de NVR AI functionaliteiten heeft kan de NVR de opgeslagen beelden indelen onder bepaalde events en type targets. Zo maakt de NVR zelf verschil tussen mens, dier en voertuig bij het opslaan van de beelden.\u00a0 Ook ondersteund de NVR ANPR en Quick Pick, wat de NVR ideaal maakt voor kentekenregistratie in combinatie met een geschikte camera. Om op de juiste manier gebruik te maken van de slimme functies, zal altijd de geschikte camera gekozen moeten worden.<\/p>\n<p><strong>Festplatten<\/strong><\/p>\n<p>De Dahua NVR4416-16P-EI ondersteunt maar liefst vier 3,5 inch harde schijven van maximaal 16 terrabyte elk. De Dahua NVR4416-16P-EI wordt standaard geleverd zonder een harde schijf. Onder het tabblad &#8216;Opties&#8217; kan een harde schijf worden mee besteld. Wij leveren Western Digital Purple hard disks die specifiek zijn ontworpen voor 24\/7 bewakingsdoeleinden.<\/p>\n<p>F\u00fcr weitere Spezifikationen empfehlen wir Ihnen, das Datenblatt zu konsultieren, das unter der Registerkarte \u201eDokumentation\u201c enthalten ist.<\/p>\n<p><strong>Wichtigste Funktionen<\/strong><\/p>\n<ul>\n<li>Geeignet f\u00fcr 16 IP-Kameras<\/li>\n<li>Geeignet f\u00fcr 3840\u00d72160 4K Ultra HD-Aufl\u00f6sung<\/li>\n<li>256 Mbps ingaande bandbreedte, 256 Mbps uitgaande bandbreedte<br \/>\nMet AI functionaliteiten geactiveerd is het 180 Mbps<\/li>\n<li>Ondersteuning tot maximaal 16 megapixel<\/li>\n<li>H.265+ High Efficiency Video Codec (HEVC)<\/li>\n<li>Funktioniert mit IP-Kameras anderer Marken<\/li>\n<li>Audio- und Alarmeingang\/-ausgang<\/li>\n<li>ANR-Technologie (Automatic Network Replenishment).<\/li>\n<li>HDMI\/VGA-Ausgang<\/li>\n<li>16 PoE 802.3af\/at RJ45-Ports<\/li>\n<li>4x 3,5 inch harde schijven van maximaal 16 Tb<\/li>\n<\/ul>\n<p><a href=\"https:\/\/staging.webstore4.com\/Copyright\/\" target=\"_blank\" rel=\"noopener\"><span style=\"color: #ff6e03; font-size: 11px;\">\u00a9 Der Text ist urheberrechtlich gesch\u00fctzt<\/span><\/a><\/p>","protected":false},"excerpt":{"rendered":"<p>De Dahua NVR4416-16P-EI is een 4K ultra HD PoE Netwerk Video Recorder (NVR) waar 16 IP camera&#8217;s mee kunnen worden verbonden voor het opnemen en beheren van camerabeelden. Door de grote functionaliteit, het installatiegemak en hoge bruikbaarheid is de NVR ideaal voor gebruik in zowel woningen, winkels als bedrijven. Mogelijkheden Op de NVR kunnen maximaal<\/p>\n<div class=\"klb-readmore button\"><a class=\"btn link\" href=\"https:\/\/staging.webstore4.com\/de\/product\/dahua-nvr4416-16p-ei-16-poe-netwerk-video-recorder\/\">Mehr lesen <i class=\"klbth-icon-right-arrow\"><\/i><\/a><\/div>","protected":false},"featured_media":16556,"comment_status":"open","ping_status":"closed","template":"","meta":[],"pwb-brand":[3376],"product_cat":[3441,4210],"product_tag":[],"class_list":{"0":"post-16555","1":"product","2":"type-product","3":"status-publish","4":"has-post-thumbnail","6":"pwb-brand-dahua","7":"product_cat-benodigdheden","8":"product_cat-recorders-opslagmedia-benodigdheden","9":"product_shipping_class-pakket","10":"pa_aanbieding-sale","11":"pa_aantal-poe-poorten-4013","12":"pa_harddisk-type-4-x-3-5-inch-max-16tb","13":"pa_maximaal-ip-camera-kanalen-3652","14":"pa_maximum-aantal-harddisks-4040","15":"pa_merk-dahua","16":"pa_omgeving-binnen","17":"pa_poe-802-3af-at","18":"pa_product-nvr","19":"pa_product-status-a","20":"pa_rj45-lan-aansluiting-1x-101001000","21":"pa_voeding-230vac","23":"first","24":"onbackorder","25":"sale","26":"taxable","27":"shipping-taxable","28":"purchasable","29":"product-type-simple"},"brands":[{"id":3376,"name":"Dahua","slug":"dahua"}],"_links":{"self":[{"href":"https:\/\/staging.webstore4.com\/de\/wp-json\/wp\/v2\/product\/16555","targetHints":{"allow":["GET"]}}],"collection":[{"href":"https:\/\/staging.webstore4.com\/de\/wp-json\/wp\/v2\/product"}],"about":[{"href":"https:\/\/staging.webstore4.com\/de\/wp-json\/wp\/v2\/types\/product"}],"replies":[{"embeddable":true,"href":"https:\/\/staging.webstore4.com\/de\/wp-json\/wp\/v2\/comments?post=16555"}],"wp:featuredmedia":[{"embeddable":true,"href":"https:\/\/staging.webstore4.com\/de\/wp-json\/wp\/v2\/media\/16556"}],"wp:attachment":[{"href":"https:\/\/staging.webstore4.com\/de\/wp-json\/wp\/v2\/media?parent=16555"}],"wp:term":[{"taxonomy":"pwb-brand","embeddable":true,"href":"https:\/\/staging.webstore4.com\/de\/wp-json\/wp\/v2\/pwb-brand?post=16555"},{"taxonomy":"product_cat","embeddable":true,"href":"https:\/\/staging.webstore4.com\/de\/wp-json\/wp\/v2\/product_cat?post=16555"},{"taxonomy":"product_tag","embeddable":true,"href":"https:\/\/staging.webstore4.com\/de\/wp-json\/wp\/v2\/product_tag?post=16555"}],"curies":[{"name":"wp","href":"https:\/\/api.w.org\/{rel}","templated":true}]}}