{"id":16562,"date":"2024-03-22T13:42:58","date_gmt":"2024-03-22T12:42:58","guid":{"rendered":"https:\/\/webstore4.com\/?post_type=product&#038;p=16562"},"modified":"2024-04-19T15:23:29","modified_gmt":"2024-04-19T14:23:29","slug":"dahua-nvr4108-8p-4ks3-8-netwerk-video-recorder","status":"publish","type":"product","link":"https:\/\/staging.webstore4.com\/de\/product\/dahua-nvr4108-8p-4ks3-8-netwerk-video-recorder\/","title":{"rendered":"Dahua NVR4108-8P-4KS3 8 kanaals PoE 4K Ultra HD Netwerk Video Recorder tot 12 megapixel"},"content":{"rendered":"<p>De Dahua NVR4108-8P-4KS3 is een 4K ultra HD PoE Netwerk Video Recorder (NVR) waar 8 IP camera&#8217;s mee kunnen worden verbonden voor het opnemen en beheren van HD camerabeelden. Door de grote functionaliteit, het installatiegemak en hoge bruikbaarheid is de NVR ideaal voor gebruik in zowel woningen, winkels als bedrijven.<\/p>\n<p><strong>M\u00f6glichkeiten<\/strong><\/p>\n<p>Maximal 4 4K Ultra HD IP-Kameras k\u00f6nnen kabelgebunden an den NVR angeschlossen werden. Der Dahua NVR4204-P-4KS2 verf\u00fcgt \u00fcber 4 PoE-Ports, sodass die angeschlossenen Kameras auch \u00fcber 1 Netzwerkkabel mit Strom versorgt werden. Dies macht die Installation sehr einfach. Der NVR kann eigenst\u00e4ndig arbeiten, kann aber auch mit dem Netzwerk verbunden werden. Auf den NVR kann dann \u00fcber einen Webbrowser, die Dahua-Videoverwaltungssoftware und mit der kostenlosen Dahua-App f\u00fcr Smartphone und Tablet zugegriffen werden.<\/p>\n<p>Der NVR verf\u00fcgt \u00fcber einen HDMI- und VGA-Ausgang mit einer maximalen Aufl\u00f6sung von 3840 x 2160 (4K Ultra HD) zum Anschluss an einen normalen Fernseher, unter anderem zur Bildanzeige. Au\u00dferdem gibt es einen USB-Anschluss, um beispielsweise eine Maus anzuschlie\u00dfen.<\/p>\n<p>De NVR ondersteund verschillende slimme functies waaronder Smart Motion Detection Plus (SMD), gezichtsdetectie, gezichtsherkenning, Perimeter Protection en Heat map. Hiervoor dient uiteraard wel de juiste camera met de NVR te zijn verbonden.<\/p>\n<p><strong>Festplatten<\/strong><\/p>\n<p>De Dahua NVR4108-8P-4KS3 ondersteunt \u00e9\u00e9n 3,5 inch harde schijven van maximaal 20 terrabyte. De Dahua NVR4108-8P-4KS3 wordt standaard geleverd <u>ohne<\/u> eine Festplatte. In unserem Online-Shop verkaufen wir Western Digital Purple-Festplatten f\u00fcr diesen Rekorder, die speziell f\u00fcr \u00dcberwachungszwecke rund um die Uhr konzipiert sind.<\/p>\n<p>Unter dem Reiter \u201eDokumentation\u201c gibt es einen Link zum Datenblatt und zur Produktseite des Herstellers mit allen Spezifikationen.<\/p>\n<p><strong>Wichtigste Funktionen<\/strong><\/p>\n<ul>\n<li>Geeignet f\u00fcr 8 kabelgebundene IP-Kameras<\/li>\n<li>Geschikt voor Dahua camera&#8217;s met slimme detectie functies<\/li>\n<li>Geeignet f\u00fcr 3840\u00d72160 4K Ultra HD-Aufl\u00f6sung<\/li>\n<li>160 Mbps ingaande bandbreedte, 160 Mbps uitgaande bandbreedte<br \/>\nMet AI functionaliteiten geactiveerd is het 80 Mbps ingaande bandbreedte en 60 Mbps uitgaande bandbreedte<\/li>\n<li>H.265+ High Efficiency Video Codec (HEVC)<\/li>\n<li>Funktioniert mit IP-Kameras anderer Marken<\/li>\n<li>Audio- und Alarmeingang\/-ausgang<\/li>\n<li>HDMI\/VGA-Ausgang<\/li>\n<li>Plug<\/li>\n<li>8x PoE 802.3af\/at RJ45 poorten<\/li>\n<\/ul>\n<p><a href=\"https:\/\/staging.webstore4.com\/Copyright\/\" target=\"_blank\" rel=\"noopener\"><span style=\"color: #ff6e03; font-size: 11px;\">\u00a9 Der Text ist urheberrechtlich gesch\u00fctzt<\/span><\/a><\/p>","protected":false},"excerpt":{"rendered":"<p>De Dahua NVR4108-8P-4KS3 is een 4K ultra HD PoE Netwerk Video Recorder (NVR) waar 8 IP camera&#8217;s mee kunnen worden verbonden voor het opnemen en beheren van HD camerabeelden. Door de grote functionaliteit, het installatiegemak en hoge bruikbaarheid is de NVR ideaal voor gebruik in zowel woningen, winkels als bedrijven. Mogelijkheden Op de NVR kunnen<\/p>\n<div class=\"klb-readmore button\"><a class=\"btn link\" href=\"https:\/\/staging.webstore4.com\/de\/product\/dahua-nvr4108-8p-4ks3-8-netwerk-video-recorder\/\">Mehr lesen <i class=\"klbth-icon-right-arrow\"><\/i><\/a><\/div>","protected":false},"featured_media":16563,"comment_status":"open","ping_status":"closed","template":"","meta":[],"pwb-brand":[3376],"product_cat":[3441,4210],"product_tag":[],"class_list":{"0":"post-16562","1":"product","2":"type-product","3":"status-publish","4":"has-post-thumbnail","6":"pwb-brand-dahua","7":"product_cat-benodigdheden","8":"product_cat-recorders-opslagmedia-benodigdheden","9":"product_shipping_class-pakket","10":"pa_aantal-poe-poorten-3936","11":"pa_harddisk-type-1-x-3-5-inch-max-20tb","12":"pa_maximaal-ip-camera-kanalen-3646","13":"pa_maximum-aantal-harddisks-3722","14":"pa_merk-dahua","15":"pa_omgeving-binnen","16":"pa_poe-802-3af-at","17":"pa_product-nvr","18":"pa_product-status-a","19":"pa_rj45-lan-aansluiting-1x-101001000","20":"pa_voeding-230vac","22":"first","23":"onbackorder","24":"taxable","25":"shipping-taxable","26":"purchasable","27":"product-type-simple"},"brands":[{"id":3376,"name":"Dahua","slug":"dahua"}],"_links":{"self":[{"href":"https:\/\/staging.webstore4.com\/de\/wp-json\/wp\/v2\/product\/16562","targetHints":{"allow":["GET"]}}],"collection":[{"href":"https:\/\/staging.webstore4.com\/de\/wp-json\/wp\/v2\/product"}],"about":[{"href":"https:\/\/staging.webstore4.com\/de\/wp-json\/wp\/v2\/types\/product"}],"replies":[{"embeddable":true,"href":"https:\/\/staging.webstore4.com\/de\/wp-json\/wp\/v2\/comments?post=16562"}],"wp:featuredmedia":[{"embeddable":true,"href":"https:\/\/staging.webstore4.com\/de\/wp-json\/wp\/v2\/media\/16563"}],"wp:attachment":[{"href":"https:\/\/staging.webstore4.com\/de\/wp-json\/wp\/v2\/media?parent=16562"}],"wp:term":[{"taxonomy":"pwb-brand","embeddable":true,"href":"https:\/\/staging.webstore4.com\/de\/wp-json\/wp\/v2\/pwb-brand?post=16562"},{"taxonomy":"product_cat","embeddable":true,"href":"https:\/\/staging.webstore4.com\/de\/wp-json\/wp\/v2\/product_cat?post=16562"},{"taxonomy":"product_tag","embeddable":true,"href":"https:\/\/staging.webstore4.com\/de\/wp-json\/wp\/v2\/product_tag?post=16562"}],"curies":[{"name":"wp","href":"https:\/\/api.w.org\/{rel}","templated":true}]}}