{"id":16601,"date":"2024-03-25T08:41:20","date_gmt":"2024-03-25T07:41:20","guid":{"rendered":"https:\/\/webstore4.com\/?post_type=product&#038;p=16601"},"modified":"2024-04-19T15:23:33","modified_gmt":"2024-04-19T14:23:33","slug":"dahua-sd1a404db-gny-4mp-ptz-dome-camera","status":"publish","type":"product","link":"https:\/\/staging.webstore4.com\/de\/product\/dahua-sd1a404db-gny-4mp-ptz-dome-camera\/","title":{"rendered":"Dahua SD1A404DB-GNY 4MP WizSense buiten PTZ dome camera met Starlight Technology, Audio input\/output, PoE en SD slot"},"content":{"rendered":"<p>Die Dahua SD1A204DB-GNY ist eine Full HD 2MP Pan Tilt Zoom (PTZ) Dome-Kamera aus der WizSense-Serie mit Starlight-Technologie f\u00fcr den Innen- und Au\u00dfenbereich. Die Kamera verf\u00fcgt \u00fcber ein eingebautes Mikrofon und Audio-Ein-\/Ausgang, 4-fach optischen Zoom und 120 dB WDR. Es besteht auch die M\u00f6glichkeit, in der Kamera auf einer microSD-Karte (nicht im Lieferumfang enthalten) aufzuzeichnen. Die Kamera kann geneigt, gedreht und gezoomt (Schwenken\/Neigen\/Zoomen) werden und eignet sich sehr gut f\u00fcr den Einsatz in Wohnungen, B\u00fcros, Restaurants, Hotels und Gesch\u00e4ftsr\u00e4umen.<\/p>\n<p><strong>M\u00f6glichkeiten<\/strong><\/p>\n<p>Der Dahua SD1A204DB-GNY zeigt Bilder in einer FullHD-Aufl\u00f6sung von 1920\u00d71080 an. Die Kamera verf\u00fcgt \u00fcber die Dahua Starlight-Technologie und eignet sich daher ideal f\u00fcr Anwendungen mit schwierigen Lichtverh\u00e4ltnissen. Au\u00dferdem verf\u00fcgt die Kamera \u00fcber einen integrierten automatischen IR-Sperrfilter. Dank des hochlichtempfindlichen Bildsensors liefert die Kamera auch bei nahezu v\u00f6lliger Dunkelheit (0,005 Lux) noch ein brauchbares Bild mit einem Minimum an Umgebungslicht. Die Kamera verf\u00fcgt \u00fcber eine integrierte Infrarot-Nachtsicht bis zu einer Entfernung von maximal 20 Metern und einen Wide Dynamic Range (WDR) von 120 dB, was bedeutet, dass die Kamera auch mit komplexen Lichtverh\u00e4ltnissen, beispielsweise durch Gegenlicht der Sonne oder Autoscheinwerfer, sehr gut zurechtkommt . Die Kamera verf\u00fcgt \u00fcber ein eingebautes Mikrofon.<\/p>\n<p>Die Kamera verf\u00fcgt \u00fcber die Dahua SMD 3.0 Smart Motion Detection. Diese intelligente Bewegungserkennung verf\u00fcgt \u00fcber fortschrittliche Objekterkennungs- und Analysealgorithmen, um genau zwischen Menschen und anderen Objekten wie Tieren und Fahrzeugen zu unterscheiden. Dadurch wird sichergestellt, dass Fehlalarme minimiert werden.<\/p>\n<p>Bilder k\u00f6nnen unter anderem auf einem Netzwerk-Videorecorder (NVR) gespeichert werden. Die Kamera verf\u00fcgt au\u00dferdem \u00fcber die M\u00f6glichkeit, in der Kamera auf eine microSD-Speicherkarte bis maximal 512 GB aufzuzeichnen.<\/p>\n<p>Dahua bietet eine kostenlose niederl\u00e4ndische App f\u00fcr Apple iOS und Android an. Die Kamera verf\u00fcgt \u00fcber einen internen Webserver, der \u00fcber einen Webbrowser angezeigt und verwaltet werden kann. Video Management Software (VMS) f\u00fcr einen Computer kann kostenlos von der Dahua-Website heruntergeladen werden. Die Registerkarte \u201eDokumentation\u201c enth\u00e4lt einen Link zur Produktseite des Herstellers.<\/p>\n<p>Die SD1A204DB-GNY verf\u00fcgt \u00fcber die Schutzart IP66, wodurch die Kamera f\u00fcr den Einsatz im Freien geeignet ist, au\u00dferdem ist die Kamera vandalensicher (Schutzart IK08). Die passenden Montagehalterungen werden unter der Registerkarte \u201eZugeh\u00f6rige\u201c angezeigt. Zur einfacheren Installation kann die Kamera \u00fcber das Netzwerkkabel mit Power over Ethernet (Standard 802.3af POE) mit Strom versorgt werden. PoE kann \u00fcber einen PoE-NVR, einen PoE-Switch oder mit einem PoE-Injektor bezogen werden. Die Kamera kann auch mit einem optionalen 12-V-Netzteil mit Strom versorgt werden.<\/p>\n<p><strong>Wichtigste Funktionen<\/strong><\/p>\n<ul>\n<li>4 megapixel FullHD PTZ 360 graden dome camera<\/li>\n<li>Tag-\/Nachtkamera mit automatischem mechanischem IR-Sperrfilter und Dahua Starlight-Technologie<\/li>\n<li>Audio-Ein-\/Ausgang<\/li>\n<li>Alarmeingang\/-ausgang<\/li>\n<li>Aufnahme in der Kamera auf SD-Karte<\/li>\n<li>120 dB breiter Dynamikbereich (WDR)<\/li>\n<li>Zonen-optionale Hintergrundbeleuchtungskompensation (BLC)<\/li>\n<li>3D-Digital-Rauschunterdr\u00fcckung (3D-DNR)<\/li>\n<li>Bewegungserkennung, Manipulationsalarm<\/li>\n<li>Intelligente Bewegungserkennung (SMD 3.0)<\/li>\n<li>ONVIF-Protokoll<\/li>\n<li>Stromversorgung \u00fcber 12VDC-Adapter oder \u00fcber PoE (802.3af)<\/li>\n<\/ul>\n<p><a href=\"https:\/\/staging.webstore4.com\/Copyright\/\" target=\"_blank\" rel=\"noopener\"><span style=\"color: #ff6e03; font-size: 11px;\">\u00a9 Der Text ist urheberrechtlich gesch\u00fctzt<\/span><\/a><\/p>","protected":false},"excerpt":{"rendered":"<p>De Dahua SD1A404DB-GNY is een Full HD 4MP Pan Tilt Zoom (PTZ) dome camera uit de WizSense serie met Starlight Technology voor gebruik binnen of buiten. De camera beschikt over audio input\/output, 4x optische zoom en 120dB WDR. Daarnaast bestaat de mogelijkheid om in de camera op te nemen op een microSD kaart (niet meegeleverd).<\/p>\n<div class=\"klb-readmore button\"><a class=\"btn link\" href=\"https:\/\/staging.webstore4.com\/de\/product\/dahua-sd1a404db-gny-4mp-ptz-dome-camera\/\">Mehr lesen <i class=\"klbth-icon-right-arrow\"><\/i><\/a><\/div>","protected":false},"featured_media":16604,"comment_status":"open","ping_status":"closed","template":"","meta":[],"pwb-brand":[3376],"product_cat":[3435,4184,4185,4200],"product_tag":[],"class_list":{"0":"post-16601","1":"product","2":"type-product","3":"status-publish","4":"has-post-thumbnail","6":"pwb-brand-dahua","7":"product_cat-ip-cameras","8":"product_cat-cameras","9":"product_cat-180-360-ptz-cameras","10":"product_cat-dome-eyeball-cameras-cameras","11":"product_shipping_class-pakket","12":"pa_alarm-ingang-uitgang-ja","13":"pa_audio-ingang-uitgang","14":"pa_beeldhoek-graden-horizontaal-96-9-31-6","15":"pa_beeldsensor-12-8-cmos","16":"pa_dag-nacht-ir-cut-filter-ja","17":"pa_geheugenkaart-type-micro-sd-sdhc-sdxc-512gb","18":"pa_lens-mm-2-8-12","19":"pa_megapixel-4mp","20":"pa_merk-dahua","21":"pa_minimale-verlichting-0-005-lux-0-lux-met-ir","22":"pa_mobiele-app-fabrikant-ja","23":"pa_nachtzicht-nee","24":"pa_omgeving-binnen-en-buiten","25":"pa_opnemen-op-sd-kaart-ja","26":"pa_poe-802-3af","27":"pa_product-status-b","28":"pa_resolutie-max-pixels-full-hd-2560x1440","29":"pa_vandaalbestendig-ik08","30":"pa_voeding-12vdc","31":"pa_voeding-poe","32":"pa_wdr-ja","34":"first","35":"onbackorder","36":"taxable","37":"shipping-taxable","38":"purchasable","39":"product-type-simple"},"brands":[{"id":3376,"name":"Dahua","slug":"dahua"}],"_links":{"self":[{"href":"https:\/\/staging.webstore4.com\/de\/wp-json\/wp\/v2\/product\/16601","targetHints":{"allow":["GET"]}}],"collection":[{"href":"https:\/\/staging.webstore4.com\/de\/wp-json\/wp\/v2\/product"}],"about":[{"href":"https:\/\/staging.webstore4.com\/de\/wp-json\/wp\/v2\/types\/product"}],"replies":[{"embeddable":true,"href":"https:\/\/staging.webstore4.com\/de\/wp-json\/wp\/v2\/comments?post=16601"}],"wp:featuredmedia":[{"embeddable":true,"href":"https:\/\/staging.webstore4.com\/de\/wp-json\/wp\/v2\/media\/16604"}],"wp:attachment":[{"href":"https:\/\/staging.webstore4.com\/de\/wp-json\/wp\/v2\/media?parent=16601"}],"wp:term":[{"taxonomy":"pwb-brand","embeddable":true,"href":"https:\/\/staging.webstore4.com\/de\/wp-json\/wp\/v2\/pwb-brand?post=16601"},{"taxonomy":"product_cat","embeddable":true,"href":"https:\/\/staging.webstore4.com\/de\/wp-json\/wp\/v2\/product_cat?post=16601"},{"taxonomy":"product_tag","embeddable":true,"href":"https:\/\/staging.webstore4.com\/de\/wp-json\/wp\/v2\/product_tag?post=16601"}],"curies":[{"name":"wp","href":"https:\/\/api.w.org\/{rel}","templated":true}]}}