{"id":16701,"date":"2024-03-29T08:40:14","date_gmt":"2024-03-29T07:40:14","guid":{"rendered":"https:\/\/webstore4.com\/?post_type=product&#038;p=16701"},"modified":"2024-04-19T15:23:43","modified_gmt":"2024-04-19T14:23:43","slug":"uniarch-ipc-t124-apf28k-4mp-turret-camera","status":"publish","type":"product","link":"https:\/\/staging.webstore4.com\/de\/product\/uniarch-ipc-t124-apf28k-4mp-turret-camera\/","title":{"rendered":"Uniarch IPC-T124-APF28K Full HD 4MP buiten turret camera met 2.8 mm lens, 30m Smart IR, WDR, PoE, SD slot, ingebouwde microfoon en gratis applicatie"},"content":{"rendered":"<div class=\"video-frame-box\" style=\"width: 100%; max-width: 480px; max-height: 270px; float: right; padding: 0px 10px 10px 10px;\">\n<div class=\"video-frame\"><iframe src=\"\/\/www.youtube.com\/embed\/oR_O0mi4pC4?rel=0&amp;modestbranding=1&amp;showinfo=0&amp;autohide=1\" width=\"480\" height=\"270\" frameborder=\"0\"><\/iframe><\/div>\n<\/div>\n<p>De Uniarch IPC-T124-APF28K is een Full HD 4MP eyeball camera met 30m Smart infrarood nachtzicht, bewegingsdetectie en ingebouwde microfoon. De beveiligingscamera kan van stroom worden voorzien via de netwerkkabel (PoE). De camera is geschikt voor binnen of buiten. Uniarch is een productlijn van Uniview met voordelige videobewaking en met focus op betrouwbare kwaliteit, eenvoudige installatie en hoog gebruiksgemak.<\/p>\n<p><strong>M\u00f6glichkeiten<\/strong><\/p>\n<p>Der Uniarch IPC-T124-PF28 zeigt Bilder in einer Full-HD-Aufl\u00f6sung von 2560 x 1440 an. Die Kamera verf\u00fcgt \u00fcber ein festes Objektiv. Die Kamera kann bei Dunkelheit die integrierte IR-Beleuchtung einschalten und liefert so auch bei v\u00f6lliger Dunkelheit (0 Lux) ein gestochen scharfes Bild. Die IR-Beleuchtung hat eine maximale Reichweite von 30 Metern. Die Kamera verf\u00fcgt \u00fcber Digital Wide Dynamic Range (WDR), wodurch die Kamera auch komplexe Lichtverh\u00e4ltnisse gut bew\u00e4ltigen kann.<\/p>\n<p>Beelden kunnen worden opgeslagen op een Netwerk Video Recorder (NVR). Onder het tabblad &#8216;Opties&#8217; zijn de Uniarch recorders opgenomen. De camera kan opnemen op een microSD geheugenkaart in de camera tot 128 gigabyte.<br \/>\nHet verschil tussen de Uniarch IPC-T124-APF28 en de Uniarch IPC-T124-APF28K is dat de deze camera beschikking heeft over het plaatsen van een microSD geheugenkaart in de camera. Dat heeft de Uniarch IPC-T124-APF28 niet. Daarnaast is ook de horizontale beeldhoek anders.<\/p>\n<p>Eine kostenlose mobile App ist f\u00fcr Apple iOS und Android verf\u00fcgbar. Es kann die niederl\u00e4ndische Uniview-App oder die spezifische Uniarch-App (Englisch) verwendet werden. Die Kamera verf\u00fcgt \u00fcber einen internen Webserver, der \u00fcber einen Webbrowser angezeigt und verwaltet werden kann. Auch die Verwaltung der Kameras und Bilder ist mit einem NVR m\u00f6glich.<br \/>\nVideo Management Software (VMS) f\u00fcr einen Computer kann kostenlos von der Uniview-Website heruntergeladen werden. Der Reiter \u201eDokumentation\u201c enth\u00e4lt einen Link zur Produktseite des Herstellers mit allen Produktinformationen und Handb\u00fcchern. Die Software kann von der Website heruntergeladen werden.<\/p>\n<p>De Uniarch IPC-T124-APF28K heeft een IP67 rating waardoor de camera uitermate geschikt is voor gebruik buiten. Voor installatiegemak kan de camera via de netwerkkabel worden gevoed met Power over Ethernet (standaard 802.3af P0E). PoE kan worden verkregen door een PoE NVR van bijvoorbeeld Uniarch, een PoE switch of met een PoE injector. De camera kan ook worden gevoed met een optionele 12V voeding adapter.<br \/>\nUnter der Registerkarte \u201eOptionen\u201c k\u00f6nnen ein Adapter und\/oder eine Uniview-Montagehalterung bestellt werden. Die Kamera ist \u00fcber 3 Achsen verstellbar.<\/p>\n<p><strong>Wichtigste Funktionen<\/strong><\/p>\n<ul>\n<li>4-Megapixel-Full-HD-Au\u00dfenkamera<\/li>\n<li>Einfache Installation<\/li>\n<li>Kostenlose App und Software<\/li>\n<li>Bewegungserkennung<\/li>\n<li>Tag-\/Nachtkamera mit automatischem mechanischem IR-Sperrfilter<\/li>\n<li>IR-Nachtsichtbeleuchtung bis zu 30 Meter<\/li>\n<li>Auf 3 Achsen verstellbar<\/li>\n<li>Digital Wide Dynamic Range (DWDR)<\/li>\n<li>Ultra H.265-Komprimierung f\u00fcr effiziente Netzwerk- und Speichernutzung<\/li>\n<li>Aufnahme in der Kamera auf SD-Karte (nicht im Lieferumfang enthalten)<\/li>\n<li>ONVIF-kompatibel<\/li>\n<li>Stromversorgung \u00fcber 12VDC-Adapter oder \u00fcber PoE (802.3af)<\/li>\n<\/ul>\n<p><a href=\"https:\/\/www.webstore4ipcameras.nl\/Copyright\" target=\"_blank\" rel=\"noopener\"><span style=\"color: #ff6e03; font-size: 11px;\">\u00a9 Der Text ist urheberrechtlich gesch\u00fctzt<\/span><\/a><\/p>","protected":false},"excerpt":{"rendered":"<p>De Uniarch IPC-T124-APF28K is een Full HD 4MP eyeball camera met 30m Smart infrarood nachtzicht, bewegingsdetectie en ingebouwde microfoon. De beveiligingscamera kan van stroom worden voorzien via de netwerkkabel (PoE). De camera is geschikt voor binnen of buiten. Uniarch is een productlijn van Uniview met voordelige videobewaking en met focus op betrouwbare kwaliteit, eenvoudige installatie<\/p>\n<div class=\"klb-readmore button\"><a class=\"btn link\" href=\"https:\/\/staging.webstore4.com\/de\/product\/uniarch-ipc-t124-apf28k-4mp-turret-camera\/\">Mehr lesen <i class=\"klbth-icon-right-arrow\"><\/i><\/a><\/div>","protected":false},"featured_media":16705,"comment_status":"open","ping_status":"closed","template":"","meta":[],"pwb-brand":[3415],"product_cat":[3435,4184,4200,4198,4238],"product_tag":[],"class_list":{"0":"post-16701","1":"product","2":"type-product","3":"status-publish","4":"has-post-thumbnail","6":"pwb-brand-uniview-uniarch","7":"product_cat-ip-cameras","8":"product_cat-cameras","9":"product_cat-dome-eyeball-cameras-cameras","10":"product_cat-series","11":"product_cat-uniarch-by-uniview-series","12":"product_shipping_class-pakket","13":"pa_beeldhoek-graden-horizontaal-3868","14":"pa_beeldsensor-1-2-7-cmos","15":"pa_dag-nacht-ir-cut-filter-ja","16":"pa_geheugenkaart-type-micro-sdsdhcsdxc-128gb","17":"pa_ingebouwd-type-nachtzicht-infrared-ir-led","18":"pa_lens-mm-2-8","19":"pa_megapixel-4mp","20":"pa_merk-uniview-uniarch","21":"pa_minimale-verlichting-0-02-lux-0-lux-met-ir","22":"pa_mobiele-app-fabrikant-ja","23":"pa_nachtzicht-ja","24":"pa_omgeving-binnen-en-buiten","25":"pa_opnemen-op-sd-kaart-ja","26":"pa_poe-802-3af","27":"pa_resolutie-max-pixels-full-hd-2560x1440","28":"pa_vandaalbestendig-nee","29":"pa_verstelbare-assen-3631","30":"pa_voeding-12vdc","31":"pa_voeding-poe","32":"pa_wdr-ja","34":"first","35":"onbackorder","36":"taxable","37":"shipping-taxable","38":"purchasable","39":"product-type-simple"},"brands":[{"id":3415,"name":"Uniview Uniarch","slug":"uniview-uniarch"}],"_links":{"self":[{"href":"https:\/\/staging.webstore4.com\/de\/wp-json\/wp\/v2\/product\/16701","targetHints":{"allow":["GET"]}}],"collection":[{"href":"https:\/\/staging.webstore4.com\/de\/wp-json\/wp\/v2\/product"}],"about":[{"href":"https:\/\/staging.webstore4.com\/de\/wp-json\/wp\/v2\/types\/product"}],"replies":[{"embeddable":true,"href":"https:\/\/staging.webstore4.com\/de\/wp-json\/wp\/v2\/comments?post=16701"}],"wp:featuredmedia":[{"embeddable":true,"href":"https:\/\/staging.webstore4.com\/de\/wp-json\/wp\/v2\/media\/16705"}],"wp:attachment":[{"href":"https:\/\/staging.webstore4.com\/de\/wp-json\/wp\/v2\/media?parent=16701"}],"wp:term":[{"taxonomy":"pwb-brand","embeddable":true,"href":"https:\/\/staging.webstore4.com\/de\/wp-json\/wp\/v2\/pwb-brand?post=16701"},{"taxonomy":"product_cat","embeddable":true,"href":"https:\/\/staging.webstore4.com\/de\/wp-json\/wp\/v2\/product_cat?post=16701"},{"taxonomy":"product_tag","embeddable":true,"href":"https:\/\/staging.webstore4.com\/de\/wp-json\/wp\/v2\/product_tag?post=16701"}],"curies":[{"name":"wp","href":"https:\/\/api.w.org\/{rel}","templated":true}]}}