{"id":16711,"date":"2024-03-29T10:21:18","date_gmt":"2024-03-29T09:21:18","guid":{"rendered":"https:\/\/webstore4.com\/?post_type=product&#038;p=16711"},"modified":"2024-04-19T15:23:44","modified_gmt":"2024-04-19T14:23:44","slug":"dahua-ipc-hfw5241e-ze-s3-2mp-bullet-camera","status":"publish","type":"product","link":"https:\/\/staging.webstore4.com\/de\/product\/dahua-ipc-hfw5241e-ze-s3-2mp-bullet-camera\/","title":{"rendered":"Dahua IPC-HFW5241E-ZE-S3 Full HD 2MP WizMind S-serie AI buiten bullet camera met varifocale lens, ingebouwde microfoon, 60m IR nachtzicht, PoE en microSD"},"content":{"rendered":"<p>De Dahua IPC-HFW5241E-ZE is een Full HD 2 megapixel bullet Starlight Lite AI camera met een zeer lichtgevoelige beeldsensor en maar liefst 60 meter infrarood nachtzicht, 120db WDR, (e)PoE voeding en microSD opname voor binnen of buiten. De camera beschikt over Artificial intelligence technieken voor het verbeteren van de beeldkwaliteit en slimme technieken zoals Perimeter protection, Face Detection, Smart Sound Detection en People couting.<\/p>\n<p>Die Kamera geh\u00f6rt zur Dahua Lite AI-Serie mit einem Chip f\u00fcr k\u00fcnstliche Intelligenz zur Unterst\u00fctzung intelligenter Funktionen wie Perimetersicherheit und Smart Motion Detection Plus (SMD Plus). SMD gew\u00e4hrleistet eine zuverl\u00e4ssige Bewegungserkennung durch Filterung von Objekten. Fehlalarme durch Haustiere, Bl\u00e4tter, Licht und andere st\u00f6rende Gegenst\u00e4nde werden so minimiert. Das fortschrittliche Al unterst\u00fctzt auch die schnelle Suche anhand aufgezeichneter Videos, da es in der Lage ist, Personen und Fahrzeuge aus gro\u00dfen Mengen an Videodaten zu extrahieren und zu klassifizieren.<\/p>\n<p><strong>M\u00f6glichkeiten<\/strong><\/p>\n<p>De Dahua IPC-HFW5241E-ZE geeft beelden weer in een Full HD 1920&#215;1080 resolutie. De camera beschikt over een gemotoriseerde varifocale lens van 2.7-13.5 MM. Door de zeer lichtgevoelige beeldsensor levert de camera met een minimum aan omgevingslicht nog bruikbaar kleurenbeeld, zelfs bij bijna volledige duisternis (0.0007 lux).<\/p>\n<p>De camera heeft een ingebouwd automatisch dag\/nacht IR-cut filter en kan in donkere omstandigheden ook de ingebouwde IR verlichting inschakelen waardoor er zelfs in volledige duisternis (0 Lux) een haarscherp beeld is. De IR verlichting heeft een groot bereik van 60 meter. De camera beschikt over 120dB Wide Dynamic Range (WDR) waardoor de camera zeer goed kan omgaan met complexe lichtomstandigheden als gevolg van bijvoorbeeld tegenlicht van de zon of auto koplampen.<\/p>\n<p>De beveiligingscamera is uitgerust met verschillende slimme functies. Zo bezit de Dahua IPC-HFW5241E-ZE onder andere Perimeter Protection, Face Detection, Smart Sound Detection, People Couting en Video Metadata. Met Perimeter Protection ziet de camera verschil tussen mens en dier, wat valse alarmeringen minimaliseert. Door gebruik van de Face Detection is het mogelijk om gezichten vast te leggen en op te volgen. De Smart Sound Detection werkt in de camera als slim gehoor die er voor zorgt dat de camera bijvoorbeeld geluid van schreeuwen van mensen of brekend glas kan identificeren.<\/p>\n<p>Met de functie People Couting\u00a0 kan deze camera ook gebruikt worden om een stukje toegangscontrole over te nemen. Zo kan er bijgehouden worden wanneer mensen binnen komen en wanneer ze weer vertrekken. Dat maakt een mooie combinatie met de Face Detection in deze camera. Met de slimme technologie van Video Metadata kan de beveiligingscamera voertuigen en mensen detecteren in de opgeslagen beelden. In combinatie met de AI-powered image technologie maakt de camera direct scherpe beelden met AI technologie.<\/p>\n<p>Beelden kunnen onder meer worden opgeslagen op een Netwerk Video Recorder (NVR). De camera beschikt ook over de mogelijkheid om in de camera op te nemen op een microSD geheugenkaart tot maximaal 512Gb (niet meegeleverd). Geschikte SD-kaarten zijn opgenomen onder &#8216;Opties&#8217;.<\/p>\n<p>Dahua bietet eine kostenlose niederl\u00e4ndische App f\u00fcr Apple iOS und Android an. Die Kamera verf\u00fcgt \u00fcber einen internen Webserver, der \u00fcber einen Webbrowser angezeigt und verwaltet werden kann. Video Management Software (VMS) f\u00fcr einen Computer kann kostenlos von der Dahua-Website heruntergeladen werden. Die Registerkarte \u201eDokumentation\u201c enth\u00e4lt einen Link zur Produktseite des Herstellers.<\/p>\n<p>De Dahua IPC-HFW5241E-ZE heeft een IP67 rating waardoor de camera uitermate geschikt is voor gebruik buiten. Voor installatiegemak kan de camera via de netwerkkabel worden gevoed met Power over Ethernet (standaard 802.3af P0E en ePoE). PoE kan worden verkregen door een PoE NVR, een PoE switch of met een PoE injector. De camera kan ook worden gevoed met een optionele 12V voeding adapter. Onder het tabblad &#8216;Opties&#8217; kan worden aangegeven of een adapter en\/of Dahua montagebeugel moet worden meegeleverd. De beveiligingscamera is ook vandaalbestendig met klasse IK10.<\/p>\n<p><strong>Wichtigste Funktionen<\/strong><\/p>\n<ul>\n<li>2 megapixel Full HD AI camera<\/li>\n<li>Smart Motion Detection 3.0 (SMD)<\/li>\n<li>Auf microSD-Karte aufnehmen<\/li>\n<li>Tag-\/Nachtkamera mit automatischem mechanischem IR-Sperrfilter<\/li>\n<li>IR-Nachtsichtbeleuchtung bis zu 60 Meter<\/li>\n<li>Auf 3 Achsen verstellbar<\/li>\n<li>120 dB breiter Dynamikbereich (WDR)<\/li>\n<li>Perimeter Protection, Face Detection, Smart Sound Detection, People Counting, Video Metadata<\/li>\n<li>Zonen-optionale Hintergrundbeleuchtungskompensation (BLC)<\/li>\n<li>3D-Digital-Rauschunterdr\u00fcckung (3D-DNR)<\/li>\n<li>Bewegungserkennung, Manipulationsalarm, Privatzonenmaske<\/li>\n<li>SMART H.264+\/H.265+, AI H.264\/H.265<\/li>\n<li>ONVIF-Protokoll<\/li>\n<li>Voeding door 12VDC adapter of door PoE (802.3af) of ePoE<\/li>\n<li>Wei\u00df<\/li>\n<\/ul>\n<p><a href=\"https:\/\/staging.webstore4.com\/Copyright\/\" target=\"_blank\" rel=\"noopener\"><span style=\"color: #ff6e03; font-size: 11px;\">\u00a9 Der Text ist urheberrechtlich gesch\u00fctzt<\/span><\/a><\/p>","protected":false},"excerpt":{"rendered":"<p>De Dahua IPC-HFW5241E-ZE is een Full HD 2 megapixel bullet Starlight Lite AI camera met een zeer lichtgevoelige beeldsensor en maar liefst 60 meter infrarood nachtzicht, 120db WDR, (e)PoE voeding en microSD opname voor binnen of buiten. De camera beschikt over Artificial intelligence technieken voor het verbeteren van de beeldkwaliteit en slimme technieken zoals Perimeter<\/p>\n<div class=\"klb-readmore button\"><a class=\"btn link\" href=\"https:\/\/staging.webstore4.com\/de\/product\/dahua-ipc-hfw5241e-ze-s3-2mp-bullet-camera\/\">Mehr lesen <i class=\"klbth-icon-right-arrow\"><\/i><\/a><\/div>","protected":false},"featured_media":16713,"comment_status":"open","ping_status":"closed","template":"","meta":[],"pwb-brand":[3376],"product_cat":[4184,4219],"product_tag":[],"class_list":{"0":"post-16711","1":"product","2":"type-product","3":"status-publish","4":"has-post-thumbnail","6":"pwb-brand-dahua","7":"product_cat-cameras","8":"product_cat-bullet-box-cameras-cameras","9":"product_shipping_class-pakket","10":"pa_alarm-ingang-uitgang-ja","11":"pa_audio-microfoon","12":"pa_beeldsensor-12-8-cmos","13":"pa_dag-nacht-ir-cut-filter-ja","14":"pa_geheugenkaart-type-micro-sd-sdhc-sdxc-512gb","15":"pa_ingebouwd-type-nachtzicht-infrared-ir-led","16":"pa_lens-mm-2-7-13-5","17":"pa_materiaal-kunststof","18":"pa_materiaal-metaal","19":"pa_megapixel-2mp","20":"pa_merk-dahua","21":"pa_minimale-verlichting-0-0007-lux-0-lux-met-ir","22":"pa_mobiele-app-fabrikant-ja","23":"pa_nachtzicht-ja","24":"pa_omgeving-binnen-en-buiten","25":"pa_opnemen-op-sd-kaart-ja","26":"pa_poe-802-3af","27":"pa_poe-epoe","28":"pa_product-status-a","29":"pa_resolutie-max-pixels-full-hd-1920x1080","30":"pa_vandaalbestendig-ik10","31":"pa_voeding-12vdc","32":"pa_voeding-epoe","33":"pa_voeding-poe","34":"pa_wdr-ja","36":"first","37":"onbackorder","38":"featured","39":"taxable","40":"shipping-taxable","41":"purchasable","42":"product-type-simple"},"brands":[{"id":3376,"name":"Dahua","slug":"dahua"}],"_links":{"self":[{"href":"https:\/\/staging.webstore4.com\/de\/wp-json\/wp\/v2\/product\/16711","targetHints":{"allow":["GET"]}}],"collection":[{"href":"https:\/\/staging.webstore4.com\/de\/wp-json\/wp\/v2\/product"}],"about":[{"href":"https:\/\/staging.webstore4.com\/de\/wp-json\/wp\/v2\/types\/product"}],"replies":[{"embeddable":true,"href":"https:\/\/staging.webstore4.com\/de\/wp-json\/wp\/v2\/comments?post=16711"}],"wp:featuredmedia":[{"embeddable":true,"href":"https:\/\/staging.webstore4.com\/de\/wp-json\/wp\/v2\/media\/16713"}],"wp:attachment":[{"href":"https:\/\/staging.webstore4.com\/de\/wp-json\/wp\/v2\/media?parent=16711"}],"wp:term":[{"taxonomy":"pwb-brand","embeddable":true,"href":"https:\/\/staging.webstore4.com\/de\/wp-json\/wp\/v2\/pwb-brand?post=16711"},{"taxonomy":"product_cat","embeddable":true,"href":"https:\/\/staging.webstore4.com\/de\/wp-json\/wp\/v2\/product_cat?post=16711"},{"taxonomy":"product_tag","embeddable":true,"href":"https:\/\/staging.webstore4.com\/de\/wp-json\/wp\/v2\/product_tag?post=16711"}],"curies":[{"name":"wp","href":"https:\/\/api.w.org\/{rel}","templated":true}]}}