{"id":16739,"date":"2024-03-29T13:55:44","date_gmt":"2024-03-29T12:55:44","guid":{"rendered":"https:\/\/webstore4.com\/?post_type=product&#038;p=16739"},"modified":"2024-04-19T15:23:54","modified_gmt":"2024-04-19T14:23:54","slug":"hikvision-ds-pwa96-kit2-we-ax-pro-alarm-kit","status":"publish","type":"product","link":"https:\/\/staging.webstore4.com\/de\/product\/hikvision-ds-pwa96-kit2-we-ax-pro-alarm-kit\/","title":{"rendered":"Hikvision DS-PWA96-Kit2-WE AX PRO Alarm uitgebreide kit draadloos 868Mhz met kaartlezer, LAN, Wi-Fi en 4G"},"content":{"rendered":"<div class=\"video-frame-box\" style=\"width: 100%; max-width: 480px; max-height: 270px; float: right; padding: 0px 10px 10px 10px;\">\n<div class=\"video-frame\"><iframe src=\"\/\/www.youtube.com\/embed\/AEH_-ssPE90?rel=0&amp;modestbranding=1&amp;showinfo=0&amp;autohide=1\" width=\"480\" height=\"270\" frameborder=\"0\"><\/iframe><\/div>\n<\/div>\n<p>De Hikvision DS-PWA96-Kit2-WE is een AX PRO alarm starterspakket van het Hikvision AX PRO beveiligingssysteem. Hikvision AX PRO is een draadloos inbraak-, smart home en video verificatiesysteem van Hikvision geschikt voor zowel woningen als bedrijfsgebouwen. De Hikvision DS-PWA96-Kit2-WE kan worden uitgebreid met een brede keuze aan detectoren en andere accessoires, zoals slimme stekkers, repeaters, bedienpanelen, kaartlezers, sirene en een voedingsmodule.<\/p>\n<p>Das AX PRO-System funktioniert sehr einfach mit der Hik-Connect-App f\u00fcr Endbenutzer, die auch f\u00fcr andere Hikvision-Produkte wie IP-Kameras verwendet wird. Auf diese Weise k\u00f6nnen Sie als Kunde alle Hikvision-Produkte in einer Anwendung verwalten.<\/p>\n<p><strong>M\u00f6glichkeiten<\/strong><\/p>\n<p>De Hikvision DS-PWA96-Kit2-WE is een AX PRO Alarm starterkit. De kit bestaat uit de <span style=\"color: #ff9900;\"><a style=\"color: #ff9900;\" href=\"https:\/\/staging.webstore4.com\/hikvision-ds-pwa96-m-we-ax-pro-centrale\/\" target=\"_blank\" rel=\"noopener\">Hikvision DS-PWA96-M-WE AX PRO Zentraleinheit mit Kartenleser, LAN, WLAN und 4G<\/a><\/span>, Ein <span style=\"color: #ff9900;\"><a style=\"color: #ff9900;\" href=\"https:\/\/staging.webstore4.com\/hikvision-ds-pk1-lt-we-ax-pro-draadloos-led-keypad\/\">Hikvision DS-PK1-LT-WE draadloos LED keypad met kaartlezer<\/a><\/span>, twee <span style=\"color: #ff9900;\"><a style=\"color: #ff9900;\" href=\"https:\/\/staging.webstore4.com\/hikvision-ds-pdp15p-eg2-we-draadloze-pir-detector\/\">Hikvision DS-PDP15P-EG2-WE draadloze PIR detectors<\/a><\/span>, Ein <span style=\"color: #ff9900;\"><a style=\"color: #ff9900;\" href=\"https:\/\/staging.webstore4.com\/hikvision-ds-pdmc-eg2-we-raam-deur-magneet-contact\/\">Hikvision DS-PDMC-EG2-WE draadloos raam deur magneet contact<\/a><\/span>, Ein <span style=\"color: #ff9900;\"><a style=\"color: #ff9900;\" href=\"https:\/\/staging.webstore4.com\/hikvision-ds-ps1-i-we-blue-draadloze-binnen-sirene\/\">Hikvision DS-PS1-I-WE (BLUE) binnen sirene met blauwe LED<\/a><\/span> und drei <a href=\"https:\/\/staging.webstore4.com\/hikvision-ds-pt-m1-ax-pro-mifare-tag-wit\/\"><span style=\"color: #ff9900;\">DS-PT1-M1 tags<\/span><\/a>.\u00a0<span style=\"color: #ff9900;\"><span style=\"color: #000000;\">Das Alarmsystem arbeitet auf der zuverl\u00e4ssigen 868-MHz-Frequenz, verf\u00fcgt \u00fcber eine LAN- und WLAN-Verbindung und es kann eine 3G\/4G-SIM-Karte f\u00fcr den General Packet Radio Service (GPRS) installiert werden.<\/span><\/span><\/p>\n<p>Die schwarze Zentraleinheit Hikvision DS-PWA96-M-WE-B AX PRO mit Kartenleser, LAN, WLAN und 4G fungiert als Bedienfeld zwischen den anderen Sicherheitsger\u00e4ten. Diese zentrale Einheit ist der Punkt, der mit der kostenlosen Hikvision-Anwendung kommuniziert. Mit der App k\u00f6nnen Sie das Sicherheitssystem einfach verwalten und den Raum \u00fcberwachen. Die anderen Komponenten des Hikvision-Sicherheitssystems werden an die Zentrale angeschlossen. Der Hikvision DS-PWA96-M-WE meldet Alarme per Push-Benachrichtigung, SMS oder Telefonanruf. Es k\u00f6nnen bis zu 96 Zonen eingerichtet werden, davon maximal 48 PIR-Kamerasensoren. Es k\u00f6nnen 48 Netzwerkteilnehmer eingerichtet werden.<\/p>\n<p>Hikvision DS-PDP15P-EG2-WE AX PRO draadloze PIR detectors kunnen per detector een een complete ruimte bewaken en geven bij beweging van mensen direct een signaal af naar de centrale van het Hikvision AX PRO alarmsysteem. Daaruit volgt direct de melding in de applicatie en eventueel activeren van verbonden sirenes of andere apparatuur. De bewegingsdetector dient binnen een afstand van 1600 meter van de centrale van het Hikvision AX PRO alarmsysteem te worden gemonteerd.<\/p>\n<p>Der schwarze kabellose Fenster-T\u00fcr-Magnetkontakt DS-PDMC-EG2-WE-B AX PRO von Hikvision ist ein kabelloser Fenster-T\u00fcr-Magnetkontakt mit 2 Eing\u00e4ngen f\u00fcr kabelgebundene Sensoren. Der Kontakt arbeitet mit der Zentraleinheit des Hikvision AX PRO-Alarmsystems in einer maximalen Entfernung von 1600 Metern im offenen Raum zusammen. Sobald der Kontakt unterbrochen wird, wird ein Signal an die Hikvision AX PRO-Zentrale gesendet. Da der Fensterkontakt so kompakt ist, f\u00e4llt er nicht auf.<\/p>\n<p>De Hikvision DS-PS1-I-WE (BLUE) AX PRO is een draadloze binnen sirene met blauwe LED. Wanneer de sirene met het alarm verbonden is, geeft het direct een sirene af bij melding. De sirene heeft 3 verschillende geluiden en produceert een geluid van 90 tot 110 decibel. De drie geluiden worden afgestemd op de gebeurtenis. Zo heeft het brandalarm, paniekalarm en inbraakalarm elk een eigen geluid.<\/p>\n<p>Bij deze DS-PWA96-Kit2-WE worden drie witte DS-PT1-M1 tags meegeleverd. Met deze tags is het mogelijk om met de draadloze keypad het alarm te activeren en te deactiveren. Uiteraard kunnen er nog extra apparaten bijgekocht worden bij de DS-PWA96-Kit2-WE bij WebStore4. Een aantal aanbevolen producten staan onder &#8216;Opties&#8217;. Voor uitgebreidere beschrijving per product verwijzen we naar de producten zelf.<\/p>\n<p><strong>Wichtigste Funktionen<\/strong><\/p>\n<ul>\n<li>Komplettes Hikvision AX PRO-Kit<\/li>\n<li>1x <span style=\"color: #ff9900;\"><a style=\"color: #ff9900;\" href=\"https:\/\/staging.webstore4.com\/hikvision-ds-pwa96-m-we-ax-pro-centrale\/\" target=\"_blank\" rel=\"noopener\">Hikvision DS-PWA96-M-WE AX PRO Zentraleinheit mit Kartenleser, LAN, WLAN und 4G<\/a><\/span><\/li>\n<li>1x <span style=\"color: #ff9900;\"><a style=\"color: #ff9900;\" href=\"https:\/\/staging.webstore4.com\/hikvision-ds-pk1-lt-we-ax-pro-draadloos-led-keypad\/\">Hikvision DS-PK1-LT-WE draadloos LED keypad met kaartlezer<\/a><\/span><\/li>\n<li>2x <span style=\"color: #ff9900;\"><a style=\"color: #ff9900;\" href=\"https:\/\/staging.webstore4.com\/hikvision-ds-pdp15p-eg2-we-draadloze-pir-detector\/\">Hikvision DS-PDP15P-EG2-WE draadloze PIR detectors<\/a><\/span><\/li>\n<li>1x <span style=\"color: #ff9900;\"><a style=\"color: #ff9900;\" href=\"https:\/\/staging.webstore4.com\/hikvision-ds-pdmc-eg2-we-raam-deur-magneet-contact\/\">Hikvision DS-PDMC-EG2-WE draadloos raam deur magneet contact<\/a><\/span><\/li>\n<li>1x <span style=\"color: #ff9900;\"><a style=\"color: #ff9900;\" href=\"https:\/\/staging.webstore4.com\/hikvision-ds-ps1-i-we-blue-draadloze-binnen-sirene\/\">Hikvision DS-PS1-I-WE (BLUE) binnen sirene met blauwe LED<\/a><\/span><\/li>\n<li>3x <a href=\"https:\/\/staging.webstore4.com\/hikvision-ds-pt-m1-ax-pro-mifare-tag-wit\/\"><span style=\"color: #ff9900;\">DS-PT1-M1 tags<\/span><\/a><\/li>\n<li>Maximal 48 Benutzer<\/li>\n<li>Bis zu 96 Ger\u00e4te<\/li>\n<li>Verwaltung \u00fcber die Hik-Connect-Anwendung<\/li>\n<li>Batterien im Lieferumfang enthalten, Batterien sind von der Garantie ausgeschlossen<\/li>\n<li>Wei\u00df<\/li>\n<\/ul>\n<p>WebStore4 ist offizieller H\u00e4ndler von Hikvision AX PRO. Wir liefern Hikvision AX PRO auf Selbstkonfigurationsbasis. F\u00fcr gr\u00f6\u00dfere Mengen k\u00f6nnen wir auf Anfrage einen wettbewerbsf\u00e4higeren Preis anbieten und auf Anfrage auch die Installation anbieten.<\/p>\n<p><a href=\"https:\/\/staging.webstore4.com\/Copyright\/\" target=\"_blank\" rel=\"noopener\"><span style=\"color: #ff6e03; font-size: 11px;\">\u00a9 Der Text ist urheberrechtlich gesch\u00fctzt<\/span><\/a><\/p>","protected":false},"excerpt":{"rendered":"<p>De Hikvision DS-PWA96-Kit2-WE is een AX PRO alarm starterspakket van het Hikvision AX PRO beveiligingssysteem. Hikvision AX PRO is een draadloos inbraak-, smart home en video verificatiesysteem van Hikvision geschikt voor zowel woningen als bedrijfsgebouwen. De Hikvision DS-PWA96-Kit2-WE kan worden uitgebreid met een brede keuze aan detectoren en andere accessoires, zoals slimme stekkers, repeaters, bedienpanelen,<\/p>\n<div class=\"klb-readmore button\"><a class=\"btn link\" href=\"https:\/\/staging.webstore4.com\/de\/product\/hikvision-ds-pwa96-kit2-we-ax-pro-alarm-kit\/\">Mehr lesen <i class=\"klbth-icon-right-arrow\"><\/i><\/a><\/div>","protected":false},"featured_media":16741,"comment_status":"open","ping_status":"closed","template":"","meta":[],"pwb-brand":[3367],"product_cat":[3466,4224,3483],"product_tag":[],"class_list":{"0":"post-16739","1":"product","2":"type-product","3":"status-publish","4":"has-post-thumbnail","6":"pwb-brand-hikvision","7":"product_cat-alarm","8":"product_cat-alarmsystemen","9":"product_cat-hikvision-ax-pro","10":"product_shipping_class-pakket","11":"pa_kleur-wit","12":"pa_merk-hikvision","13":"pa_product-complete-kit","15":"first","16":"onbackorder","17":"featured","18":"taxable","19":"shipping-taxable","20":"purchasable","21":"product-type-simple"},"brands":[{"id":3367,"name":"Hikvision","slug":"hikvision"}],"_links":{"self":[{"href":"https:\/\/staging.webstore4.com\/de\/wp-json\/wp\/v2\/product\/16739","targetHints":{"allow":["GET"]}}],"collection":[{"href":"https:\/\/staging.webstore4.com\/de\/wp-json\/wp\/v2\/product"}],"about":[{"href":"https:\/\/staging.webstore4.com\/de\/wp-json\/wp\/v2\/types\/product"}],"replies":[{"embeddable":true,"href":"https:\/\/staging.webstore4.com\/de\/wp-json\/wp\/v2\/comments?post=16739"}],"wp:featuredmedia":[{"embeddable":true,"href":"https:\/\/staging.webstore4.com\/de\/wp-json\/wp\/v2\/media\/16741"}],"wp:attachment":[{"href":"https:\/\/staging.webstore4.com\/de\/wp-json\/wp\/v2\/media?parent=16739"}],"wp:term":[{"taxonomy":"pwb-brand","embeddable":true,"href":"https:\/\/staging.webstore4.com\/de\/wp-json\/wp\/v2\/pwb-brand?post=16739"},{"taxonomy":"product_cat","embeddable":true,"href":"https:\/\/staging.webstore4.com\/de\/wp-json\/wp\/v2\/product_cat?post=16739"},{"taxonomy":"product_tag","embeddable":true,"href":"https:\/\/staging.webstore4.com\/de\/wp-json\/wp\/v2\/product_tag?post=16739"}],"curies":[{"name":"wp","href":"https:\/\/api.w.org\/{rel}","templated":true}]}}