{"id":16862,"date":"2024-04-12T08:11:29","date_gmt":"2024-04-12T07:11:29","guid":{"rendered":"https:\/\/webstore4.com\/?post_type=product&#038;p=16862"},"modified":"2025-02-19T05:22:22","modified_gmt":"2025-02-19T04:22:22","slug":"hikvision-ds-7616nxi-i2-s-16-kanaals-netwerk-video-recorder","status":"publish","type":"product","link":"https:\/\/staging.webstore4.com\/de\/product\/hikvision-ds-7616nxi-i2-s-16-kanaals-netwerk-video-recorder\/","title":{"rendered":"Hikvision DS-7616NXI-I2\/S AcuSense 16 kanaals 4K UltraHD Netwerk Video Recorder met 2x HDD en HDMI uitgang"},"content":{"rendered":"<p>De Hikvision DS-7616NXI-I2\/S is een Netwerk Video Recorder NVR voor het opnemen en beheren van beelden van 16 IP camera&#8217;s in maximaal 4K UltraHD. <strong>De NVR beschikt niet over PoE<\/strong>. De NVR heeft een HDMI en een VGA uitgang voor een monitor.<\/p>\n<p>De Hikvision DS-7616NXI-I2\/S is onderdeel van de Hikvision AcuSense serie van Hikvision. De camera\u2019s van de AcuSense serie zijn geavanceerde camera\u2019s die gebruikmaken van diepgaande algoritmen en kunstmatige intelligentie om nauwkeurige detectie van indringers mogelijk te maken. De camera\u2019s maken effectief onderscheid tussen belangrijke bewegingen, zoals mensen en voertuigen en onbelangrijke activiteiten, zoals dieren of bewegende takken. Dit minimaliseert valse meldingen en biedt gerichte waarschuwingen, waardoor een effici\u00ebntere en effectievere bewaking mogelijk is.<\/p>\n<p><strong>M\u00f6glichkeiten<\/strong><\/p>\n<p>Op de NVR kunnen maximaal 16 UltraHD IP camera&#8217;s worden aangesloten via het netwerk. De Hikvision DS-7616NXI-I2\/S beschikt over een HDMI poorten en \u00e9\u00e9n VGA poort. De voeding vind plaats door de meegeleverde adapter. De NVR kan stand alone werken maar kan ook worden aangesloten op het netwerk. De NVR kan dan worden benaderd via een webbrowser, Hikvision video management software en met de gratis Hikvision app voor een smartphone en tablet.<\/p>\n<p>Der NVR unterst\u00fctzt Kameras mit bis zu 12 Megapixeln und H.265+-Kodierung f\u00fcr eine effiziente Nutzung von Bandbreite und Speicher. Der NVR verf\u00fcgt \u00fcber eine ausgehende Bandbreite von 256 Mbit\/s. Der NVR verf\u00fcgt \u00fcber zwei HDMI 4K- und VGA-Ausg\u00e4nge zum Anschluss an einen \u00dcberwachungsmonitor oder einen normalen Fernseher, unter anderem zur Bildanzeige. F\u00fcr den Anschluss der mitgelieferten Maus ist ein USB-Anschluss vorhanden.<\/p>\n<p>De NVR ondersteund met de ge\u00efntegreerde Artificial Intelligence (AI) verschillende slimme functies van camera&#8217;s. Zo is het mogelijk om Perimeter Protection en gezichtsherkenning in te stellen in combinatie met de juiste camera&#8217;s. Ook beschikt de NVR over ondersteuning voor Smart Motion Detection 2.0 en Automatic Number Plate Recognition (ANPR). Onder het tabblad \u2018Documentatie\u2019 zijn de datasheet en de link naar de product pagina van de fabrikant opgenomen voor verdere details.<\/p>\n<p><strong>Festplatten<\/strong><\/p>\n<p>De Hikvision DS-7616NXI-I2\/S ondersteunt twee 3,5 inch harde schijven van maximaal 14 terrabyte. De Hikvision DS-7616NXI-I2\/S wordt geleverd zonder harde schijf. De geschikte harde schijf is mee te bestellen onder &#8216;Opties&#8217;. Wij leveren Western Digital Purple hard disks die specifiek zijn ontworpen voor 24\/7 bewakingsdoeleinden.<\/p>\n<p><strong>Wichtigste Funktionen<\/strong><\/p>\n<ul>\n<li>Geeignet f\u00fcr bis zu 16 IP-Kameras von Hikvision oder ONVIF-kompatible IP-Kameras<\/li>\n<li>Ondersteuning voor Perimeter Protection<\/li>\n<li>Ondersteuning voor Face Recognition en Face Picture Comparison<\/li>\n<li>160 Mbit\/s eingehende Bandbreite und 256 Mbit\/s ausgehende Bandbreite<\/li>\n<li>Opname resoluties tot maximaal 32MP<\/li>\n<li>1x HDMI\/ 1x VGA uitgang<\/li>\n<li>2x Gigabit RJ45 poorten 10\/100\/1000 Mbps<\/li>\n<li>Maximaal 2x 14TB harde schijf<\/li>\n<li>1x USB 2.0, 1x USB 3.0<\/li>\n<li>Inklusive Netzteil, Maus und einem LAN-Netzwerkkabel<\/li>\n<\/ul>\n<p><a href=\"https:\/\/staging.webstore4.com\/Copyright\/\" target=\"_blank\" rel=\"noopener\"><span style=\"color: #ff6e03; font-size: 11px;\">\u00a9 Der Text ist urheberrechtlich gesch\u00fctzt<\/span><\/a><\/p>","protected":false},"excerpt":{"rendered":"<p>De Hikvision DS-7616NXI-I2\/S is een Netwerk Video Recorder NVR voor het opnemen en beheren van beelden van 16 IP camera&#8217;s in maximaal 4K UltraHD. De NVR beschikt niet over PoE. De NVR heeft een HDMI en een VGA uitgang voor een monitor. De Hikvision DS-7616NXI-I2\/S is onderdeel van de Hikvision AcuSense serie van Hikvision. De<\/p>\n<div class=\"klb-readmore button\"><a class=\"btn link\" href=\"https:\/\/staging.webstore4.com\/de\/product\/hikvision-ds-7616nxi-i2-s-16-kanaals-netwerk-video-recorder\/\">Mehr lesen <i class=\"klbth-icon-right-arrow\"><\/i><\/a><\/div>","protected":false},"featured_media":16863,"comment_status":"open","ping_status":"closed","template":"","meta":[],"pwb-brand":[3367],"product_cat":[3441,4210,4198,4606],"product_tag":[],"class_list":{"0":"post-16862","1":"product","2":"type-product","3":"status-publish","4":"has-post-thumbnail","6":"pwb-brand-hikvision","7":"product_cat-benodigdheden","8":"product_cat-recorders-opslagmedia-benodigdheden","9":"product_cat-series","10":"product_cat-hikvision-acusense","11":"product_shipping_class-pakket","12":"pa_bandbreedte-mbps-160-input-256-output","13":"pa_harddisk-type-2-x-3-5-inch-max-14tb","14":"pa_maximaal-ip-camera-kanalen-3652","15":"pa_maximum-aantal-harddisks-3647","16":"pa_merk-hikvision","17":"pa_omgeving-binnen","18":"pa_poe-nee","19":"pa_product-nvr","20":"pa_product-status-a","21":"pa_rj45-lan-aansluiting-2x-101001000","22":"pa_voeding-inclusief-adapter","24":"first","25":"onbackorder","26":"taxable","27":"shipping-taxable","28":"purchasable","29":"product-type-simple"},"brands":[{"id":3367,"name":"Hikvision","slug":"hikvision"}],"_links":{"self":[{"href":"https:\/\/staging.webstore4.com\/de\/wp-json\/wp\/v2\/product\/16862","targetHints":{"allow":["GET"]}}],"collection":[{"href":"https:\/\/staging.webstore4.com\/de\/wp-json\/wp\/v2\/product"}],"about":[{"href":"https:\/\/staging.webstore4.com\/de\/wp-json\/wp\/v2\/types\/product"}],"replies":[{"embeddable":true,"href":"https:\/\/staging.webstore4.com\/de\/wp-json\/wp\/v2\/comments?post=16862"}],"wp:featuredmedia":[{"embeddable":true,"href":"https:\/\/staging.webstore4.com\/de\/wp-json\/wp\/v2\/media\/16863"}],"wp:attachment":[{"href":"https:\/\/staging.webstore4.com\/de\/wp-json\/wp\/v2\/media?parent=16862"}],"wp:term":[{"taxonomy":"pwb-brand","embeddable":true,"href":"https:\/\/staging.webstore4.com\/de\/wp-json\/wp\/v2\/pwb-brand?post=16862"},{"taxonomy":"product_cat","embeddable":true,"href":"https:\/\/staging.webstore4.com\/de\/wp-json\/wp\/v2\/product_cat?post=16862"},{"taxonomy":"product_tag","embeddable":true,"href":"https:\/\/staging.webstore4.com\/de\/wp-json\/wp\/v2\/product_tag?post=16862"}],"curies":[{"name":"wp","href":"https:\/\/api.w.org\/{rel}","templated":true}]}}