{"id":17172,"date":"2024-05-22T15:44:51","date_gmt":"2024-05-22T14:44:51","guid":{"rendered":"https:\/\/webstore4.com\/?post_type=product&#038;p=17172"},"modified":"2024-12-27T13:38:24","modified_gmt":"2024-12-27T12:38:24","slug":"nivian-nvs-06batsolar-2mp-wi-fi-bullet-camera-met-accu","status":"publish","type":"product","link":"https:\/\/staging.webstore4.com\/de\/product\/nivian-nvs-06batsolar-2mp-wi-fi-bullet-camera-met-accu\/","title":{"rendered":"Nivian NVS-06BATSOLAR Full HD 2MP Wi-Fi bullet camera voor buiten met accu, IR nachtzicht, wit licht, microSD en 2-weg audio en gratis Tuya applicatie"},"content":{"rendered":"<p>De Nivian NVS-06BATSOLAR is een Full HD 2MP Wi-Fi bullet voor buiten met vaste 4 MM lens, IR nachtzicht, wit LED licht, bewegingsdetectie, microSD opnamemogelijkheid en 2-weg audio. De camera werkt met de gratis Tuya applicatie voor iOS en Android en is ook compitabel met Google Assistent en Alexa. Het unieke aan deze camera is dat deze beveiligingscamera draadloos op afstand kan functioneren door de 10400 mAh accu. Er is enkel Wi-Fi benodigd om de camera op afstand te laten functioneren. De accu wordt gedeeltelijk bijgeladen door de meegeleverde zonnepaneel.<\/p>\n<p><strong>M\u00f6glichkeiten<\/strong><\/p>\n<p>De camera wordt beheerd met de gratis Tuya app. Dat kan vanaf iedere plek waar een smartphone of tablet een internetverbinding heeft: vanuit je eigen huis of vanaf de andere kant van de wereld. In de app kunnen ook andere apparaten worden beheerd. Daarnaast werkt de camera ook met de Google Assistent en Alexa. De camera maakt gebruik van Wi-Fi 2.4 Ghz.<\/p>\n<p>De Nivian NVS-06BATSOLAR geeft beelden weer in een Full HD 1920&#215;1080 resolutie. In donkere omstandigheden kan de camera de ingebouwde IR verlichting inschakelen waardoor er zelfs in volledige duisternis (0 Lux) een haarscherp beeld is. De IR verlichting heeft een bereik van 8 meter. De camera heeft ook de mogelijkheid om te verlichten met wit licht door de ingebouwde witte LED. De camera heeft een vaste 4 mm lens met een diagonale beeldhoek van 100 graden.<\/p>\n<p>Der Nivian NVS-IPC-0S2 verf\u00fcgt \u00fcber eine Bewegungserkennung, die Menschen von anderen sich bewegenden Objekten oder Tieren unterscheidet. Wenn eine Bewegung auftritt, kann eine Aktion ausgel\u00f6st werden, z. B. das Schalten intelligenter Nivian-Lampen, das Schalten von Ger\u00e4ten mit dem intelligenten Infrarotsender oder dem intelligenten Schalter. Die Kamera verf\u00fcgt \u00fcber die M\u00f6glichkeit, in der Kamera auf einer microSD-Speicherkarte (nicht im Lieferumfang enthalten) bis maximal 128 GB aufzuzeichnen. Die Kamera verf\u00fcgt \u00fcber ein eingebautes Mikrofon und einen Lautsprecher f\u00fcr Zwei-Wege-Audio.<\/p>\n<p>Die Nivian NV-CAM02-SOLAR4G ist f\u00fcr den Au\u00dfen- und Innenbereich geeignet und verf\u00fcgt \u00fcber die Schutzart IP66. Die Kamera muss \u00fcber ein 5-V-USB-C-Netzteil mit Strom versorgt werden und \u00fcber die SIM-Karte drahtlos mit dem Netzwerk verbunden sein. Der Akku hat eine Kapazit\u00e4t von 18000 mAh. Im Schlafmodus reicht dies f\u00fcr bis zu 12 Monate. Bei regelm\u00e4\u00dfiger Erkennung kann die Kamera mehrere Monate lang mit dem Akku betrieben werden, ohne dass der Akku aufgeladen werden muss.<br \/>\nDas mitgelieferte Solarpanel l\u00e4dt den Akku wieder auf. Bei dunklem Wetter oder im Winter ist die Ladezeit geringer als im Sommer. Ber\u00fccksichtigen Sie bei der Installation der Kamera mit Solarpanel auch den Ort, an dem die Kamera aufgeh\u00e4ngt werden soll.<\/p>\n<p><strong>Hauptmerkmale<\/strong><\/p>\n<ul>\n<li>2 megapixel Full HD 4G camera<\/li>\n<li>Draadloos Wi-Fi camera met accu<\/li>\n<li>WLAN IEEE 802.11 b\/g\/n 2,4 GHz<\/li>\n<li>IR nachtzicht verlichting tot 8 meter<\/li>\n<li>Ingebouwde LED voor wit licht<\/li>\n<li>Aufnahme in der Kamera auf SD-Karte mit bis zu 128 GB (nicht im Lieferumfang enthalten)<\/li>\n<li>Eingebautes Mikrofon und Lautsprecher<\/li>\n<li>Bewegungserkennung zur Unterscheidung von Personen von anderen sich bewegenden Objekten oder Tieren<\/li>\n<li>H.265-Codec<\/li>\n<li>Gratis Tuya Smart applicatie en compitabel met Google Assistant en Alexa Echo<\/li>\n<li>Geeignet f\u00fcr den Au\u00dfenbereich (IP65)<\/li>\n<\/ul>\n<p><a href=\"https:\/\/staging.webstore4.com\/Copyright\/\" target=\"_blank\" rel=\"noopener\"><span style=\"color: #ff6e03; font-size: 11px;\">\u00a9 Der Text ist urheberrechtlich gesch\u00fctzt<\/span><\/a><\/p>","protected":false},"excerpt":{"rendered":"<p>De Nivian NVS-06BATSOLAR is een Full HD 2MP Wi-Fi bullet voor buiten met vaste 4 MM lens, IR nachtzicht, wit LED licht, bewegingsdetectie, microSD opnamemogelijkheid en 2-weg audio. De camera werkt met de gratis Tuya applicatie voor iOS en Android en is ook compitabel met Google Assistent en Alexa. Het unieke aan deze camera is<\/p>\n<div class=\"klb-readmore button\"><a class=\"btn link\" href=\"https:\/\/staging.webstore4.com\/de\/product\/nivian-nvs-06batsolar-2mp-wi-fi-bullet-camera-met-accu\/\">Mehr lesen <i class=\"klbth-icon-right-arrow\"><\/i><\/a><\/div>","protected":false},"featured_media":17173,"comment_status":"open","ping_status":"closed","template":"","meta":[],"pwb-brand":[3410],"product_cat":[3435,4184,4219,4247,4333,4178,4241],"product_tag":[],"class_list":{"0":"post-17172","1":"product","2":"type-product","3":"status-publish","4":"has-post-thumbnail","6":"pwb-brand-nivian","7":"product_cat-ip-cameras","8":"product_cat-cameras","9":"product_cat-bullet-box-cameras-cameras","10":"product_cat-duurzaamheid","11":"product_cat-solar-cameras","12":"product_cat-intercom","13":"product_cat-nivian-smart","14":"product_shipping_class-pakket","15":"pa_aanbieding-sale","16":"pa_audio-microfoon-speaker","17":"pa_beeldsensor-12-7-cmos","18":"pa_dag-nacht-ir-cut-filter-nee","19":"pa_draadloos-protocol-wi-fi-802-11bgn","20":"pa_geheugenkaart-type-micro-sdsdhcsdxc-128gb","21":"pa_ingebouwd-type-nachtzicht-infrared-ir-led","22":"pa_ingebouwd-type-nachtzicht-wit-led","23":"pa_lens-mm-4-0","24":"pa_materiaal-metaal","25":"pa_megapixel-2mp","26":"pa_merk-nivian","27":"pa_minimale-verlichting-0-001-lux-0-lux-met-ir","28":"pa_mobiele-app-fabrikant-ja","29":"pa_nachtzicht-ja","30":"pa_omgeving-binnen-en-buiten","31":"pa_opnemen-op-sd-kaart-ja","32":"pa_poe-nee","33":"pa_resolutie-max-pixels-full-hd-1920x1080","34":"pa_vandaalbestendig-nee","35":"pa_voeding-5v-usb","36":"pa_voeding-batterij","38":"first","39":"instock","40":"sale","41":"taxable","42":"shipping-taxable","43":"purchasable","44":"product-type-simple"},"brands":[{"id":3410,"name":"Nivian","slug":"nivian"}],"_links":{"self":[{"href":"https:\/\/staging.webstore4.com\/de\/wp-json\/wp\/v2\/product\/17172","targetHints":{"allow":["GET"]}}],"collection":[{"href":"https:\/\/staging.webstore4.com\/de\/wp-json\/wp\/v2\/product"}],"about":[{"href":"https:\/\/staging.webstore4.com\/de\/wp-json\/wp\/v2\/types\/product"}],"replies":[{"embeddable":true,"href":"https:\/\/staging.webstore4.com\/de\/wp-json\/wp\/v2\/comments?post=17172"}],"wp:featuredmedia":[{"embeddable":true,"href":"https:\/\/staging.webstore4.com\/de\/wp-json\/wp\/v2\/media\/17173"}],"wp:attachment":[{"href":"https:\/\/staging.webstore4.com\/de\/wp-json\/wp\/v2\/media?parent=17172"}],"wp:term":[{"taxonomy":"pwb-brand","embeddable":true,"href":"https:\/\/staging.webstore4.com\/de\/wp-json\/wp\/v2\/pwb-brand?post=17172"},{"taxonomy":"product_cat","embeddable":true,"href":"https:\/\/staging.webstore4.com\/de\/wp-json\/wp\/v2\/product_cat?post=17172"},{"taxonomy":"product_tag","embeddable":true,"href":"https:\/\/staging.webstore4.com\/de\/wp-json\/wp\/v2\/product_tag?post=17172"}],"curies":[{"name":"wp","href":"https:\/\/api.w.org\/{rel}","templated":true}]}}