{"id":17242,"date":"2024-05-28T09:42:54","date_gmt":"2024-05-28T08:42:54","guid":{"rendered":"https:\/\/webstore4.com\/?post_type=product&#038;p=17242"},"modified":"2024-06-24T12:26:13","modified_gmt":"2024-06-24T11:26:13","slug":"hikvision-ds-2cd2686g2-izs-b-8mp-bullet-camera","status":"publish","type":"product","link":"https:\/\/staging.webstore4.com\/de\/product\/hikvision-ds-2cd2686g2-izs-b-8mp-bullet-camera\/","title":{"rendered":"Hikvision DS-2CD2686G2-IZS-B 8MP AcuSense Full HD Darkfighter vandaalbestendige bullet buiten camera met varifocale lens, IR nachtzicht, PoE, 120dB WDR en microSD opname"},"content":{"rendered":"<p>De Hikvision DS-2CD2686G2-IZS-B is de zwarte variant van de Hikvision DS-2CD2686G2-IZS. De vandaalbestendige 8 megapixel Full HD bullet camera voor buiten heeft een\u00a0 gemotoriseerde varifocale lens van 2.8-12 mm. De camera beschikt over infrarood nachtzicht, PoE voeding, 120dB WDR en de mogelijkheid om beelden op een microSD kaart in de camera op te nemen. Met de darkfighter technologie wordt zelfs bij laaglicht situaties nog bruikbaar kleurenbeeld weergegeven.<\/p>\n<p>Das Hikvision DS-2CD2H46G2-IZS-B ist Teil der Hikvision AcuSense-Serie von Hikvision. Bei den Kameras der AcuSense-Serie handelt es sich um fortschrittliche Kameras, die umfassende Algorithmen und k\u00fcnstliche Intelligenz nutzen, um eine genaue Einbrucherkennung zu erm\u00f6glichen. Die Kameras unterscheiden effektiv zwischen wichtigen Bewegungen, wie z. B. Personen und Fahrzeugen, und unwichtigen Aktivit\u00e4ten, wie z. B. Tieren oder sich bewegenden \u00c4sten. Dadurch werden Fehlalarme minimiert und gezielte Warnungen bereitgestellt, was eine effizientere und effektivere \u00dcberwachung erm\u00f6glicht.<\/p>\n<p><strong>M\u00f6glichkeiten<\/strong><\/p>\n<p>De Hikvision DS-2CD2686G2-IZS-B geeft beelden weer in Full HD 3840&#215;2160 resolutie. De camera heeft een ingebouwd automatisch IR-cut filter en is daarmee een echte dag\/nacht camera. In donkere omstandigheden kan de camera de ingebouwde IR verlichting inschakelen waardoor er zelfs in volledige duisternis (0 Lux) een haarscherp beeld is. Door de darkfighter technologie geeft deze camera ook bij laaglicht omstandigheden nog bruikbaar kleurenbeeld. De IR verlichting heeft een bereik van maar liefst 60 meter. De camera beschikt over 120dB Wide Dynamic Range (WDR) waardoor de camera zeer goed kan omgaan met complexe lichtomstandigheden als gevolg van bijvoorbeeld tegenlicht van de zon of auto koplampen.<\/p>\n<p>De camera beschikt over een varifocale 2.8-12mm lens met een horizontale beeldhoek van 45.5 &#8211; 108.1 graden. De camera heeft de mogelijkheid om op te nemen op een SD kaart in de camera tot maximaal 512Gb. Beelden kunnen ook worden opgeslagen op een NAS\/NVR.<br \/>\nDe combinatie van de IR verlichting, IR-cut filter, WDR met de Powered-by-DarkFighter technologie zorgt er voor dat de beelden ook helder en duidelijk zijn.<\/p>\n<p>Hikvision bietet eine kostenlose niederl\u00e4ndische Mobil-App an. Video Management Software (iVMS) f\u00fcr einen Computer oder Mac kann kostenlos von der Hikvision-Website heruntergeladen werden. Die Kamera verf\u00fcgt \u00fcber einen internen Webserver, der \u00fcber einen Webbrowser angezeigt und verwaltet werden kann. Der Reiter \u201eDokumentation\u201c enth\u00e4lt einen Link zur Produktseite des Herstellers.<\/p>\n<p>De Hikvision Hikvision DS-2CD2686G2-IZS-B heeft een IP66 rating waardoor de camera uitermate geschikt is voor gebruik buiten. Voor installatiegemak kan de camera via de netwerkkabel worden gevoed met Power over Ethernet (standaard 802.3at POE). PoE kan worden verkregen door een PoE NVR, een PoE switch of met een PoE injector die voldoet aan de standaard 802.3at POE. De camera kan ook worden gevoed met een optionele 12V voeding adapter. Onder het tabblad &#8216;Opties&#8217; kan worden aangegeven of een adapter moet worden meegeleverd. Onder het tabblad &#8216;Opties&#8217; zijn ook een geschikte montage materialen opgenomen. De camera is handmatig verstelbaar over 3 assen en is vandaalbestendig (IK10).<\/p>\n<p><strong>Wichtigste Funktionen<\/strong><\/p>\n<ul>\n<li>8 megapixel Full HD camera met varifocale lens<\/li>\n<li>Tag-\/Nachtkamera mit automatischem mechanischem IR-Sperrfilter f\u00fcr scharfe Bilder bei allen Lichtverh\u00e4ltnissen<\/li>\n<li>Powered-by-DarkFighter technologie<\/li>\n<li>IR verlichting tot 60m<\/li>\n<li>120 dB breiter Dynamikbereich (WDR)<\/li>\n<li>ONVIF-Protokoll<\/li>\n<li>H.265+, H.265, H.264+, H.264-Komprimierungstechnologie<\/li>\n<li>Nehmen Sie auf einer microSD-Karte mit bis zu 512 GB auf<\/li>\n<li>Motion detection, Video Tampering alarm<\/li>\n<li>Line Crossing detection, Intrusion Detection, Region entrance\/exiting detection<\/li>\n<li>Stromversorgung mit 12VDC oder PoE (802.3at)<\/li>\n<li>Geeignet f\u00fcr den Au\u00dfenbereich (IP66)<\/li>\n<li>Vandalensicher (IK10)<\/li>\n<li>Kostenlose App und Software<\/li>\n<\/ul>\n<p><a href=\"https:\/\/staging.webstore4.com\/Copyright\/\" target=\"_blank\" rel=\"noopener\"><span style=\"color: #ff6e03; font-size: 11px;\">\u00a9 Der Text ist urheberrechtlich gesch\u00fctzt<\/span><\/a><\/p>","protected":false},"excerpt":{"rendered":"<p>De Hikvision DS-2CD2686G2-IZS-B is de zwarte variant van de Hikvision DS-2CD2686G2-IZS. De vandaalbestendige 8 megapixel Full HD bullet camera voor buiten heeft een\u00a0 gemotoriseerde varifocale lens van 2.8-12 mm. De camera beschikt over infrarood nachtzicht, PoE voeding, 120dB WDR en de mogelijkheid om beelden op een microSD kaart in de camera op te nemen. Met<\/p>\n<div class=\"klb-readmore button\"><a class=\"btn link\" href=\"https:\/\/staging.webstore4.com\/de\/product\/hikvision-ds-2cd2686g2-izs-b-8mp-bullet-camera\/\">Mehr lesen <i class=\"klbth-icon-right-arrow\"><\/i><\/a><\/div>","protected":false},"featured_media":17244,"comment_status":"open","ping_status":"closed","template":"","meta":[],"pwb-brand":[3367],"product_cat":[3435,4184,4219],"product_tag":[4891],"class_list":{"0":"post-17242","1":"product","2":"type-product","3":"status-publish","4":"has-post-thumbnail","6":"pwb-brand-hikvision","7":"product_cat-ip-cameras","8":"product_cat-cameras","9":"product_cat-bullet-box-cameras-cameras","10":"product_tag-ds-2cd2686g2-izs","11":"product_shipping_class-pakket","12":"pa_audio-nee","13":"pa_beeldhoek-graden-horizontaal-108-46","14":"pa_beeldsensor-11-8-cmos","15":"pa_dag-nacht-ir-cut-filter-ja","16":"pa_draadloos-nee","17":"pa_geheugenkaart-type-micro-sd-sdhc-sdxc-512gb","18":"pa_ingebouwd-type-nachtzicht-infrared-ir-led","19":"pa_lens-mm-2-8-12","20":"pa_megapixel-8mp","21":"pa_merk-hikvision","22":"pa_minimale-verlichting-0-003-lux-0-lux-met-ir","23":"pa_mobiele-app-fabrikant-ja","24":"pa_nachtzicht-ja","25":"pa_omgeving-binnen-en-buiten","26":"pa_opnemen-op-sd-kaart-ja","27":"pa_poe-802-3at","28":"pa_product-status-a","29":"pa_resolutie-max-pixels-full-hd-3840x2160","30":"pa_voeding-12vdc","31":"pa_voeding-poe","32":"pa_wdr-ja","34":"first","35":"onbackorder","36":"sold-individually","37":"taxable","38":"shipping-taxable","39":"purchasable","40":"product-type-simple"},"brands":[{"id":3367,"name":"Hikvision","slug":"hikvision"}],"_links":{"self":[{"href":"https:\/\/staging.webstore4.com\/de\/wp-json\/wp\/v2\/product\/17242","targetHints":{"allow":["GET"]}}],"collection":[{"href":"https:\/\/staging.webstore4.com\/de\/wp-json\/wp\/v2\/product"}],"about":[{"href":"https:\/\/staging.webstore4.com\/de\/wp-json\/wp\/v2\/types\/product"}],"replies":[{"embeddable":true,"href":"https:\/\/staging.webstore4.com\/de\/wp-json\/wp\/v2\/comments?post=17242"}],"wp:featuredmedia":[{"embeddable":true,"href":"https:\/\/staging.webstore4.com\/de\/wp-json\/wp\/v2\/media\/17244"}],"wp:attachment":[{"href":"https:\/\/staging.webstore4.com\/de\/wp-json\/wp\/v2\/media?parent=17242"}],"wp:term":[{"taxonomy":"pwb-brand","embeddable":true,"href":"https:\/\/staging.webstore4.com\/de\/wp-json\/wp\/v2\/pwb-brand?post=17242"},{"taxonomy":"product_cat","embeddable":true,"href":"https:\/\/staging.webstore4.com\/de\/wp-json\/wp\/v2\/product_cat?post=17242"},{"taxonomy":"product_tag","embeddable":true,"href":"https:\/\/staging.webstore4.com\/de\/wp-json\/wp\/v2\/product_tag?post=17242"}],"curies":[{"name":"wp","href":"https:\/\/api.w.org\/{rel}","templated":true}]}}