{"id":17339,"date":"2024-06-05T16:36:23","date_gmt":"2024-06-05T15:36:23","guid":{"rendered":"https:\/\/webstore4.com\/?post_type=product&#038;p=17339"},"modified":"2025-02-03T21:59:31","modified_gmt":"2025-02-03T20:59:31","slug":"wl4-dd-07-b-zwarte-deurdranger","status":"publish","type":"product","link":"https:\/\/staging.webstore4.com\/de\/product\/wl4-dd-07-b-zwarte-deurdranger\/","title":{"rendered":"WL4 DD-07-B Zwarte deurdranger met twee snelheden voor links of rechts openende deuren tot 85kg"},"content":{"rendered":"<p>De WL4 DD-07-B is een zwarte metalen deurdranger met twee snelheden voor deuren tot 85 kilogram die links of rechts opengaan. De opbouw en omkeerbare scharnierende deurdranger is geschikt om deuren tussen de 25 en de 85 kilogram vertraagd te laten sluiten. Er kunnen twee sluitsnelheden worden ingesteld van 180\u00b0- 15\u00b0 of van 15\u00b0- 0\u00b0. De deurdranger kan op elke soort deur gebruikt worden, ook op brandwerende deuren. De deurbreedte dient tussen de 850 en 1100 mm te zijn.<\/p>\n<p>Bei der Zutrittskontrolle und dem \u00d6ffnen von T\u00fcren aus der Ferne ist es w\u00fcnschenswert, dass die T\u00fcren wieder automatisch schlie\u00dfen. Dies kann mit einem T\u00fcrschlie\u00dfer erreicht werden. Auch wenn eine T\u00fcr durch einen Haftmagneten offengehalten wird, kann sich die T\u00fcr wieder schlie\u00dfen, sobald der Haftmagnet aus der Ferne geschaltet und die T\u00fcr freigegeben wird. Dies kann beispielsweise bei geschlossenen Geb\u00e4uden oder im Brandfall w\u00fcnschenswert sein.<\/p>\n<p><strong>Wichtigste Funktionen<\/strong><\/p>\n<ul>\n<li>F\u00fcr T\u00fcren bis 85kg<\/li>\n<li>Twee snelheden: 180\u00b0 &#8211; 15\u00b0 en 15\u00b0 &#8211; 0\u00b0<\/li>\n<li>Links of rechts openend<\/li>\n<li>Maximale openingshoek 180\u00b0<\/li>\n<li>Maximale opening 1100mm<\/li>\n<li>Schwarz<\/li>\n<\/ul>\n<p><a href=\"https:\/\/staging.webstore4.com\/Copyright\/\" target=\"_blank\" rel=\"noopener\"><span style=\"color: #ff6e03; font-size: 11px;\">\u00a9 Der Text ist urheberrechtlich gesch\u00fctzt<\/span><\/a><\/p>","protected":false},"excerpt":{"rendered":"<p>De WL4 DD-07-B is een zwarte metalen deurdranger met twee snelheden voor deuren tot 85 kilogram die links of rechts opengaan. De opbouw en omkeerbare scharnierende deurdranger is geschikt om deuren tussen de 25 en de 85 kilogram vertraagd te laten sluiten. Er kunnen twee sluitsnelheden worden ingesteld van 180\u00b0- 15\u00b0 of van 15\u00b0- 0\u00b0.<\/p>\n<div class=\"klb-readmore button\"><a class=\"btn link\" href=\"https:\/\/staging.webstore4.com\/de\/product\/wl4-dd-07-b-zwarte-deurdranger\/\">Mehr lesen <i class=\"klbth-icon-right-arrow\"><\/i><\/a><\/div>","protected":false},"featured_media":17340,"comment_status":"open","ping_status":"closed","template":"","meta":[],"pwb-brand":[3380],"product_cat":[4191,4197],"product_tag":[],"class_list":{"0":"post-17339","1":"product","2":"type-product","3":"status-publish","4":"has-post-thumbnail","6":"pwb-brand-wl4","7":"product_cat-access","8":"product_cat-elektrische-sloten","9":"product_shipping_class-pakket","10":"pa_garantie-3-jaar","11":"pa_materiaal-staal","12":"pa_merk-wl4","13":"pa_montage-opbouw","14":"pa_omgeving-binnen-en-buiten","15":"pa_product-deurdranger","16":"pa_weerstand-kracht-85-kg","18":"first","19":"onbackorder","20":"taxable","21":"shipping-taxable","22":"purchasable","23":"product-type-simple"},"brands":[{"id":3380,"name":"WL4","slug":"wl4"}],"_links":{"self":[{"href":"https:\/\/staging.webstore4.com\/de\/wp-json\/wp\/v2\/product\/17339","targetHints":{"allow":["GET"]}}],"collection":[{"href":"https:\/\/staging.webstore4.com\/de\/wp-json\/wp\/v2\/product"}],"about":[{"href":"https:\/\/staging.webstore4.com\/de\/wp-json\/wp\/v2\/types\/product"}],"replies":[{"embeddable":true,"href":"https:\/\/staging.webstore4.com\/de\/wp-json\/wp\/v2\/comments?post=17339"}],"wp:featuredmedia":[{"embeddable":true,"href":"https:\/\/staging.webstore4.com\/de\/wp-json\/wp\/v2\/media\/17340"}],"wp:attachment":[{"href":"https:\/\/staging.webstore4.com\/de\/wp-json\/wp\/v2\/media?parent=17339"}],"wp:term":[{"taxonomy":"pwb-brand","embeddable":true,"href":"https:\/\/staging.webstore4.com\/de\/wp-json\/wp\/v2\/pwb-brand?post=17339"},{"taxonomy":"product_cat","embeddable":true,"href":"https:\/\/staging.webstore4.com\/de\/wp-json\/wp\/v2\/product_cat?post=17339"},{"taxonomy":"product_tag","embeddable":true,"href":"https:\/\/staging.webstore4.com\/de\/wp-json\/wp\/v2\/product_tag?post=17339"}],"curies":[{"name":"wp","href":"https:\/\/api.w.org\/{rel}","templated":true}]}}