{"id":18162,"date":"2024-11-02T10:58:58","date_gmt":"2024-11-02T09:58:58","guid":{"rendered":"https:\/\/webstore4.com\/?post_type=product&#038;p=18162"},"modified":"2024-11-07T06:40:10","modified_gmt":"2024-11-07T05:40:10","slug":"yli-mbk-350zl-w-l-profielen","status":"publish","type":"product","link":"https:\/\/staging.webstore4.com\/de\/product\/yli-mbk-350zl-w-l-profielen\/","title":{"rendered":"YLI MBK-350ZL-W L-Profile f\u00fcr ein kombiniertes Z-Profil f\u00fcr das elektromagnetische Schloss YM-350W-S"},"content":{"rendered":"<p>Die YLI MBK-350ZL-W sind drei L-Profile aus hochfestem Duralumin, die zur Bildung eines Z-Profils f\u00fcr die Ankerplatte des elektromagnetischen Schlosses YLI YM-350W-S geeignet sind. Das Z-Profil ist f\u00fcr einw\u00e4rtsdrehende T\u00fcren geeignet.<br \/>\nGeeignete elektrische Schl\u00f6sser sind unter \u201eOptionen\u201c aufgef\u00fchrt.<\/p>\n<p>Bitte beachten Sie das Datenblatt f\u00fcr die entsprechende Anwendung. Das Datenblatt finden Sie unter der Registerkarte \u201eDokumentation\u201c.<\/p>\n<p><strong>Wichtigste Funktionen<\/strong><\/p>\n<ul>\n<li>Z-Profil<\/li>\n<li>Geeignet f\u00fcr z.B. YLI YM-350W-S<\/li>\n<li>Duraluminium<\/li>\n<\/ul>\n<p><a href=\"https:\/\/staging.webstore4.com\/Copyright\/\" target=\"_blank\" rel=\"noopener\"><span style=\"color: #ff6e03; font-size: 11px;\">\u00a9 Der Text ist urheberrechtlich gesch\u00fctzt<\/span><\/a><\/p>","protected":false},"excerpt":{"rendered":"<p>De YLI MBK-350ZL-W zijn drie L-profielen gemaakt van zeer sterk Duralumin en geschikt voor het vormen van een een Z-profiel voor de ankerplaat van het YLI YM-350W-S elektromagnetisch slot. Het Z-profiel is geschikt voor naar binnen draaiende deuren. Geschikte elektrische sloten zijn opgenomen onder \u2018Opties\u2019. Raadpleeg de datasheet voor de juiste toepassing. De datasheet is<\/p>\n<div class=\"klb-readmore button\"><a class=\"btn link\" href=\"https:\/\/staging.webstore4.com\/de\/product\/yli-mbk-350zl-w-l-profielen\/\">Mehr lesen <i class=\"klbth-icon-right-arrow\"><\/i><\/a><\/div>","protected":false},"featured_media":18190,"comment_status":"open","ping_status":"closed","template":"","meta":[],"pwb-brand":[3382],"product_cat":[4191,4197],"product_tag":[],"class_list":{"0":"post-18162","1":"product","2":"type-product","3":"status-publish","4":"has-post-thumbnail","6":"pwb-brand-yli","7":"product_cat-access","8":"product_cat-elektrische-sloten","9":"product_shipping_class-pakket","10":"pa_materiaal-aluminium","11":"pa_merk-yli","12":"pa_montage-opbouw","13":"pa_profiel-z-profiel","15":"first","16":"instock","17":"taxable","18":"shipping-taxable","19":"purchasable","20":"product-type-simple"},"brands":[{"id":3382,"name":"YLI","slug":"yli"}],"_links":{"self":[{"href":"https:\/\/staging.webstore4.com\/de\/wp-json\/wp\/v2\/product\/18162","targetHints":{"allow":["GET"]}}],"collection":[{"href":"https:\/\/staging.webstore4.com\/de\/wp-json\/wp\/v2\/product"}],"about":[{"href":"https:\/\/staging.webstore4.com\/de\/wp-json\/wp\/v2\/types\/product"}],"replies":[{"embeddable":true,"href":"https:\/\/staging.webstore4.com\/de\/wp-json\/wp\/v2\/comments?post=18162"}],"wp:featuredmedia":[{"embeddable":true,"href":"https:\/\/staging.webstore4.com\/de\/wp-json\/wp\/v2\/media\/18190"}],"wp:attachment":[{"href":"https:\/\/staging.webstore4.com\/de\/wp-json\/wp\/v2\/media?parent=18162"}],"wp:term":[{"taxonomy":"pwb-brand","embeddable":true,"href":"https:\/\/staging.webstore4.com\/de\/wp-json\/wp\/v2\/pwb-brand?post=18162"},{"taxonomy":"product_cat","embeddable":true,"href":"https:\/\/staging.webstore4.com\/de\/wp-json\/wp\/v2\/product_cat?post=18162"},{"taxonomy":"product_tag","embeddable":true,"href":"https:\/\/staging.webstore4.com\/de\/wp-json\/wp\/v2\/product_tag?post=18162"}],"curies":[{"name":"wp","href":"https:\/\/api.w.org\/{rel}","templated":true}]}}