{"id":7516,"date":"2014-11-19T15:08:44","date_gmt":"2014-11-19T13:08:44","guid":{"rendered":"https:\/\/webstore4.com\/\/?product=netwerkkabel-cat6-gigabit-utp-patchkabel-met-100-koper-kern-2-meter-wit"},"modified":"2024-06-21T10:28:44","modified_gmt":"2024-06-21T09:28:44","slug":"netwerkkabel-cat6-gigabit-2-meter-wit","status":"publish","type":"product","link":"https:\/\/staging.webstore4.com\/de\/product\/netwerkkabel-cat6-gigabit-2-meter-wit\/","title":{"rendered":"Netzwerkkabel Cat6 Gigabit UTP Patchkabel mit 100% Kupferkern, 2 Meter wei\u00df"},"content":{"rendered":"<p>Das StarTech-Netzwerkkabel erf\u00fcllt alle Cat6-Spezifikationen f\u00fcr eine zuverl\u00e4ssige Gigabit-Netzwerkverbindung und verf\u00fcgt \u00fcber 100%-Kupferleiter und einen langlebigen PVC-Mantel. Die Netzwerkkabel sind in verschiedenen Farben und L\u00e4ngen erh\u00e4ltlich.<\/p>\n<p><strong>Eigenschaften<\/strong><\/p>\n<p>Dieses hochwertige Netzwerkkabel ist mit einem Schutz der RJ45-Steckerklemmen vor Besch\u00e4digungen bei der Installation ausgestattet. Dadurch ist es weniger wahrscheinlich, dass das Kabel h\u00e4ngen bleibt, wenn es beispielsweise durch ein Rohr oder eine Wand gezogen wird. Das Kabel verf\u00fcgt au\u00dferdem \u00fcber eine geformte PVC-Zugentlastung, die verhindert, dass die Anschl\u00fcsse der RJ45-Stecker in scharfen Winkeln gebogen werden. Dadurch wird das Risiko einer Kabelbesch\u00e4digung verringert, die sich negativ auf die Netzwerkleistung auswirken k\u00f6nnte.<\/p>\n<p>StarTech-Netzwerkkabel verf\u00fcgen \u00fcber Leiter aus hochwertigem 100%-Kupfer f\u00fcr maximale Qualit\u00e4t, Haltbarkeit und Zuverl\u00e4ssigkeit. Das Netzwerkkabel ist mit 0,5 mm dickem (24AWG) hochwertigem Kupferdraht ausgestattet und ist daher sehr gut geeignet, die erforderliche Leistung bei der Verwendung von Power over Ethernet zu liefern. StarTech verwendet keine Leiter aus verkupfertem Aluminium (CCA) oder Stahl (CCS), die h\u00e4ufig in g\u00fcnstigeren Netzwerkkabeln verwendet werden, die daher eine deutlich geringere Qualit\u00e4t, Zuverl\u00e4ssigkeit und Haltbarkeit aufweisen und beispielsweise bei Strom\u00fcberschreitungen zu Problemen f\u00fchren k\u00f6nnen Ethernet-Anwendungen.<\/p>\n<p>Dieses Netzwerkkabel verf\u00fcgt \u00fcber hochwertige Anschl\u00fcsse mit 50-Mikron-Vergoldung f\u00fcr optimale Leitung und weniger Signalverlust durch Oxidation oder Korrosion.<\/p>\n<p>Dieses StarTech-Netzwerkkabel ist nicht durch Folie abgeschirmt (UTP: Unshielded Twisted Pair). Abgeschirmte Kabel (z. B. FTP und STP) werden nur in Situationen empfohlen, in denen mit starken elektromagnetischen St\u00f6rungen, z. B. durch schwere Industrieelektromotoren, zu rechnen ist. Aufgrund stark verbesserter elektrischer Produkte ist die Verwendung teurerer abgeschirmter Kabel in fast jeder anderen Umgebung \u00fcberfl\u00fcssig und abgeschirmte Netzwerkkabel k\u00f6nnen sich sogar bei falsch aufgebauten Netzwerkinstallationen nachteilig auswirken.<\/p>\n<p>StarTech gew\u00e4hrt eine lebenslange Garantie auf das Netzwerkkabel.<\/p>\n<p><strong>Einige Spezifikationen <\/strong><\/p>\n<ul>\n<li>Sorgf\u00e4ltig entworfen und hergestellt, um das Nahnebensprechen (NEXT) innerhalb akzeptabler Grenzen zu halten<\/li>\n<li>ETL-verifiziert (Intertek)<\/li>\n<li>50 micron\u00a0goud vergulde RJ45 connectoren<\/li>\n<li>Brandbestendigheid:\u00a0CMG goedgekeurd (algemeen doel)<\/li>\n<li>Kabelstandaard:\u00a0TIA\/EIA-568-B.1-2001 T568B<\/li>\n<li>Lebenslange Herstellergarantie<\/li>\n<\/ul>\n<p><a href=\"https:\/\/staging.webstore4.com\/Copyright\/\" target=\"_blank\" rel=\"noopener\"><span style=\"color: #ff6e03; font-size: 11px;\">\u00a9 Der Text ist urheberrechtlich gesch\u00fctzt<\/span><\/a><\/p>","protected":false},"excerpt":{"rendered":"<p>De StarTech netwerkkabel Cat6 voldoet aan alle Cat6 specificaties voor een betrouwbare Gigabit netwerkverbinding en is voorzien van 100% koper geleiders en een duurzame PVC-omhulling. De netwerkkabels zijn verkrijgbaar in diverse kleuren en lengtes. Eigenschappen Deze kwalitatief hoogwaardige netwerkkabel is uitgevoerd met een bescherming van de RJ45-connectorclips tegen beschadiging tijdens installaties. De kabel zal daardoor<\/p>\n<div class=\"klb-readmore button\"><a class=\"btn link\" href=\"https:\/\/staging.webstore4.com\/de\/product\/netwerkkabel-cat6-gigabit-2-meter-wit\/\">Mehr lesen <i class=\"klbth-icon-right-arrow\"><\/i><\/a><\/div>","protected":false},"featured_media":15331,"comment_status":"open","ping_status":"closed","template":"","meta":[],"pwb-brand":[3374],"product_cat":[3441,3445],"product_tag":[],"class_list":{"0":"post-7516","1":"product","2":"type-product","3":"status-publish","4":"has-post-thumbnail","6":"pwb-brand-startech","7":"product_cat-benodigdheden","8":"product_cat-netwerkkabels","9":"product_shipping_class-pakket","10":"pa_aantal-geleiders-4-paar-utp-8","11":"pa_brandbestendigheid-cmg-gecertificeerd-algemeen-doel","12":"pa_connector-a-1-rj-45-male","13":"pa_connector-b-1-rj-45-male","14":"pa_connectormateriaal-goud","15":"pa_draaddikte-24-awg","16":"pa_garantie-levenslang","17":"pa_kabelkleur-wit","18":"pa_kabellengte-2-meter","19":"pa_kabelspecificatie-cat6","20":"pa_kabelstandaard-tiaeia-568-b-1-2001-t568b","21":"pa_merk-startech","22":"pa_product-netwerkkabel","23":"pa_type-kabelmantel-pvc-polyvinyl-chloride","24":"pa_type-kabelmantel-snag-less","26":"first","27":"instock","28":"taxable","29":"shipping-taxable","30":"purchasable","31":"product-type-simple"},"brands":[{"id":3374,"name":"StarTech","slug":"startech"}],"_links":{"self":[{"href":"https:\/\/staging.webstore4.com\/de\/wp-json\/wp\/v2\/product\/7516","targetHints":{"allow":["GET"]}}],"collection":[{"href":"https:\/\/staging.webstore4.com\/de\/wp-json\/wp\/v2\/product"}],"about":[{"href":"https:\/\/staging.webstore4.com\/de\/wp-json\/wp\/v2\/types\/product"}],"replies":[{"embeddable":true,"href":"https:\/\/staging.webstore4.com\/de\/wp-json\/wp\/v2\/comments?post=7516"}],"wp:featuredmedia":[{"embeddable":true,"href":"https:\/\/staging.webstore4.com\/de\/wp-json\/wp\/v2\/media\/15331"}],"wp:attachment":[{"href":"https:\/\/staging.webstore4.com\/de\/wp-json\/wp\/v2\/media?parent=7516"}],"wp:term":[{"taxonomy":"pwb-brand","embeddable":true,"href":"https:\/\/staging.webstore4.com\/de\/wp-json\/wp\/v2\/pwb-brand?post=7516"},{"taxonomy":"product_cat","embeddable":true,"href":"https:\/\/staging.webstore4.com\/de\/wp-json\/wp\/v2\/product_cat?post=7516"},{"taxonomy":"product_tag","embeddable":true,"href":"https:\/\/staging.webstore4.com\/de\/wp-json\/wp\/v2\/product_tag?post=7516"}],"curies":[{"name":"wp","href":"https:\/\/api.w.org\/{rel}","templated":true}]}}