{"id":7617,"date":"2016-07-01T16:40:14","date_gmt":"2016-07-01T14:40:14","guid":{"rendered":"https:\/\/webstore4.com\/\/?product=wl4-mic-l-mini-microfoon"},"modified":"2024-04-19T15:03:08","modified_gmt":"2024-04-19T14:03:08","slug":"wl4-mic-l-mini-microfoon","status":"publish","type":"product","link":"https:\/\/staging.webstore4.com\/de\/product\/wl4-mic-l-mini-microfoon\/","title":{"rendered":"WL4 MIC-L Minimikrofon"},"content":{"rendered":"<p>Das WL4 MIC-L ist ein Minimikrofon zur Tonaufnahme mit Bildern einer \u00dcberwachungskamera.<\/p>\n<p>Das MIC-L verf\u00fcgt \u00fcber drei Dr\u00e4hte. Das rote Kabel ist f\u00fcr Strom Plus (+), das schwarze Kabel ist f\u00fcr Strom Minus (-) und das wei\u00dfe Kabel ist f\u00fcr Audio.<\/p>\n<p>De microfoon kan worden aangesloten op een daarvoor geschikte camera of op een audio ingang van bijvoorbeeld een netwerk video recorder (NVR). Geschikte audio RCA male connectors\u00a0staan onder het tabblad &#8220;Gerelateerde producten&#8221;.<\/p>\n<p>De WL4 MIC-L is niet geclassificeerd voor buiten gebruik. Bij buitengebruik is het nodig de microfoon te beschermen tegen weersinvloeden. Een voedingsadapter wordt niet meegeleverd. Een geschikte voedingsadapter staat onder het tabblad &#8220;Opties&#8221; en &#8220;Gerelateerde producten&#8221;.<\/p>\n<p><strong>Hauptmerkmale<\/strong><\/p>\n<ul>\n<li>Stromversorgungsbereich DC6V \u2013 12V<\/li>\n<li>S\/N-Verh\u00e4ltnis 35,5 dB<\/li>\n<\/ul>\n<p><a href=\"https:\/\/www.webstore4ipcameras.nl\/Copyright\" target=\"_blank\" rel=\"noopener\"><span style=\"color: #ff6e03; font-size: 11px;\">\u00a9 Der Text ist urheberrechtlich gesch\u00fctzt<\/span><\/a><\/p>","protected":false},"excerpt":{"rendered":"<p>De WL4 MIC-L is een mini microfoon voor opnemen geluid bij de beelden van een bewakingscamera. De MIC-L beschikt over drie draden. De rode draad is voor voeding plus (+), de zwarte draad is voor voeding min (-) en de witte draad is voor audio. De microfoon kan worden aangesloten op een daarvoor geschikte camera<\/p>\n<div class=\"klb-readmore button\"><a class=\"btn link\" href=\"https:\/\/staging.webstore4.com\/de\/product\/wl4-mic-l-mini-microfoon\/\">Mehr lesen <i class=\"klbth-icon-right-arrow\"><\/i><\/a><\/div>","protected":false},"featured_media":7618,"comment_status":"closed","ping_status":"closed","template":"","meta":[],"pwb-brand":[3380],"product_cat":[4194,3441,4195],"product_tag":[],"class_list":{"0":"post-7617","1":"product","2":"type-product","3":"status-publish","4":"has-post-thumbnail","6":"pwb-brand-wl4","7":"product_cat-audio","8":"product_cat-benodigdheden","9":"product_cat-monitors-audio","10":"pa_merk-wl4","12":"first","13":"onbackorder","14":"taxable","15":"shipping-taxable","16":"purchasable","17":"product-type-simple"},"brands":[{"id":3380,"name":"WL4","slug":"wl4"}],"_links":{"self":[{"href":"https:\/\/staging.webstore4.com\/de\/wp-json\/wp\/v2\/product\/7617","targetHints":{"allow":["GET"]}}],"collection":[{"href":"https:\/\/staging.webstore4.com\/de\/wp-json\/wp\/v2\/product"}],"about":[{"href":"https:\/\/staging.webstore4.com\/de\/wp-json\/wp\/v2\/types\/product"}],"replies":[{"embeddable":true,"href":"https:\/\/staging.webstore4.com\/de\/wp-json\/wp\/v2\/comments?post=7617"}],"wp:featuredmedia":[{"embeddable":true,"href":"https:\/\/staging.webstore4.com\/de\/wp-json\/wp\/v2\/media\/7618"}],"wp:attachment":[{"href":"https:\/\/staging.webstore4.com\/de\/wp-json\/wp\/v2\/media?parent=7617"}],"wp:term":[{"taxonomy":"pwb-brand","embeddable":true,"href":"https:\/\/staging.webstore4.com\/de\/wp-json\/wp\/v2\/pwb-brand?post=7617"},{"taxonomy":"product_cat","embeddable":true,"href":"https:\/\/staging.webstore4.com\/de\/wp-json\/wp\/v2\/product_cat?post=7617"},{"taxonomy":"product_tag","embeddable":true,"href":"https:\/\/staging.webstore4.com\/de\/wp-json\/wp\/v2\/product_tag?post=7617"}],"curies":[{"name":"wp","href":"https:\/\/api.w.org\/{rel}","templated":true}]}}