{"id":7745,"date":"2017-03-19T03:28:15","date_gmt":"2017-03-19T01:28:15","guid":{"rendered":"https:\/\/webstore4.com\/\/?product=yli-mbk-280ul-u-profiel-geschikt-voor-bijvoorbeeld-het-yli-ym-280nled-ds-elektromagnetisch-slot"},"modified":"2024-06-05T12:36:45","modified_gmt":"2024-06-05T11:36:45","slug":"yli-mbk-280ul-u-profiel-geschikt-voor-bijvoorbeeld-het-yli-ym-280nled-ds-elektromagnetisch-slot","status":"publish","type":"product","link":"https:\/\/staging.webstore4.com\/de\/product\/yli-mbk-280ul-u-profiel-geschikt-voor-bijvoorbeeld-het-yli-ym-280nled-ds-elektromagnetisch-slot\/","title":{"rendered":"YLI MBK-280UL U-Profil passend zum Beispiel f\u00fcr das elektromagnetische Schloss YLI YM-280N(LED)-DS"},"content":{"rendered":"<p>Das YLI MBK-280UL ist ein U-Profil aus sehr starkem Duraluminium und eignet sich beispielsweise f\u00fcr die Ankerplatte des elektromagnetischen Schlosses YLI YM-280N(LED)-DS. Das U-Profil eignet sich f\u00fcr nach au\u00dfen und innen \u00f6ffnende T\u00fcren ohne Rahmen, beispielsweise Glast\u00fcren.<\/p>\n<p>Raadpleeg de datasheet voor de juiste toepassing. De datasheet is te vinden onder het tabblad &#8220;Documentatie&#8221;.<\/p>\n<p><a href=\"https:\/\/www.webstore4ipcameras.nl\/Copyright\" target=\"_blank\" rel=\"noopener\"><span style=\"color: #ff6e03; font-size: 11px;\">\u00a9 Der Text ist urheberrechtlich gesch\u00fctzt<\/span><\/a><\/p>","protected":false},"excerpt":{"rendered":"<p>De YLI MBK-280UL is een U-profiel gemaakt van zeer sterk Duralumin\u00a0en geschikt voor de ankerplaat van bijvoorbeeld het YLI YM-280N(LED)-DS elektromagnetisch slot. Het U-profiel is geschikt voor naar buiten en binnen draaiende deuren zonder frame, zoals glazen deuren. Raadpleeg de datasheet voor de juiste toepassing. De datasheet is te vinden onder het tabblad &#8220;Documentatie&#8221;. \u00a9<\/p>\n<div class=\"klb-readmore button\"><a class=\"btn link\" href=\"https:\/\/staging.webstore4.com\/de\/product\/yli-mbk-280ul-u-profiel-geschikt-voor-bijvoorbeeld-het-yli-ym-280nled-ds-elektromagnetisch-slot\/\">Mehr lesen <i class=\"klbth-icon-right-arrow\"><\/i><\/a><\/div>","protected":false},"featured_media":7746,"comment_status":"closed","ping_status":"closed","template":"","meta":[],"pwb-brand":[3382],"product_cat":[4191,4197],"product_tag":[],"class_list":{"0":"post-7745","1":"product","2":"type-product","3":"status-publish","4":"has-post-thumbnail","6":"pwb-brand-yli","7":"product_cat-access","8":"product_cat-elektrische-sloten","9":"pa_materiaal-aluminium","10":"pa_merk-yli","11":"pa_montage-opbouw","12":"pa_profiel-u-profiel","14":"first","15":"instock","16":"taxable","17":"shipping-taxable","18":"purchasable","19":"product-type-simple"},"brands":[{"id":3382,"name":"YLI","slug":"yli"}],"_links":{"self":[{"href":"https:\/\/staging.webstore4.com\/de\/wp-json\/wp\/v2\/product\/7745","targetHints":{"allow":["GET"]}}],"collection":[{"href":"https:\/\/staging.webstore4.com\/de\/wp-json\/wp\/v2\/product"}],"about":[{"href":"https:\/\/staging.webstore4.com\/de\/wp-json\/wp\/v2\/types\/product"}],"replies":[{"embeddable":true,"href":"https:\/\/staging.webstore4.com\/de\/wp-json\/wp\/v2\/comments?post=7745"}],"wp:featuredmedia":[{"embeddable":true,"href":"https:\/\/staging.webstore4.com\/de\/wp-json\/wp\/v2\/media\/7746"}],"wp:attachment":[{"href":"https:\/\/staging.webstore4.com\/de\/wp-json\/wp\/v2\/media?parent=7745"}],"wp:term":[{"taxonomy":"pwb-brand","embeddable":true,"href":"https:\/\/staging.webstore4.com\/de\/wp-json\/wp\/v2\/pwb-brand?post=7745"},{"taxonomy":"product_cat","embeddable":true,"href":"https:\/\/staging.webstore4.com\/de\/wp-json\/wp\/v2\/product_cat?post=7745"},{"taxonomy":"product_tag","embeddable":true,"href":"https:\/\/staging.webstore4.com\/de\/wp-json\/wp\/v2\/product_tag?post=7745"}],"curies":[{"name":"wp","href":"https:\/\/api.w.org\/{rel}","templated":true}]}}