{"id":7749,"date":"2017-03-20T01:30:31","date_gmt":"2017-03-19T23:30:31","guid":{"rendered":"https:\/\/webstore4.com\/\/?product=yli-ys-131nc-elektrische-sluitplaat-ruststroom-12vdc"},"modified":"2024-10-21T11:33:22","modified_gmt":"2024-10-21T10:33:22","slug":"yli-ys-131nc-elektrische-sluitplaat-ruststroom-12vdc","status":"publish","type":"product","link":"https:\/\/staging.webstore4.com\/de\/product\/yli-ys-131nc-elektrische-sluitplaat-ruststroom-12vdc\/","title":{"rendered":"YLI YS-131NC Elektro-T\u00fcr\u00f6ffner geschlossen Strom 12VDC"},"content":{"rendered":"<p>Der YLI YS-131NC ist ein hochwertiger Elektro-Schlie\u00dfer mit Ruhestrom 12VDC. \u201eRuhestrom\u201c bedeutet entriegelt ohne Spannung. Bei Stromausfall ist die T\u00fcr ge\u00f6ffnet (ausfallsicher).<\/p>\n<p><strong>M\u00f6glichkeiten<\/strong><\/p>\n<p>Der YLI YS-139NO ist f\u00fcr den Einsatz mit Zugangskontrollsystemen wie Gegensprechanlagen und Kartenlesern geeignet und hat eine St\u00e4rke von 500 kg. Das Schloss muss mit 12 VDC betrieben werden. Netzteil ist nicht im Lieferumfang enthalten. Unter der Registerkarte \u201eVerwandt\u201c sind verschiedene Netzteile aufgef\u00fchrt. F\u00fcr die Abmessungen und die korrekte Anwendung empfehlen wir Ihnen, das Datenblatt zu konsultieren, das unter der Registerkarte \u201eDokumentation\u201c enthalten ist.<\/p>\n<p><strong>Wichtigste Funktionen<\/strong><\/p>\n<ul>\n<li>Ausfallsicheres Schloss<\/li>\n<li>12 VDC\/200 mA<\/li>\n<li>500 kg Haltekraft<\/li>\n<li>Innenraum aus Edelstahl<\/li>\n<li>Eingebaut<\/li>\n<\/ul>\n<p><a href=\"https:\/\/www.webstore4ipcameras.nl\/Copyright\" target=\"_blank\" rel=\"noopener\"><span style=\"color: #ff6e03; font-size: 11px;\">\u00a9 Der Text ist urheberrechtlich gesch\u00fctzt<\/span><\/a><\/p>","protected":false},"excerpt":{"rendered":"<p>De YLI YS-131NC is een hoogwaardige\u00a0elektrische sluitplaat ruststroom 12VDC. \u00a0\u2018Ruststroom\u2019 betekent spanningsloos ontgrendeld. De deur is open als de spanning wegvalt\u00a0(fail-safe). Mogelijkheden De YLI YS-131NC is geschikt om te worden gebruikt met toegangscontrole systemen zoals intercom en paslezers en heeft een kracht van 500KG. Het slot moet worden gevoed met 12VDC. Voeding wordt niet meegeleverd.<\/p>\n<div class=\"klb-readmore button\"><a class=\"btn link\" href=\"https:\/\/staging.webstore4.com\/de\/product\/yli-ys-131nc-elektrische-sluitplaat-ruststroom-12vdc\/\">Mehr lesen <i class=\"klbth-icon-right-arrow\"><\/i><\/a><\/div>","protected":false},"featured_media":7748,"comment_status":"closed","ping_status":"closed","template":"","meta":[],"pwb-brand":[3382],"product_cat":[4191,4197],"product_tag":[],"class_list":{"0":"post-7749","1":"product","2":"type-product","3":"status-publish","4":"has-post-thumbnail","6":"pwb-brand-yli","7":"product_cat-access","8":"product_cat-elektrische-sloten","9":"pa_fail-fail-safe","10":"pa_garantie-3-jaar","11":"pa_materiaal-staal","12":"pa_merk-yli","13":"pa_montage-inbouw","14":"pa_omgeving-binnen","15":"pa_product-sluitplaat","16":"pa_voeding-12vdc","17":"pa_weerstand-kracht-500-kg","19":"first","20":"instock","21":"taxable","22":"shipping-taxable","23":"purchasable","24":"product-type-simple"},"brands":[{"id":3382,"name":"YLI","slug":"yli"}],"_links":{"self":[{"href":"https:\/\/staging.webstore4.com\/de\/wp-json\/wp\/v2\/product\/7749","targetHints":{"allow":["GET"]}}],"collection":[{"href":"https:\/\/staging.webstore4.com\/de\/wp-json\/wp\/v2\/product"}],"about":[{"href":"https:\/\/staging.webstore4.com\/de\/wp-json\/wp\/v2\/types\/product"}],"replies":[{"embeddable":true,"href":"https:\/\/staging.webstore4.com\/de\/wp-json\/wp\/v2\/comments?post=7749"}],"wp:featuredmedia":[{"embeddable":true,"href":"https:\/\/staging.webstore4.com\/de\/wp-json\/wp\/v2\/media\/7748"}],"wp:attachment":[{"href":"https:\/\/staging.webstore4.com\/de\/wp-json\/wp\/v2\/media?parent=7749"}],"wp:term":[{"taxonomy":"pwb-brand","embeddable":true,"href":"https:\/\/staging.webstore4.com\/de\/wp-json\/wp\/v2\/pwb-brand?post=7749"},{"taxonomy":"product_cat","embeddable":true,"href":"https:\/\/staging.webstore4.com\/de\/wp-json\/wp\/v2\/product_cat?post=7749"},{"taxonomy":"product_tag","embeddable":true,"href":"https:\/\/staging.webstore4.com\/de\/wp-json\/wp\/v2\/product_tag?post=7749"}],"curies":[{"name":"wp","href":"https:\/\/api.w.org\/{rel}","templated":true}]}}