{"id":7750,"date":"2017-03-20T01:59:18","date_gmt":"2017-03-19T23:59:18","guid":{"rendered":"https:\/\/webstore4.com\/\/?product=yli-pbs-821aled-piezo-elektrische-uitgang-knop-opbouw-voor-buitenbinnen-met-status-led"},"modified":"2024-04-19T15:03:43","modified_gmt":"2024-04-19T14:03:43","slug":"yli-pbs-821aled-piezo-elektrische-uitgang-knop-opbouw-voor-buitenbinnen-met-status-led","status":"publish","type":"product","link":"https:\/\/staging.webstore4.com\/de\/product\/yli-pbs-821aled-piezo-elektrische-uitgang-knop-opbouw-voor-buitenbinnen-met-status-led\/","title":{"rendered":"YLI PBS-821A(LED) Piezoelektrischer Ausgangstaster zur Oberfl\u00e4chenmontage f\u00fcr den Au\u00dfen-\/Innenbereich mit Status-LED"},"content":{"rendered":"<p>Der YLI PBS-821A(LED) ist ein piezoelektrischer Touch-Ausgangstaster f\u00fcr den Au\u00dfen- und Innenbereich mit Status-LED-Beleuchtung, der beispielsweise zum Entriegeln eines elektrischen T\u00fcrschlosses oder T\u00fcr\u00f6ffners verwendet werden kann.<\/p>\n<p>De knop heeft geen mechanisch bewegende delen en heeft mede daardoor een zeer lange levensduur. De YLI PBS-821A(LED) moet worden gevoed met 12 &#8211; 24VDC. Een adapter wordt niet meegeleverd. Onder het tabblad &#8216;Opties&#8217; staat een geschikte voeding. Wij adviseren de datasheet, die is opgenomen onder het tabblad &#8216;Documentatie&#8217;, te raadplegen voor de afmetingen en de juiste toepassing.<\/p>\n<p><strong>Wichtigste Funktionen<\/strong><\/p>\n<ul>\n<li>Piezoelektrisch<\/li>\n<li>Automatischer Sperrmodus<\/li>\n<li>Auch f\u00fcr den Au\u00dfenbereich geeignet (IP65)<\/li>\n<li>Ausgangskontakt NO\/COM<\/li>\n<li>Plastik<\/li>\n<\/ul>\n<p><a href=\"https:\/\/staging.webstore4.com\/Copyright\/\" target=\"_blank\" rel=\"noopener\"><span style=\"color: #ff6e03; font-size: 11px;\">\u00a9 Der Text ist urheberrechtlich gesch\u00fctzt<\/span><\/a><\/p>","protected":false},"excerpt":{"rendered":"<p>De YLI PBS-821A(LED) is een aanraak pi\u00ebzo-elektrische uitgang knop voor buiten of binnen met status LED verlichting die kan worden gebruikt om bijvoorbeeld een elektrisch deurslot of deuropener te ontgrendelen. De knop heeft geen mechanisch bewegende delen en heeft mede daardoor een zeer lange levensduur. De YLI PBS-821A(LED) moet worden gevoed met 12 &#8211; 24VDC.<\/p>\n<div class=\"klb-readmore button\"><a class=\"btn link\" href=\"https:\/\/staging.webstore4.com\/de\/product\/yli-pbs-821aled-piezo-elektrische-uitgang-knop-opbouw-voor-buitenbinnen-met-status-led\/\">Mehr lesen <i class=\"klbth-icon-right-arrow\"><\/i><\/a><\/div>","protected":false},"featured_media":10844,"comment_status":"open","ping_status":"closed","template":"","meta":[],"pwb-brand":[3382],"product_cat":[4191,4197],"product_tag":[],"class_list":{"0":"post-7750","1":"product","2":"type-product","3":"status-publish","4":"has-post-thumbnail","6":"pwb-brand-yli","7":"product_cat-access","8":"product_cat-elektrische-sloten","9":"product_shipping_class-pakket","10":"pa_garantie-2-jaar","11":"pa_merk-yli","12":"pa_montage-opbouw","13":"pa_omgeving-binnen-en-buiten","14":"pa_product-schakelaar","15":"pa_voeding-1224vdc","17":"first","18":"onbackorder","19":"taxable","20":"shipping-taxable","21":"purchasable","22":"product-type-simple"},"brands":[{"id":3382,"name":"YLI","slug":"yli"}],"_links":{"self":[{"href":"https:\/\/staging.webstore4.com\/de\/wp-json\/wp\/v2\/product\/7750","targetHints":{"allow":["GET"]}}],"collection":[{"href":"https:\/\/staging.webstore4.com\/de\/wp-json\/wp\/v2\/product"}],"about":[{"href":"https:\/\/staging.webstore4.com\/de\/wp-json\/wp\/v2\/types\/product"}],"replies":[{"embeddable":true,"href":"https:\/\/staging.webstore4.com\/de\/wp-json\/wp\/v2\/comments?post=7750"}],"wp:featuredmedia":[{"embeddable":true,"href":"https:\/\/staging.webstore4.com\/de\/wp-json\/wp\/v2\/media\/10844"}],"wp:attachment":[{"href":"https:\/\/staging.webstore4.com\/de\/wp-json\/wp\/v2\/media?parent=7750"}],"wp:term":[{"taxonomy":"pwb-brand","embeddable":true,"href":"https:\/\/staging.webstore4.com\/de\/wp-json\/wp\/v2\/pwb-brand?post=7750"},{"taxonomy":"product_cat","embeddable":true,"href":"https:\/\/staging.webstore4.com\/de\/wp-json\/wp\/v2\/product_cat?post=7750"},{"taxonomy":"product_tag","embeddable":true,"href":"https:\/\/staging.webstore4.com\/de\/wp-json\/wp\/v2\/product_tag?post=7750"}],"curies":[{"name":"wp","href":"https:\/\/api.w.org\/{rel}","templated":true}]}}