{"id":7769,"date":"2017-05-04T23:53:59","date_gmt":"2017-05-04T21:53:59","guid":{"rendered":"https:\/\/webstore4.com\/\/?product=dahua-asr1102av2-vingerafdruk-en-mifare-kaart-lezer"},"modified":"2024-12-27T13:24:51","modified_gmt":"2024-12-27T12:24:51","slug":"dahua-asr1102av2-vingerafdruk-en-mifare-kaart-lezer","status":"publish","type":"product","link":"https:\/\/staging.webstore4.com\/de\/product\/dahua-asr1102av2-vingerafdruk-en-mifare-kaart-lezer\/","title":{"rendered":"Dahua ASR1102A(V2) Fingerabdruck- und Mifare-Kartenleser"},"content":{"rendered":"<p>Der Dahua ASR1102A(V2) ist ein Fingerabdruck- und Mifare-Kartenleser. Die Zugangskontrolle erfolgt mittels Fingerabdruck und\/oder Mifare-Proximity-Karte oder -Tag. Der Dahua ASR1102A(V2) ist ideal f\u00fcr den Einsatz in H\u00e4usern, Mehrfamilienh\u00e4usern, Gesch\u00e4ftsr\u00e4umen und B\u00fcros.<\/p>\n<p>Nur ein St\u00fcck verf\u00fcgbar.<\/p>\n<p><strong>M\u00f6glichkeiten<\/strong><\/p>\n<p>Der Dahua ASR1102A(V2) verf\u00fcgt \u00fcber die Kommunikation \u00fcber das RS485-Protokoll. Separater Controller ist erforderlich. Der Dahua ASR1102A(V2) kann \u00fcber einen Dahua-Zutrittscontroller \u00fcber die kostenlose Dahua-Software SmartPSS auf einem Windows-PC verwaltet werden.<\/p>\n<p>De reader is eenvoudig zelf te installeren. De Dahua ASI1201A kan worden gevoed door de niet meegeleverde controller. Onder het tabblad &#8216;Documentatie&#8217; staat een link naar de website van de fabrikant met onder meer de datasheet en handleiding (tabblad &#8220;Download&#8221;).<\/p>\n<p><strong>Wichtigste Funktionen<\/strong><\/p>\n<ul>\n<li>Unterst\u00fctzt 3000 Fingerabdr\u00fccke<\/li>\n<li>Unterst\u00fctzt Mifare-Karten oder Tags<\/li>\n<li>Unterst\u00fctzt die Verwendung von Karte\/Tag oder Fingerabdruck oder beidem<\/li>\n<li>RS-485-Schnittstelle<\/li>\n<li>Sabotagealarm<\/li>\n<li>Blaue Hintergrundbeleuchtung<\/li>\n<li>Watch-Dog-Funktion<\/li>\n<\/ul>\n<p><a href=\"https:\/\/staging.webstore4.com\/Copyright\/\" target=\"_blank\" rel=\"noopener\"><span style=\"color: #ff6e03; font-size: 11px;\">\u00a9 Der Text ist urheberrechtlich gesch\u00fctzt<\/span><\/a><\/p>","protected":false},"excerpt":{"rendered":"<p>De Dahua ASR1102A(V2) is een vingerafdruk en Mifare kaart lezer.\u00a0De toegangscontrole vindt plaats door middel van een vingerafdruk en\/of Mifare proximity kaart of tag. De\u00a0Dahua ASR1102A(V2) is ideaal voor gebruik in woningen, appartementsgebouwen, bedrijfsverzamelgebouwen en kantoren. Slechts \u00e9\u00e9n stuks beschikbaar. Mogelijkheden De Dahua ASR1102A(V2) beschikt over communicatie over het RS485 protocol. Er is afzonderlijke controller<\/p>\n<div class=\"klb-readmore button\"><a class=\"btn link\" href=\"https:\/\/staging.webstore4.com\/de\/product\/dahua-asr1102av2-vingerafdruk-en-mifare-kaart-lezer\/\">Mehr lesen <i class=\"klbth-icon-right-arrow\"><\/i><\/a><\/div>","protected":false},"featured_media":10845,"comment_status":"open","ping_status":"closed","template":"","meta":[],"pwb-brand":[3376],"product_cat":[4191,4193],"product_tag":[],"class_list":{"0":"post-7769","1":"product","2":"type-product","3":"status-publish","4":"has-post-thumbnail","6":"pwb-brand-dahua","7":"product_cat-access","8":"product_cat-toegangscontrole-access","9":"product_shipping_class-pakket","10":"pa_aanbieding-opop","11":"pa_frequentie-tags-en-readers-mifare-13-56-mhz","12":"pa_garantie-3-jaar","13":"pa_max-aantal-gebruikers-3642","14":"pa_merk-dahua","15":"pa_omgeving-binnen","16":"pa_product-reader","17":"pa_stand-alone-nee","18":"pa_toegang-met-kaartlezer","19":"pa_toegang-met-vingerafdruk","20":"pa_voeding-12vdc","22":"first","23":"instock","24":"sale","25":"taxable","26":"shipping-taxable","27":"purchasable","28":"product-type-simple"},"brands":[{"id":3376,"name":"Dahua","slug":"dahua"}],"_links":{"self":[{"href":"https:\/\/staging.webstore4.com\/de\/wp-json\/wp\/v2\/product\/7769","targetHints":{"allow":["GET"]}}],"collection":[{"href":"https:\/\/staging.webstore4.com\/de\/wp-json\/wp\/v2\/product"}],"about":[{"href":"https:\/\/staging.webstore4.com\/de\/wp-json\/wp\/v2\/types\/product"}],"replies":[{"embeddable":true,"href":"https:\/\/staging.webstore4.com\/de\/wp-json\/wp\/v2\/comments?post=7769"}],"wp:featuredmedia":[{"embeddable":true,"href":"https:\/\/staging.webstore4.com\/de\/wp-json\/wp\/v2\/media\/10845"}],"wp:attachment":[{"href":"https:\/\/staging.webstore4.com\/de\/wp-json\/wp\/v2\/media?parent=7769"}],"wp:term":[{"taxonomy":"pwb-brand","embeddable":true,"href":"https:\/\/staging.webstore4.com\/de\/wp-json\/wp\/v2\/pwb-brand?post=7769"},{"taxonomy":"product_cat","embeddable":true,"href":"https:\/\/staging.webstore4.com\/de\/wp-json\/wp\/v2\/product_cat?post=7769"},{"taxonomy":"product_tag","embeddable":true,"href":"https:\/\/staging.webstore4.com\/de\/wp-json\/wp\/v2\/product_tag?post=7769"}],"curies":[{"name":"wp","href":"https:\/\/api.w.org\/{rel}","templated":true}]}}