{"id":7775,"date":"2017-05-05T02:23:24","date_gmt":"2017-05-05T00:23:24","guid":{"rendered":"https:\/\/webstore4.com\/\/?product=dahua-asr1001a-codepaneel-keypad-en-mifare-kaartlezer-wiegand2634"},"modified":"2024-12-31T13:08:52","modified_gmt":"2024-12-31T12:08:52","slug":"dahua-asr1001a-codepaneel-keypad-en-mifare-kaartlezer-wiegand2634","status":"publish","type":"product","link":"https:\/\/staging.webstore4.com\/de\/product\/dahua-asr1001a-codepaneel-keypad-en-mifare-kaartlezer-wiegand2634\/","title":{"rendered":"Dahua ASR1001A Code-Panel\/Tastatur und Mifare-Kartenleser Wiegand26\/34"},"content":{"rendered":"<p>Das Dahua ASR1001A ist ein Codepanel\/Tastatur und Mifare-Kartenleser mit Wiegand26\/34-Protokollausgang. Die Zugangskontrolle erfolgt mittels PIN-Code und\/oder Mifare-Proximity-Karte oder -Tag. Der Dahua ASR1001A ist ideal f\u00fcr den Einsatz in H\u00e4usern, Mehrfamilienh\u00e4usern, Gesch\u00e4ftsr\u00e4umen und B\u00fcros.<\/p>\n<p><strong>M\u00f6glichkeiten<\/strong><\/p>\n<p>Der Dahua ASR1001A verf\u00fcgt \u00fcber die Kommunikation \u00fcber das Wiegand26\/34-Protokoll. Separater Controller ist erforderlich. Der Dahua ASR1001A kann \u00fcber einen Dahua-Zutrittscontroller \u00fcber die kostenlose Dahua-Software SmartPSS auf einem Windows-PC verwaltet werden.<\/p>\n<p>De Dahua kaartlezer is eenvoudig zelf te installeren. De Dahua ASR1001A kan worden gevoed door de niet meegeleverde controller. Geschikte controllers zijn te vinden en te bestellen onder het tabblad &#8216;Opties&#8217;.<\/p>\n<p>Onder het tabblad &#8216;Documentatie&#8217; staat een link naar de website van de fabrikant met onder meer de datasheet en handleiding (tabblad &#8216;Download&#8217;).<\/p>\n<p><strong>Wichtigste Funktionen<\/strong><\/p>\n<ul>\n<li>Wiegand26\/34-Protokoll<\/li>\n<li>13,56 MHz Karten und Tags (Mifare)<\/li>\n<li>Touch-Tastatur mit blauer Hintergrundbeleuchtung<\/li>\n<li>Watch-Dog-Funktion<\/li>\n<li>Oberfl\u00e4chen-Montage<\/li>\n<\/ul>\n<p><a href=\"https:\/\/staging.webstore4.com\/Copyright\/\" target=\"_blank\" rel=\"noopener\"><span style=\"color: #ff6e03; font-size: 11px;\">\u00a9 Der Text ist urheberrechtlich gesch\u00fctzt<\/span><\/a><\/p>","protected":false},"excerpt":{"rendered":"<p>De Dahua ASR1001A is een codepaneel \/ keypad en Mifare kaartlezer met Wiegand26\/34 protocol uitgang.\u00a0De toegangscontrole vindt plaats door middel van een PIN code en\/of Mifare proximity kaart of tag. De Dahua ASR1001A is ideaal voor gebruik in woningen, appartementsgebouwen, bedrijfsverzamelgebouwen en kantoren. Mogelijkheden De Dahua ASR1001A beschikt over communicatie over het Wiegand26\/34 protocol. Er<\/p>\n<div class=\"klb-readmore button\"><a class=\"btn link\" href=\"https:\/\/staging.webstore4.com\/de\/product\/dahua-asr1001a-codepaneel-keypad-en-mifare-kaartlezer-wiegand2634\/\">Mehr lesen <i class=\"klbth-icon-right-arrow\"><\/i><\/a><\/div>","protected":false},"featured_media":7776,"comment_status":"open","ping_status":"closed","template":"","meta":[],"pwb-brand":[3376],"product_cat":[4191,4193],"product_tag":[],"class_list":{"0":"post-7775","1":"product","2":"type-product","3":"status-publish","4":"has-post-thumbnail","6":"pwb-brand-dahua","7":"product_cat-access","8":"product_cat-toegangscontrole-access","9":"product_shipping_class-pakket","10":"pa_aanbieding-opop","11":"pa_garantie-3-jaar","12":"pa_merk-dahua","13":"pa_omgeving-binnen","14":"pa_product-codepaneel","15":"pa_product-reader","16":"pa_stand-alone-nee","17":"pa_toegang-met-keypad","18":"pa_voeding-12vdc","20":"first","21":"instock","22":"sale","23":"taxable","24":"shipping-taxable","25":"purchasable","26":"product-type-simple"},"brands":[{"id":3376,"name":"Dahua","slug":"dahua"}],"_links":{"self":[{"href":"https:\/\/staging.webstore4.com\/de\/wp-json\/wp\/v2\/product\/7775","targetHints":{"allow":["GET"]}}],"collection":[{"href":"https:\/\/staging.webstore4.com\/de\/wp-json\/wp\/v2\/product"}],"about":[{"href":"https:\/\/staging.webstore4.com\/de\/wp-json\/wp\/v2\/types\/product"}],"replies":[{"embeddable":true,"href":"https:\/\/staging.webstore4.com\/de\/wp-json\/wp\/v2\/comments?post=7775"}],"wp:featuredmedia":[{"embeddable":true,"href":"https:\/\/staging.webstore4.com\/de\/wp-json\/wp\/v2\/media\/7776"}],"wp:attachment":[{"href":"https:\/\/staging.webstore4.com\/de\/wp-json\/wp\/v2\/media?parent=7775"}],"wp:term":[{"taxonomy":"pwb-brand","embeddable":true,"href":"https:\/\/staging.webstore4.com\/de\/wp-json\/wp\/v2\/pwb-brand?post=7775"},{"taxonomy":"product_cat","embeddable":true,"href":"https:\/\/staging.webstore4.com\/de\/wp-json\/wp\/v2\/product_cat?post=7775"},{"taxonomy":"product_tag","embeddable":true,"href":"https:\/\/staging.webstore4.com\/de\/wp-json\/wp\/v2\/product_tag?post=7775"}],"curies":[{"name":"wp","href":"https:\/\/api.w.org\/{rel}","templated":true}]}}