{"id":7831,"date":"2017-07-27T14:18:36","date_gmt":"2017-07-27T12:18:36","guid":{"rendered":"https:\/\/webstore4.com\/\/?product=anviz-w2-biometrisch-stand-alone-vingerafdruk-en-kaart-lezer-voor-binnen-met-kleuren-lcd-deurbelknop-tcpip-wiegand-rs485"},"modified":"2024-09-14T13:58:25","modified_gmt":"2024-09-14T12:58:25","slug":"anviz-w2-pro-vingerafdruk-en-kaart-lezer","status":"publish","type":"product","link":"https:\/\/staging.webstore4.com\/de\/product\/anviz-w2-pro-vingerafdruk-en-kaart-lezer\/","title":{"rendered":"Anviz W2 PRO biometrisch stand alone vingerafdruk en kaart lezer met toegangs- and aanwezigheidscontrole voor binnen met kleuren LCD, deurbelknop, TCP\/IP, Wiegand, RS485"},"content":{"rendered":"<p>Der Anviz W2 ist ein eigenst\u00e4ndiger IP-Fingerabdruck- und Kartenleser zur Zugangs- und Anwesenheitskontrolle. Der W2 verf\u00fcgt \u00fcber einen Farb-LCD-Bildschirm und eine Touch-Tastatur und ist f\u00fcr den Innenbereich geeignet. Die Zugangskontrolle erfolgt mittels Fingerabdruck, PIN und\/oder RFID-Proximity-Karte, -Tag oder -Armband. Der Anviz W2 ist ideal f\u00fcr den Einsatz in Wohnungen, Mehrfamilienh\u00e4usern, Gesch\u00e4ftsr\u00e4umen und B\u00fcros.<\/p>\n<p>Wir sind offizieller Anviz-H\u00e4ndler und bieten umfassenden Support und Garantie f\u00fcr alle Anviz-Produkte.<\/p>\n<p><strong>M\u00f6glichkeiten<\/strong><\/p>\n<p>Das W2 ist ein Fingerabdruck-Zugangskontroll- und Zeiterfassungsterminal, das auf einer Linux-Plattform basiert. Der W2 verf\u00fcgt \u00fcber einen 2,8-Zoll-Farb-LCD-Bildschirm, eine vollkapazitive Touch-Tastatur und einen ber\u00fchrungsaktivierten Fingerabdrucksensor. Der W2 verf\u00fcgt \u00fcber eine Wiegand-26-Schnittstelle sowie TCP\/IP-, USB- und RS485-Kommunikationsanschl\u00fcsse. Der W2 kann auch in ein Zutrittskontrollsystem eines anderen Herstellers integriert werden.<\/p>\n<p>De reader kan worden beheerd op het apparaat zelf of via de webserver of via de meegeleverde Anviz CrossChex software op een PC. Een mini USB kabel is inbegrepen. Vingerafdrukken kunnen ook worden gescand met een desktop Anviz U-Bio USB vingerafdruklezer. De Anviz U-Bio is opgenomen onder &#8216;Opties&#8217;.<\/p>\n<p>De W2 PRO is gemakkelijk zelf te installeren en dient te worden gevoed met een 12VDC adapter. De voeding wordt niet meegeleverd. Een geschikte adapter is mee te bestellen onder het tabblad &#8216;Opties&#8217;. Onder het tabblad &#8216;Documentatie&#8217; staat de handleiding en een quick guide.<\/p>\n<p><strong>Wichtigste Funktionen<\/strong><\/p>\n<ul>\n<li>Einfache Installation, Verwaltung und Nutzung<\/li>\n<li>Farb-LCD-Bildschirm, Touch-Tastatur und ber\u00fchrungsaktivierter Scanner<\/li>\n<li>T\u00fcrklingeltaste, NO\/NC-Relais<\/li>\n<li>Pr\u00e4zise und zuverl\u00e4ssige Fingerabdruckreinigung auch bei unterbrochenen Linien und nassen Fingern<\/li>\n<li>Fingerabdruck-, PIN- und RFID-Zugriff garantieren Flexibilit\u00e4t und Sicherheit<\/li>\n<li>TCP\/IP, RS485 und Wiegand 26<\/li>\n<li>Maximal 3000 Benutzer<\/li>\n<li>Kostenlose Anviz CrossChex-Software<\/li>\n<li>Funktioniert mit Anviz CrossChex Cloud und App<\/li>\n<\/ul>\n<p><a href=\"https:\/\/staging.webstore4.com\/Copyright\/\" target=\"_blank\" rel=\"noopener\"><span style=\"color: #ff6e03; font-size: 11px;\">\u00a9 Der Text ist urheberrechtlich gesch\u00fctzt<\/span><\/a><\/p>","protected":false},"excerpt":{"rendered":"<p>De Anviz W2 PRO is een stand alone IP vingerafdruk en kaartlezer voor toegangs- and aanwezigheid controle. De W2 PRO heeft een kleuren LCD scherm en een touch toetsenbord en is geschikt voor gebruik binnen. De toegangscontrole vindt plaats door middel van een vingerafdruk, PIN en\/of RFID proximity kaart, tag of armband. De Anviz W2<\/p>\n<div class=\"klb-readmore button\"><a class=\"btn link\" href=\"https:\/\/staging.webstore4.com\/de\/product\/anviz-w2-pro-vingerafdruk-en-kaart-lezer\/\">Mehr lesen <i class=\"klbth-icon-right-arrow\"><\/i><\/a><\/div>","protected":false},"featured_media":7832,"comment_status":"open","ping_status":"closed","template":"","meta":[],"pwb-brand":[3381],"product_cat":[4191,4193],"product_tag":[],"class_list":{"0":"post-7831","1":"product","2":"type-product","3":"status-publish","4":"has-post-thumbnail","6":"pwb-brand-anviz","7":"product_cat-access","8":"product_cat-toegangscontrole-access","9":"product_shipping_class-pakket","10":"pa_garantie-3-jaar","11":"pa_materiaal-kunststof","12":"pa_max-aantal-gebruikers-3642","13":"pa_merk-anviz","14":"pa_omgeving-binnen","15":"pa_product-codepaneel","16":"pa_product-reader","17":"pa_stand-alone-ja","18":"pa_toegang-met-kaartlezer","19":"pa_toegang-met-vingerafdruk","20":"pa_voeding-12vdc","22":"first","23":"onbackorder","24":"taxable","25":"shipping-taxable","26":"purchasable","27":"product-type-simple"},"brands":[{"id":3381,"name":"Anviz","slug":"anviz"}],"_links":{"self":[{"href":"https:\/\/staging.webstore4.com\/de\/wp-json\/wp\/v2\/product\/7831","targetHints":{"allow":["GET"]}}],"collection":[{"href":"https:\/\/staging.webstore4.com\/de\/wp-json\/wp\/v2\/product"}],"about":[{"href":"https:\/\/staging.webstore4.com\/de\/wp-json\/wp\/v2\/types\/product"}],"replies":[{"embeddable":true,"href":"https:\/\/staging.webstore4.com\/de\/wp-json\/wp\/v2\/comments?post=7831"}],"wp:featuredmedia":[{"embeddable":true,"href":"https:\/\/staging.webstore4.com\/de\/wp-json\/wp\/v2\/media\/7832"}],"wp:attachment":[{"href":"https:\/\/staging.webstore4.com\/de\/wp-json\/wp\/v2\/media?parent=7831"}],"wp:term":[{"taxonomy":"pwb-brand","embeddable":true,"href":"https:\/\/staging.webstore4.com\/de\/wp-json\/wp\/v2\/pwb-brand?post=7831"},{"taxonomy":"product_cat","embeddable":true,"href":"https:\/\/staging.webstore4.com\/de\/wp-json\/wp\/v2\/product_cat?post=7831"},{"taxonomy":"product_tag","embeddable":true,"href":"https:\/\/staging.webstore4.com\/de\/wp-json\/wp\/v2\/product_tag?post=7831"}],"curies":[{"name":"wp","href":"https:\/\/api.w.org\/{rel}","templated":true}]}}