{"id":7851,"date":"2017-10-16T00:58:46","date_gmt":"2017-10-15T22:58:46","guid":{"rendered":"https:\/\/webstore4.com\/\/?product=wl4-sr4u-b-server-wandkast-4u-19-met-ventilator-voeding-deur-met-gehard-glas-en-slot"},"modified":"2024-06-21T08:42:05","modified_gmt":"2024-06-21T07:42:05","slug":"wl4-sr4u-b-server-wandkast-4u-19","status":"publish","type":"product","link":"https:\/\/staging.webstore4.com\/de\/product\/wl4-sr4u-b-server-wandkast-4u-19\/","title":{"rendered":"WL4 SR4U-B Server-Wandschrank 4HE 19\u2033 mit L\u00fcfter, Netzteil, T\u00fcr mit geh\u00e4rtetem Glas und Schloss"},"content":{"rendered":"<p>De WL4 SR4U-B is een 19 inch server wandkast inclusief ventilator en zesvoudige voeding en is geschikt voor maximaal 4U apparaten. De patchkast is zeer geschikt voor het veilig plaatsen van bijvoorbeeld een NVR (Netwerk Video Recorder), switch, router, server etc.<\/p>\n<p><strong>M\u00f6glichkeiten<\/strong><\/p>\n<p>Der Serverschrank erf\u00fcllt die Standardma\u00dfe nach der EIA-310-Norm und ist somit f\u00fcr die Montage aller 19&quot;-Ger\u00e4te mit einer maximalen H\u00f6he von 4 HE (4 x 1 HE) geeignet. Selbstverst\u00e4ndlich k\u00f6nnen Ger\u00e4te wie NVRs, Switches, Router, Server etc., die weniger als 19\u2033 breit sind, auch separat im Schrank untergebracht werden. Der WL4 SR4U-B wird mit einem vorinstallierten 19\u2033 Schaltnetzteil mit 6 Schuko-Steckdosen geliefert. Der Serverschrank verf\u00fcgt au\u00dferdem \u00fcber einen vorinstallierten 120-mm-L\u00fcfter zur K\u00fchlung des Schranks.<\/p>\n<p>Der WL4 SR4U-B ist f\u00fcr die Wandmontage gedacht, kann aber auch als Tischger\u00e4t aufgestellt werden. Die Belastbarkeit des Serverschranks betr\u00e4gt maximal 60KG. Der Schrank wird ohne Wandmontagematerial und mit Montagematerial f\u00fcr Ger\u00e4te mit Montagepunkten geliefert. Die Schrankt\u00fcr verf\u00fcgt \u00fcber eine geh\u00e4rtete Glasscheibe und ein Schloss mit zwei Schl\u00fcsseln. Die T\u00fcr l\u00e4sst sich um 180 Grad \u00f6ffnen.<br \/>\nAan beide zijkanten heeft de kast een paneel dat kan worden verwijderd. Deze panelen hebben een mogelijkheid voor een slot. Sloten voor de zijpanelen worden niet meegeleverd.<\/p>\n<p>De kast is gemaakt van dik staal en is gepoedercoat. De kast heeft openingen voor koeling en bedrading en heeft een IP20 beschermingsklasse.<\/p>\n<p><strong>Hauptmerkmale<\/strong><\/p>\n<ul>\n<li>19 Zoll maximaler 4HE-Serverschrank mit EIA-310-Standard zur Wandmontage<\/li>\n<li>Inklusive eingebautem L\u00fcfter und Sechs-Wege-Netzteil<\/li>\n<li>T\u00fcr mit geh\u00e4rtetem Glas und Schloss<\/li>\n<li>Zusammengebaut und gefertigt aus pulverbeschichtetem Stahlblech (SPCC)<\/li>\n<li>Abnehmbare Seitenw\u00e4nde f\u00fcr einfachen Zugang<\/li>\n<li>Schutzart IP20<\/li>\n<li>Tragf\u00e4higkeit bis zu 60 kg<\/li>\n<li>Innenma\u00dfe 255x490x450 (H\u00f6he x Breite x Tiefe)<\/li>\n<li>Au\u00dfenma\u00dfe 279x600x450 mm (H\u00f6he x Breite x Tiefe)<\/li>\n<li>Eigengewicht 12,7 kg<\/li>\n<\/ul>\n<p><a href=\"https:\/\/staging.webstore4.com\/Copyright\/\" target=\"_blank\" rel=\"noopener\"><span style=\"color: #ff6e03; font-size: 11px;\">\u00a9 Der Text ist urheberrechtlich gesch\u00fctzt<\/span><\/a><\/p>","protected":false},"excerpt":{"rendered":"<p>De WL4 SR4U-B is een 19 inch server wandkast inclusief ventilator en zesvoudige voeding en is geschikt voor maximaal 4U apparaten. De patchkast is zeer geschikt voor het veilig plaatsen van bijvoorbeeld een NVR (Netwerk Video Recorder), switch, router, server etc. Mogelijkheden De serverkast voldoet aan de standaardmaatvoering volgens de EIA-310 normering en is daarom<\/p>\n<div class=\"klb-readmore button\"><a class=\"btn link\" href=\"https:\/\/staging.webstore4.com\/de\/product\/wl4-sr4u-b-server-wandkast-4u-19\/\">Mehr lesen <i class=\"klbth-icon-right-arrow\"><\/i><\/a><\/div>","protected":false},"featured_media":14249,"comment_status":"open","ping_status":"closed","template":"","meta":[],"pwb-brand":[3380],"product_cat":[4204,4206,4213],"product_tag":[],"class_list":{"0":"post-7851","1":"product","2":"type-product","3":"status-publish","4":"has-post-thumbnail","6":"pwb-brand-wl4","7":"product_cat-kasten-kluizen","8":"product_cat-recorder-kasten","9":"product_cat-serverkasten-kasten-kluizen","10":"product_shipping_class-pakket","11":"pa_breedte-600-mm","12":"pa_diepte-450-mm","13":"pa_hoogte-279-mm","14":"pa_materiaal-staal","15":"pa_merk-wl4","16":"pa_omgeving-binnen","17":"pa_product-wand-kast","19":"first","20":"instock","21":"featured","22":"taxable","23":"shipping-taxable","24":"purchasable","25":"product-type-simple"},"brands":[{"id":3380,"name":"WL4","slug":"wl4"}],"_links":{"self":[{"href":"https:\/\/staging.webstore4.com\/de\/wp-json\/wp\/v2\/product\/7851","targetHints":{"allow":["GET"]}}],"collection":[{"href":"https:\/\/staging.webstore4.com\/de\/wp-json\/wp\/v2\/product"}],"about":[{"href":"https:\/\/staging.webstore4.com\/de\/wp-json\/wp\/v2\/types\/product"}],"replies":[{"embeddable":true,"href":"https:\/\/staging.webstore4.com\/de\/wp-json\/wp\/v2\/comments?post=7851"}],"wp:featuredmedia":[{"embeddable":true,"href":"https:\/\/staging.webstore4.com\/de\/wp-json\/wp\/v2\/media\/14249"}],"wp:attachment":[{"href":"https:\/\/staging.webstore4.com\/de\/wp-json\/wp\/v2\/media?parent=7851"}],"wp:term":[{"taxonomy":"pwb-brand","embeddable":true,"href":"https:\/\/staging.webstore4.com\/de\/wp-json\/wp\/v2\/pwb-brand?post=7851"},{"taxonomy":"product_cat","embeddable":true,"href":"https:\/\/staging.webstore4.com\/de\/wp-json\/wp\/v2\/product_cat?post=7851"},{"taxonomy":"product_tag","embeddable":true,"href":"https:\/\/staging.webstore4.com\/de\/wp-json\/wp\/v2\/product_tag?post=7851"}],"curies":[{"name":"wp","href":"https:\/\/api.w.org\/{rel}","templated":true}]}}