{"id":7859,"date":"2017-11-10T01:36:27","date_gmt":"2017-11-09T23:36:27","guid":{"rendered":"https:\/\/webstore4.com\/\/?product=dahua-vto2000a-b5-ip-video-intercom-buiten-station-5-knop-module-netwerkkabel-aansluiting"},"modified":"2024-04-19T15:04:15","modified_gmt":"2024-04-19T14:04:15","slug":"dahua-vto2000a-b5-ip-video-intercom-buiten-station-5-knop-module-netwerkkabel-aansluiting","status":"publish","type":"product","link":"https:\/\/staging.webstore4.com\/de\/product\/dahua-vto2000a-b5-ip-video-intercom-buiten-station-5-knop-module-netwerkkabel-aansluiting\/","title":{"rendered":"Dahua VTO2000A-B5 IP-Video-Gegensprechanlage Au\u00dfenstation 5-Tasten-Modul (Netzwerkkabelanschluss)"},"content":{"rendered":"<p>Das Dahua VTO2000A-B5 ist ein 5-Tasten-Au\u00dfenstationsmodul f\u00fcr den Einsatz im modularen IP-Gegensprechsystem. Bei der flexiblen modularen IP-Video-Gegensprechanlage kann eine Kombination aus 2 oder 3 separaten Modulen gew\u00e4hlt werden. Das Kameramodul VTO2000A-C muss immer verwendet werden und kann beispielsweise mit einem Tastaturmodul, einem Kartenlesermodul und\/oder einem 5-Tasten-Modul kombiniert werden. Ein komplettes modulares IP-Video-Gegensprechsystem besteht au\u00dferdem aus einem oder mehreren Innenmonitoren, die separat bestellt werden k\u00f6nnen, und einem speziellen Dahua PoE-Switch (VTNS1060A).<\/p>\n<p><strong>M\u00f6glichkeiten<\/strong><\/p>\n<p>Met de\u00a0Dahua VTO2000A-B5 5-knop buiten station module kunnen 5 extra drukknoppen met naamdisplay aan het buiten station worden toegevoegd.<\/p>\n<p>Der VTO2000A-C wird mit einem Netzwerkkabel sowohl f\u00fcr das Datensignal als auch f\u00fcr die Stromversorgung an den speziellen Dahua PoE-Switch (VTNS1060A) angeschlossen. Der VTO2000A-B5 ist mit dem VTO2000A-C verbunden und erh\u00e4lt \u00fcber den VTO2000A-C Strom vom Switch.<\/p>\n<p>Mehrere Au\u00dfenstationen und Innenmonitore k\u00f6nnen kombiniert werden. Der in diesem System zu verwendende Dahua IP-Switch (Dahua VTNS1060A) verf\u00fcgt \u00fcber 6 Ports. Mit 1 Schalter ist eine Kombination von bis zu 6 Au\u00dfenstationen und\/oder Innenmonitoren m\u00f6glich. Werden mehrere Au\u00dfenstationen und\/oder Innenmonitore ben\u00f6tigt, k\u00f6nnen mehrere Schalter miteinander verbunden werden (Kaskadierung).<\/p>\n<p><strong>Montage<\/strong><\/p>\n<p>Het buiten station moet worden ingebouwd met de inbouw behuizing VTOB111 (voor 2 modules) of de VTOB112 (voor 3 modules) of moet als opbouw worden gemonteerd met de Dahua opbouw behuizing VTOB113 (voor 2 modules) of de VTOB114 (voor 3 modules). Als voorpaneel moet worden gebruikt de VTOF002 (voor 2 modules) of de VTOF003 (voor 3 modules). De voorpanelen en de in- en opbouwbehuizingen worden niet meegeleverd en kunnen apart worden besteld.<\/p>\n<p>De VTO2000A-C wordt met een netwerkkabel aangesloten op de Dahua switch en de switch wordt vervolgens op uw bestaande netwerk (access point, router of switch) aangesloten met een netwerkkabel.\u00a0De kabels voor het onderling verbinden van de intercom modules en de RJ-45 verloopkabel voor de VTO2000A-C worden alleen geleverd bij de VTOF002 en VTOF003.\u00a0De netwerkkabels worden niet meegeleverd.<\/p>\n<p><img decoding=\"async\" class=\"\" style=\"float: right; height: 375px; margin: 20px 10px; width: 688px;\" src=\"https:\/\/staging.webstore4.com\/wp-content\/uploads\/content\/Dahua_modular_IP_video_intercom_small_apartment.jpg\" alt=\"Dahua IP Video intercom module systeem\" \/><\/p>\n<p><strong>Wichtigste Funktionen<\/strong><\/p>\n<ul>\n<li>5 Drucktasten mit beleuchteter Namensanzeige<\/li>\n<li>Edelstahl, spritzwassergesch\u00fctzt (IP54) und vandalensicher<\/li>\n<li>Ferngesteuerte T\u00fcr\u00f6ffnung<\/li>\n<li>Flexibles Baukastensystem<\/li>\n<li>Rufen Sie das Gruppen- und Verwaltungszentrum an<\/li>\n<li>Aufputz oder Einbau<\/li>\n<li>Es besteht die M\u00f6glichkeit, vom Besucher eine Video- und Audionachricht zu hinterlassen<\/li>\n<li>Stromversorgung und Signal \u00fcber 1 Netzwerkkabel<\/li>\n<\/ul>\n<p><a href=\"https:\/\/staging.webstore4.com\/Copyright\/\" target=\"_blank\" rel=\"noopener\"><span style=\"color: #ff6e03; font-size: 11px;\">\u00a9 Der Text ist urheberrechtlich gesch\u00fctzt<\/span><\/a><\/p>","protected":false},"excerpt":{"rendered":"<p>De Dahua VTO2000A-B5 is een 5-knop buiten station module voor gebruik in het modulaire IP intercom systeem. In het flexibele modulaire IP video intercom systeem kan een combinatie worden gekozen van 2 of 3 losse modules. De VTO2000A-C camera module moet altijd worden gebruikt en kan worden gecombineerd met bijvoorbeeld een keypad module, een kaartlezer<\/p>\n<div class=\"klb-readmore button\"><a class=\"btn link\" href=\"https:\/\/staging.webstore4.com\/de\/product\/dahua-vto2000a-b5-ip-video-intercom-buiten-station-5-knop-module-netwerkkabel-aansluiting\/\">Mehr lesen <i class=\"klbth-icon-right-arrow\"><\/i><\/a><\/div>","protected":false},"featured_media":7860,"comment_status":"open","ping_status":"closed","template":"","meta":[],"pwb-brand":[3376],"product_cat":[4178,4179,4181],"product_tag":[],"class_list":{"0":"post-7859","1":"product","2":"type-product","3":"status-publish","4":"has-post-thumbnail","6":"pwb-brand-dahua","7":"product_cat-intercom","8":"product_cat-dahua-ip-video","9":"product_cat-x-security-ip-video","10":"product_shipping_class-pakket","11":"pa_aansluiting-netwerk-kabel","12":"pa_draadloos-nee","13":"pa_kaartlezer-nee","14":"pa_kleur-grijs","15":"pa_materiaal-roestvast-staal","16":"pa_merk-dahua","17":"pa_mobiele-app-fabrikant-ja","18":"pa_montage-inbouw","19":"pa_montage-opbouw","20":"pa_omgeving-binnen-en-buiten","21":"pa_poe-poe-switch","22":"pa_product-modulair","23":"pa_product-status-k","24":"pa_vandaalbestendig-ik07","25":"pa_voeding-vto2000a-c","27":"first","28":"onbackorder","29":"taxable","30":"shipping-taxable","31":"purchasable","32":"product-type-simple"},"brands":[{"id":3376,"name":"Dahua","slug":"dahua"}],"_links":{"self":[{"href":"https:\/\/staging.webstore4.com\/de\/wp-json\/wp\/v2\/product\/7859","targetHints":{"allow":["GET"]}}],"collection":[{"href":"https:\/\/staging.webstore4.com\/de\/wp-json\/wp\/v2\/product"}],"about":[{"href":"https:\/\/staging.webstore4.com\/de\/wp-json\/wp\/v2\/types\/product"}],"replies":[{"embeddable":true,"href":"https:\/\/staging.webstore4.com\/de\/wp-json\/wp\/v2\/comments?post=7859"}],"wp:featuredmedia":[{"embeddable":true,"href":"https:\/\/staging.webstore4.com\/de\/wp-json\/wp\/v2\/media\/7860"}],"wp:attachment":[{"href":"https:\/\/staging.webstore4.com\/de\/wp-json\/wp\/v2\/media?parent=7859"}],"wp:term":[{"taxonomy":"pwb-brand","embeddable":true,"href":"https:\/\/staging.webstore4.com\/de\/wp-json\/wp\/v2\/pwb-brand?post=7859"},{"taxonomy":"product_cat","embeddable":true,"href":"https:\/\/staging.webstore4.com\/de\/wp-json\/wp\/v2\/product_cat?post=7859"},{"taxonomy":"product_tag","embeddable":true,"href":"https:\/\/staging.webstore4.com\/de\/wp-json\/wp\/v2\/product_tag?post=7859"}],"curies":[{"name":"wp","href":"https:\/\/api.w.org\/{rel}","templated":true}]}}