{"id":7976,"date":"2018-03-27T02:38:02","date_gmt":"2018-03-27T00:38:02","guid":{"rendered":"https:\/\/webstore4.com\/\/?product=zkteco-fr1200-mf-vingerafdruk-en-mifare-kaart-lezer-voor-buiten-tcpip"},"modified":"2024-04-23T12:18:23","modified_gmt":"2024-04-23T11:18:23","slug":"zkteco-fr1200-mf-vingerafdruk-en-mifare-kaart-lezer-voor-buiten-tcpip","status":"publish","type":"product","link":"https:\/\/staging.webstore4.com\/de\/product\/zkteco-fr1200-mf-vingerafdruk-en-mifare-kaart-lezer-voor-buiten-tcpip\/","title":{"rendered":"ZKTeco FR1200-MF Fingerabdruck- und Mifare-Kartenleser f\u00fcr TCP\/IP im Freien"},"content":{"rendered":"<p>Der ZKTeco FR1200 ist ein hochwertiger Fingerabdruck- und RFID-Kartenleser zur Verwendung mit einem inBIO-Controller oder einem eigenst\u00e4ndigen Zugangscontroller und ist f\u00fcr den Au\u00dfenbereich geeignet. Die Zugangskontrolle erfolgt mittels Fingerabdruck und\/oder Proximity-Karte oder -Tag. Der ZKTeco FR1200 ist ideal f\u00fcr den Einsatz in H\u00e4usern, Mehrfamilienh\u00e4usern, Gesch\u00e4ftsr\u00e4umen und B\u00fcros.<\/p>\n<p><strong>M\u00f6glichkeiten<\/strong><\/p>\n<p>De ZKTeco FR1200-MF beschikt over communicatie over het RS485 protocol. Er is afzonderlijke ZKTeco inBIO-serie controller nodig. De reader kan ook worden aangesloten op een ZKTeco stand alone access controller. De ZKTeco FR1200-MF kan worden gevoed via de controller.<\/p>\n<p>Onder het tabblad &#8216;Documentatie&#8217; staat een link naar de website van de fabrikant met veel informatie waaronder de datasheet, software en handleidingen.<\/p>\n<p><strong>Wichtigste Funktionen<\/strong><\/p>\n<ul>\n<li>Geeignet f\u00fcr den Au\u00dfenbereich IP65<\/li>\n<li>Kleines Format<\/li>\n<li>RS-485<\/li>\n<li>13,56-kHz-Karten und -Tags (Mifare)<\/li>\n<li>Betriebstemperaturbereich 0 \u00b0C bis + 45 \u00b0C<\/li>\n<\/ul>\n<p><a href=\"https:\/\/staging.webstore4.com\/Copyright\/\" target=\"_blank\" rel=\"noopener\"><span style=\"color: #ff6e03; font-size: 11px;\">\u00a9 Der Text ist urheberrechtlich gesch\u00fctzt<\/span><\/a><\/p>","protected":false},"excerpt":{"rendered":"<p>Der ZKTeco FR1200 ist ein hochwertiger Fingerabdruck- und RFID-Kartenleser zur Verwendung mit einem inBIO-Controller oder einem eigenst\u00e4ndigen Zugangscontroller und ist f\u00fcr den Au\u00dfenbereich geeignet. Die Zugangskontrolle erfolgt mittels Fingerabdruck und\/oder Proximity-Karte oder -Tag. Der ZKTeco FR1200 ist ideal f\u00fcr den Einsatz in H\u00e4usern, Mehrfamilienh\u00e4usern, Gesch\u00e4ftsr\u00e4umen und B\u00fcros.<\/p>\n<div class=\"klb-readmore button\"><a class=\"btn link\" href=\"https:\/\/staging.webstore4.com\/de\/product\/zkteco-fr1200-mf-vingerafdruk-en-mifare-kaart-lezer-voor-buiten-tcpip\/\">Mehr lesen <i class=\"klbth-icon-right-arrow\"><\/i><\/a><\/div>","protected":false},"featured_media":7905,"comment_status":"open","ping_status":"closed","template":"","meta":[],"pwb-brand":[3394],"product_cat":[4191,4193],"product_tag":[],"class_list":{"0":"post-7976","1":"product","2":"type-product","3":"status-publish","4":"has-post-thumbnail","6":"pwb-brand-zkteco","7":"product_cat-access","8":"product_cat-toegangscontrole-access","9":"product_shipping_class-pakket","10":"pa_frequentie-tags-en-readers-mifare-13-56-mhz","11":"pa_garantie-3-jaar","12":"pa_merk-zkteco","13":"pa_omgeving-binnen-en-buiten","14":"pa_product-reader","15":"pa_stand-alone-nee","16":"pa_toegang-met-kaartlezer","17":"pa_toegang-met-vingerafdruk","18":"pa_voeding-12vdc","20":"first","21":"onbackorder","22":"taxable","23":"shipping-taxable","24":"purchasable","25":"product-type-simple"},"brands":[{"id":3394,"name":"ZKTeco","slug":"zkteco"}],"_links":{"self":[{"href":"https:\/\/staging.webstore4.com\/de\/wp-json\/wp\/v2\/product\/7976","targetHints":{"allow":["GET"]}}],"collection":[{"href":"https:\/\/staging.webstore4.com\/de\/wp-json\/wp\/v2\/product"}],"about":[{"href":"https:\/\/staging.webstore4.com\/de\/wp-json\/wp\/v2\/types\/product"}],"replies":[{"embeddable":true,"href":"https:\/\/staging.webstore4.com\/de\/wp-json\/wp\/v2\/comments?post=7976"}],"wp:featuredmedia":[{"embeddable":true,"href":"https:\/\/staging.webstore4.com\/de\/wp-json\/wp\/v2\/media\/7905"}],"wp:attachment":[{"href":"https:\/\/staging.webstore4.com\/de\/wp-json\/wp\/v2\/media?parent=7976"}],"wp:term":[{"taxonomy":"pwb-brand","embeddable":true,"href":"https:\/\/staging.webstore4.com\/de\/wp-json\/wp\/v2\/pwb-brand?post=7976"},{"taxonomy":"product_cat","embeddable":true,"href":"https:\/\/staging.webstore4.com\/de\/wp-json\/wp\/v2\/product_cat?post=7976"},{"taxonomy":"product_tag","embeddable":true,"href":"https:\/\/staging.webstore4.com\/de\/wp-json\/wp\/v2\/product_tag?post=7976"}],"curies":[{"name":"wp","href":"https:\/\/api.w.org\/{rel}","templated":true}]}}