{"id":8010,"date":"2018-05-01T01:57:28","date_gmt":"2018-04-30T23:57:28","guid":{"rendered":"https:\/\/webstore4.com\/\/?product=x-security-xs-v2000e-mb-ip-video-intercom-buiten-station-3-knop-module-netwerkkabel-aansluiting"},"modified":"2024-04-19T15:04:51","modified_gmt":"2024-04-19T14:04:51","slug":"x-security-xs-v2000e-mb-ip-video-intercom-buiten-station-3-knop-module-netwerkkabel-aansluiting","status":"publish","type":"product","link":"https:\/\/staging.webstore4.com\/de\/product\/x-security-xs-v2000e-mb-ip-video-intercom-buiten-station-3-knop-module-netwerkkabel-aansluiting\/","title":{"rendered":"X-Security XS-V2000E-MB IP-Video-Gegensprechanlage Au\u00dfenstation 3-Tasten-Modul (Netzwerkkabelanschluss)"},"content":{"rendered":"<p>De X-Security XS-V2000E-MB is een IP video intercom buiten station 3-knop module (netwerkkabel aansluiting). X-Security en Dahua producten kunnen samen in een intercom systeem worden gebruikt. Slechts \u00e9\u00e9n stuks beschikbaar.<\/p>\n<p>Das Dahua VTO2000A-B ist ein 3-Tasten-Au\u00dfenstationsmodul f\u00fcr den Einsatz im modularen IP-Gegensprechsystem. Bei der flexiblen modularen IP-Video-Gegensprechanlage kann eine Kombination aus 2 oder 3 separaten Modulen gew\u00e4hlt werden. Das Kameramodul VTO2000A-C muss immer verwendet werden und kann beispielsweise mit einem Tastaturmodul, einem Kartenlesermodul und\/oder einem 3-Tasten-Modul kombiniert werden. Ein komplettes modulares IP-Video-Gegensprechsystem besteht au\u00dferdem aus einem oder mehreren Innenmonitoren, die separat bestellt werden k\u00f6nnen, und einem speziellen Dahua PoE-Switch (VTNS1060A).<\/p>\n<p><strong>M\u00f6glichkeiten<\/strong><\/p>\n<p>Met de X-Security XS-V2000E-MB 3-knop buiten station module kunnen 3 drie extra drukknoppen met naamdisplay aan het buiten station worden toegevoegd.<\/p>\n<p>De X-Security XS-V2000E-MB wordt met 1 netwerkkabel aangesloten op de speciale Dahua PoE switch (VTNS1060A) voor zowel het data signaal als de voeding. De VTO wordt aangesloten op de VTO2000A-C en krijgt voeding vanuit de switch via de VTO2000A-C.<\/p>\n<p>Mehrere Au\u00dfenstationen und Innenmonitore k\u00f6nnen kombiniert werden. Der in diesem System zu verwendende Dahua IP-Switch (Dahua VTNS1060A) verf\u00fcgt \u00fcber 6 Ports. Mit 1 Schalter ist eine Kombination von bis zu 6 Au\u00dfenstationen und\/oder Innenmonitoren m\u00f6glich. Werden mehrere Au\u00dfenstationen und\/oder Innenmonitore ben\u00f6tigt, k\u00f6nnen mehrere Schalter miteinander verbunden werden (Kaskadierung).<\/p>\n<p><strong>Montage<\/strong><\/p>\n<p>Het buiten station moet worden ingebouwd met de inbouw behuizing VTOB111 (voor 2 modules) of de VTOB112 (voor 3 modules) of moet als opbouw worden gemonteerd met de Dahua opbouw behuizing VTOB113 (voor 2 modules) of de VTOB114 (voor 3 modules). Als voorpaneel moet worden gebruikt de VTOF002 (voor 2 modules) of de VTOF003 (voor 3 modules). De voorpanelen en de in- en opbouwbehuizingen worden niet meegeleverd en kunnen apart worden besteld.<\/p>\n<p>De VTO2000A-C wordt met een netwerkkabel aangesloten op de Dahua switch en de switch wordt vervolgens op uw bestaande netwerk (access point, router of switch) aangesloten met een netwerkkabel.\u00a0De kabels voor het onderling verbinden van de intercom modules en de RJ-45 verloopkabel voor de VTO2000A-C worden alleen geleverd bij de VTOF002 en VTOF003.\u00a0De netwerkkabels worden niet meegeleverd.<\/p>\n<p><img decoding=\"async\" class=\"\" style=\"float: right; height: 261px; margin: 20px 10px; width: 479px;\" src=\"https:\/\/staging.webstore4.com\/wp-content\/uploads\/content\/Dahua_modular_IP_video_intercom_small_apartment.jpg\" alt=\"Dahua IP Video intercom module systeem\" \/><\/p>\n<p><strong>Wichtigste Funktionen<\/strong><\/p>\n<ul>\n<li>3 Drucktasten mit beleuchteter Namensanzeige<\/li>\n<li>Edelstahl, spritzwassergesch\u00fctzt (IP54) und vandalensicher<\/li>\n<li>Ferngesteuerte T\u00fcr\u00f6ffnung<\/li>\n<li>Flexibles Baukastensystem<\/li>\n<li>Rufen Sie das Gruppen- und Verwaltungszentrum an<\/li>\n<li>Aufputz oder Einbau<\/li>\n<li>Es besteht die M\u00f6glichkeit, vom Besucher eine Video- und Audionachricht zu hinterlassen<\/li>\n<li>Stromversorgung und Signal \u00fcber 1 Netzwerkkabel<\/li>\n<\/ul>\n<p><a href=\"https:\/\/staging.webstore4.com\/Copyright\/\" target=\"_blank\" rel=\"noopener\"><span style=\"color: #ff6e03; font-size: 11px;\">\u00a9 Der Text ist urheberrechtlich gesch\u00fctzt<\/span><\/a><\/p>","protected":false},"excerpt":{"rendered":"<p>De X-Security XS-V2000E-MB is een IP video intercom buiten station 3-knop module (netwerkkabel aansluiting). X-Security en Dahua producten kunnen samen in een intercom systeem worden gebruikt. Slechts \u00e9\u00e9n stuks beschikbaar. De Dahua X-Security XS-V2000E-MB is een 3-knop buiten station module voor gebruik in het modulaire IP intercom systeem. In het flexibele modulaire IP video intercom<\/p>\n<div class=\"klb-readmore button\"><a class=\"btn link\" href=\"https:\/\/staging.webstore4.com\/de\/product\/x-security-xs-v2000e-mb-ip-video-intercom-buiten-station-3-knop-module-netwerkkabel-aansluiting\/\">Mehr lesen <i class=\"klbth-icon-right-arrow\"><\/i><\/a><\/div>","protected":false},"featured_media":7558,"comment_status":"open","ping_status":"closed","template":"","meta":[],"pwb-brand":[3395],"product_cat":[4178,4181],"product_tag":[1599],"class_list":{"0":"post-8010","1":"product","2":"type-product","3":"status-publish","4":"has-post-thumbnail","6":"pwb-brand-x-security","7":"product_cat-intercom","8":"product_cat-x-security-ip-video","9":"product_tag-vto2000a-b","10":"product_shipping_class-pakket","11":"pa_aansluiting-netwerk-kabel","12":"pa_draadloos-nee","13":"pa_kaartlezer-nee","14":"pa_kleur-grijs","15":"pa_materiaal-roestvast-staal","16":"pa_merk-x-security","17":"pa_mobiele-app-fabrikant-ja","18":"pa_montage-inbouw","19":"pa_montage-opbouw","20":"pa_omgeving-binnen-en-buiten","21":"pa_poe-poe-switch","22":"pa_product-modulair","23":"pa_vandaalbestendig-ik07","24":"pa_voeding-xs-v2000e-mip","26":"first","27":"instock","28":"sold-individually","29":"taxable","30":"shipping-taxable","31":"purchasable","32":"product-type-simple"},"brands":[{"id":3395,"name":"X-Security","slug":"x-security"}],"_links":{"self":[{"href":"https:\/\/staging.webstore4.com\/de\/wp-json\/wp\/v2\/product\/8010","targetHints":{"allow":["GET"]}}],"collection":[{"href":"https:\/\/staging.webstore4.com\/de\/wp-json\/wp\/v2\/product"}],"about":[{"href":"https:\/\/staging.webstore4.com\/de\/wp-json\/wp\/v2\/types\/product"}],"replies":[{"embeddable":true,"href":"https:\/\/staging.webstore4.com\/de\/wp-json\/wp\/v2\/comments?post=8010"}],"wp:featuredmedia":[{"embeddable":true,"href":"https:\/\/staging.webstore4.com\/de\/wp-json\/wp\/v2\/media\/7558"}],"wp:attachment":[{"href":"https:\/\/staging.webstore4.com\/de\/wp-json\/wp\/v2\/media?parent=8010"}],"wp:term":[{"taxonomy":"pwb-brand","embeddable":true,"href":"https:\/\/staging.webstore4.com\/de\/wp-json\/wp\/v2\/pwb-brand?post=8010"},{"taxonomy":"product_cat","embeddable":true,"href":"https:\/\/staging.webstore4.com\/de\/wp-json\/wp\/v2\/product_cat?post=8010"},{"taxonomy":"product_tag","embeddable":true,"href":"https:\/\/staging.webstore4.com\/de\/wp-json\/wp\/v2\/product_tag?post=8010"}],"curies":[{"name":"wp","href":"https:\/\/api.w.org\/{rel}","templated":true}]}}