{"id":8023,"date":"2018-05-05T12:22:23","date_gmt":"2018-05-05T10:22:23","guid":{"rendered":"https:\/\/webstore4.com\/\/?product=wl4-air-b60-2-dual-beam-actieve-infrarood-universele-detector-set-tot-60m-voor-buiten"},"modified":"2024-10-10T01:30:54","modified_gmt":"2024-10-10T00:30:54","slug":"wl4-air-b60-2-beam-actieve-infrarood-detector-60m","status":"publish","type":"product","link":"https:\/\/staging.webstore4.com\/de\/product\/wl4-air-b60-2-beam-actieve-infrarood-detector-60m\/","title":{"rendered":"WL4 AIR-B60-2 Zweistrahl-Aktiv-Infrarot-Universalmelder, eingestellt bis zu 60 m f\u00fcr den Au\u00dfenbereich"},"content":{"rendered":"<p>Der WL4 AIR-B60-2 ist ein Aktiv-Infrarot (AIR)-Universalmelderset f\u00fcr den Au\u00dfen- und Innenbereich mit 2 Strahlen und einer maximalen Entfernung von 60 m (im Freien). Das Set besteht aus einem Sender und einem Empf\u00e4nger, die f\u00fcr die Stromversorgung und den NO\/NC-Relaisanschluss verkabelt werden m\u00fcssen. Der WL4 AIR-B60-2 kann als Melder f\u00fcr Alarmanlagen, Zutrittskontrollsysteme, Smart-Home-Systeme, eine Gegensprechanlage und beispielsweise zum Anschluss an den Alarmeingang einer IP-Kamera verwendet werden.<\/p>\n<p><strong>M\u00f6glichkeiten<\/strong><\/p>\n<p>Der WL4 AIR-B60-2 verf\u00fcgt \u00fcber 2 hochpr\u00e4zise Fresnellinsen, die mit einem Winkel von horizontal 180\u00b0 (\u00b190\u00b0) und vertikal 20\u00b0 (\u00b110\u00b0) eingestellt werden k\u00f6nnen. Die Ausrichtung erfolgt mit der eingebauten LED-Anzeige. Das Melderset hat eine Reichweite von bis zu 60 Metern im Freien und 180 Metern im Innenbereich. Die Erkennung erfolgt, wenn beide IR-Strahlen unterbrochen sind.<\/p>\n<p>Der WL4 AIR-B60-2 verf\u00fcgt \u00fcber einen Sabotageschalter zum Entfernen der Gegenlichtblende und ein NO\/NC-Relais als Alarmausgang. Der Melder verf\u00fcgt \u00fcber eine digitale Filtertechnik gegen direkte Sonneneinstrahlung oder beispielsweise Autoscheinwerfer. Der Melder kann auf unterschiedliche Wetterbedingungen wie Nebel, Regen, Schnee und Frost reagieren, um Fehlalarme zu minimieren. Der Melder ist wetterfest (IP65).<\/p>\n<p><strong>Installation<\/strong><\/p>\n<p>Der WL4 AIR-B60-2 kann an einer Wand oder einem Mast montiert werden. Pfostenhalterungen sind im Lieferumfang enthalten. Unter der Registerkarte \u201eOptionen\u201c haben wir passende Montagepfosten aus Edelstahl und ein optionales AIR-VWB-Heizelement beigef\u00fcgt. Unter \u201eOptionen\u201c finden Sie passende 12-V- oder 24-V-V-AC-Netzteile.<\/p>\n<p><strong>Wichtigste Funktionen<\/strong><\/p>\n<ul>\n<li>Maximale Reichweite von 60 Metern f\u00fcr den Au\u00dfenbereich<\/li>\n<li>1 Relais NO\/NC (max. 30 VDC\/VAC, 1 A), NC-Sabotageschalter<\/li>\n<li>Alarmzyklus von <span style=\"color: #222222; font-family: sans-serif; font-size: 14px;\">\u2265<\/span>1,5s<\/li>\n<li>Einstellbar horizontal 180\u00b0(\u00b190\u00b0) und vertikal 20\u00b0(\u00b110\u00b0)<\/li>\n<li>Einstellbare Unterbrechungszeit (50 ms, 100 ms, 300 ms, 700 ms)<\/li>\n<li>4 einstellbare Frequenzen (f\u00fcr gro\u00dfe Entfernungen und Stapelung von Detektoren)<\/li>\n<li>Wetterbest\u00e4ndigkeit IP65<\/li>\n<li>Betriebstemperatur -25 \u00b0C bis +55 \u00b0C<\/li>\n<li>12VDC \/ 24VAC Stromversorgung<\/li>\n<\/ul>\n<p><a href=\"https:\/\/www.webstore4ipcameras.nl\/Copyright\" target=\"_blank\" rel=\"noopener\"><span style=\"color: #ff6e03; font-size: 11px;\">\u00a9 Der Text ist urheberrechtlich gesch\u00fctzt<\/span><\/a><\/p>","protected":false},"excerpt":{"rendered":"<p>De WL4 AIR-B60-2 is een actieve infrarood (AIR) universele detector set voor buiten en binnen met 2 beams en met een maximale afstand van 60m (buiten). De set bestaat uit een zender en ontvanger die bedraad moeten worden aangesloten voor voeding en de NO\/NC relais aansluiting.\u00a0De\u00a0WL4 AIR-B60-2 kan worden gebruikt als detector voor alarmsystemen, toegangscontrole<\/p>\n<div class=\"klb-readmore button\"><a class=\"btn link\" href=\"https:\/\/staging.webstore4.com\/de\/product\/wl4-air-b60-2-beam-actieve-infrarood-detector-60m\/\">Mehr lesen <i class=\"klbth-icon-right-arrow\"><\/i><\/a><\/div>","protected":false},"featured_media":8024,"comment_status":"closed","ping_status":"closed","template":"","meta":[],"pwb-brand":[3380],"product_cat":[3466,4216],"product_tag":[],"class_list":{"0":"post-8023","1":"product","2":"type-product","3":"status-publish","4":"has-post-thumbnail","6":"pwb-brand-wl4","7":"product_cat-alarm","8":"product_cat-bewegingssensor","9":"product_shipping_class-pakket","10":"pa_bereik-in-meters-4460","11":"pa_bereik-in-meters-4463","12":"pa_merk-wl4","13":"pa_omgeving-binnen-en-buiten","14":"pa_voeding-12vdc","15":"pa_voeding-24vdc","17":"first","18":"instock","19":"taxable","20":"shipping-taxable","21":"purchasable","22":"product-type-simple"},"brands":[{"id":3380,"name":"WL4","slug":"wl4"}],"_links":{"self":[{"href":"https:\/\/staging.webstore4.com\/de\/wp-json\/wp\/v2\/product\/8023","targetHints":{"allow":["GET"]}}],"collection":[{"href":"https:\/\/staging.webstore4.com\/de\/wp-json\/wp\/v2\/product"}],"about":[{"href":"https:\/\/staging.webstore4.com\/de\/wp-json\/wp\/v2\/types\/product"}],"replies":[{"embeddable":true,"href":"https:\/\/staging.webstore4.com\/de\/wp-json\/wp\/v2\/comments?post=8023"}],"wp:featuredmedia":[{"embeddable":true,"href":"https:\/\/staging.webstore4.com\/de\/wp-json\/wp\/v2\/media\/8024"}],"wp:attachment":[{"href":"https:\/\/staging.webstore4.com\/de\/wp-json\/wp\/v2\/media?parent=8023"}],"wp:term":[{"taxonomy":"pwb-brand","embeddable":true,"href":"https:\/\/staging.webstore4.com\/de\/wp-json\/wp\/v2\/pwb-brand?post=8023"},{"taxonomy":"product_cat","embeddable":true,"href":"https:\/\/staging.webstore4.com\/de\/wp-json\/wp\/v2\/product_cat?post=8023"},{"taxonomy":"product_tag","embeddable":true,"href":"https:\/\/staging.webstore4.com\/de\/wp-json\/wp\/v2\/product_tag?post=8023"}],"curies":[{"name":"wp","href":"https:\/\/api.w.org\/{rel}","templated":true}]}}