{"id":8035,"date":"2018-05-07T11:14:16","date_gmt":"2018-05-07T09:14:16","guid":{"rendered":"https:\/\/webstore4.com\/\/?product=wl4-rpro-1-stand-alone-toegangscontrole-rfid-kaartlezer-met-metalen-behuizing-en-geschikt-voor-buiten"},"modified":"2025-03-26T16:12:15","modified_gmt":"2025-03-26T15:12:15","slug":"wl4-rpro-1-stand-alone-toegangscontrole-rfid-kaartlezer-met-metalen-behuizing-en-geschikt-voor-buiten","status":"publish","type":"product","link":"https:\/\/staging.webstore4.com\/de\/product\/wl4-rpro-1-stand-alone-toegangscontrole-rfid-kaartlezer-met-metalen-behuizing-en-geschikt-voor-buiten\/","title":{"rendered":"WL4 RPRO-1 eigenst\u00e4ndiger RFID-Kartenleser f\u00fcr die Zugangskontrolle mit Metallgeh\u00e4use und geeignet f\u00fcr den Au\u00dfenbereich"},"content":{"rendered":"<p>Der WL4 RPRO-1 ist ein eigenst\u00e4ndiger RFID-Kartenleser aus Zink-Aluminium f\u00fcr den Au\u00dfen- und Innenbereich, mit dem ein Elektroschloss oder T\u00fcr\u00f6ffner gesteuert werden kann.<\/p>\n<p>Der WL4 RPRO-1 ist ein oberfl\u00e4chenmontierter Kartenleser mit Manipulationsalarm und muss mit 12 VDC betrieben werden. Ein Adapter ist nicht im Lieferumfang enthalten. Unter dem Reiter \u201eOptionen\u201c ist ein passendes Netzteil enthalten, das bestellt werden kann. Dem Leser liegt eine Fernbedienung zur Programmierung bei.<\/p>\n<p>Unter der Registerkarte \u201eDokumentation\u201c finden Sie einen Link zum Benutzerhandbuch.<\/p>\n<p><strong>Wichtigste Funktionen<\/strong><\/p>\n<ul>\n<li>NO\/NC\/COM-Relais<\/li>\n<li>12VDC-Stromversorgung<\/li>\n<li>IP68 wetterfest<\/li>\n<li>125-kHz-RFID-Kartenleser<\/li>\n<li>Anschluss f\u00fcr Ausgangstaster und Alarm<\/li>\n<li>Robustes, vandalensicheres Zink-Aluminium-Geh\u00e4use<\/li>\n<li>Programmierung mit Fernbedienung<\/li>\n<li>Bis zu 10.000 Kartenbenutzer<\/li>\n<li>Kann als eigenst\u00e4ndiges Code-Panel verwendet werden<\/li>\n<li>Wiegand 26<\/li>\n<li>Einfache Montage und Installation<\/li>\n<li>Anti-Passback<\/li>\n<li>LED-Statusanzeige<\/li>\n<li>Steuerung von \u00d6ffnungszeit, Schlie\u00dfung und Alarm<\/li>\n<li>Anschluss von zwei Lesern m\u00f6glich<\/li>\n<li>Temperaturbereich: -45 \u00b0C bis +60 \u00b0C<\/li>\n<\/ul>\n<p><a href=\"https:\/\/staging.webstore4.com\/Copyright\/\" target=\"_blank\" rel=\"noopener\"><span style=\"color: #ff6e03; font-size: 11px;\">\u00a9 Der Text ist urheberrechtlich gesch\u00fctzt<\/span><\/a><\/p>","protected":false},"excerpt":{"rendered":"<p>De WL4 RPRO-1 is een stand alone RFID kaartlezer van zinkaluminium voor buiten of binnen waarmee een elektrisch slot of deuropener kan worden aangestuurd. De WL4 RPRO-1 is een opbouw kaartlezer met anti-sabotage alarm en moet worden gevoed met 12VDC. Een adapter wordt niet meegeleverd. Onder het tabblad &#8216;Opties&#8217; is een geschikte voeding opgenomen die<\/p>\n<div class=\"klb-readmore button\"><a class=\"btn link\" href=\"https:\/\/staging.webstore4.com\/de\/product\/wl4-rpro-1-stand-alone-toegangscontrole-rfid-kaartlezer-met-metalen-behuizing-en-geschikt-voor-buiten\/\">Mehr lesen <i class=\"klbth-icon-right-arrow\"><\/i><\/a><\/div>","protected":false},"featured_media":8036,"comment_status":"open","ping_status":"closed","template":"","meta":[],"pwb-brand":[3380],"product_cat":[4191,4193],"product_tag":[4910],"class_list":{"0":"post-8035","1":"product","2":"type-product","3":"status-publish","4":"has-post-thumbnail","6":"pwb-brand-wl4","7":"product_cat-access","8":"product_cat-toegangscontrole-access","9":"product_tag-rpro-1","10":"product_shipping_class-pakket","11":"pa_frequentie-tags-en-readers-rfid-125-khz","12":"pa_garantie-3-jaar","13":"pa_materiaal-alloy-verzinkt","14":"pa_max-aantal-gebruikers-3719","15":"pa_merk-wl4","16":"pa_omgeving-binnen-en-buiten","17":"pa_product-reader","18":"pa_stand-alone-ja","19":"pa_toegang-met-kaartlezer","20":"pa_voeding-12vdc","22":"first","23":"instock","24":"taxable","25":"shipping-taxable","26":"purchasable","27":"product-type-simple"},"brands":[{"id":3380,"name":"WL4","slug":"wl4"}],"_links":{"self":[{"href":"https:\/\/staging.webstore4.com\/de\/wp-json\/wp\/v2\/product\/8035","targetHints":{"allow":["GET"]}}],"collection":[{"href":"https:\/\/staging.webstore4.com\/de\/wp-json\/wp\/v2\/product"}],"about":[{"href":"https:\/\/staging.webstore4.com\/de\/wp-json\/wp\/v2\/types\/product"}],"replies":[{"embeddable":true,"href":"https:\/\/staging.webstore4.com\/de\/wp-json\/wp\/v2\/comments?post=8035"}],"wp:featuredmedia":[{"embeddable":true,"href":"https:\/\/staging.webstore4.com\/de\/wp-json\/wp\/v2\/media\/8036"}],"wp:attachment":[{"href":"https:\/\/staging.webstore4.com\/de\/wp-json\/wp\/v2\/media?parent=8035"}],"wp:term":[{"taxonomy":"pwb-brand","embeddable":true,"href":"https:\/\/staging.webstore4.com\/de\/wp-json\/wp\/v2\/pwb-brand?post=8035"},{"taxonomy":"product_cat","embeddable":true,"href":"https:\/\/staging.webstore4.com\/de\/wp-json\/wp\/v2\/product_cat?post=8035"},{"taxonomy":"product_tag","embeddable":true,"href":"https:\/\/staging.webstore4.com\/de\/wp-json\/wp\/v2\/product_tag?post=8035"}],"curies":[{"name":"wp","href":"https:\/\/api.w.org\/{rel}","templated":true}]}}