{"id":8037,"date":"2018-05-07T12:23:53","date_gmt":"2018-05-07T10:23:53","guid":{"rendered":"https:\/\/webstore4.com\/\/?product=wl4-kpro-2-stand-alone-toegangscontrole-keypad-rfid-kaartlezer-verlichting-en-deurbel-geschikt-voor-binnen"},"modified":"2024-04-23T12:08:01","modified_gmt":"2024-04-23T11:08:01","slug":"wl4-kpro-2-stand-alone-toegangscontrole-keypad-rfid-kaartlezer-verlichting-en-deurbel-geschikt-voor-binnen","status":"publish","type":"product","link":"https:\/\/staging.webstore4.com\/de\/product\/wl4-kpro-2-stand-alone-toegangscontrole-keypad-rfid-kaartlezer-verlichting-en-deurbel-geschikt-voor-binnen\/","title":{"rendered":"WL4 KPRO-2 stand alone toegangscontrole keypad, RFID kaartlezer, verlichting en deurbel geschikt voor binnen"},"content":{"rendered":"<p>De WL4 KPRO-2 is een stand alone keypad van zinkaluminium voor binnen waarmee een elektrisch slot of deuropener kan worden aangestuurd.<\/p>\n<p>De toetsen van de keypad hebben achtergrondverlichting. De WL4 KPRO-2 beschikt over een RFID kaartlezer en een deurbel met knop. De WL4 KPRO-2 is een opbouw keypad met anti-sabotage alarm en moet worden gevoed met 12VDC. Een adapter wordt niet meegeleverd. Onder het tabblad &#8216;Opties&#8217; is een geschikte voeding opgenomen die kan worden mee besteld. Daarnaast staan onder &#8216;Opties&#8217; verschillende geschikte kaarten en tags voor deze reader.<\/p>\n<p>Onder het tabblad &#8216;Documentatie&#8217; is de gebruikershandleiding opgenomen van dit artikel.<\/p>\n<p><strong>Wichtigste Funktionen<\/strong><\/p>\n<ul>\n<li>NO\/NC\/COM-Relais<\/li>\n<li>12VDC-Stromversorgung<\/li>\n<li>125-kHz-RFID-Kartenleser<\/li>\n<li>Anschluss f\u00fcr Ausgangstaster und T\u00fcrklingel<\/li>\n<li>Robustes, vandalensicheres Zink-Aluminium-Geh\u00e4use<\/li>\n<li>Komplette Programmierung mit dem Code-Panel<\/li>\n<li>Bis zu 2000 Benutzer: Kartenbenutzer, PIN-Code-Benutzer und Karten- + PIN-Code-Benutzer<\/li>\n<li>Kann als eigenst\u00e4ndiges Code-Panel verwendet werden<\/li>\n<li>Hintergrundbeleuchtete Tastatur<\/li>\n<li>Wiegand 26-Ausgang zum Anschluss an eine Steuerung<\/li>\n<li>Wiegand 26-Eingang zum Anschluss an ein externes Leseger\u00e4t<\/li>\n<li>Einstellbare T\u00fcrausgangszeit, Alarmzeit, T\u00fcr\u00f6ffnungszeit<\/li>\n<li>Einfache Montage und Installation<\/li>\n<li>Display mit roten, gelben und gr\u00fcnen LEDs zur Statusanzeige<\/li>\n<li>Temperaturbereich: -45 \u00b0C bis +60 \u00b0C<\/li>\n<\/ul>\n<p><a href=\"https:\/\/staging.webstore4.com\/Copyright\/\" target=\"_blank\" rel=\"noopener\"><span style=\"color: #ff6e03; font-size: 11px;\">\u00a9 Der Text ist urheberrechtlich gesch\u00fctzt<\/span><\/a><\/p>","protected":false},"excerpt":{"rendered":"<p>De WL4 KPRO-2 is een stand alone keypad van zinkaluminium voor binnen waarmee een elektrisch slot of deuropener kan worden aangestuurd. De toetsen van de keypad hebben achtergrondverlichting. De WL4 KPRO-2 beschikt over een RFID kaartlezer en een deurbel met knop. De WL4 KPRO-2 is een opbouw keypad met anti-sabotage alarm en moet worden gevoed<\/p>\n<div class=\"klb-readmore button\"><a class=\"btn link\" href=\"https:\/\/staging.webstore4.com\/de\/product\/wl4-kpro-2-stand-alone-toegangscontrole-keypad-rfid-kaartlezer-verlichting-en-deurbel-geschikt-voor-binnen\/\">Mehr lesen <i class=\"klbth-icon-right-arrow\"><\/i><\/a><\/div>","protected":false},"featured_media":8038,"comment_status":"open","ping_status":"closed","template":"","meta":[],"pwb-brand":[3380],"product_cat":[4191,4193],"product_tag":[],"class_list":{"0":"post-8037","1":"product","2":"type-product","3":"status-publish","4":"has-post-thumbnail","6":"pwb-brand-wl4","7":"product_cat-access","8":"product_cat-toegangscontrole-access","9":"product_shipping_class-pakket","10":"pa_frequentie-tags-en-readers-rfid-125-khz","11":"pa_garantie-3-jaar","12":"pa_materiaal-alloy-verzinkt","13":"pa_max-aantal-gebruikers-3625","14":"pa_merk-wl4","15":"pa_omgeving-binnen","16":"pa_product-codepaneel","17":"pa_product-reader","18":"pa_stand-alone-ja","19":"pa_toegang-met-kaartlezer","20":"pa_toegang-met-keypad","21":"pa_voeding-12vdc","23":"first","24":"instock","25":"taxable","26":"shipping-taxable","27":"purchasable","28":"product-type-simple"},"brands":[{"id":3380,"name":"WL4","slug":"wl4"}],"_links":{"self":[{"href":"https:\/\/staging.webstore4.com\/de\/wp-json\/wp\/v2\/product\/8037","targetHints":{"allow":["GET"]}}],"collection":[{"href":"https:\/\/staging.webstore4.com\/de\/wp-json\/wp\/v2\/product"}],"about":[{"href":"https:\/\/staging.webstore4.com\/de\/wp-json\/wp\/v2\/types\/product"}],"replies":[{"embeddable":true,"href":"https:\/\/staging.webstore4.com\/de\/wp-json\/wp\/v2\/comments?post=8037"}],"wp:featuredmedia":[{"embeddable":true,"href":"https:\/\/staging.webstore4.com\/de\/wp-json\/wp\/v2\/media\/8038"}],"wp:attachment":[{"href":"https:\/\/staging.webstore4.com\/de\/wp-json\/wp\/v2\/media?parent=8037"}],"wp:term":[{"taxonomy":"pwb-brand","embeddable":true,"href":"https:\/\/staging.webstore4.com\/de\/wp-json\/wp\/v2\/pwb-brand?post=8037"},{"taxonomy":"product_cat","embeddable":true,"href":"https:\/\/staging.webstore4.com\/de\/wp-json\/wp\/v2\/product_cat?post=8037"},{"taxonomy":"product_tag","embeddable":true,"href":"https:\/\/staging.webstore4.com\/de\/wp-json\/wp\/v2\/product_tag?post=8037"}],"curies":[{"name":"wp","href":"https:\/\/api.w.org\/{rel}","templated":true}]}}