{"id":8065,"date":"2018-05-15T01:52:21","date_gmt":"2018-05-14T23:52:21","guid":{"rendered":"https:\/\/webstore4.com\/\/?product=wl4-srt-500-b-tray-voor-serverkast"},"modified":"2024-04-19T15:05:07","modified_gmt":"2024-04-19T14:05:07","slug":"wl4-srt-500-b-tray-voor-serverkast","status":"publish","type":"product","link":"https:\/\/staging.webstore4.com\/de\/product\/wl4-srt-500-b-tray-voor-serverkast\/","title":{"rendered":"WL4 SRT-500-B Tablett f\u00fcr Serverschrank"},"content":{"rendered":"<p>Der WL4 SRT-500-B ist ein fester Metalleinschub f\u00fcr ein Server-Rack und eignet sich f\u00fcr die Netzwerk-Serverschr\u00e4nke SR4U-B, SR6U-B und SR9U-B. Der WL4 SRT-500-B verf\u00fcgt \u00fcber eine seitliche Montage und wird ohne Montagematerial geliefert. Das Tablett verf\u00fcgt \u00fcber L\u00fcftungsschlitze. Die Abmessungen betragen 280 mm x 500 mm.<\/p>\n<p><strong>Wichtigste Funktionen<\/strong><\/p>\n<ul>\n<li>Geschikt voor SR4U-B, SR6U-B en SR9U-B<\/li>\n<li>Zonder bevestigingsmateriaal<\/li>\n<li>280x 500 MM<\/li>\n<\/ul>\n<p><a href=\"https:\/\/www.webstore4ipcameras.nl\/Copyright\" target=\"_blank\" rel=\"noopener\"><span style=\"color: #ff6e03; font-size: 11px;\">\u00a9 Der Text ist urheberrechtlich gesch\u00fctzt<\/span><\/a><\/p>","protected":false},"excerpt":{"rendered":"<p>De WL4 SRT-500-B is een metalen vaste tray voor in een server rack en is geschikt voor de netwerk server kasten SR4U-B, SR6U-B en SR9U-B. De WL4 SRT-500-B heeft een zijbevestiging en wordt geleverd zonder bevestigingsmateriaal. De tray heeft ventilatiesleuven. De afmeting is 280mm x 500mm. Belangrijkste kenmerken Geschikt voor SR4U-B, SR6U-B en SR9U-B Zonder<\/p>\n<div class=\"klb-readmore button\"><a class=\"btn link\" href=\"https:\/\/staging.webstore4.com\/de\/product\/wl4-srt-500-b-tray-voor-serverkast\/\">Mehr lesen <i class=\"klbth-icon-right-arrow\"><\/i><\/a><\/div>","protected":false},"featured_media":8066,"comment_status":"open","ping_status":"closed","template":"","meta":[],"pwb-brand":[3380],"product_cat":[4204,4206,4213],"product_tag":[],"class_list":{"0":"post-8065","1":"product","2":"type-product","3":"status-publish","4":"has-post-thumbnail","6":"pwb-brand-wl4","7":"product_cat-kasten-kluizen","8":"product_cat-recorder-kasten","9":"product_cat-serverkasten-kasten-kluizen","10":"product_shipping_class-pakket","11":"pa_materiaal-staal","12":"pa_merk-wl4","13":"pa_product-accessoires","15":"first","16":"onbackorder","17":"taxable","18":"shipping-taxable","19":"purchasable","20":"product-type-simple"},"brands":[{"id":3380,"name":"WL4","slug":"wl4"}],"_links":{"self":[{"href":"https:\/\/staging.webstore4.com\/de\/wp-json\/wp\/v2\/product\/8065","targetHints":{"allow":["GET"]}}],"collection":[{"href":"https:\/\/staging.webstore4.com\/de\/wp-json\/wp\/v2\/product"}],"about":[{"href":"https:\/\/staging.webstore4.com\/de\/wp-json\/wp\/v2\/types\/product"}],"replies":[{"embeddable":true,"href":"https:\/\/staging.webstore4.com\/de\/wp-json\/wp\/v2\/comments?post=8065"}],"wp:featuredmedia":[{"embeddable":true,"href":"https:\/\/staging.webstore4.com\/de\/wp-json\/wp\/v2\/media\/8066"}],"wp:attachment":[{"href":"https:\/\/staging.webstore4.com\/de\/wp-json\/wp\/v2\/media?parent=8065"}],"wp:term":[{"taxonomy":"pwb-brand","embeddable":true,"href":"https:\/\/staging.webstore4.com\/de\/wp-json\/wp\/v2\/pwb-brand?post=8065"},{"taxonomy":"product_cat","embeddable":true,"href":"https:\/\/staging.webstore4.com\/de\/wp-json\/wp\/v2\/product_cat?post=8065"},{"taxonomy":"product_tag","embeddable":true,"href":"https:\/\/staging.webstore4.com\/de\/wp-json\/wp\/v2\/product_tag?post=8065"}],"curies":[{"name":"wp","href":"https:\/\/api.w.org\/{rel}","templated":true}]}}